{"id":6077,"date":"2026-03-20T08:23:33","date_gmt":"2026-03-20T08:23:33","guid":{"rendered":"https:\/\/alarmzone.pl\/?post_type=product&#038;p=6077"},"modified":"2026-03-29T16:57:05","modified_gmt":"2026-03-29T16:57:05","slug":"dzwonek-do-drzwi-433-mhz-do-systemu-alarmowego","status":"publish","type":"product","link":"https:\/\/alarmzone.pl\/index.php\/produkt\/dzwonek-do-drzwi-433-mhz-do-systemu-alarmowego\/","title":{"rendered":"Dzwonek D10 do drzwi 433 MHz -dzwonek do systemu alarmowego"},"content":{"rendered":"<p>&nbsp;<\/p>\n<p>Nowoczesny dzwonek do drzwi 433 MHz &#8211; wsp\u00f3\u0142pracuje z systemami alarmowymi 433 MHz, np. centrala P70-4G, centrala P43-C, centrala, G74-4G, i inne systemy alarmowe pracuj\u0105ce w oparciu o sygna\u0142 433MHz i uk\u0142ad koduj\u0105cy eV1527<\/p>\n<p><a href=\"https:\/\/alarmzone.pl\/wp-content\/uploads\/2026\/03\/dzwonek-0.png\"><img fetchpriority=\"high\" decoding=\"async\" class=\"size-large wp-image-6078 aligncenter\" src=\"https:\/\/alarmzone.pl\/wp-content\/uploads\/2026\/03\/dzwonek-0-1024x841.png\" alt=\"\" width=\"1024\" height=\"841\" srcset=\"https:\/\/alarmzone.pl\/wp-content\/uploads\/2026\/03\/dzwonek-0-1024x841.png 1024w, https:\/\/alarmzone.pl\/wp-content\/uploads\/2026\/03\/dzwonek-0-300x246.png 300w, https:\/\/alarmzone.pl\/wp-content\/uploads\/2026\/03\/dzwonek-0-768x631.png 768w, https:\/\/alarmzone.pl\/wp-content\/uploads\/2026\/03\/dzwonek-0-600x493.png 600w, https:\/\/alarmzone.pl\/wp-content\/uploads\/2026\/03\/dzwonek-0.png 1041w\" sizes=\"(max-width: 1024px) 100vw, 1024px\" \/><\/a> <a href=\"https:\/\/alarmzone.pl\/wp-content\/uploads\/2026\/03\/dzwonek-2.jpg\"><img decoding=\"async\" class=\"size-large wp-image-6079 aligncenter\" src=\"https:\/\/alarmzone.pl\/wp-content\/uploads\/2026\/03\/dzwonek-2.jpg\" alt=\"\" width=\"872\" height=\"661\" srcset=\"https:\/\/alarmzone.pl\/wp-content\/uploads\/2026\/03\/dzwonek-2.jpg 872w, https:\/\/alarmzone.pl\/wp-content\/uploads\/2026\/03\/dzwonek-2-300x227.jpg 300w, https:\/\/alarmzone.pl\/wp-content\/uploads\/2026\/03\/dzwonek-2-768x582.jpg 768w, https:\/\/alarmzone.pl\/wp-content\/uploads\/2026\/03\/dzwonek-2-160x120.jpg 160w, https:\/\/alarmzone.pl\/wp-content\/uploads\/2026\/03\/dzwonek-2-600x455.jpg 600w\" sizes=\"(max-width: 872px) 100vw, 872px\" \/><\/a> <a href=\"https:\/\/alarmzone.pl\/wp-content\/uploads\/2026\/03\/dzwonek-3.jpg\"><img decoding=\"async\" class=\"size-large wp-image-6080 aligncenter\" src=\"https:\/\/alarmzone.pl\/wp-content\/uploads\/2026\/03\/dzwonek-3.jpg\" alt=\"\" width=\"884\" height=\"591\" srcset=\"https:\/\/alarmzone.pl\/wp-content\/uploads\/2026\/03\/dzwonek-3.jpg 884w, https:\/\/alarmzone.pl\/wp-content\/uploads\/2026\/03\/dzwonek-3-300x201.jpg 300w, https:\/\/alarmzone.pl\/wp-content\/uploads\/2026\/03\/dzwonek-3-768x513.jpg 768w, https:\/\/alarmzone.pl\/wp-content\/uploads\/2026\/03\/dzwonek-3-600x401.jpg 600w\" sizes=\"(max-width: 884px) 100vw, 884px\" \/><\/a> <a href=\"https:\/\/alarmzone.pl\/wp-content\/uploads\/2026\/03\/dzwonek.jpg\"><img loading=\"lazy\" decoding=\"async\" class=\"size-full wp-image-6081 aligncenter\" src=\"https:\/\/alarmzone.pl\/wp-content\/uploads\/2026\/03\/dzwonek.jpg\" alt=\"\" width=\"633\" height=\"546\" srcset=\"https:\/\/alarmzone.pl\/wp-content\/uploads\/2026\/03\/dzwonek.jpg 633w, https:\/\/alarmzone.pl\/wp-content\/uploads\/2026\/03\/dzwonek-300x259.jpg 300w, https:\/\/alarmzone.pl\/wp-content\/uploads\/2026\/03\/dzwonek-600x518.jpg 600w\" sizes=\"(max-width: 633px) 100vw, 633px\" \/><\/a> <a href=\"https:\/\/alarmzone.pl\/wp-content\/uploads\/2026\/03\/dzwonek-4.jpg\"><img loading=\"lazy\" decoding=\"async\" class=\"size-large wp-image-6082 aligncenter\" src=\"https:\/\/alarmzone.pl\/wp-content\/uploads\/2026\/03\/dzwonek-4-1024x910.jpg\" alt=\"\" width=\"1024\" height=\"910\" srcset=\"https:\/\/alarmzone.pl\/wp-content\/uploads\/2026\/03\/dzwonek-4-1024x910.jpg 1024w, https:\/\/alarmzone.pl\/wp-content\/uploads\/2026\/03\/dzwonek-4-300x267.jpg 300w, https:\/\/alarmzone.pl\/wp-content\/uploads\/2026\/03\/dzwonek-4-768x682.jpg 768w, https:\/\/alarmzone.pl\/wp-content\/uploads\/2026\/03\/dzwonek-4-600x533.jpg 600w, https:\/\/alarmzone.pl\/wp-content\/uploads\/2026\/03\/dzwonek-4.jpg 1057w\" sizes=\"(max-width: 1024px) 100vw, 1024px\" \/><\/a> <a href=\"https:\/\/alarmzone.pl\/wp-content\/uploads\/2026\/03\/dzwonek-1.jpg\"><img loading=\"lazy\" decoding=\"async\" class=\"size-large wp-image-6083 aligncenter\" src=\"https:\/\/alarmzone.pl\/wp-content\/uploads\/2026\/03\/dzwonek-1.jpg\" alt=\"\" width=\"920\" height=\"560\" srcset=\"https:\/\/alarmzone.pl\/wp-content\/uploads\/2026\/03\/dzwonek-1.jpg 920w, https:\/\/alarmzone.pl\/wp-content\/uploads\/2026\/03\/dzwonek-1-300x183.jpg 300w, https:\/\/alarmzone.pl\/wp-content\/uploads\/2026\/03\/dzwonek-1-768x467.jpg 768w, https:\/\/alarmzone.pl\/wp-content\/uploads\/2026\/03\/dzwonek-1-600x365.jpg 600w\" sizes=\"(max-width: 920px) 100vw, 920px\" \/><\/a> <a href=\"https:\/\/alarmzone.pl\/wp-content\/uploads\/2026\/03\/dzwonek-6.jpg\"><img loading=\"lazy\" decoding=\"async\" class=\"size-large wp-image-6084 aligncenter\" src=\"https:\/\/alarmzone.pl\/wp-content\/uploads\/2026\/03\/dzwonek-6-1024x738.jpg\" alt=\"\" width=\"1024\" height=\"738\" srcset=\"https:\/\/alarmzone.pl\/wp-content\/uploads\/2026\/03\/dzwonek-6-1024x738.jpg 1024w, https:\/\/alarmzone.pl\/wp-content\/uploads\/2026\/03\/dzwonek-6-300x216.jpg 300w, https:\/\/alarmzone.pl\/wp-content\/uploads\/2026\/03\/dzwonek-6-768x553.jpg 768w, https:\/\/alarmzone.pl\/wp-content\/uploads\/2026\/03\/dzwonek-6-600x432.jpg 600w, https:\/\/alarmzone.pl\/wp-content\/uploads\/2026\/03\/dzwonek-6.jpg 1216w\" sizes=\"(max-width: 1024px) 100vw, 1024px\" \/><\/a><\/p>\n<p id=\"tl_4\" class=\"detail-desc-decorate-title\"><strong>G\u0142\u00f3wne parametry techniczne :<\/strong><\/p>\n<p id=\"tl_5\" class=\"detail-desc-decorate-content\">Cz\u0119stotliwo\u015b\u0107 radiowa: 433 MHz<br \/>\nUk\u0142ad koduj\u0105cy: eV1527<br \/>\nRezystancja: 330 K om\u00f3w<\/p>\n<p>Zasilanie -1x bateria 23A,12V<\/p>\n<p>Pr\u0105d czuwania: \u22641uA<br \/>\nPr\u0105d roboczy: \u226440mA<br \/>\nOdleg\u0142o\u015b\u0107 transmisji: \u2264100 m (zak\u0142\u00f3cenia na otwartej przestrzeni)<br \/>\nTemperatura warunk\u00f3w pracy: -10\u2103~55\u2103<br \/>\nWilgotno\u015b\u0107 wzgl\u0119dna: \u226480% (bez kondensacji)<\/p>\n<p>Dzwonek mo\u017ce by\u0107 stosowany wewn\u0105trz pomieszcze\u0144\/pod zadaszeniem. Brak odporno\u015bci na zmienne warunki atmosferyczne. Brak wodoodporno\u015bci.<\/p>\n<p>&nbsp;<\/p>\n","protected":false},"excerpt":{"rendered":"<p>&nbsp; Nowoczesny dzwonek do drzwi 433 MHz &#8211; wsp\u00f3\u0142pracuje z systemami alarmowymi 433 MHz, np. centrala P70-4G, centrala P43-C, centrala, G74-4G, i inne systemy alarmowe pracuj\u0105ce w oparciu o sygna\u0142 433MHz i uk\u0142ad koduj\u0105cy eV1527 G\u0142\u00f3wne parametry techniczne : Cz\u0119stotliwo\u015b\u0107 radiowa: 433 MHz Uk\u0142ad koduj\u0105cy: eV1527 Rezystancja: 330 K om\u00f3w Zasilanie -1x bateria 23A,12V Pr\u0105d&hellip;<\/p>\n","protected":false},"featured_media":6078,"comment_status":"open","ping_status":"closed","template":"","meta":[],"product_brand":[136],"product_cat":[41,227],"product_tag":[214,216,215],"class_list":{"0":"post-6077","1":"product","2":"type-product","3":"status-publish","4":"has-post-thumbnail","6":"product_brand-alarmzone","7":"product_cat-detektory-czujniki-piloty-syreny-itp","8":"product_cat-dzwonki","9":"product_tag-dzwonek","10":"product_tag-przycisk-dzwonka","11":"product_tag-przycisk-sos","13":"first","14":"instock","15":"taxable","16":"shipping-taxable","17":"purchasable","18":"product-type-simple"},"_links":{"self":[{"href":"https:\/\/alarmzone.pl\/index.php\/wp-json\/wp\/v2\/product\/6077","targetHints":{"allow":["GET"]}}],"collection":[{"href":"https:\/\/alarmzone.pl\/index.php\/wp-json\/wp\/v2\/product"}],"about":[{"href":"https:\/\/alarmzone.pl\/index.php\/wp-json\/wp\/v2\/types\/product"}],"replies":[{"embeddable":true,"href":"https:\/\/alarmzone.pl\/index.php\/wp-json\/wp\/v2\/comments?post=6077"}],"wp:featuredmedia":[{"embeddable":true,"href":"https:\/\/alarmzone.pl\/index.php\/wp-json\/wp\/v2\/media\/6078"}],"wp:attachment":[{"href":"https:\/\/alarmzone.pl\/index.php\/wp-json\/wp\/v2\/media?parent=6077"}],"wp:term":[{"taxonomy":"product_brand","embeddable":true,"href":"https:\/\/alarmzone.pl\/index.php\/wp-json\/wp\/v2\/product_brand?post=6077"},{"taxonomy":"product_cat","embeddable":true,"href":"https:\/\/alarmzone.pl\/index.php\/wp-json\/wp\/v2\/product_cat?post=6077"},{"taxonomy":"product_tag","embeddable":true,"href":"https:\/\/alarmzone.pl\/index.php\/wp-json\/wp\/v2\/product_tag?post=6077"}],"curies":[{"name":"wp","href":"https:\/\/api.w.org\/{rel}","templated":true}]}}