{"id":3076,"date":"2025-06-20T14:35:11","date_gmt":"2025-06-20T14:35:11","guid":{"rendered":"https:\/\/alarmzone.pl\/?post_type=product&#038;p=3076"},"modified":"2026-03-28T21:06:41","modified_gmt":"2026-03-28T21:06:41","slug":"czujnik-drzwi-okien-kontaktron-ds200-lora","status":"publish","type":"product","link":"https:\/\/alarmzone.pl\/index.php\/produkt\/czujnik-drzwi-okien-kontaktron-ds200-lora\/","title":{"rendered":"Czujnik drzwi okien kontaktron DS200 LoRa"},"content":{"rendered":"<p><a href=\"https:\/\/alarmzone.pl\/wp-content\/uploads\/2024\/03\/TuyaSmartWi-Fi21.webp\"><img fetchpriority=\"high\" decoding=\"async\" class=\"aligncenter wp-image-1344 size-full\" src=\"https:\/\/alarmzone.pl\/wp-content\/uploads\/2024\/03\/TuyaSmartWi-Fi21.webp\" alt=\"\" width=\"600\" height=\"284\" srcset=\"https:\/\/alarmzone.pl\/wp-content\/uploads\/2024\/03\/TuyaSmartWi-Fi21.webp 600w, https:\/\/alarmzone.pl\/wp-content\/uploads\/2024\/03\/TuyaSmartWi-Fi21-300x142.webp 300w\" sizes=\"(max-width: 600px) 100vw, 600px\" \/><\/a><\/p>\n<p>&nbsp;<\/p>\n<div>\n<div>\n<p><strong>Bezprzewodowy czujnik drzwi\/okien LoRa<\/strong><\/p>\n<p><strong>Nowoczesny design, niezawodno\u015b\u0107 dzia\u0142ania. Czujnik wsp\u00f3\u0142pracuje TYLKO z systemami LoRa ,<\/strong><\/p>\n<p><strong>np. AlarmZone P70-4G LoRa<\/strong><\/p>\n<p><strong>W\u0142a\u015bciwo\u015bci czujnika:<\/strong><\/p>\n<p>&#8211; pracuje w po\u0142\u0105czeniu bezprzewodowym z zestawami alarmowymi oraz kamerami LoRa<\/p>\n<p>&#8211; natychmiastowe wys\u0142anie sygna\u0142u do urz\u0105dzenia alarmowego po otwarciu drzwi\/okna<\/p>\n<p>&#8211; zasilanie 2x CR2450 (baterie w czujniku) &#8211; do 5 lat czuwania na bateriach<\/p>\n<p>&#8211; pob\u00f3r pr\u0105du w trybie czuwania ~ 10uA<\/p>\n<p>&#8211; pob\u00f3r pr\u0105du w trybie pracy ~ \u226420mA<\/p>\n<p>&#8211; cz\u0119stotliwo\u015b\u0107 pracy LoRa<\/p>\n<p>&#8211; zasi\u0119g w terenie otwartym 500m<\/p>\n<p>&#8211; temperatura pracy -10 C ~ 40 C<\/p>\n<p>&#8211; wilgotno\u015b\u0107 &lt; 85%<\/p>\n<\/div>\n<\/div>\n<div>\n<div><\/div>\n<\/div>\n<div>\n<div>\n<p><strong>Zestaw zawiera:<\/strong><\/p>\n<p>-1x Czujnik\/kontaktron z bateriami,<\/p>\n<p>-1x opakowanie,<\/p>\n<\/div>\n<\/div>\n<p>&nbsp;<\/p>\n<p><a href=\"https:\/\/alarmzone.pl\/wp-content\/uploads\/2025\/06\/konta-lora.jpg\"><img decoding=\"async\" class=\"wp-image-3055 size-large aligncenter\" src=\"https:\/\/alarmzone.pl\/wp-content\/uploads\/2025\/06\/konta-lora-982x1024.jpg\" alt=\"\" width=\"982\" height=\"1024\" srcset=\"https:\/\/alarmzone.pl\/wp-content\/uploads\/2025\/06\/konta-lora-982x1024.jpg 982w, https:\/\/alarmzone.pl\/wp-content\/uploads\/2025\/06\/konta-lora-288x300.jpg 288w, https:\/\/alarmzone.pl\/wp-content\/uploads\/2025\/06\/konta-lora-768x801.jpg 768w, https:\/\/alarmzone.pl\/wp-content\/uploads\/2025\/06\/konta-lora-600x625.jpg 600w, https:\/\/alarmzone.pl\/wp-content\/uploads\/2025\/06\/konta-lora.jpg 1038w\" sizes=\"(max-width: 982px) 100vw, 982px\" \/><\/a><\/p>\n<p style=\"text-align: center;\"><a href=\"https:\/\/alarmzone.pl\/wp-content\/uploads\/2025\/06\/Lora-kontaktron.png\"><img decoding=\"async\" class=\"alignnone size-full wp-image-3059\" src=\"https:\/\/alarmzone.pl\/wp-content\/uploads\/2025\/06\/Lora-kontaktron.png\" alt=\"\" width=\"961\" height=\"1013\" srcset=\"https:\/\/alarmzone.pl\/wp-content\/uploads\/2025\/06\/Lora-kontaktron.png 961w, https:\/\/alarmzone.pl\/wp-content\/uploads\/2025\/06\/Lora-kontaktron-285x300.png 285w, https:\/\/alarmzone.pl\/wp-content\/uploads\/2025\/06\/Lora-kontaktron-768x810.png 768w, https:\/\/alarmzone.pl\/wp-content\/uploads\/2025\/06\/Lora-kontaktron-600x632.png 600w\" sizes=\"(max-width: 961px) 100vw, 961px\" \/><\/a><\/p>\n<p>&nbsp;<\/p>\n<h5 class=\"\">Przepisy GPSR\/CE:<\/h5>\n<ul>\n<li><a href=\"https:\/\/alarmzone.pl\/wp-content\/uploads\/2025\/07\/GPSR-ALARMZONE.DOCX.pdf\">GPSR ALARMZONE.DOCX<\/a><\/li>\n<\/ul>\n","protected":false},"excerpt":{"rendered":"<ul>\n<li>\n<h6><span class=\"first\">Wysy\u0142ka w <\/span><span class=\"second\">24 godziny<\/span><\/h6>\n<\/li>\n<\/ul>\n","protected":false},"featured_media":3077,"comment_status":"open","ping_status":"closed","template":"","meta":[],"product_brand":[136],"product_cat":[222,41],"product_tag":[100,103,104,106,101],"class_list":{"0":"post-3076","1":"product","2":"type-product","3":"status-publish","4":"has-post-thumbnail","6":"product_brand-alarmzone","7":"product_cat-czujniki-drzwi-okna","8":"product_cat-detektory-czujniki-piloty-syreny-itp","9":"product_tag-czujnik","10":"product_tag-czujnik-drzwi","11":"product_tag-czujnik-okien","12":"product_tag-detektor","13":"product_tag-detektor-ruchu","15":"first","16":"instock","17":"taxable","18":"shipping-taxable","19":"purchasable","20":"product-type-simple"},"_links":{"self":[{"href":"https:\/\/alarmzone.pl\/index.php\/wp-json\/wp\/v2\/product\/3076","targetHints":{"allow":["GET"]}}],"collection":[{"href":"https:\/\/alarmzone.pl\/index.php\/wp-json\/wp\/v2\/product"}],"about":[{"href":"https:\/\/alarmzone.pl\/index.php\/wp-json\/wp\/v2\/types\/product"}],"replies":[{"embeddable":true,"href":"https:\/\/alarmzone.pl\/index.php\/wp-json\/wp\/v2\/comments?post=3076"}],"wp:featuredmedia":[{"embeddable":true,"href":"https:\/\/alarmzone.pl\/index.php\/wp-json\/wp\/v2\/media\/3077"}],"wp:attachment":[{"href":"https:\/\/alarmzone.pl\/index.php\/wp-json\/wp\/v2\/media?parent=3076"}],"wp:term":[{"taxonomy":"product_brand","embeddable":true,"href":"https:\/\/alarmzone.pl\/index.php\/wp-json\/wp\/v2\/product_brand?post=3076"},{"taxonomy":"product_cat","embeddable":true,"href":"https:\/\/alarmzone.pl\/index.php\/wp-json\/wp\/v2\/product_cat?post=3076"},{"taxonomy":"product_tag","embeddable":true,"href":"https:\/\/alarmzone.pl\/index.php\/wp-json\/wp\/v2\/product_tag?post=3076"}],"curies":[{"name":"wp","href":"https:\/\/api.w.org\/{rel}","templated":true}]}}