{"id":3073,"date":"2025-06-20T14:15:59","date_gmt":"2025-06-20T14:15:59","guid":{"rendered":"https:\/\/alarmzone.pl\/?post_type=product&#038;p=3073"},"modified":"2026-03-28T20:40:41","modified_gmt":"2026-03-28T20:40:41","slug":"czujnik-ruchu-pr200-lora-detektor-ruchu-lora","status":"publish","type":"product","link":"https:\/\/alarmzone.pl\/index.php\/produkt\/czujnik-ruchu-pr200-lora-detektor-ruchu-lora\/","title":{"rendered":"Czujnik ruchu PR200 LoRa, detektor ruchu LoRa"},"content":{"rendered":"<div class=\"mpof_ki myre_zn myre_8v_l _0d3bd_YrWCD\">\n<div class=\"mp4t_16_s mryx_16_s mr3m_1 mli2_1 mh85_56 mh85_0_l\">\n<div class=\"mgn2_16 _0d3bd_5pK0q\">\n<div class=\"mpof_ki myre_zn myre_8v_l _0d3bd_YrWCD\">\n<div class=\"mp4t_16_s mryx_16_s mr3m_1 mli2_1 mh85_56 mh85_0_l\">\n<div class=\"mgn2_16 _0d3bd_5pK0q\">\n<p style=\"text-align: center;\"><strong>CZUJNIK RUCHU O SUPER\u00a0PARAMETRACH<\/strong><\/p>\n<p style=\"text-align: center;\">NOWOCZESNY BEZPRZEWODOWY CZUJNIK RUCHU LoRa<\/p>\n<p>&nbsp;<\/p>\n<p style=\"text-align: center;\"><a href=\"https:\/\/alarmzone.pl\/wp-content\/uploads\/2025\/06\/Czujnik-LoRa.jpg\"><img fetchpriority=\"high\" decoding=\"async\" class=\"alignnone wp-image-3067 size-large\" src=\"https:\/\/alarmzone.pl\/wp-content\/uploads\/2025\/06\/Czujnik-LoRa-1024x1019.jpg\" alt=\"\" width=\"1024\" height=\"1019\" srcset=\"https:\/\/alarmzone.pl\/wp-content\/uploads\/2025\/06\/Czujnik-LoRa-1024x1019.jpg 1024w, https:\/\/alarmzone.pl\/wp-content\/uploads\/2025\/06\/Czujnik-LoRa-300x300.jpg 300w, https:\/\/alarmzone.pl\/wp-content\/uploads\/2025\/06\/Czujnik-LoRa-150x150.jpg 150w, https:\/\/alarmzone.pl\/wp-content\/uploads\/2025\/06\/Czujnik-LoRa-768x764.jpg 768w, https:\/\/alarmzone.pl\/wp-content\/uploads\/2025\/06\/Czujnik-LoRa-600x597.jpg 600w, https:\/\/alarmzone.pl\/wp-content\/uploads\/2025\/06\/Czujnik-LoRa-100x100.jpg 100w, https:\/\/alarmzone.pl\/wp-content\/uploads\/2025\/06\/Czujnik-LoRa.jpg 1400w\" sizes=\"(max-width: 1024px) 100vw, 1024px\" \/><\/a><\/p>\n<\/div>\n<\/div>\n<\/div>\n<\/div>\n<\/div>\n<\/div>\n<p><a href=\"https:\/\/alarmzone.pl\/wp-content\/uploads\/2025\/06\/lora-PIR.jpg\"><img decoding=\"async\" class=\"wp-image-3062 size-full aligncenter\" src=\"https:\/\/alarmzone.pl\/wp-content\/uploads\/2025\/06\/lora-PIR.jpg\" alt=\"\" width=\"975\" height=\"1118\" srcset=\"https:\/\/alarmzone.pl\/wp-content\/uploads\/2025\/06\/lora-PIR.jpg 975w, https:\/\/alarmzone.pl\/wp-content\/uploads\/2025\/06\/lora-PIR-262x300.jpg 262w, https:\/\/alarmzone.pl\/wp-content\/uploads\/2025\/06\/lora-PIR-893x1024.jpg 893w, https:\/\/alarmzone.pl\/wp-content\/uploads\/2025\/06\/lora-PIR-768x881.jpg 768w, https:\/\/alarmzone.pl\/wp-content\/uploads\/2025\/06\/lora-PIR-600x688.jpg 600w\" sizes=\"(max-width: 975px) 100vw, 975px\" \/><\/a><\/p>\n<p>&nbsp;<\/p>\n<p>&nbsp;<\/p>\n<div>\n<div><strong>Parametry techniczne:<\/strong><\/div>\n<div><\/div>\n<\/div>\n<div>\n<p><a style=\"outline: 0px;\" href=\"https:\/\/alarmzone.pl\/wp-content\/uploads\/2024\/03\/detektor_2.webp\"><img decoding=\"async\" class=\"alignright wp-image-1908\" src=\"https:\/\/alarmzone.pl\/wp-content\/uploads\/2024\/03\/detektor_2-238x300.webp\" alt=\"\" width=\"350\" height=\"442\" srcset=\"https:\/\/alarmzone.pl\/wp-content\/uploads\/2024\/03\/detektor_2-238x300.webp 238w, https:\/\/alarmzone.pl\/wp-content\/uploads\/2024\/03\/detektor_2-768x970.webp 768w, https:\/\/alarmzone.pl\/wp-content\/uploads\/2024\/03\/detektor_2-600x758.webp 600w, https:\/\/alarmzone.pl\/wp-content\/uploads\/2024\/03\/detektor_2.webp 800w\" sizes=\"(max-width: 350px) 100vw, 350px\" \/><\/a><\/p>\n<p>Zasilanie: bateria 2x AA<\/p>\n<p>Zu\u017cycie pr\u0105du w trybie czuwania: poni\u017cej 10uA<\/p>\n<p>Zu\u017cycie pr\u0105du w trybie alarmu: poni\u017cej 15mA<\/p>\n<p>Zakres temperatur pracy: -10to +50 \u00b0C<\/p>\n<p>Spos\u00f3b montowania: na\u015bcienne, wewn\u0105trz pomieszcze\u0144<\/p>\n<p>Wysoko\u015b\u0107 montowania: oko\u0142o 2-2,4m<\/p>\n<p>K\u0105t detekcji :\u00a0110\u00b0<\/p>\n<p>Dystans dzia\u0142ania &#8211; do 500m ( przestrze\u0144 otwarta)<\/p>\n<p>Waga: 97g.<\/p>\n<p>Wymiary produktu :\u00a092 x\u00a050mm<\/p>\n<p>Waga z opakowaniem: 111g<\/p>\n<p>Cz\u0119stotliwo\u015b\u0107 nadawcza: LoRa<\/p>\n<p>Wsp\u00f3\u0142pracuje tylko z systemami\u00a0 alarmowymi LoRa, np. AlarmZone P70-4G LoRa.<\/p>\n<p>W celu alarmowania o ruchu czujnik musi by\u0107 sparowany z systemem alarmowym bezprzewodowo poprzez sygna\u0142 LoRa. Sam czujnik nie wydaje \u017cadnych d\u017awi\u0119k\u00f3w.<\/p>\n<\/div>\n<p style=\"text-align: center;\"><a href=\"https:\/\/alarmzone.pl\/wp-content\/uploads\/2025\/06\/LORA-.jpg\"><img loading=\"lazy\" decoding=\"async\" class=\"alignnone size-full wp-image-3056\" src=\"https:\/\/alarmzone.pl\/wp-content\/uploads\/2025\/06\/LORA-.jpg\" alt=\"\" width=\"826\" height=\"828\" srcset=\"https:\/\/alarmzone.pl\/wp-content\/uploads\/2025\/06\/LORA-.jpg 826w, https:\/\/alarmzone.pl\/wp-content\/uploads\/2025\/06\/LORA--300x300.jpg 300w, https:\/\/alarmzone.pl\/wp-content\/uploads\/2025\/06\/LORA--150x150.jpg 150w, https:\/\/alarmzone.pl\/wp-content\/uploads\/2025\/06\/LORA--768x770.jpg 768w, https:\/\/alarmzone.pl\/wp-content\/uploads\/2025\/06\/LORA--600x601.jpg 600w, https:\/\/alarmzone.pl\/wp-content\/uploads\/2025\/06\/LORA--100x100.jpg 100w\" sizes=\"(max-width: 826px) 100vw, 826px\" \/><\/a><\/p>\n<p>&nbsp;<\/p>\n<p><a href=\"https:\/\/alarmzone.pl\/wp-content\/uploads\/2024\/03\/detektor_3.webp\"><img loading=\"lazy\" decoding=\"async\" class=\"alignleft wp-image-1909\" src=\"https:\/\/alarmzone.pl\/wp-content\/uploads\/2024\/03\/detektor_3-298x300.webp\" alt=\"\" width=\"350\" height=\"352\" srcset=\"https:\/\/alarmzone.pl\/wp-content\/uploads\/2024\/03\/detektor_3-298x300.webp 298w, https:\/\/alarmzone.pl\/wp-content\/uploads\/2024\/03\/detektor_3-150x150.webp 150w, https:\/\/alarmzone.pl\/wp-content\/uploads\/2024\/03\/detektor_3-768x773.webp 768w, https:\/\/alarmzone.pl\/wp-content\/uploads\/2024\/03\/detektor_3-600x604.webp 600w, https:\/\/alarmzone.pl\/wp-content\/uploads\/2024\/03\/detektor_3-100x100.webp 100w, https:\/\/alarmzone.pl\/wp-content\/uploads\/2024\/03\/detektor_3.webp 788w\" sizes=\"(max-width: 350px) 100vw, 350px\" \/><\/a><\/p>\n<p><strong>Wymagania:<\/strong><\/p>\n<p>&#8211; Centrala alarmowa\/hub LoRa<\/p>\n<p>&nbsp;<\/p>\n<p><strong>Jedno opakowanie zawiera:<\/strong><\/p>\n<p>-Czujnik ruchu (z bateriami) X 1<\/p>\n<p>-Zestaw do montowania na \u015bcianie X 1<\/p>\n<p>&nbsp;<\/p>\n<p>&nbsp;<\/p>\n<p>&nbsp;<\/p>\n<p>&nbsp;<\/p>\n<p>&nbsp;<\/p>\n<h5 class=\"\">Przepisy GPSR\/CE:<\/h5>\n<ul>\n<li><a href=\"https:\/\/alarmzone.pl\/wp-content\/uploads\/2025\/07\/GPSR-ALARMZONE.DOCX.pdf\">GPSR ALARMZONE.DOCX<\/a><\/li>\n<\/ul>\n","protected":false},"excerpt":{"rendered":"<ul>\n<li>\n<h6><span class=\"first\">Wysy\u0142ka w <\/span><span class=\"second\">24 godziny<\/span><\/h6>\n<\/li>\n<\/ul>\n","protected":false},"featured_media":3072,"comment_status":"open","ping_status":"closed","template":"","meta":[],"product_brand":[],"product_cat":[221,41],"product_tag":[100,102,101],"class_list":{"0":"post-3073","1":"product","2":"type-product","3":"status-publish","4":"has-post-thumbnail","6":"product_cat-czujniki-ruchu","7":"product_cat-detektory-czujniki-piloty-syreny-itp","8":"product_tag-czujnik","9":"product_tag-czujnik-ruchu","10":"product_tag-detektor-ruchu","12":"first","13":"instock","14":"taxable","15":"shipping-taxable","16":"purchasable","17":"product-type-simple"},"_links":{"self":[{"href":"https:\/\/alarmzone.pl\/index.php\/wp-json\/wp\/v2\/product\/3073","targetHints":{"allow":["GET"]}}],"collection":[{"href":"https:\/\/alarmzone.pl\/index.php\/wp-json\/wp\/v2\/product"}],"about":[{"href":"https:\/\/alarmzone.pl\/index.php\/wp-json\/wp\/v2\/types\/product"}],"replies":[{"embeddable":true,"href":"https:\/\/alarmzone.pl\/index.php\/wp-json\/wp\/v2\/comments?post=3073"}],"wp:featuredmedia":[{"embeddable":true,"href":"https:\/\/alarmzone.pl\/index.php\/wp-json\/wp\/v2\/media\/3072"}],"wp:attachment":[{"href":"https:\/\/alarmzone.pl\/index.php\/wp-json\/wp\/v2\/media?parent=3073"}],"wp:term":[{"taxonomy":"product_brand","embeddable":true,"href":"https:\/\/alarmzone.pl\/index.php\/wp-json\/wp\/v2\/product_brand?post=3073"},{"taxonomy":"product_cat","embeddable":true,"href":"https:\/\/alarmzone.pl\/index.php\/wp-json\/wp\/v2\/product_cat?post=3073"},{"taxonomy":"product_tag","embeddable":true,"href":"https:\/\/alarmzone.pl\/index.php\/wp-json\/wp\/v2\/product_tag?post=3073"}],"curies":[{"name":"wp","href":"https:\/\/api.w.org\/{rel}","templated":true}]}}