{"id":2919,"date":"2025-05-19T11:01:06","date_gmt":"2025-05-19T11:01:06","guid":{"rendered":"https:\/\/alarmzone.pl\/?post_type=product&#038;p=2919"},"modified":"2025-10-16T17:25:28","modified_gmt":"2025-10-16T17:25:28","slug":"kabel-usb-usb","status":"publish","type":"product","link":"https:\/\/alarmzone.pl\/index.php\/produkt\/kabel-usb-usb\/","title":{"rendered":"KABEL USB-USB"},"content":{"rendered":"<p>Kabel USB-USB, wtyk-wtyk, A-A, s\u0142u\u017c\u0105cy do po\u0142\u0105czenia dw\u00f3ch urz\u0105dze\u0144 poprzez standardowe porty USB. Wykorzystywany np. do \u0142adowania alarm\u00f3w zasilanych akumulatorami litowo-jonowymi z wej\u015bciem USB.<\/p>\n<p>&nbsp;<\/p>\n<p>Zako\u0144czenia A m\u0119ski &#8211; A m\u0119ski<\/p>\n<p>Standard USB 2.0<\/p>\n<p>Kabel d\u0142ugo\u015b\u0107 0,5 m lub 1,8m.<\/p>\n<p>&nbsp;<\/p>\n<p><a href=\"https:\/\/alarmzone.pl\/wp-content\/uploads\/2025\/05\/usb.webp\"><img fetchpriority=\"high\" decoding=\"async\" class=\"alignnone size-full wp-image-2920\" src=\"https:\/\/alarmzone.pl\/wp-content\/uploads\/2025\/05\/usb.webp\" alt=\"\" width=\"800\" height=\"800\" srcset=\"https:\/\/alarmzone.pl\/wp-content\/uploads\/2025\/05\/usb.webp 800w, https:\/\/alarmzone.pl\/wp-content\/uploads\/2025\/05\/usb-300x300.webp 300w, https:\/\/alarmzone.pl\/wp-content\/uploads\/2025\/05\/usb-150x150.webp 150w, https:\/\/alarmzone.pl\/wp-content\/uploads\/2025\/05\/usb-768x768.webp 768w, https:\/\/alarmzone.pl\/wp-content\/uploads\/2025\/05\/usb-600x600.webp 600w, https:\/\/alarmzone.pl\/wp-content\/uploads\/2025\/05\/usb-100x100.webp 100w\" sizes=\"(max-width: 800px) 100vw, 800px\" \/><\/a> <a href=\"https:\/\/alarmzone.pl\/wp-content\/uploads\/2025\/05\/usb_1.webp\"><img decoding=\"async\" class=\"alignnone size-full wp-image-2921\" src=\"https:\/\/alarmzone.pl\/wp-content\/uploads\/2025\/05\/usb_1.webp\" alt=\"\" width=\"800\" height=\"450\" srcset=\"https:\/\/alarmzone.pl\/wp-content\/uploads\/2025\/05\/usb_1.webp 800w, https:\/\/alarmzone.pl\/wp-content\/uploads\/2025\/05\/usb_1-300x169.webp 300w, https:\/\/alarmzone.pl\/wp-content\/uploads\/2025\/05\/usb_1-768x432.webp 768w, https:\/\/alarmzone.pl\/wp-content\/uploads\/2025\/05\/usb_1-720x405.webp 720w, https:\/\/alarmzone.pl\/wp-content\/uploads\/2025\/05\/usb_1-600x338.webp 600w\" sizes=\"(max-width: 800px) 100vw, 800px\" \/><\/a> <a href=\"https:\/\/alarmzone.pl\/wp-content\/uploads\/2025\/05\/usb_2.webp\"><img decoding=\"async\" class=\"alignnone size-full wp-image-2922\" src=\"https:\/\/alarmzone.pl\/wp-content\/uploads\/2025\/05\/usb_2.webp\" alt=\"\" width=\"800\" height=\"895\" srcset=\"https:\/\/alarmzone.pl\/wp-content\/uploads\/2025\/05\/usb_2.webp 800w, https:\/\/alarmzone.pl\/wp-content\/uploads\/2025\/05\/usb_2-268x300.webp 268w, https:\/\/alarmzone.pl\/wp-content\/uploads\/2025\/05\/usb_2-768x859.webp 768w, https:\/\/alarmzone.pl\/wp-content\/uploads\/2025\/05\/usb_2-600x671.webp 600w\" sizes=\"(max-width: 800px) 100vw, 800px\" \/><\/a><\/p>\n","protected":false},"excerpt":{"rendered":"<ul>\n<li>\n<h6>Wysy\u0142ka 24 godziny<\/h6>\n<\/li>\n<\/ul>\n","protected":false},"featured_media":2920,"comment_status":"open","ping_status":"closed","template":"","meta":[],"product_brand":[],"product_cat":[16,43],"product_tag":[94,90],"class_list":{"0":"post-2919","1":"product","2":"type-product","3":"status-publish","4":"has-post-thumbnail","6":"product_cat-bez-kategorii","7":"product_cat-inne-niesklasyfikowane","8":"product_tag-kabel","9":"product_tag-usb","11":"first","12":"instock","13":"taxable","14":"shipping-taxable","15":"purchasable","16":"product-type-simple"},"_links":{"self":[{"href":"https:\/\/alarmzone.pl\/index.php\/wp-json\/wp\/v2\/product\/2919","targetHints":{"allow":["GET"]}}],"collection":[{"href":"https:\/\/alarmzone.pl\/index.php\/wp-json\/wp\/v2\/product"}],"about":[{"href":"https:\/\/alarmzone.pl\/index.php\/wp-json\/wp\/v2\/types\/product"}],"replies":[{"embeddable":true,"href":"https:\/\/alarmzone.pl\/index.php\/wp-json\/wp\/v2\/comments?post=2919"}],"wp:featuredmedia":[{"embeddable":true,"href":"https:\/\/alarmzone.pl\/index.php\/wp-json\/wp\/v2\/media\/2920"}],"wp:attachment":[{"href":"https:\/\/alarmzone.pl\/index.php\/wp-json\/wp\/v2\/media?parent=2919"}],"wp:term":[{"taxonomy":"product_brand","embeddable":true,"href":"https:\/\/alarmzone.pl\/index.php\/wp-json\/wp\/v2\/product_brand?post=2919"},{"taxonomy":"product_cat","embeddable":true,"href":"https:\/\/alarmzone.pl\/index.php\/wp-json\/wp\/v2\/product_cat?post=2919"},{"taxonomy":"product_tag","embeddable":true,"href":"https:\/\/alarmzone.pl\/index.php\/wp-json\/wp\/v2\/product_tag?post=2919"}],"curies":[{"name":"wp","href":"https:\/\/api.w.org\/{rel}","templated":true}]}}