{"id":2913,"date":"2025-05-19T10:53:59","date_gmt":"2025-05-19T10:53:59","guid":{"rendered":"https:\/\/alarmzone.pl\/?post_type=product&#038;p=2913"},"modified":"2025-10-16T17:26:32","modified_gmt":"2025-10-16T17:26:32","slug":"holder-uchwyt-montazowy-wieszak-nascienny-uchwyt-do-lokalizatorow","status":"publish","type":"product","link":"https:\/\/alarmzone.pl\/index.php\/produkt\/holder-uchwyt-montazowy-wieszak-nascienny-uchwyt-do-lokalizatorow\/","title":{"rendered":"Holder, Uchwyt Monta\u017cowy , Wieszak Na\u015bcienny , Uchwyt Do Lokalizator\u00f3w"},"content":{"rendered":"<p style=\"text-align: center;\"><span style=\"color: #ff0000;\"><strong>NOWO\u015a\u0106 NA RYNKU POLSKIM !!!<\/strong><\/span><\/p>\n<p><iframe title=\"Uniwersalny holder, uchwyt do p\u0142yt, sprz\u0119tu, akcesori\u00f3w domowych\" width=\"1240\" height=\"930\" src=\"https:\/\/www.youtube.com\/embed\/Ktq0OgMM9RY?feature=oembed&#038;enablejsapi=1&#038;origin=https:\/\/alarmzone.pl\" frameborder=\"0\" allow=\"accelerometer; autoplay; clipboard-write; encrypted-media; gyroscope; picture-in-picture; web-share\" referrerpolicy=\"strict-origin-when-cross-origin\" allowfullscreen><\/iframe><\/p>\n<p>Uniwersalny uchwyt monta\u017cowy na zastosowanie praktyczne w ka\u017cdym domu, warsztacie, biurze, sklepie, itp. Mo\u017cliwo\u015b\u0107 monta\u017cu poprzez wykorzystanie za\u0142\u0105czonych ta\u015bm klejowych\/przezroczyste akrylowe paski klejowe ( bez wiercenia dziur w \u015bcianie) lub monta\u017c na zwyk\u0142a ko\u0142ki monterskie. Bardzo praktyczne u\u017cytkowanie na zasadzie &#8222;slide&#8221;<\/p>\n<p>&nbsp;<\/p>\n<p>&nbsp;<\/p>\n<p><em><strong>ZASTOSOWANIE:<\/strong><\/em><\/p>\n<p>&#8211; mocowanie lokalizator\u00f3w GPS,<\/p>\n<p>&#8211; mocowanie listwy zasilaj\u0105cej,<\/p>\n<p>&#8211; mocowanie routera,<\/p>\n<p>&#8211; mocowanie zegara na\u015bciennego,<\/p>\n<p>&#8211; mocowanie paneli \u015bciennych,<\/p>\n<p>&#8211; mocowanie obrazk\u00f3w,<\/p>\n<p>&#8211; wiele, wiele praktycznych zastosowa\u0144<\/p>\n<p>&nbsp;<\/p>\n<p><strong>Wymiary:<\/strong><\/p>\n<p>100 mm x 40 mm x 7 mm<\/p>\n<p>Kolor &#8211; bia\u0142y<\/p>\n<p>Ud\u017awig &#8211; do 1 kg<\/p>\n<p>&nbsp;<\/p>\n<p>Zestaw zawiera:<\/p>\n<p>&#8211; 1 szt.- uchwyt dwuelementowy(male\/female)<\/p>\n<p>&#8211; 2 szt. &#8211;\u00a0paski monta\u017cowe kleju akrylowego<\/p>\n<p>&#8211; opakowanie.<\/p>\n","protected":false},"excerpt":{"rendered":"<ul>\n<li>\n<h6>Wysy\u0142ka 24 godziny<\/h6>\n<\/li>\n<\/ul>\n","protected":false},"featured_media":2914,"comment_status":"open","ping_status":"closed","template":"","meta":[],"product_brand":[],"product_cat":[16,43,45],"product_tag":[141,142],"class_list":{"0":"post-2913","1":"product","2":"type-product","3":"status-publish","4":"has-post-thumbnail","6":"product_cat-bez-kategorii","7":"product_cat-inne-niesklasyfikowane","8":"product_cat-nowosci","9":"product_tag-holder","10":"product_tag-uchwyt-do-lokalizatorow","12":"first","13":"instock","14":"taxable","15":"shipping-taxable","16":"purchasable","17":"product-type-simple"},"_links":{"self":[{"href":"https:\/\/alarmzone.pl\/index.php\/wp-json\/wp\/v2\/product\/2913","targetHints":{"allow":["GET"]}}],"collection":[{"href":"https:\/\/alarmzone.pl\/index.php\/wp-json\/wp\/v2\/product"}],"about":[{"href":"https:\/\/alarmzone.pl\/index.php\/wp-json\/wp\/v2\/types\/product"}],"replies":[{"embeddable":true,"href":"https:\/\/alarmzone.pl\/index.php\/wp-json\/wp\/v2\/comments?post=2913"}],"wp:featuredmedia":[{"embeddable":true,"href":"https:\/\/alarmzone.pl\/index.php\/wp-json\/wp\/v2\/media\/2914"}],"wp:attachment":[{"href":"https:\/\/alarmzone.pl\/index.php\/wp-json\/wp\/v2\/media?parent=2913"}],"wp:term":[{"taxonomy":"product_brand","embeddable":true,"href":"https:\/\/alarmzone.pl\/index.php\/wp-json\/wp\/v2\/product_brand?post=2913"},{"taxonomy":"product_cat","embeddable":true,"href":"https:\/\/alarmzone.pl\/index.php\/wp-json\/wp\/v2\/product_cat?post=2913"},{"taxonomy":"product_tag","embeddable":true,"href":"https:\/\/alarmzone.pl\/index.php\/wp-json\/wp\/v2\/product_tag?post=2913"}],"curies":[{"name":"wp","href":"https:\/\/api.w.org\/{rel}","templated":true}]}}