{"id":2883,"date":"2025-05-16T11:41:00","date_gmt":"2025-05-16T11:41:00","guid":{"rendered":"https:\/\/alarmzone.pl\/?post_type=product&#038;p=2883"},"modified":"2025-12-12T08:02:04","modified_gmt":"2025-12-12T08:02:04","slug":"kamera-wewnetrzna-wi-fi-yoosee","status":"publish","type":"product","link":"https:\/\/alarmzone.pl\/index.php\/produkt\/kamera-wewnetrzna-wi-fi-yoosee\/","title":{"rendered":"Kamera wewn\u0119trzna Wi-Fi YOOSEE"},"content":{"rendered":"<h1 style=\"text-align: center;\"><strong>WYPRZEDA\u017b <\/strong><\/h1>\n<h2 style=\"text-align: center;\"><strong>SPRZEDA\u017b JAKO TOWAR 2 GATUNKU &#8211; DIODY \u015aWIEC\u0104, KAMERY S\u0104 NOWE &#8211; MO\u017bE ISTNIE\u0106 PROBLEM Z PO\u0141\u0104CZENIEM Z SIECI\u0104 WI-FI<\/strong><\/h2>\n<h3><\/h3>\n<h3 style=\"text-align: center;\"><span style=\"color: #ff0000;\"><strong><em>WEWN\u0118TRZNA\u00a0KAMERA WI-FI<br \/>\n<\/em><\/strong><\/span><\/h3>\n<h3 style=\"text-align: center;\"><span style=\"color: #ff0000;\">\u00a0<strong><em>Z FUNKCJ\u0104\u00a0INTERKOMU\u00a0<\/em><\/strong><\/span><\/h3>\n<p>&nbsp;<\/p>\n<p>&nbsp;<\/p>\n<p style=\"text-align: center;\"><span style=\"color: #0000ff;\">DZI\u0118KI KAMERZE AZ-101 WIDZISZ I S\u0141YSZYSZ Z KA\u017bDEGO MIEJSCA NA \u015aWIECIE WSZYSTKO CO DZIEJ\u0118 SI\u0118 W TWOIM DOMU.<\/span><\/p>\n<p style=\"text-align: center;\"><em>\u00a0<strong>Aplikacja na smatrphony i tablety\u00a0<span style=\"color: #ff0000;\">w j\u0119zyku polskim &#8211; YOOSEE.<\/span><\/strong><\/em><\/p>\n<p>AZ101b- mo\u017ce s\u0142u\u017cy\u0107 jako kamera do obserwowania i s\u0142uchania wszystkiego co dzieje si\u0119 wok\u00f3\u0142 kamery. Do obs\u0142ugi urz\u0105dzenia niezb\u0119dne jest \u0142\u0105cze internetowe (sta\u0142e,lub\u00a0Wi-Fi 2,4GHz), oraz smartfon, tablet, lub komputer za pomoc\u0105 kt\u00f3rego b\u0119dzie mo\u017cna obs\u0142ugiwa\u0107 kamer\u0119.<\/p>\n<p>Kamer\u0105 mo\u017cna sterowa\u0107 zdalnie &#8211; prawo\/lewo, g\u00f3ra\/d\u00f3\u0142 przy u\u017cyciu smartphona i aplikacji YOOSEE<\/p>\n<p>Brak zapisu na karcie micro SD.<\/p>\n<p><strong>W sk\u0142ad zestawu wchodzi:<\/strong><\/p>\n<p>-Kamera Wi-Fi,<\/p>\n<p>-Zestaw monta\u017cowy wraz z uchwytem,<\/p>\n<p>-Zasilacz z 1m przewodem,<\/p>\n<p>-Instrukcja obs\u0142ugi w j\u0119z.polskim,<\/p>\n<p>-Opakowanie.<\/p>\n<p>&nbsp;<\/p>\n<p><a href=\"https:\/\/alarmzone.pl\/wp-content\/uploads\/2025\/05\/AZ101b.webp\"><img fetchpriority=\"high\" decoding=\"async\" class=\"alignnone wp-image-2884 size-full\" src=\"https:\/\/alarmzone.pl\/wp-content\/uploads\/2025\/05\/AZ101b.webp\" alt=\"\" width=\"800\" height=\"600\" srcset=\"https:\/\/alarmzone.pl\/wp-content\/uploads\/2025\/05\/AZ101b.webp 800w, https:\/\/alarmzone.pl\/wp-content\/uploads\/2025\/05\/AZ101b-300x225.webp 300w, https:\/\/alarmzone.pl\/wp-content\/uploads\/2025\/05\/AZ101b-768x576.webp 768w, https:\/\/alarmzone.pl\/wp-content\/uploads\/2025\/05\/AZ101b-160x120.webp 160w, https:\/\/alarmzone.pl\/wp-content\/uploads\/2025\/05\/AZ101b-600x450.webp 600w\" sizes=\"(max-width: 800px) 100vw, 800px\" \/><\/a><\/p>\n<p>&nbsp;<\/p>\n<table>\n<tbody>\n<tr>\n<td colspan=\"3\"><strong>Specyfikacja produktu<br \/>\n<\/strong><\/td>\n<\/tr>\n<tr>\n<td rowspan=\"9\">Video<\/td>\n<td>Image sensor<\/td>\n<td>1\/4 CMOS sensor<\/td>\n<\/tr>\n<tr>\n<td>Lens<\/td>\n<td>standard:3.6mm<\/td>\n<\/tr>\n<tr>\n<td>compression<\/td>\n<td>H.264<\/td>\n<\/tr>\n<tr>\n<td>Frame rate<\/td>\n<td>1-25fps<\/td>\n<\/tr>\n<tr>\n<td>Resolution<\/td>\n<td>720P(1280*720) (640*360) (320*180)<\/td>\n<\/tr>\n<tr>\n<td>Image adjustment<\/td>\n<td>Brightness, contrast,<\/td>\n<\/tr>\n<tr>\n<td>WB, BLC<\/td>\n<td>Auto<\/td>\n<\/tr>\n<tr>\n<td>LUX<\/td>\n<td>0.4LUX\/F2.0<\/td>\n<\/tr>\n<tr>\n<td>SNR<\/td>\n<td>&gt;48dB<\/td>\n<\/tr>\n<tr>\n<td rowspan=\"3\">Audio<\/td>\n<td>Compression<\/td>\n<td>ADPCM<\/td>\n<\/tr>\n<tr>\n<td>Input<\/td>\n<td>Built-in MIC<\/td>\n<\/tr>\n<tr>\n<td>Output<\/td>\n<td>Built-in speaker<\/td>\n<\/tr>\n<tr>\n<td rowspan=\"3\">PTZ<\/td>\n<td>Motor<\/td>\n<td>Built-in motor control<\/td>\n<\/tr>\n<tr>\n<td>Rotation angle<\/td>\n<td>Horizontal:355\u00b0 vertical: 90\u00b0<\/td>\n<\/tr>\n<tr>\n<td>Preset<\/td>\n<td>NO<\/td>\n<\/tr>\n<tr>\n<td colspan=\"2\">Night Vision<\/td>\n<td>10\u03a65 LED lights,\u00a0IR distance: ,10m<\/td>\n<\/tr>\n<tr>\n<td colspan=\"2\"><\/td>\n<td><\/td>\n<\/tr>\n<tr>\n<td rowspan=\"3\">Features<\/td>\n<td>mobile software<\/td>\n<td>support iPhone and android phone<\/td>\n<\/tr>\n<tr>\n<td>P2P<\/td>\n<td>Yes<\/td>\n<\/tr>\n<tr>\n<td>Motion Detection<\/td>\n<td>No<\/td>\n<\/tr>\n<tr>\n<td rowspan=\"5\">Network<\/td>\n<td>Network interface<\/td>\n<td>RJ45 10\/100MB<\/td>\n<\/tr>\n<tr>\n<td>Protocol<\/td>\n<td>Support TCP\/IP HTTP DHCP etc.<\/td>\n<\/tr>\n<tr>\n<td>Wireless<\/td>\n<td>WiFi 802.11 b\/g, 2,4GHz<\/td>\n<\/tr>\n<tr>\n<td>IP mode<\/td>\n<td>Dynamic IP address, static IP address<\/td>\n<\/tr>\n<tr>\n<td>Online visitor<\/td>\n<td>support 4 visitors at the same time<\/td>\n<\/tr>\n<tr>\n<td colspan=\"2\">Power supply<\/td>\n<td>DC\u00a05V 1A<\/td>\n<\/tr>\n<tr>\n<td colspan=\"2\">Woking temperature<\/td>\n<td>-10-50\u00b0C<\/td>\n<\/tr>\n<tr>\n<td colspan=\"2\">Working humidity<\/td>\n<td>10%-90%RH<\/td>\n<\/tr>\n<tr>\n<td colspan=\"2\" rowspan=\"2\">Dimension<\/td>\n<td>Product: 120mm x 90mm x 60MM (L*W*H)<\/td>\n<\/tr>\n<tr>\n<td>Package: 200mm x 160mm x 100 (L*W*H)<\/td>\n<\/tr>\n<tr>\n<td colspan=\"2\" rowspan=\"2\">Weight<\/td>\n<td>Product:275g(Note: for real products)<\/td>\n<\/tr>\n<tr>\n<td>Package:600g<\/td>\n<\/tr>\n<tr>\n<td colspan=\"2\"><\/td>\n<td><\/td>\n<\/tr>\n<\/tbody>\n<\/table>\n<p>&nbsp;<\/p>\n<p>Pliki do pobrania:<\/p>\n<p><a href=\"https:\/\/alarmzone.pl\/wp-content\/uploads\/2025\/05\/yoosee.apk\">Aplikacja obs\u0142uguj\u0105ca kamer\u0119 za pomoc\u0105 systemu Android YOOSEE<\/a><\/p>\n<p><a href=\"https:\/\/alarmzone.pl\/wp-content\/uploads\/2025\/05\/Yyp2p-2.apk\">Aplikacja obs\u0142uguj\u0105ca kamer\u0119 za pomoc\u0105 systemu Android YYP2P<\/a><\/p>\n<div><\/div>\n<div><\/div>\n<div>\n<h5 class=\"\">Przepisy GPSR\/CE:<\/h5>\n<ul>\n<li><a href=\"https:\/\/alarmzone.pl\/wp-content\/uploads\/2025\/07\/GPSR-ALARMZONE.DOCX.pdf\">GPSR ALARMZONE.DOCX<\/a><\/li>\n<\/ul>\n<\/div>\n<div><\/div>\n<div class=\"def\">\n<div class=\"def\">\n<div class=\"def\">\n<div class=\"def\">\n<div class=\"def\"><\/div>\n<\/div>\n<\/div>\n<\/div>\n<\/div>\n<div class=\"def\">\n<p>&nbsp;<\/p>\n<\/div>\n","protected":false},"excerpt":{"rendered":"<ul>\n<li>\n<h6><span class=\"first\">Wysy\u0142ka w <\/span><span class=\"second\">24 godziny<\/span><\/h6>\n<\/li>\n<\/ul>\n","protected":false},"featured_media":2887,"comment_status":"open","ping_status":"closed","template":"","meta":[],"product_brand":[136],"product_cat":[44],"product_tag":[87,88,50,140],"class_list":{"0":"post-2883","1":"product","2":"type-product","3":"status-publish","4":"has-post-thumbnail","6":"product_brand-alarmzone","7":"product_cat-wyprzedaz-koncowka-serii","8":"product_tag-kamera-wi-fi","9":"product_tag-monitoring","10":"product_tag-smart-dom","11":"product_tag-yoosee","13":"first","14":"instock","15":"sale","16":"downloadable","17":"taxable","18":"shipping-taxable","19":"purchasable","20":"product-type-simple"},"_links":{"self":[{"href":"https:\/\/alarmzone.pl\/index.php\/wp-json\/wp\/v2\/product\/2883","targetHints":{"allow":["GET"]}}],"collection":[{"href":"https:\/\/alarmzone.pl\/index.php\/wp-json\/wp\/v2\/product"}],"about":[{"href":"https:\/\/alarmzone.pl\/index.php\/wp-json\/wp\/v2\/types\/product"}],"replies":[{"embeddable":true,"href":"https:\/\/alarmzone.pl\/index.php\/wp-json\/wp\/v2\/comments?post=2883"}],"wp:featuredmedia":[{"embeddable":true,"href":"https:\/\/alarmzone.pl\/index.php\/wp-json\/wp\/v2\/media\/2887"}],"wp:attachment":[{"href":"https:\/\/alarmzone.pl\/index.php\/wp-json\/wp\/v2\/media?parent=2883"}],"wp:term":[{"taxonomy":"product_brand","embeddable":true,"href":"https:\/\/alarmzone.pl\/index.php\/wp-json\/wp\/v2\/product_brand?post=2883"},{"taxonomy":"product_cat","embeddable":true,"href":"https:\/\/alarmzone.pl\/index.php\/wp-json\/wp\/v2\/product_cat?post=2883"},{"taxonomy":"product_tag","embeddable":true,"href":"https:\/\/alarmzone.pl\/index.php\/wp-json\/wp\/v2\/product_tag?post=2883"}],"curies":[{"name":"wp","href":"https:\/\/api.w.org\/{rel}","templated":true}]}}