{"id":2878,"date":"2025-05-16T11:26:01","date_gmt":"2025-05-16T11:26:01","guid":{"rendered":"https:\/\/alarmzone.pl\/?post_type=product&#038;p=2878"},"modified":"2026-01-21T08:47:24","modified_gmt":"2026-01-21T08:47:24","slug":"super-lokalizator-gps-bez-abonamentu-cj24000c-alarm","status":"publish","type":"product","link":"https:\/\/alarmzone.pl\/index.php\/produkt\/super-lokalizator-gps-bez-abonamentu-cj24000c-alarm\/","title":{"rendered":"Lokalizator GPS bez abonamentu CJ24000-4G ,akumulator 24000 mAh"},"content":{"rendered":"<h3><a href=\"https:\/\/alarmzone.pl\/wp-content\/uploads\/2025\/05\/CJ24000C.webp\"><img fetchpriority=\"high\" decoding=\"async\" class=\"alignnone wp-image-2879 size-full\" src=\"https:\/\/alarmzone.pl\/wp-content\/uploads\/2025\/05\/CJ24000C.webp\" alt=\"\" width=\"800\" height=\"251\" srcset=\"https:\/\/alarmzone.pl\/wp-content\/uploads\/2025\/05\/CJ24000C.webp 800w, https:\/\/alarmzone.pl\/wp-content\/uploads\/2025\/05\/CJ24000C-300x94.webp 300w, https:\/\/alarmzone.pl\/wp-content\/uploads\/2025\/05\/CJ24000C-768x241.webp 768w, https:\/\/alarmzone.pl\/wp-content\/uploads\/2025\/05\/CJ24000C-600x188.webp 600w\" sizes=\"(max-width: 800px) 100vw, 800px\" \/><\/a><\/h3>\n<h3 style=\"text-align: center;\"><span style=\"color: #ff0000;\">NAJNOWSZA TECHNOLOGIA Z NOWOCZESNYM PROCESOREM I OBS\u0141UG\u0104 PASM 4G<\/span><\/h3>\n<p>&nbsp;<\/p>\n<h4 style=\"text-align: center;\"><strong><span style=\"color: #0000ff;\">NIEKWESTIONOWANY ZWYCI\u0118ZCA W\u015aR\u00d3D LOKALIZATOR\u00d3W Z NIEZALE\u017bNYM ZASILANIEM<\/span><\/strong><\/h4>\n<p style=\"text-align: center;\"><span style=\"color: #0000ff;\"><strong>WBUDOWANY AKUMULATOR 24000mAh<\/strong><\/span><\/p>\n<p>&nbsp;<\/p>\n<p>NOWOCZESNA\u00a0KONSTRUKCJA I SOFTWARE<\/p>\n<p>POZYCJONOWANIE PRZY U\u017bYCIU SYGNA\u0141U GPS , GLONASS, LBS<\/p>\n<p>TYLKO U NAS DO\u017bYWOTNIA DARMOWA PLATFORMA I SERWER NA 100 LAT W CENIE LOKALIZATORA!(j\u0119z.polski)<\/p>\n<p>NIE P\u0141ACISZ \u017bADNEGO ABONAMENTU !!!<\/p>\n<p>DO\u0141\u0104CZ DO SETEK ZADOWOLONYCH KLIENT\u00d3W<\/p>\n<p>KUPUJ\u0104C TUTAJ MASZ PEWNO\u015a\u0106, \u017bE KUPUJESZ BEZPO\u015aREDNIO OD DYSTRYBUTORA I\u00a0MASZ GWARANCJ\u0118 JAKO\u015aCI I NISKIEJ CENY.<\/p>\n<p>&nbsp;<\/p>\n<section class=\"section\">\n<div class=\"item item-6\">\n<section class=\"text-item\"><span style=\"color: #0000ff;\"><strong>CO WYR\u00d3\u017bNIA NASZ LOKALIZATOR???<\/strong><\/span><\/section>\n<section class=\"text-item\"><strong>* NAJPRECYZYJNIEJSZE POZYCJONOWANIE GPS, GLONASS, BeiDu, LBS ORAZ ZAPIS SYGNA\u0141U JU\u017b OD 1 SEKUND !!!<\/strong><\/section>\n<\/div>\n<\/section>\n<p>* AKUMULATOR A\u017b\u00a024000 MAH\u00a0,<\/p>\n<p>* PODW\u00d3JNA IZOLACJA PROCESORA &#8211; nie gro\u017ane mu ani upa\u0142y, ani mrozy,<\/p>\n<p>* WODOODPORNO\u015a\u0106 IPX5,<\/p>\n<p>* SYETEMY ALARMOWE: GEOSTREFA, PRZEKROCZENIA PR\u0118DKO\u015aCI, WIBRACYJNE, PRZEMIESZCZENIA, AUTOMATYCZNY ALARM<\/p>\n<p>* ZAWSZE NAJNOWSZA WERSJA SOFTWARU,<\/p>\n<p>* SERWIS W POLSCE,<\/p>\n<p>Dodatkowo:<\/p>\n<p><strong>0 z\u0142<\/strong>\u00a0&#8211; za serwer ( brak op\u0142at , brak abonamentu )<\/p>\n<p><strong>0 z\u0142<\/strong>\u00a0&#8211; aplikacja mobilna w j\u0119zyku polskim ( Android, IOS)<\/p>\n<p><strong>0 z\u0142<\/strong>\u00a0&#8211; platforma WWW ( j\u0119zyk polski)<\/p>\n<section class=\"section\">\n<div class=\"item item-6\"><\/div>\n<div class=\"item item-6\">\n<section class=\"text-item\">Najwy\u017cszej jako\u015bci profesjonalny, lokalizator GPS AlarmZone CJ24000 4G, z jeszcze mocniejszymi magnesami i bardzo pojemn\u0105 bateri\u0105 24000mAh. Lokalizator GPS mo\u017ce by\u0107 u\u017cywany w samochodach, motocyklach, na \u0142odziach, w przyczepach campingowych, kontenerach i wielu innych miejscach, w kt\u00f3rych potrzebujesz monitowania po\u0142o\u017cenia swojego obiektu. Alarmzone jest bezpo\u015brednim dystrybutorem i przedstawicielem w\/w lokalizatora na Polsk\u0119 i Skandynawi\u0119, co gwarantuj\u0119 Pa\u0144stwu, najlepsz\u0105 cen\u0119, jako\u015b\u0107 produktu i do\u017cywotni\u0105 platform\u0119 na systemy Windows, Android i IOS.<\/section>\n<\/div>\n<\/section>\n<p>&nbsp;<\/p>\n<p><a href=\"https:\/\/alarmzone.pl\/wp-content\/uploads\/2025\/05\/miniaturka11.jpg\"><img decoding=\"async\" class=\"alignnone wp-image-4789 size-full\" src=\"https:\/\/alarmzone.pl\/wp-content\/uploads\/2025\/05\/miniaturka11.jpg\" alt=\"\" width=\"900\" height=\"900\" srcset=\"https:\/\/alarmzone.pl\/wp-content\/uploads\/2025\/05\/miniaturka11.jpg 900w, https:\/\/alarmzone.pl\/wp-content\/uploads\/2025\/05\/miniaturka11-300x300.jpg 300w, https:\/\/alarmzone.pl\/wp-content\/uploads\/2025\/05\/miniaturka11-150x150.jpg 150w, https:\/\/alarmzone.pl\/wp-content\/uploads\/2025\/05\/miniaturka11-768x768.jpg 768w, https:\/\/alarmzone.pl\/wp-content\/uploads\/2025\/05\/miniaturka11-600x600.jpg 600w, https:\/\/alarmzone.pl\/wp-content\/uploads\/2025\/05\/miniaturka11-100x100.jpg 100w\" sizes=\"(max-width: 900px) 100vw, 900px\" \/><\/a><\/p>\n<p>&nbsp;<\/p>\n<section class=\"section\">\n<div class=\"item item-6\"><\/div>\n<\/section>\n<section class=\"section\">\n<div class=\"item item-6\">\n<section><\/section>\n<section class=\"text-item\"><span style=\"color: #ff0000;\"><strong>JAKI JEST NAJLEPSZY I NAJSKUTECZNIEJSZY LOKALIZATOR GPS?<\/strong><\/span><\/section>\n<section><\/section>\n<section class=\"text-item\">\n<ul>\n<li><strong><span style=\"color: #0000ff;\">Alarm wyjazdu\/wjazdu do strefy\u00a0<\/span>&#8211;<\/strong>\u00a0 po ustawieniu bramki &#8211; dostaniesz informacj\u0119, \u017ce kto\u015b wyjecha\u0142 \/wjecha\u0142 z wyznaczonej przez Ciebie strefy,<\/li>\n<li><span style=\"color: #0000ff;\"><strong>Alarm o przekroczeniu pr\u0119dko\u015bci<\/strong>\u00a0<\/span>&#8211;\u00a0 otrzymasz wiadomo\u015b\u0107 na telefon o przekroczeniu pr\u0119dko\u015bci dopuszczalnej, jak\u0105 samodzielnie ustawisz na lokalizatorze,<\/li>\n<li><span style=\"color: #0000ff;\"><strong>Alarm wstrz\u0105sowy<\/strong>\u00a0<\/span>&#8211; w przypadku pr\u00f3by w\u0142amania\/wykrycia wstrz\u0105su &#8211; otrzymasz powiadomienie na telefon zar\u00f3wno\u00a0<strong>poprzez aplikacj\u0119, jak i SMS-a i\/lub po\u0142\u0105czenie telefoniczne<\/strong>,<\/li>\n<li><span style=\"color: #0000ff;\"><strong>Alarm przemieszczenia<\/strong>\u00a0<\/span>&#8211; wyznacz po przejechaniu jakiego dystansu lokalizator ma wys\u0142a\u0107 do Ciebie informacj\u0119 <strong>poprzez aplikacj\u0119, jak i SMS-a i\/lub po\u0142\u0105czenie telefoniczne. IDEALNE ROZWI\u0104ZANIE DO ZASTSOSOWANIA NA \u0141ODZIACH.<\/strong><\/li>\n<li><strong><span style=\"color: #0000ff;\">Najdok\u0142adniejszy<\/span>\u00a0<\/strong>\u00a0&#8211; pozycjonowanie odbywa si\u0119 przy u\u017cyciu system\u00f3w<span style=\"color: #ff0000;\">\u00a0<strong>GPS, GNOLASS, BeiDu oraz LBS, a zapis pozycji ju\u017c od 1 sekundy.\u00a0<\/strong><\/span><\/li>\n<li><span style=\"color: #0000ff;\"><strong>Wbudowana wewn\u0119trzna antena GPS i GSM<\/strong><\/span>\u00a0&#8211; brak informacji o jakimkolwiek lokalizatorze w poje\u017adzie przy zachowaniu najlepszych parametr\u00f3w namierzania nawet gdy lokalizator znajduje si\u0119 wewn\u0105trz pojazdu.<\/li>\n<li><span style=\"color: #0000ff;\"><strong>Bardzo pojemny wbudowany akumulator 24000mAh<\/strong>\u00a0<\/span>&#8211; pozwala na czuwanie do 200 dni, bez konieczno\u015bci zasilania z akumulatora. Brak kabli \u0142\u0105cz\u0105cych lokalizator z akumulatorem, czy te\u017c gniazdem CAN uniemo\u017cliwi z\u0142odziejowi uzyskanie informacji, i\u017c auto posiada jakikolwiek lokalizator.<\/li>\n<li><span style=\"color: #0000ff;\"><strong>Mo\u017cliwo\u015b\u0107 \u0142adowania baterii poprzez port USB<\/strong><\/span>\u00a0komputera, power banku, \u0142adowarki samochodowej, itp &#8211; w ka\u017cdej chwili mamy mo\u017cliwo\u015b\u0107 na\u0142adowania akumulatora.<\/li>\n<li><span style=\"color: #0000ff;\"><strong>Informacja o stanie na\u0142adowania akumulatora<\/strong><\/span>\u00a0&#8211;\u00a0ju\u017c nie musisz zastanawia\u0107 si\u0119 ile procent ma jeszcze akumulator, czy aby nie roz\u0142aduje si\u0119 niespodziewanie &#8211;\u00a0 na platformie zawsze zobaczysz stan na\u0142adowania, a w\u00a0momencie kiedy akumulator uzyska poziom 20 % otrzymasz wiadomo\u015b\u0107 o konieczno\u015bci na\u0142adowania.<\/li>\n<li><span style=\"color: #0000ff;\"><strong>Przeno\u015bny z magnesami neodymowymi<\/strong><\/span>\u00a0&#8211; dzi\u0119ki temu mamy mo\u017cliwo\u015b\u0107 zainstalowania w ka\u017cdym miejscu pojazdu- pozwala to na zmniejszenie ryzyka odnalezienia lokalizatora przez potencjalnego z\u0142odzieja, lub jak to ma cz\u0119sto miejsce w przypadku pracownik\u00f3w transportu\/przedstawicieli handlowych, braku mo\u017cliwo\u015bci wy\u0142\u0105czania lokalizatora. Bardzo mocne magnesy umo\u017cliwiaj\u0105 bezproblemow\u0105 instalacj\u0119 w dowolnym miejscu auta,<\/li>\n<li><span style=\"color: #0000ff;\"><strong>Najnowszy software<\/strong><\/span>\u00a0pozwalaj\u0105cy na automatyczne przechodzenie urz\u0105dzenia w tryb aktywnego czuwania, lub je\u017celi u\u017cytkownik ma tak\u0105 wol\u0119 mo\u017ce pracowa\u0107 w aktywnym trybie czuwania &#8211; pozwala to na ogromne zwi\u0119kszenie czasu dzia\u0142ania lokalizatora na jednym \u0142adowaniu baterii, przy jednoczesnym zachowaniu wszystkich funkcji kontroli.<\/li>\n<li><strong><span style=\"color: #0000ff;\">Przyjazne i funkcjonalne oprogramowanie w j\u0119zyku polskim<\/span><\/strong>&#8211;\u00a0 funkcje alarm\u00f3w, przekroczenia pr\u0119dko\u015bci, geo-bramka, historia trasy do 6 miesi\u0119cy wstecz z mo\u017cliwo\u015bci archiwizowania plik\u00f3w, i inne.<\/li>\n<\/ul>\n<\/section>\n<\/div>\n<\/section>\n<section class=\"section\">\n<div class=\"item item-6\">\n<p><a href=\"https:\/\/alarmzone.pl\/wp-content\/uploads\/2025\/05\/CJ24000C_2.webp\"><img decoding=\"async\" class=\"alignnone wp-image-2881 size-full\" src=\"https:\/\/alarmzone.pl\/wp-content\/uploads\/2025\/05\/CJ24000C_2.webp\" alt=\"\" width=\"600\" height=\"600\" srcset=\"https:\/\/alarmzone.pl\/wp-content\/uploads\/2025\/05\/CJ24000C_2.webp 600w, https:\/\/alarmzone.pl\/wp-content\/uploads\/2025\/05\/CJ24000C_2-300x300.webp 300w, https:\/\/alarmzone.pl\/wp-content\/uploads\/2025\/05\/CJ24000C_2-150x150.webp 150w, https:\/\/alarmzone.pl\/wp-content\/uploads\/2025\/05\/CJ24000C_2-100x100.webp 100w\" sizes=\"(max-width: 600px) 100vw, 600px\" \/><\/a><\/p>\n<\/div>\n<\/section>\n<p><strong>Parametry techniczne:<\/strong><\/p>\n<p>Wymiary: 105mm x 64mm x 46mm<\/p>\n<p>Waga: 410g<\/p>\n<p>LTE BAND:1\/2\/3\/4\/5\/7\/8\/12\/13\/18\/19\/20\/25\/26\/28\/66<br \/>\n\/34\/38\/39\/40\/41<br \/>\nGSM:850\/900\/1800\/1900<\/p>\n<p>Chip: SIMCOM<\/p>\n<p>Czu\u0142o\u015b\u0107 GPS: -161dBm<\/p>\n<p>Dok\u0142adno\u015b\u0107 GPS: od 5m<\/p>\n<p>Akumulator: 3.7V 24000mAh Li-Ion<\/p>\n<p>Czas czuwania: do 200 dni, (czas pracy oko\u0142o 30 dni[przy zapisie sygna\u0142u co 60 sek.])<\/p>\n<p>Temperatura pracy: od -20 &#8212; + 55 \u00b0.<\/p>\n<p>Wilgotno\u015b\u0107: 5% -95% bez kondensacji<\/p>\n<p>Lokalizacja GPS + GLONASS + LBS<\/p>\n<p>&nbsp;<\/p>\n<p><strong>ZESTAW ZAWIERA:<\/strong><\/p>\n<p>&#8211; 1x Lokalizator GPS 24000mAh, do 200 dni czuwania,<\/p>\n<p>&#8211; 1x Przew\u00f3d USB C,<\/p>\n<p>&#8211; 1x Opakowanie,<\/p>\n<p>&#8211; Do\u017cywotnia platforma.<\/p>\n<p><img loading=\"lazy\" decoding=\"async\" class=\"aligncenter wp-image-1456 size-full\" src=\"https:\/\/alarmzone.pl\/wp-content\/uploads\/2024\/03\/az20000-4g_1.webp\" alt=\"\" width=\"800\" height=\"640\" srcset=\"https:\/\/alarmzone.pl\/wp-content\/uploads\/2024\/03\/az20000-4g_1.webp 800w, https:\/\/alarmzone.pl\/wp-content\/uploads\/2024\/03\/az20000-4g_1-300x240.webp 300w, https:\/\/alarmzone.pl\/wp-content\/uploads\/2024\/03\/az20000-4g_1-768x614.webp 768w, https:\/\/alarmzone.pl\/wp-content\/uploads\/2024\/03\/az20000-4g_1-600x480.webp 600w\" sizes=\"(max-width: 800px) 100vw, 800px\" \/><\/p>\n<p><b>Co potrzebujesz do prawid\u0142owego dzia\u0142ania lokalizatora?<\/b><\/p>\n<p><b>* Karta SIM\u00a0<\/b>&#8211; mo\u017ce by\u0107 telemetryczna (dost\u0119pna w naszej ofercie) lub zwyk\u0142a karta SIM telefoniczna(nie internetowa),<\/p>\n<p><b>* Telefon<\/b>\u00a0&#8211; w celu instalacji oprogramowania oraz konfiguracji lokalizatora,<\/p>\n<p><b>* Kilka minut czasu:)\u00a0<\/b>&#8211; w celu przeprowadzenia konfiguracji i aktywacji urz\u0105dzenia.<\/p>\n<p>Je\u017celi s\u0105dzisz, \u017ce nie masz czasu lub ch\u0119ci na konfigurowanie lub rejestracj\u0119 karty- mo\u017cesz dokona\u0107 u nas zakupu karty telemetrycznej lub pre-paid (wymagana rejestracja) wraz z konfiguracj\u0105 urz\u0105dzenia. W\u00f3wczas otrzymasz gotowe do pracy urz\u0105dzenie.<\/p>\n<p>&nbsp;<\/p>\n<p style=\"text-align: center;\"><span style=\"color: #000000;\">\u00a0<strong>LOKALIZOWANIE NA KOMPUTERZE STACJONARNYM:<\/strong><\/span><\/p>\n<p>&nbsp;<\/p>\n<p><iframe title=\"Platforma do lokalizator\u00f3w GPS AlarmZone - seria CJ\" width=\"1240\" height=\"698\" src=\"https:\/\/www.youtube.com\/embed\/I_FC2MYRHVg?feature=oembed&#038;enablejsapi=1&#038;origin=https:\/\/alarmzone.pl\" frameborder=\"0\" allow=\"accelerometer; autoplay; clipboard-write; encrypted-media; gyroscope; picture-in-picture; web-share\" referrerpolicy=\"strict-origin-when-cross-origin\" allowfullscreen><\/iframe><\/p>\n<p>&nbsp;<\/p>\n<p style=\"text-align: center;\"><span style=\"color: #000000;\"><strong>APLIKACJA NA URZ\u0104DZENIA MOBILNE ANDROID\/IOS:<\/strong><\/span><\/p>\n<p>&nbsp;<\/p>\n<p><iframe title=\"Aplikacja do lokalizatora AlarmZone seria CJ - Anroid i IOS\" width=\"1240\" height=\"698\" src=\"https:\/\/www.youtube.com\/embed\/-zfVa-xGODY?feature=oembed&#038;enablejsapi=1&#038;origin=https:\/\/alarmzone.pl\" frameborder=\"0\" allow=\"accelerometer; autoplay; clipboard-write; encrypted-media; gyroscope; picture-in-picture; web-share\" referrerpolicy=\"strict-origin-when-cross-origin\" allowfullscreen><\/iframe><\/p>\n<p>&nbsp;<\/p>\n<div class=\"resetcss\">\n<h4>Najcz\u0119\u015bciej zadawane pytania:<\/h4>\n<p>&nbsp;<\/p>\n<p><strong>Jakie s\u0105 op\u0142aty za korzystanie z serwera i aplikacji obs\u0142uguj\u0105cej lokalizator?<\/strong><\/p>\n<p>0z\u0142 op\u0142at &#8211; serwer op\u0142acony jest na 100 lat. Nie ponosisz \u017cadnych dodatkowych op\u0142at zwi\u0105zanych z serwerem i aplikacj\u0105.<\/p>\n<p><strong>Czy mog\u0119 lokalizowa\u0107 wi\u0119cej urz\u0105dze\u0144 na jednym koncie w platformie ?<\/strong><\/p>\n<p>Tak, mo\u017cemy pod\u0142\u0105czy\u0107 dowoln\u0105 liczb\u0119 zakupionych u nas urz\u0105dze\u0144 do jednego konta &#8211; konto dla Floty &#8211; jednorazowa op\u0142ata 80 z\u0142.<\/p>\n<p><strong>Jak d\u0142ugo jest zapisywana historia trasy na serwerze?<\/strong><\/p>\n<p>Do 6 miesi\u0119cy wstecz z automatycznym nadpisywaniem i mo\u017cliwo\u015bci\u0105 archiwizacji trasy na komputerze(kml, excel).<\/p>\n<p><strong>Jaki jest koszt utrzymania zakupione dodatkowo w AlarmZone karty SIM?<\/strong><\/p>\n<p>Karta sieci Virgin : Nie jest do\u0142adowana. Nowe karty SIM nale\u017cy przed rozpocz\u0119ciem u\u017cytkowania zarejestrowa\u0107 u operatora i post\u0119powa\u0107 zgodnie z instrukcj\u0105 za\u0142\u0105czon\u0105 do zestawu. Obecne przepisy prawa zabraniaj\u0105 rejestracji kart SIM na osoby trzecie. Po zakupie udost\u0119pniamy jasne wskaz\u00f3wki jak aktywowa\u0107 kart\u0119, za jak\u0105 kwot\u0119 j\u0105 do\u0142adowa\u0107 oraz jak i jakie pakiety internetu uruchomi\u0107. Roczny koszt je\u017celi chodzi o pozycjonowanie przy u\u017cyciu karty na dzie\u0144 01.09.2025: Virgin: 40 z\u0142<\/p>\n<p>Karta telemetryczna 500MB- tak jest op\u0142acona i nie wymaga rejestracji. Wa\u017cno\u015b\u0107 karty 10 lat &#8211; pakiet wystarczy od 2 do 5 lat &#8211; w zale\u017cno\u015bci od\u00a0ilo\u015bci godzin w trasie. Karty telemetryczne nie maj\u0105 mo\u017cliwo\u015bci wysy\u0142ania SMS-\u00f3w, ani dzwonienia.<\/p>\n<p><strong>Jakie jest miesi\u0119czne zu\u017cycie internetu?<\/strong><\/p>\n<p>Z naszych test\u00f3w wynika, \u017ce wystarcza 300mb przy kartach zwyk\u0142ych i 20MB przy kartach telemetrycznych. Zalecamy aktywacj\u0119 pakiet\u00f3w internetowych zgodnie z za\u0142\u0105czon\u0105 instrukcj\u0105.<\/p>\n<p><strong>Czy lokalizator b\u0119dzie dzia\u0142a\u0142 zagranic\u0105?<\/strong><\/p>\n<p>Tak &#8211; lokalizator b\u0119dzie dzia\u0142a\u0142 na terenie ca\u0142ej Europy, Azji i Afryki &#8211; obs\u0142uguje sie\u0107 4G ( jako priorytet) i 2G jako sie\u0107 pomocnicza.<\/p>\n<\/div>\n<div class=\"productfiles\">\n<h5 class=\"\">Pliki do pobrania:<\/h5>\n<ul class=\"productfiles\">\n<li><a class=\"spanhover\" title=\"YI TRACKER 2 - ANDROID\" href=\"https:\/\/alarmzone.pl\/wp-content\/uploads\/2024\/03\/Yi-Tracker-2_v1.4.6.apk\">YI TRACKER 2 &#8211; ANDROID<\/a><\/li>\n<\/ul>\n<\/div>\n<h5 class=\"\">GPSR\/CE:<\/h5>\n<ul>\n<li><a href=\"https:\/\/alarmzone.pl\/wp-content\/uploads\/2024\/03\/GPSR-GPS.DOCX.pdf\">GPSR GPS.DOCX<\/a><\/li>\n<\/ul>\n","protected":false},"excerpt":{"rendered":"<p>NAJNOWSZA TECHNOLOGIA Z NOWOCZESNYM PROCESOREM I OBS\u0141UG\u0104 PASM 4G &nbsp; NIEKWESTIONOWANY ZWYCI\u0118ZCA W\u015aR\u00d3D LOKALIZATOR\u00d3W Z NIEZALE\u017bNYM ZASILANIEM WBUDOWANY AKUMULATOR 24000mAh &nbsp; NOWOCZESNA\u00a0KONSTRUKCJA I SOFTWARE POZYCJONOWANIE PRZY U\u017bYCIU SYGNA\u0141U GPS , GLONASS, LBS TYLKO U NAS DO\u017bYWOTNIA DARMOWA PLATFORMA I SERWER NA 100 LAT W CENIE LOKALIZATORA!(j\u0119z.polski) NIE P\u0141ACISZ \u017bADNEGO ABONAMENTU !!! DO\u0141\u0104CZ DO SETEK ZADOWOLONYCH&hellip;<\/p>\n","protected":false},"featured_media":4789,"comment_status":"open","ping_status":"closed","template":"","meta":[],"product_brand":[136],"product_cat":[35,38],"product_tag":[53,52,85],"class_list":{"0":"post-2878","1":"product","2":"type-product","3":"status-publish","4":"has-post-thumbnail","6":"product_brand-alarmzone","7":"product_cat-lokalizatory-gps-bez-abonamentu","8":"product_cat-lokalizatory-seria-cj","9":"product_tag-gps","10":"product_tag-lokalizator","11":"product_tag-lokalizator-gps-bez-abonamentu","13":"first","14":"instock","15":"taxable","16":"shipping-taxable","17":"purchasable","18":"product-type-variable","19":"has-default-attributes"},"_links":{"self":[{"href":"https:\/\/alarmzone.pl\/index.php\/wp-json\/wp\/v2\/product\/2878","targetHints":{"allow":["GET"]}}],"collection":[{"href":"https:\/\/alarmzone.pl\/index.php\/wp-json\/wp\/v2\/product"}],"about":[{"href":"https:\/\/alarmzone.pl\/index.php\/wp-json\/wp\/v2\/types\/product"}],"replies":[{"embeddable":true,"href":"https:\/\/alarmzone.pl\/index.php\/wp-json\/wp\/v2\/comments?post=2878"}],"wp:featuredmedia":[{"embeddable":true,"href":"https:\/\/alarmzone.pl\/index.php\/wp-json\/wp\/v2\/media\/4789"}],"wp:attachment":[{"href":"https:\/\/alarmzone.pl\/index.php\/wp-json\/wp\/v2\/media?parent=2878"}],"wp:term":[{"taxonomy":"product_brand","embeddable":true,"href":"https:\/\/alarmzone.pl\/index.php\/wp-json\/wp\/v2\/product_brand?post=2878"},{"taxonomy":"product_cat","embeddable":true,"href":"https:\/\/alarmzone.pl\/index.php\/wp-json\/wp\/v2\/product_cat?post=2878"},{"taxonomy":"product_tag","embeddable":true,"href":"https:\/\/alarmzone.pl\/index.php\/wp-json\/wp\/v2\/product_tag?post=2878"}],"curies":[{"name":"wp","href":"https:\/\/api.w.org\/{rel}","templated":true}]}}