{"id":2813,"date":"2025-04-06T18:48:08","date_gmt":"2025-04-06T18:48:08","guid":{"rendered":"https:\/\/alarmzone.pl\/?post_type=product&#038;p=2813"},"modified":"2026-03-30T08:57:59","modified_gmt":"2026-03-30T08:57:59","slug":"zewnetrzny-czujnik-ruchu-pir-433mhz-odporny-na-zwierzeta-do-25kg","status":"publish","type":"product","link":"https:\/\/alarmzone.pl\/index.php\/produkt\/zewnetrzny-czujnik-ruchu-pir-433mhz-odporny-na-zwierzeta-do-25kg\/","title":{"rendered":"Zewn\u0119trzny czujnik ruchu PIR 433MHz odporny na zwierz\u0119ta do 25kg AZ238P"},"content":{"rendered":"<div class=\"mpof_ki myre_zn myre_8v_l _0d3bd_YrWCD\">\n<div class=\"mp4t_16_s mryx_16_s mr3m_1 mli2_1 mh85_56 mh85_0_l\">\n<div class=\"mgn2_16 _0d3bd_5pK0q\">\n<div class=\"mpof_ki myre_zn myre_8v_l _0d3bd_YrWCD\">\n<div class=\"mp4t_16_s mryx_16_s mr3m_1 mli2_1 mh85_56 mh85_0_l\">\n<div class=\"mgn2_16 _0d3bd_5pK0q\">\n<h3 style=\"text-align: center;\"><span style=\"color: #ff0000;\"><strong>JEDYNY NA RYNKU O TAKICH PARAMETRACH<\/strong><\/span><\/h3>\n<\/div>\n<\/div>\n<\/div>\n<\/div>\n<\/div>\n<\/div>\n<div class=\"mpof_ki myre_zn myre_8v_l _0d3bd_YrWCD\">\n<div class=\"mp4t_16_s mryx_16_s mr3m_1 mli2_1 mh85_56 mh85_0_l\">\n<div class=\"mgn2_16 _0d3bd_5pK0q\">\n<p><a href=\"https:\/\/alarmzone.pl\/wp-content\/uploads\/2025\/04\/out.jpg\"><img fetchpriority=\"high\" decoding=\"async\" class=\"wp-image-2814 size-full aligncenter\" src=\"https:\/\/alarmzone.pl\/wp-content\/uploads\/2025\/04\/out.jpg\" alt=\"\" width=\"405\" height=\"375\" srcset=\"https:\/\/alarmzone.pl\/wp-content\/uploads\/2025\/04\/out.jpg 405w, https:\/\/alarmzone.pl\/wp-content\/uploads\/2025\/04\/out-300x278.jpg 300w\" sizes=\"(max-width: 405px) 100vw, 405px\" \/><\/a><\/p>\n<\/div>\n<\/div>\n<\/div>\n<p style=\"text-align: center;\"><span style=\"color: #0000ff;\">NOWOCZESNY BEZPRZEWODOWY CZUJNIK RUCHU\u00a0<\/span><\/p>\n<p style=\"text-align: center;\"><span style=\"color: #0000ff;\">ODPORNY NA ZWIERZ\u0118TA DO 25 KG<\/span><\/p>\n<p><a href=\"https:\/\/alarmzone.pl\/wp-content\/uploads\/2025\/04\/out13.jpg\"><img decoding=\"async\" class=\"wp-image-2818 size-full aligncenter\" src=\"https:\/\/alarmzone.pl\/wp-content\/uploads\/2025\/04\/out13.jpg\" alt=\"\" width=\"612\" height=\"715\" srcset=\"https:\/\/alarmzone.pl\/wp-content\/uploads\/2025\/04\/out13.jpg 612w, https:\/\/alarmzone.pl\/wp-content\/uploads\/2025\/04\/out13-257x300.jpg 257w, https:\/\/alarmzone.pl\/wp-content\/uploads\/2025\/04\/out13-600x701.jpg 600w\" sizes=\"(max-width: 612px) 100vw, 612px\" \/><\/a><\/p>\n<p><strong><em>\u00a0<\/em>Parametry techniczne:<\/strong><\/p>\n<p>Zasilanie: 3V &#8211; bateria 2x AA &#8211; w zestawie<\/p>\n<p>Zu\u017cycie pr\u0105du w trybie czuwania: poni\u017cej 9uA<\/p>\n<p>Zu\u017cycie pr\u0105du w trybie alarmu: poni\u017cej 15mA<\/p>\n<p>Zakres temperatur pracy: -10 to +50 C<\/p>\n<p>Spos\u00f3b montowania: na\u015bcienne<\/p>\n<p>Wysoko\u015b\u0107 montowania: oko\u0142o 2-2,4m<\/p>\n<p>Odleg\u0142o\u015b\u0107 wykrywania ruchu: do\u00a09m<\/p>\n<p>K\u0105t wykrywania:110 stopni<\/p>\n<p>Dystans dzia\u0142ania &#8211; do 100m ( przestrze\u0144 otwarta)<\/p>\n<p>Odporno\u015b\u0107 na zwierz\u0119ta &#8211; do 25 kg<\/p>\n<div>\n<p>Cz\u0119stotliwo\u015b\u0107 nadawcza:\u00a0 433Mhz.<\/p>\n<p>&nbsp;<\/p>\n<p>*CZAS PRACY NA BATERII DO 2 LAT W OPTYMALNYCH WARUNKACH!!!<\/p>\n<\/div>\n<p>&nbsp;<\/p>\n<div>\n<p><strong>Jedno opakowanie zawiera:<\/strong><\/p>\n<p>-Czujnik ruchu z os\u0142on\u0105 i bateriami X 1<\/p>\n<p>-Zestaw do montowania na \u015bcianie X 1<\/p>\n<p><strong>\u00a0<\/strong><\/p>\n<\/div>\n<p><a href=\"https:\/\/alarmzone.pl\/wp-content\/uploads\/2025\/04\/out2.jpg\"><img decoding=\"async\" class=\"wp-image-2816 size-full aligncenter\" src=\"https:\/\/alarmzone.pl\/wp-content\/uploads\/2025\/04\/out2.jpg\" alt=\"\" width=\"744\" height=\"541\" srcset=\"https:\/\/alarmzone.pl\/wp-content\/uploads\/2025\/04\/out2.jpg 744w, https:\/\/alarmzone.pl\/wp-content\/uploads\/2025\/04\/out2-300x218.jpg 300w, https:\/\/alarmzone.pl\/wp-content\/uploads\/2025\/04\/out2-600x436.jpg 600w\" sizes=\"(max-width: 744px) 100vw, 744px\" \/><\/a> <a href=\"https:\/\/alarmzone.pl\/wp-content\/uploads\/2025\/04\/out1.jpg\"><img loading=\"lazy\" decoding=\"async\" class=\"wp-image-2815 size-full aligncenter\" src=\"https:\/\/alarmzone.pl\/wp-content\/uploads\/2025\/04\/out1.jpg\" alt=\"\" width=\"768\" height=\"428\" srcset=\"https:\/\/alarmzone.pl\/wp-content\/uploads\/2025\/04\/out1.jpg 768w, https:\/\/alarmzone.pl\/wp-content\/uploads\/2025\/04\/out1-300x167.jpg 300w, https:\/\/alarmzone.pl\/wp-content\/uploads\/2025\/04\/out1-600x334.jpg 600w\" sizes=\"(max-width: 768px) 100vw, 768px\" \/><\/a> <a href=\"https:\/\/alarmzone.pl\/wp-content\/uploads\/2025\/04\/out11.jpg\"><img loading=\"lazy\" decoding=\"async\" class=\"wp-image-2817 size-full aligncenter\" src=\"https:\/\/alarmzone.pl\/wp-content\/uploads\/2025\/04\/out11.jpg\" alt=\"\" width=\"704\" height=\"672\" srcset=\"https:\/\/alarmzone.pl\/wp-content\/uploads\/2025\/04\/out11.jpg 704w, https:\/\/alarmzone.pl\/wp-content\/uploads\/2025\/04\/out11-300x286.jpg 300w, https:\/\/alarmzone.pl\/wp-content\/uploads\/2025\/04\/out11-600x573.jpg 600w\" sizes=\"(max-width: 704px) 100vw, 704px\" \/><\/a><\/p>\n<h5 class=\"\">Przepisy GPSR\/CE:<\/h5>\n<ul>\n<li><a href=\"https:\/\/alarmzone.pl\/wp-content\/uploads\/2025\/07\/GPSR-ALARMZONE.DOCX.pdf\">GPSR ALARMZONE.DOCX<\/a><\/li>\n<\/ul>\n","protected":false},"excerpt":{"rendered":"<ul>\n<li>\n<h6><span class=\"first\">Wysy\u0142ka w <\/span><span class=\"second\">24 godziny<\/span><\/h6>\n<\/li>\n<\/ul>\n","protected":false},"featured_media":2814,"comment_status":"open","ping_status":"closed","template":"","meta":[],"product_brand":[136],"product_cat":[221,41],"product_tag":[100,102,217,101],"class_list":{"0":"post-2813","1":"product","2":"type-product","3":"status-publish","4":"has-post-thumbnail","6":"product_brand-alarmzone","7":"product_cat-czujniki-ruchu","8":"product_cat-detektory-czujniki-piloty-syreny-itp","9":"product_tag-czujnik","10":"product_tag-czujnik-ruchu","11":"product_tag-czujnik-zewnetrzny","12":"product_tag-detektor-ruchu","14":"first","15":"instock","16":"taxable","17":"shipping-taxable","18":"purchasable","19":"product-type-simple"},"_links":{"self":[{"href":"https:\/\/alarmzone.pl\/index.php\/wp-json\/wp\/v2\/product\/2813","targetHints":{"allow":["GET"]}}],"collection":[{"href":"https:\/\/alarmzone.pl\/index.php\/wp-json\/wp\/v2\/product"}],"about":[{"href":"https:\/\/alarmzone.pl\/index.php\/wp-json\/wp\/v2\/types\/product"}],"replies":[{"embeddable":true,"href":"https:\/\/alarmzone.pl\/index.php\/wp-json\/wp\/v2\/comments?post=2813"}],"wp:featuredmedia":[{"embeddable":true,"href":"https:\/\/alarmzone.pl\/index.php\/wp-json\/wp\/v2\/media\/2814"}],"wp:attachment":[{"href":"https:\/\/alarmzone.pl\/index.php\/wp-json\/wp\/v2\/media?parent=2813"}],"wp:term":[{"taxonomy":"product_brand","embeddable":true,"href":"https:\/\/alarmzone.pl\/index.php\/wp-json\/wp\/v2\/product_brand?post=2813"},{"taxonomy":"product_cat","embeddable":true,"href":"https:\/\/alarmzone.pl\/index.php\/wp-json\/wp\/v2\/product_cat?post=2813"},{"taxonomy":"product_tag","embeddable":true,"href":"https:\/\/alarmzone.pl\/index.php\/wp-json\/wp\/v2\/product_tag?post=2813"}],"curies":[{"name":"wp","href":"https:\/\/api.w.org\/{rel}","templated":true}]}}