{"id":2370,"date":"2024-06-30T16:43:52","date_gmt":"2024-06-30T16:43:52","guid":{"rendered":"https:\/\/alarmzone.pl\/?post_type=product&#038;p=2370"},"modified":"2026-04-16T15:30:56","modified_gmt":"2026-04-16T15:30:56","slug":"karta-telemetryczna-500-mb-bez-rejestracji","status":"publish","type":"product","link":"https:\/\/alarmzone.pl\/index.php\/produkt\/karta-telemetryczna-500-mb-bez-rejestracji\/","title":{"rendered":"Karta Telemetryczna do lokalizatora GPS bez konieczno\u015bci rejestracji"},"content":{"rendered":"<h5><\/h5>\n<div class=\"mpof_ki myre_zn myre_8v_l m389_6m_l\">\n<div class=\"mp4t_16_s mryx_16_s mr3m_1 mli2_1 mh85_56 mh85_0_l\">\n<div class=\"mg9e_8 mj7a_8 mg9e_0_s mvrt_0_s mj7a_0_s mh36_0_s mzmg_6m munh_16_l m3h2_16_l\">\n<div class=\"mp4t_0 mryx_0 munh_56 m3h2_56\">\n<div class=\"mpof_ki myre_zn myre_8v_l m389_6m_l\">\n<div class=\"mp4t_16_s mryx_16_s mr3m_1 mli2_1 mh85_56 mh85_0_l\">\n<div class=\"mg9e_8 mj7a_8 mg9e_0_s mvrt_0_s mj7a_0_s mh36_0_s mzmg_6m munh_16_l m3h2_16_l\">\n<div class=\"mp4t_0 mryx_0 munh_56 m3h2_56\">\n<h4 class=\"mp7g_oh\"><span style=\"font-size: 14pt;\"><strong>KARTA TELEMETRYCZNA BEZ ABONAMENTU WA\u017bNA 10 LAT Z PAKIETEM DANYCH 500 MB<\/strong><\/span><\/h4>\n<\/div>\n<\/div>\n<\/div>\n<div class=\"mp4t_16_s mryx_16_s mr3m_1 mli2_1 mh85_56 mh85_0_l\">\n<div class=\"mgn2_16 _0d3bd_am0a-\">\n<h4><span style=\"font-size: 12pt;\">Karta telemetryczna 500 MB<\/span><\/h4>\n<p><span style=\"font-size: 12pt;\">Karta telemetryczna wykorzystuje globaln\u0105 sie\u0107 mobiln\u0105 do \u0142\u0105czenia urz\u0105dze\u0144 w dowolnym miejscu. Zapewnia ona kontrol\u0119 nad \u0142\u0105czno\u015bci\u0105 zmniejszaj\u0105c r\u00f3wnie\u017c koszty roamingu w wielu krajach na ca\u0142ym \u015bwiecie. Przy zastosowaniu karty telemetrycznej transfer zliczany jest zgodnie ze zu\u017cyciem, a nie paczkami jak ma to miejsce przy zwyk\u0142ych kartach SIM.<\/span><\/p>\n<h4><span style=\"font-size: 12pt;\">Karta telemetryczna to:<\/span><\/h4>\n<ul>\n<li><span style=\"font-size: 12pt;\"><strong>Brak konieczno\u015bci rejestracji<\/strong>\u00a0&#8211; po otrzymaniu jest ju\u017c gotowa do u\u017cytku<\/span><\/li>\n<li><span style=\"font-size: 12pt;\">Zasi\u0119g\u00a0<strong>ponad 170\u00a0pa\u0144stw<\/strong>\u00a0na ca\u0142ym \u015bwiecie( Europa, Skandynawia, UK, Azja, Afryka)<\/span><\/li>\n<li><span style=\"font-size: 12pt;\">Karta SIM 3w1<\/span><\/li>\n<li><span style=\"font-size: 12pt;\"><strong>500mb<\/strong> danych do wykorzystania w przeci\u0105gu 10 lat,<\/span><\/li>\n<li><span style=\"font-size: 12pt;\">Wa\u017cno\u015b\u0107 karty wynosi\u00a0<strong>10 lat<\/strong><strong>,<\/strong><\/span><\/li>\n<li>Limit zu\u017cycia danych w miesi\u0105cu &#8211; 30 MB<\/li>\n<\/ul>\n<p><span style=\"font-size: 12pt;\"><a href=\"https:\/\/alarmzone.pl\/wp-content\/uploads\/2024\/06\/SIM.jpg\"><img fetchpriority=\"high\" decoding=\"async\" class=\"alignnone wp-image-2372\" src=\"https:\/\/alarmzone.pl\/wp-content\/uploads\/2024\/06\/SIM-300x295.jpg\" alt=\"\" width=\"342\" height=\"336\" srcset=\"https:\/\/alarmzone.pl\/wp-content\/uploads\/2024\/06\/SIM-300x295.jpg 300w, https:\/\/alarmzone.pl\/wp-content\/uploads\/2024\/06\/SIM-600x589.jpg 600w, https:\/\/alarmzone.pl\/wp-content\/uploads\/2024\/06\/SIM.jpg 714w\" sizes=\"(max-width: 342px) 100vw, 342px\" \/><\/a><\/span><\/p>\n<p>&nbsp;<\/p>\n<\/div>\n<\/div>\n<\/div>\n<div class=\"mpof_ki myre_zn myre_8v_l m389_6m_l\">\n<div class=\"mp4t_16_s mryx_16_s mr3m_1 mli2_1 mh85_56 mh85_0_l\">\n<div class=\"mgn2_16 _0d3bd_am0a-\">\n<p><span style=\"font-size: 12pt;\"><strong>Zasi\u0119g sieci obejmuje ponad 170 kraj\u00f3w z ca\u0142ego \u015bwiata.<\/strong>\u00a0Karta telemetryczna pomaga unikn\u0105\u0107 zak\u0142\u00f3ce\u0144 w komunikacji z urz\u0105dzeniem i pozwala swobodnie przemieszcza\u0107 si\u0119 pomi\u0119dzy pa\u0144stwami.<\/span><\/p>\n<p><span style=\"font-size: 12pt;\"><strong>Karta obejmuje zasi\u0119giem wszystkie pa\u0144stwa nale\u017c\u0105ce do Unii Europejskiej<\/strong>, Wielk\u0105 Brytani\u0119, Szwajcari\u0119, Norwegi\u0119 i inne kraje Europejskie, Azjatyckie i Afryka\u0144skie.<\/span><\/p>\n<p>&nbsp;<\/p>\n<\/div>\n<\/div>\n<\/div>\n<div class=\"mpof_ki myre_zn myre_8v_l m389_6m_l\">\n<div class=\"mp4t_16_s mryx_16_s mr3m_1 mli2_1 mh85_56 mh85_0_l\">\n<div class=\"mgn2_16 _0d3bd_am0a-\">\n<h5><span style=\"font-size: 12pt;\">Rozmiar karty-\u00a03w1:<\/span><\/h5>\n<ul>\n<li><span style=\"font-size: 12pt;\">SIM<\/span><\/li>\n<li><span style=\"font-size: 12pt;\">microSIM<\/span><\/li>\n<li><span style=\"font-size: 12pt;\">nanoSIM,<\/span><\/li>\n<\/ul>\n<p><span style=\"font-size: 12pt;\">Pasuje do wszystkich lokalizator\u00f3w, kt\u00f3re znajduj\u0105 si\u0119 w naszej ofercie.<\/span><\/p>\n<\/div>\n<\/div>\n<div class=\"mp4t_16_s mryx_16_s mr3m_1 mli2_1 mh85_56 mh85_0_l\">\n<div class=\"mg9e_8 mj7a_8 mg9e_0_s mvrt_0_s mj7a_0_s mh36_0_s mzmg_6m munh_16_l m3h2_16_l\">\n<div class=\"mp4t_0 mryx_0 munh_56 m3h2_56\">\n<div class=\"mp7g_oh\"><span style=\"font-size: 12pt;\">\u00a0<\/span><\/div>\n<\/div>\n<\/div>\n<\/div>\n<\/div>\n<div class=\"mpof_ki myre_zn myre_8v_l m389_6m_l\">\n<div class=\"mp4t_16_s mryx_16_s mr3m_1 mli2_1 mh85_56 mh85_0_l\">\n<div class=\"mgn2_16 _0d3bd_am0a-\">\n<p><span style=\"font-size: 12pt;\">Karta telemetryczna z naszej oferty posiada<strong>\u00a0500mb danych<\/strong> do wykorzystanie w okresie do 10 lat. Wa\u017cno\u015b\u0107 karty wynosi <strong>10 lat<\/strong>. Zu\u017cycie danych w okresie jednego miesi\u0105ca wynosz\u0105 oko\u0142o <strong>10mb<\/strong>(u\u017cytkowanie prywatne do 5 h dziennie w ruchu) lub oko\u0142o<strong>\u00a020-30 mb<\/strong>(u\u017cytkowanie w samochodach s\u0142u\u017cbowych- oko\u0142o 10-20 h w ruchu)<strong>.<\/strong><\/span><\/p>\n<p>&nbsp;<\/p>\n<h2><span style=\"font-size: 12pt;\">UWAGA<\/span><\/h2>\n<p><span style=\"font-size: 12pt;\">\u00a0 \u00a0Lokalizator GPS z w\u0142o\u017con\u0105 kart\u0105 telemetryczn\u0105 traci mo\u017cliwo\u015b\u0107 otrzymywania powiadomie\u0144 SMS, wysy\u0142ania SMS&#8217;\u00f3w z komendami oraz dzwonienia do lokalizator\u00f3w w celu pods\u0142uchu. Je\u017celi lokalizator wymaga wcze\u015bniejszej konfiguracji, np. ustawienie interwa\u0142u, strefy czasowej, itp. konfiguracji nale\u017cy dokona\u0107 przy u\u017cyciu normalnej karty SIM, np. takiej, jak masz w telefonie.<\/span><\/p>\n<p>Karta telemetryczna nie nadaje si\u0119 do system\u00f3w alarmowych, do telefon\u00f3w i innych urz\u0105dze\u0144, kt\u00f3re wymagaj\u0105 po\u0142\u0105czenia telefonicznego\/SMS-owego lub zu\u017cywaj\u0105 dane w ilo\u015bci wi\u0119kszej ni\u017c 30MB\/m-c. Karta ta ma zastosowanie w lokalizatorach GPS, kasach fiskalnych i innych urz\u0105dzeniach wymagaj\u0105cych transferu danych w ilo\u015bci nie wi\u0119kszej ni\u017c 30 MB\/miesi\u0105c<\/p>\n<\/div>\n<\/div>\n<\/div>\n<div class=\"mpof_ki myre_zn myre_8v_l m389_6m_l\">\n<div class=\"mp4t_16_s mryx_16_s mr3m_1 mli2_1 mh85_56 mh85_0_l\">\n<div class=\"mgn2_16 _0d3bd_am0a-\">\n<h2><span style=\"font-size: 12pt;\">Specyfikacja techniczna:<\/span><\/h2>\n<ul>\n<li><span style=\"font-size: 12pt;\"><strong>Sieci:<\/strong>\u00a02G, 3G, 4G\/LTE, LTE-M<\/span><\/li>\n<li><span style=\"font-size: 12pt;\"><strong>Cykle zapisu\/czytania danych:<\/strong>\u00a0minimum 500 000<\/span><\/li>\n<li><span style=\"font-size: 12pt;\"><strong>Napi\u0119cie zasilania:<\/strong>\u00a01.62-3.3V<\/span><\/li>\n<li><span style=\"font-size: 12pt;\"><strong>Temperatura pracy:<\/strong>\u00a0-25\u00b0C to ~ +85\u00b0C<\/span><\/li>\n<li><span style=\"font-size: 12pt;\"><strong>Rozmiary:<\/strong><\/span><\/li>\n<li><span style=\"font-size: 12pt;\"><strong>SIM:<\/strong>\u00a015 x 25mm<\/span><\/li>\n<li><span style=\"font-size: 12pt;\"><strong>microSIM:<\/strong>\u00a012 x 15mm<\/span><\/li>\n<li><span style=\"font-size: 12pt;\"><strong>nanoSIM:<\/strong>\u00a08.8 x 12.3mm<\/span><\/li>\n<\/ul>\n<\/div>\n<\/div>\n<\/div>\n<p><span style=\"font-size: 12pt;\">\u00a0<\/span><\/p>\n<p><span style=\"font-size: 12pt;\">Karta telemetryczna automatycznie \u0142\u0105czy si\u0119 ze stacjami nadawczymi r\u00f3\u017cnych operator\u00f3w- nie ma wi\u0119c obaw o zasi\u0119g sieci danego operatora.<\/span><\/p>\n<p><span style=\"font-size: 12pt;\">\u00a0Kupuj\u0105c\u00a0kart\u0119 telemetryczn\u0105 z lokalizatorem GPS, otrzymuj\u0105 Pa\u0144stwo urz\u0105dzenie gotowe do dzia\u0142ania. Nie ma potrzeby rejestrowania karty czy te\u017c aktywowania pakiet\u00f3w. Karta jest ju\u017c umieszczona w lokalizatorze\u00a0i zabezpieczona plomb\u0105, kt\u00f3rej nie nale\u017cy zrywa\u0107.<\/span><\/p>\n<p><span style=\"font-size: 12pt;\">\u00a0<\/span><\/p>\n<\/div>\n<\/div>\n<\/div>\n<\/div>\n<p>&nbsp;<\/p>\n<div class=\"mpof_ki myre_zn myre_8v_l m389_6m_l\">\n<div class=\"mp4t_16_s mryx_16_s mr3m_1 mli2_1 mh85_56 mh85_0_l\">\n<div class=\"mgn2_16 _0d3bd_am0a-\">\n<h4>Kolor jasny niebieski przedstawia kraje w jakich dzia\u0142a karta<\/h4>\n<\/div>\n<\/div>\n<\/div>\n<div class=\"mpof_ki myre_zn myre_8v_l m389_6m_l\">\n<div class=\"mp4t_16_s mryx_16_s mr3m_1 mli2_1 mh85_56 mh85_0_l\">\n<div class=\"mg9e_8 mj7a_8 mg9e_0_s mvrt_0_s mj7a_0_s mh36_0_s mzmg_6m munh_16_l m3h2_16_l\">\n<div class=\"mp4t_0 mryx_0 munh_56 m3h2_56\">\n<div class=\"mp7g_oh\"><img decoding=\"async\" class=\"msub_k4 mupj_5k mjru_k4 mse2_k4 mp7g_f6 mq1m_0 mj7u_0 m7er_k4 lazyloaded\" src=\"https:\/\/a.allegroimg.com\/original\/119472\/a926fc574c699188ac49ee30d2eb\/Usluga-Konfiguracji-GPSa-Z-Karta-SIM-Wazna-10-Lat-i-Pakietem-500-MB-EAN-GTIN-710535031331\" sizes=\"100vw\" srcset=\"https:\/\/a.allegroimg.com\/s360\/119472\/a926fc574c699188ac49ee30d2eb\/Usluga-Konfiguracji-GPSa-Z-Karta-SIM-Wazna-10-Lat-i-Pakietem-500-MB-EAN-GTIN-710535031331 360w,https:\/\/a.allegroimg.com\/s720\/119472\/a926fc574c699188ac49ee30d2eb\/Usluga-Konfiguracji-GPSa-Z-Karta-SIM-Wazna-10-Lat-i-Pakietem-500-MB-EAN-GTIN-710535031331 720w,https:\/\/a.allegroimg.com\/s1024\/119472\/a926fc574c699188ac49ee30d2eb\/Usluga-Konfiguracji-GPSa-Z-Karta-SIM-Wazna-10-Lat-i-Pakietem-500-MB-EAN-GTIN-710535031331 1024w,https:\/\/a.allegroimg.com\/s1440\/119472\/a926fc574c699188ac49ee30d2eb\/Usluga-Konfiguracji-GPSa-Z-Karta-SIM-Wazna-10-Lat-i-Pakietem-500-MB-EAN-GTIN-710535031331 1320w,https:\/\/a.allegroimg.com\/original\/119472\/a926fc574c699188ac49ee30d2eb\/Usluga-Konfiguracji-GPSa-Z-Karta-SIM-Wazna-10-Lat-i-Pakietem-500-MB-EAN-GTIN-710535031331 1320w\" alt=\"Us\u0142uga Konfiguracji GPSa Z Kart\u0105 SIM Wa\u017cn\u0105 10 Lat i Pakietem 500 MB EAN (GTIN) 710535031331\" width=\"1320px\" data-src=\"https:\/\/a.allegroimg.com\/original\/119472\/a926fc574c699188ac49ee30d2eb\/Usluga-Konfiguracji-GPSa-Z-Karta-SIM-Wazna-10-Lat-i-Pakietem-500-MB-EAN-GTIN-710535031331\" data-srcset=\"https:\/\/a.allegroimg.com\/s360\/119472\/a926fc574c699188ac49ee30d2eb\/Usluga-Konfiguracji-GPSa-Z-Karta-SIM-Wazna-10-Lat-i-Pakietem-500-MB-EAN-GTIN-710535031331 360w,https:\/\/a.allegroimg.com\/s720\/119472\/a926fc574c699188ac49ee30d2eb\/Usluga-Konfiguracji-GPSa-Z-Karta-SIM-Wazna-10-Lat-i-Pakietem-500-MB-EAN-GTIN-710535031331 720w,https:\/\/a.allegroimg.com\/s1024\/119472\/a926fc574c699188ac49ee30d2eb\/Usluga-Konfiguracji-GPSa-Z-Karta-SIM-Wazna-10-Lat-i-Pakietem-500-MB-EAN-GTIN-710535031331 1024w,https:\/\/a.allegroimg.com\/s1440\/119472\/a926fc574c699188ac49ee30d2eb\/Usluga-Konfiguracji-GPSa-Z-Karta-SIM-Wazna-10-Lat-i-Pakietem-500-MB-EAN-GTIN-710535031331 1320w,https:\/\/a.allegroimg.com\/original\/119472\/a926fc574c699188ac49ee30d2eb\/Usluga-Konfiguracji-GPSa-Z-Karta-SIM-Wazna-10-Lat-i-Pakietem-500-MB-EAN-GTIN-710535031331 1320w\" \/><\/div>\n<\/div>\n<\/div>\n<\/div>\n<\/div>\n<div class=\"mpof_ki myre_zn myre_8v_l m389_6m_l\">\n<div class=\"mp4t_16_s mryx_16_s mr3m_1 mli2_1 mh85_56 mh85_0_l\">\n<div class=\"mgn2_16 _0d3bd_am0a-\">\n<p>Karta telemetryczna s\u0142u\u017cy do zastosowaniu w lokalizatorach GPS, proces rejestracji\/aktywacji karty jest automatyczny i nast\u0119puje po w\u0142\u0105czeniu i skonfigurowaniu lokalizatora.<\/p>\n<p>Uwaga!<\/p>\n<p>W\u0142o\u017cenie karty do jakiegokolwiek urz\u0105dzenia i w\u0142\u0105czenie tego urz\u0105dzenia powoduje automatyczna aktywacj\u0119 karty. Kart aktywowanych nie mo\u017cna zwraca\u0107.<\/p>\n<\/div>\n<\/div>\n<\/div>\n","protected":false},"excerpt":{"rendered":"<p>KARTA TELEMETRYCZNA BEZ ABONAMENTU WA\u017bNA 10 LAT Z PAKIETEM DANYCH 500 MB Karta telemetryczna 500 MB Karta telemetryczna wykorzystuje globaln\u0105 sie\u0107 mobiln\u0105 do \u0142\u0105czenia urz\u0105dze\u0144 w dowolnym miejscu. Zapewnia ona kontrol\u0119 nad \u0142\u0105czno\u015bci\u0105 zmniejszaj\u0105c r\u00f3wnie\u017c koszty roamingu w wielu krajach na ca\u0142ym \u015bwiecie. Przy zastosowaniu karty telemetrycznej transfer zliczany jest zgodnie ze zu\u017cyciem, a nie&hellip;<\/p>\n","protected":false},"featured_media":2372,"comment_status":"open","ping_status":"closed","template":"","meta":[],"product_brand":[],"product_cat":[16,43,35,45],"product_tag":[],"class_list":{"0":"post-2370","1":"product","2":"type-product","3":"status-publish","4":"has-post-thumbnail","6":"product_cat-bez-kategorii","7":"product_cat-inne-niesklasyfikowane","8":"product_cat-lokalizatory-gps-bez-abonamentu","9":"product_cat-nowosci","11":"first","12":"instock","13":"taxable","14":"shipping-taxable","15":"purchasable","16":"product-type-simple"},"_links":{"self":[{"href":"https:\/\/alarmzone.pl\/index.php\/wp-json\/wp\/v2\/product\/2370","targetHints":{"allow":["GET"]}}],"collection":[{"href":"https:\/\/alarmzone.pl\/index.php\/wp-json\/wp\/v2\/product"}],"about":[{"href":"https:\/\/alarmzone.pl\/index.php\/wp-json\/wp\/v2\/types\/product"}],"replies":[{"embeddable":true,"href":"https:\/\/alarmzone.pl\/index.php\/wp-json\/wp\/v2\/comments?post=2370"}],"wp:featuredmedia":[{"embeddable":true,"href":"https:\/\/alarmzone.pl\/index.php\/wp-json\/wp\/v2\/media\/2372"}],"wp:attachment":[{"href":"https:\/\/alarmzone.pl\/index.php\/wp-json\/wp\/v2\/media?parent=2370"}],"wp:term":[{"taxonomy":"product_brand","embeddable":true,"href":"https:\/\/alarmzone.pl\/index.php\/wp-json\/wp\/v2\/product_brand?post=2370"},{"taxonomy":"product_cat","embeddable":true,"href":"https:\/\/alarmzone.pl\/index.php\/wp-json\/wp\/v2\/product_cat?post=2370"},{"taxonomy":"product_tag","embeddable":true,"href":"https:\/\/alarmzone.pl\/index.php\/wp-json\/wp\/v2\/product_tag?post=2370"}],"curies":[{"name":"wp","href":"https:\/\/api.w.org\/{rel}","templated":true}]}}