{"id":2311,"date":"2024-06-07T13:58:21","date_gmt":"2024-06-07T13:58:21","guid":{"rendered":"https:\/\/alarmzone.pl\/?post_type=product&#038;p=2311"},"modified":"2026-02-24T06:54:01","modified_gmt":"2026-02-24T06:54:01","slug":"mini-lokalizator-gps-4g-lte-alarmzone-ak6-1500-2","status":"publish","type":"product","link":"https:\/\/alarmzone.pl\/index.php\/produkt\/mini-lokalizator-gps-4g-lte-alarmzone-ak6-1500-2\/","title":{"rendered":"Mini Lokalizator Do Roweru GPS 4G AlarmZone NT19NA\/AK6-1500"},"content":{"rendered":"<p style=\"text-align: center;\"><span style=\"color: #0000ff;\"><strong>\u00a0NOWO\u015a\u0106 !!!\u00a0<\/strong><\/span><\/p>\n<p style=\"text-align: center;\"><span style=\"color: #0000ff;\"><strong>PROMOCYJNA CENA OGRANICZONA CZASOWO LUB DO WYCZERPANIA ZAPASU\u00a0<\/strong><\/span><\/p>\n<p>&nbsp;<\/p>\n<p>&nbsp;<\/p>\n<h3 style=\"text-align: center;\"><span style=\"color: #ff0000;\"><strong>BEST IN TEST !<\/strong><\/span><\/h3>\n<p style=\"text-align: center;\"><span style=\"color: #0000ff;\">NIE P\u0141ACISZ \u017bADNEGO ABONAMENTU ANI ZA SERWER, ANI ZA APLIKACJ\u0118!!!<\/span><\/p>\n<p style=\"text-align: center;\"><span style=\"color: #0000ff;\">DO\u0141\u0104CZ DO SETEK ZADOWOLONYCH KLIENT\u00d3W<\/span><\/p>\n<h4 style=\"text-align: center;\"><span style=\"color: #0000ff;\"><em>Platforma w j\u0119zyku polskim!\u00a0<\/em><\/span><\/h4>\n<p>&nbsp;<\/p>\n<h3 style=\"text-align: center;\">CO WYR\u00d3\u017bNIA NASZ LOKALIZATOR???<\/h3>\n<p style=\"text-align: center;\">NAJNOWSZA TECHNOLOGIA ZAMKNI\u0118TA W PRAKTYCZNEJ I SPRAWDZONEJ OBUDOWIE<\/p>\n<h4 style=\"text-align: center;\">\u00a0<span style=\"color: #ff0000;\"><em>NAJDOK\u0141ADNIEJSZE POZYCJONOWANIE PRZY U\u017bYCIU SYGNA\u0141U\u00a0<span style=\"color: #000000;\">GPS , BDS<\/span><\/em><\/span><\/h4>\n<p>&nbsp;<\/p>\n<p><img fetchpriority=\"high\" decoding=\"async\" class=\"aligncenter wp-image-1407 size-full\" src=\"https:\/\/alarmzone.pl\/wp-content\/uploads\/2024\/03\/ak6_1500_1.webp\" alt=\"\" width=\"800\" height=\"251\" srcset=\"https:\/\/alarmzone.pl\/wp-content\/uploads\/2024\/03\/ak6_1500_1.webp 800w, https:\/\/alarmzone.pl\/wp-content\/uploads\/2024\/03\/ak6_1500_1-300x94.webp 300w, https:\/\/alarmzone.pl\/wp-content\/uploads\/2024\/03\/ak6_1500_1-768x241.webp 768w, https:\/\/alarmzone.pl\/wp-content\/uploads\/2024\/03\/ak6_1500_1-600x188.webp 600w\" sizes=\"(max-width: 800px) 100vw, 800px\" \/><\/p>\n<p>&nbsp;<\/p>\n<h4 style=\"text-align: center;\"><span style=\"color: #0000ff;\"><em>TECHNOLOGIA 4G :<\/em><\/span><\/h4>\n<h4 style=\"text-align: center;\"><span style=\"color: #0000ff;\">FDD-B1\/B3\/B5\/B7\/B8\/B20<\/span><\/h4>\n<p>Najwy\u017cszej jako\u015bci profesjonalny, lokalizator GPS AK6-1500 z mocnym rzepem i akumulatorem 1000 mAh o czasie czuwania do 14 dni. Lokalizator GPS mo\u017ce by\u0107 u\u017cywany w samochodach, na \u0142odziach, w przyczepach campingowych, kontenerach, maszynach budowlanych i wielu innych miejscach, w kt\u00f3rych potrzebujesz monitowania po\u0142o\u017cenia swojego pojazdu.\u00a0<span style=\"color: #0000ff;\">Alarmzone jest bezpo\u015brednim dystrybutorem i przedstawicielem w\/w trackera na Polsk\u0119 i Norwegi\u0119, co gwarantuj\u0119 Pa\u0144stwu, najlepsz\u0105 cen\u0119, jako\u015b\u0107 produktu i do\u017cywotni\u0105 platform\u0119 na systemy Windows, Android i IOS.<\/span><\/p>\n<p>&nbsp;<\/p>\n<p style=\"text-align: center;\"><span style=\"color: #ff0000;\">NIEKWESTIONOWANY ZWYCI\u0118ZCA W\u015aR\u00d3D MINI LOKALIZATOR\u00d3W Z NIEZALE\u017bNYM ZASILANIEM<\/span><\/p>\n<p style=\"text-align: center;\"><strong><span style=\"color: #ff0000;\">DO 14 DNI CZUWANIA BEZ KONIECZNO\u015aCI \u0141ADOWANIA<\/span><\/strong><\/p>\n<p>&nbsp;<\/p>\n<p><img decoding=\"async\" class=\"aligncenter wp-image-1408 size-full\" src=\"https:\/\/alarmzone.pl\/wp-content\/uploads\/2024\/03\/ak6_1500_2.webp\" alt=\"\" width=\"751\" height=\"731\" srcset=\"https:\/\/alarmzone.pl\/wp-content\/uploads\/2024\/03\/ak6_1500_2.webp 751w, https:\/\/alarmzone.pl\/wp-content\/uploads\/2024\/03\/ak6_1500_2-300x292.webp 300w, https:\/\/alarmzone.pl\/wp-content\/uploads\/2024\/03\/ak6_1500_2-600x584.webp 600w\" sizes=\"(max-width: 751px) 100vw, 751px\" \/><\/p>\n<p>&nbsp;<\/p>\n<p style=\"text-align: center;\"><em>\u00a0<\/em><em><strong>JAKI JEST NAJLEPSZY I NAJSKUTECZNIEJSZY LOKALIZATOR GPS?<\/strong><\/em><\/p>\n<p>&nbsp;<\/p>\n<ul>\n<li><strong><span style=\"color: #ff0000;\">Przeno\u015bny z mocowaniem na rzep<\/span>\u00a0<\/strong>&#8211; dzi\u0119ki temu mamy mo\u017cliwo\u015b\u0107 zainstalowania w ka\u017cdym miejscu pojazdu lub roweru ( pod np. pod siode\u0142kiem)- pozwala to na zmniejszenie ryzyka odnalezienia lokalizatora przez potencjalnego z\u0142odzieja, lub jak to ma cz\u0119sto miejsce w przypadku pracownik\u00f3w transportu\/przedstawicieli handlowych, braku mo\u017cliwo\u015bci wy\u0142\u0105czania lokalizatora.<\/li>\n<\/ul>\n<p>&nbsp;<\/p>\n<ul>\n<li><span style=\"color: #ff0000;\"><strong>Mo\u017cliwo\u015b\u0107 \u0142adowania akumulatora<\/strong><\/span> poprzez\u00a0<strong>USB typu C\u00a0&#8211;\u00a0<\/strong>przy u\u017cyciu zasilacza,\u00a0power banku, \u0142adowarki samochodowej, itp &#8211; w ka\u017cdej chwili mamy mo\u017cliwo\u015b\u0107 na\u0142adowania akumulatora.<\/li>\n<\/ul>\n<p>&nbsp;<\/p>\n<ul>\n<li><span style=\"color: #ff0000;\"><strong>Pojemny wbudowany polimerowy akumulator 1000mAh<\/strong><\/span> &#8211; pozwala na niezale\u017cn\u0105 prac\u0119 w trybie czuwania do\u00a014 dni, bez konieczno\u015bci zasilania z akumulatora. Brak kabli \u0142\u0105cz\u0105cych lokalizator z akumulatorem, czy te\u017c gniazdem CAN uniemo\u017cliwi z\u0142odziejowi uzyskanie informacji, i\u017c auto posiada jakikolwiek lokalizator.<\/li>\n<\/ul>\n<p>&nbsp;<\/p>\n<ul>\n<li><span style=\"color: #ff0000;\"><strong>Wbudowana wewn\u0119trzna antena GPS i GSM<\/strong><\/span>\u00a0&#8211; brak informacji o jakimkolwiek lokalizatorze w poje\u017adzie przy zachowaniu najlepszych parametr\u00f3w namierzania nawet gdy lokalizator znajduje si\u0119 wewn\u0105trz pojazdu.<\/li>\n<\/ul>\n<p>&nbsp;<\/p>\n<ul>\n<li><span style=\"color: #ff0000;\"><strong>Najdok\u0142adniejsze pozycjonowanie<\/strong><\/span> \u00a0&#8211; pozycjonowanie odbywa si\u0119 przy u\u017cyciu system\u00f3w GPS,\u00a0BDS, a interwa\u0142\u00a0zapisu danych mo\u017ce by\u0107 ju\u017c\u00a0<strong>od 5 sekund<\/strong><\/li>\n<\/ul>\n<p>&nbsp;<\/p>\n<ul>\n<li><span style=\"color: #ff0000;\"><strong>Zastosowanie technologii 4G CAT1 i 2G<\/strong><\/span>\u00a0&#8211; ten lokalizator\u00a0dzia\u0142a na terenie ca\u0142ej Europy, Azji, Afryki i Skandynawii<span id=\"result_box\" lang=\"pl\">. Dzi\u0119ki zastosowaniu technologii LTE nie musisz martwi\u0107 si\u0119, \u017ce wkr\u00f3tce sygna\u0142 2G zostanie wy\u0142\u0105czony w ca\u0142ej Europie i lokalizatory 2G przestan\u0105 dzia\u0142a\u0107. Ten lokalizator dzia\u0142a i dzia\u0142a\u0107 b\u0119dzie.<br \/>\n<\/span><\/li>\n<\/ul>\n<p>&nbsp;<\/p>\n<ul>\n<li><span lang=\"pl\"><span id=\"result_box\" lang=\"pl\"><span style=\"color: #ff0000;\"><strong>Obs\u0142uguje karty SIM (2G \/ 4G),<\/strong><\/span>\u00a0&#8211; dzia\u0142a na terenie ca\u0142ej Europy, Azji, Afryki i Skandynawii,<\/span><\/span><\/li>\n<\/ul>\n<p>&nbsp;<\/p>\n<ul>\n<li><strong><span style=\"color: #ff0000;\">Alarm wibracyjny\/wstrz\u0105sowy<\/span> &#8211; <\/strong>podczas wykrycia ruchu\/wstrz\u0105su otrzymasz natychmiast powiadomienie na telefon poprzez SMS-a i\/lub po\u0142\u0105czenie telefonie oraz w centrum wiadomo\u015bci w aplikacji. NOWO\u015a\u0106 &#8211; Automatyzacja alarmu &#8211; Mo\u017cliwo\u015b\u0107 ustawienia czasu <strong>automatycznego aktywowania<\/strong>,\u00a0np. auto staje na 5 min. alarm sam si\u0119 uzbroi&#8230;<\/li>\n<\/ul>\n<p>&nbsp;<\/p>\n<ul>\n<li><strong><span style=\"color: #ff0000;\">Alarm przekroczenia pr\u0119dko\u015bci<\/span> &#8211;\u00a0<\/strong>mo\u017cesz ustawi\u0107 zadan\u0105 pr\u0119dko\u015b\u0107 &#8211; w momencie jej przekroczenia otrzymasz powiadomienie na aplikacji, poprzez SMS-a i\/lub po\u0142\u0105czenie telefoniczne,<\/li>\n<\/ul>\n<p>&nbsp;<\/p>\n<ul>\n<li><strong><span style=\"color: #ff0000;\">Geobramka<\/span> &#8211;\u00a0<\/strong>podczas opuszczenia wyznaczonej strefy otrzymasz powiadomienie o tym fakcie na aplikacji.<\/li>\n<\/ul>\n<p>&nbsp;<\/p>\n<ul>\n<li><span lang=\"pl\"><span title=\"If the device drops, it would alarm to the admin number by SMS or calling timely.\"><span id=\"result_box\" lang=\"pl\"><span style=\"color: #ff0000;\"><strong>Funkcja nas\u0142uchu<\/strong><\/span> &#8211;<\/span><\/span><\/span> W momencie kiedy wy\u015blesz odpowiedni\u0105 komend\u0119 SMS &#8211; lokalizator oddzwoni do Ciebie( funkcja niedost\u0119pna z kartami telemetrycznymi)<\/li>\n<\/ul>\n<p><span lang=\"pl\"><span title=\"If the device drops, it would alarm to the admin number by SMS or calling timely.\"><span id=\"result_box\" lang=\"pl\">\u00a0<\/span><\/span><\/span><\/p>\n<ul>\n<li><span lang=\"pl\"><span id=\"result_box\" lang=\"pl\"><span title=\"If the device drops, it would alarm to the admin number by SMS or calling timely.\"><span style=\"color: #ff0000;\">Najnowszy software pozwalaj\u0105cy na automatyczne przechodzenie urz\u0105dzenia w tryb u\u015bpienia, lub je\u017celi u\u017cytkownik ma tak\u0105 wol\u0119 mo\u017ce pracowa\u0107 w aktywnym trybie czuwania\u00a0<\/span>&#8211; pozwala to na ogromne zwi\u0119kszenie czasu dzia\u0142ania lokalizatora na jednym \u0142adowaniu baterii, przy jednoczesnym zachowaniu wszystkich funkcji kontroli. Po oko\u0142o 30 min lokalizator przechodzi automatycznie w tryb u\u015bpienia. W momencie kiedy pojazd ruszy z miejsca lokalizator aktywuje si\u0119, kontynuuj\u0105c monitorowanie z pozycjonowaniem i w momencie kiedy masz ustawione powiadomienie o wstrz\u0105sie, otrzymasz powiadomienie na telefon o tym fakcie.<br \/>\n<\/span><\/span><\/span><\/li>\n<\/ul>\n<p>&nbsp;<\/p>\n<ul>\n<li><span lang=\"pl\"><span id=\"result_box\" lang=\"pl\"><span title=\"If the device drops, it would alarm to the admin number by SMS or calling timely.\"><span style=\"color: #ff0000;\">3 tryby pracy lokalizatora<\/span> &#8211;\u00a01. Normalny , 2. inteligentny, 3. Oszcz\u0119dny<\/span><\/span><\/span><\/li>\n<\/ul>\n<p>&nbsp;<\/p>\n<ul>\n<li><span lang=\"pl\"><span id=\"result_box\" lang=\"pl\"><span title=\"If the device drops, it would alarm to the admin number by SMS or calling timely.\"><span style=\"color: #ff0000;\">Przyjazne i funkcjonalne oprogramowanie w j\u0119zyku polskim<\/span>\u00a0&#8211; funkcje alarm\u00f3w, geo-bramka, historia trasy do\u00a03 miesi\u0119cy wstecz z mo\u017cliwo\u015bci archiwizowania plik\u00f3w, statystyki i inne.<\/span><\/span><\/span><\/li>\n<\/ul>\n<p>&nbsp;<\/p>\n<ul>\n<li><span lang=\"pl\"><span title=\"If the device drops, it would alarm to the admin number by SMS or calling timely.\"><span style=\"color: #ff0000;\">Bezp\u0142atna<\/span>\u00a0przejrzysta i \u0142atwa w obs\u0142udze platforma i aplikacja AKSH(w j\u0119zyku polskim) wraz z serwerem-\u00a0<span style=\"color: #ff0000;\">tylko u nas do\u017cywotnie i darmowe korzystanie z platformy zar\u00f3wno na Windowsa, jak i na Androida oraz IOS.<\/span><\/span><\/span><\/li>\n<\/ul>\n<p><strong>Co potrzebujesz do lokalizatora?<\/strong><\/p>\n<ol>\n<li>Karta SIM &#8211; mo\u017ce by\u0107 pre-paid( na do\u0142adowania), abonamentowa lub telemetryczna &#8211; karty dost\u0119pne s\u0105 r\u00f3wnie\u017c w naszej ofercie.<\/li>\n<li>Telefon(tablet) z systemem Android lub IOS lub komputer stacjonarny z przegl\u0105dark\u0105 stron www.<\/li>\n<li>Kilka minut na skonfigurowanie lokalizatora &#8211; mo\u017cesz oczywi\u015bcie zleci\u0107 konfiguracj\u0119 naszej firmie za niewielk\u0105 op\u0142at\u0105.<\/li>\n<\/ol>\n<p>&nbsp;<\/p>\n<p><strong>Parametry techniczne:<\/strong><\/p>\n<p><span id=\"result_box\" lang=\"pl\">Wymiary: 53mm x 31mm x 20mm<br \/>\nWaga: 41g<br \/>\nSie\u0107: GSM\u00a0:B3,B8\u00a0<\/span><span id=\"result_box\" lang=\"pl\">\u00a0LTE-FDD:B1\/B3\/B5\/B7\/B8\/B20<br \/>\nChip GPS:\u00a0AT6558D<\/span><span id=\"result_box\" lang=\"pl\"><br \/>\nCzu\u0142o\u015b\u0107 GPS: -159dBm<br \/>\nDok\u0142adno\u015b\u0107 GPS: do 5m<\/span><span id=\"result_box\" lang=\"pl\"><br \/>\nAkumulator: 3.7V 1000mAh Li-Poly<br \/>\nCzas czuwania:\u00a0do\u00a014 dni<br \/>\nTemperatura pracy: od -20 &#8212; + 55 \u00b0.<br \/>\nWilgotno\u015b\u0107: 5% -95% bez kondensacji<\/span><\/p>\n<p>&nbsp;<\/p>\n<p><span lang=\"pl\">Lokalizacja GPS + BDS<\/span><\/p>\n<p>&nbsp;<\/p>\n<p><img decoding=\"async\" class=\"aligncenter wp-image-1409 size-full\" src=\"https:\/\/alarmzone.pl\/wp-content\/uploads\/2024\/03\/ak6_1500_3.webp\" alt=\"\" width=\"800\" height=\"607\" srcset=\"https:\/\/alarmzone.pl\/wp-content\/uploads\/2024\/03\/ak6_1500_3.webp 800w, https:\/\/alarmzone.pl\/wp-content\/uploads\/2024\/03\/ak6_1500_3-300x228.webp 300w, https:\/\/alarmzone.pl\/wp-content\/uploads\/2024\/03\/ak6_1500_3-768x583.webp 768w, https:\/\/alarmzone.pl\/wp-content\/uploads\/2024\/03\/ak6_1500_3-160x120.webp 160w, https:\/\/alarmzone.pl\/wp-content\/uploads\/2024\/03\/ak6_1500_3-600x455.webp 600w\" sizes=\"(max-width: 800px) 100vw, 800px\" \/><\/p>\n<p>&nbsp;<\/p>\n<p><strong><span lang=\"pl\">ZESTAW ZAWIERA:<\/span><\/strong><\/p>\n<p><span lang=\"pl\">&#8211; 1x Lokalizator GPS,<br \/>\n<\/span><\/p>\n<p><span lang=\"pl\">&#8211; 1x Przew\u00f3d USB typu C,<\/span><\/p>\n<p><span lang=\"pl\">&#8211; 1x Opakowanie,<\/span><\/p>\n<p><span lang=\"pl\">&#8211; 1x Rzep dwustronny &#8211; 2 elementy<\/span><\/p>\n<p><span lang=\"pl\">&#8211; Do\u017cywotnia platforma i aplikacja AKSH.<\/span><\/p>\n<p>&nbsp;<\/p>\n<p><img loading=\"lazy\" decoding=\"async\" class=\"aligncenter wp-image-1410 size-full\" src=\"https:\/\/alarmzone.pl\/wp-content\/uploads\/2024\/03\/ak6_1500_4.webp\" alt=\"\" width=\"800\" height=\"232\" srcset=\"https:\/\/alarmzone.pl\/wp-content\/uploads\/2024\/03\/ak6_1500_4.webp 800w, https:\/\/alarmzone.pl\/wp-content\/uploads\/2024\/03\/ak6_1500_4-300x87.webp 300w, https:\/\/alarmzone.pl\/wp-content\/uploads\/2024\/03\/ak6_1500_4-768x223.webp 768w, https:\/\/alarmzone.pl\/wp-content\/uploads\/2024\/03\/ak6_1500_4-600x174.webp 600w\" sizes=\"(max-width: 800px) 100vw, 800px\" \/><\/p>\n<p>&nbsp;<\/p>\n<p><img loading=\"lazy\" decoding=\"async\" class=\"aligncenter wp-image-1373 size-full\" src=\"https:\/\/alarmzone.pl\/wp-content\/uploads\/2024\/03\/ak10-60.webp\" alt=\"\" width=\"800\" height=\"414\" srcset=\"https:\/\/alarmzone.pl\/wp-content\/uploads\/2024\/03\/ak10-60.webp 800w, https:\/\/alarmzone.pl\/wp-content\/uploads\/2024\/03\/ak10-60-300x155.webp 300w, https:\/\/alarmzone.pl\/wp-content\/uploads\/2024\/03\/ak10-60-768x397.webp 768w, https:\/\/alarmzone.pl\/wp-content\/uploads\/2024\/03\/ak10-60-600x311.webp 600w\" sizes=\"(max-width: 800px) 100vw, 800px\" \/><\/p>\n<p>&nbsp;<\/p>\n<div class=\"resetcss\">\n<div class=\"resetcss\">\n<h4>Najcz\u0119\u015bciej zadawane pytania:<\/h4>\n<p>&nbsp;<\/p>\n<div class=\"resetcss\">\n<p><strong>Jakie s\u0105 op\u0142aty za korzystanie z serwera i aplikacji obs\u0142uguj\u0105cej lokalizator?<\/strong><\/p>\n<p>0z\u0142 op\u0142at &#8211; serwer op\u0142acony jest na 100 lat. Nie ponosisz \u017cadnych dodatkowych op\u0142at zwi\u0105zanych z serwerem i aplikacj\u0105.<\/p>\n<p><strong>Czy mog\u0119 lokalizowa\u0107 wi\u0119cej urz\u0105dze\u0144 na jednym koncie w platformie ?<\/strong><\/p>\n<p>Tak, mo\u017cemy pod\u0142\u0105czy\u0107 dowoln\u0105 liczb\u0119 zakupionych u nas urz\u0105dze\u0144 do jednego konta &#8211; konto dla Floty &#8211; jednorazowa op\u0142ata 80 z\u0142.<\/p>\n<p><strong>Jak d\u0142ugo jest zapisywana historia trasy na serwerze?<\/strong><\/p>\n<p>Do 3 miesi\u0119cy wstecz z automatycznym nadpisywaniem i mo\u017cliwo\u015bci\u0105 archiwizowania trasy na komputerze.<\/p>\n<p><strong>Jaki jest koszt u\u017cywania kart SIM?<\/strong><\/p>\n<p>Karty sieci Virgin lub Play : Roczny koszt je\u017celi chodzi o pozycjonowanie na terenie Polski, przy u\u017cyciu karty SIM pre-pai na dzie\u0144 01.09.2024: Virgin: 40 z\u0142 , karty Play : 80 z\u0142<\/p>\n<p>Karta telemetryczna 500MB- jest op\u0142acona i nie wymaga rejestracji. Wa\u017cno\u015b\u0107 karty 10 lat &#8211; pakiet wystarczy od 2 do 5 lat &#8211; w zale\u017cno\u015bci od ilo\u015bci godzin w trasie. Karty telemetryczne(oferowane przez nasz sklep) nie maj\u0105 mo\u017cliwo\u015bci wysy\u0142ania SMS-\u00f3w, ani dzwonienia, ale dzia\u0142aj\u0105 na terenie ponad 170 pa\u0144stw bez dodatkowych op\u0142at.<\/p>\n<p><strong>Jakie jest miesi\u0119czne zu\u017cycie internetu?<\/strong><\/p>\n<p>Z naszych test\u00f3w wynika, \u017ce wystarcza 300mb dla kart zwyk\u0142ych oraz 10-20 MB dla kart telemetrycznych. W przypadku kart Virgin, czy Play zakupionych w naszym sklepie otrzymasz instrukcj\u0119 jakie pakiety nale\u017cy w\u0142\u0105czy\u0107.<\/p>\n<p><strong>Czy lokalizator b\u0119dzie dzia\u0142a\u0142 zagranic\u0105?<\/strong><\/p>\n<\/div>\n<div class=\"productfiles\">\n<div class=\"resetcss\">\n<p>Tak , lokalizator b\u0119dzie dzia\u0142a\u0142 w ka\u017cdym kraju obs\u0142uguj\u0105cym pasma GPRS 2 i 4G<\/p>\n<\/div>\n<\/div>\n<\/div>\n<\/div>\n<p>Masz pytania zwi\u0105zane z produktem? Napisz do nas : <a href=\"mailto:kontakt@alarmzone.pl\">kontakt@alarmzone.pl<\/a>\u00a0,lub zadzwo\u0144 +48537778893<\/p>\n<p>&nbsp;<\/p>\n<h5 class=\"\">Aplikacja do pobrania:<\/h5>\n<ul class=\"productfiles\">\n<li><a class=\"spanhover\" title=\"YI TRACKER 2 - ANDROID\" href=\"https:\/\/alarmzone.pl\/wp-content\/uploads\/2025\/08\/AiKaShengHuo_2025-08-04_v3.0.23.apk\">AKSH &#8211; ANDROID<\/a><\/li>\n<\/ul>\n<h5 class=\"\">GPSR\/CE:<\/h5>\n<ul>\n<li><a href=\"https:\/\/alarmzone.pl\/wp-content\/uploads\/2024\/03\/GPSR-GPS.DOCX.pdf\">GPSR GPS.DOCX<\/a><\/li>\n<\/ul>\n","protected":false},"excerpt":{"rendered":"<p>\u00a0NOWO\u015a\u0106 !!!\u00a0 PROMOCYJNA CENA OGRANICZONA CZASOWO LUB DO WYCZERPANIA ZAPASU\u00a0 &nbsp; &nbsp; BEST IN TEST ! NIE P\u0141ACISZ \u017bADNEGO ABONAMENTU ANI ZA SERWER, ANI ZA APLIKACJ\u0118!!! DO\u0141\u0104CZ DO SETEK ZADOWOLONYCH KLIENT\u00d3W Platforma w j\u0119zyku polskim!\u00a0 &nbsp; CO WYR\u00d3\u017bNIA NASZ LOKALIZATOR??? NAJNOWSZA TECHNOLOGIA ZAMKNI\u0118TA W PRAKTYCZNEJ I SPRAWDZONEJ OBUDOWIE \u00a0NAJDOK\u0141ADNIEJSZE POZYCJONOWANIE PRZY U\u017bYCIU SYGNA\u0141U\u00a0GPS , BDS&hellip;<\/p>\n","protected":false},"featured_media":2312,"comment_status":"open","ping_status":"closed","template":"","meta":[],"product_brand":[136],"product_cat":[35,37],"product_tag":[53,52,85],"class_list":{"0":"post-2311","1":"product","2":"type-product","3":"status-publish","4":"has-post-thumbnail","6":"product_brand-alarmzone","7":"product_cat-lokalizatory-gps-bez-abonamentu","8":"product_cat-lokalizatory-4g-lte-seria-ak","9":"product_tag-gps","10":"product_tag-lokalizator","11":"product_tag-lokalizator-gps-bez-abonamentu","13":"first","14":"instock","15":"sale","16":"taxable","17":"shipping-taxable","18":"purchasable","19":"product-type-variable"},"_links":{"self":[{"href":"https:\/\/alarmzone.pl\/index.php\/wp-json\/wp\/v2\/product\/2311","targetHints":{"allow":["GET"]}}],"collection":[{"href":"https:\/\/alarmzone.pl\/index.php\/wp-json\/wp\/v2\/product"}],"about":[{"href":"https:\/\/alarmzone.pl\/index.php\/wp-json\/wp\/v2\/types\/product"}],"replies":[{"embeddable":true,"href":"https:\/\/alarmzone.pl\/index.php\/wp-json\/wp\/v2\/comments?post=2311"}],"wp:featuredmedia":[{"embeddable":true,"href":"https:\/\/alarmzone.pl\/index.php\/wp-json\/wp\/v2\/media\/2312"}],"wp:attachment":[{"href":"https:\/\/alarmzone.pl\/index.php\/wp-json\/wp\/v2\/media?parent=2311"}],"wp:term":[{"taxonomy":"product_brand","embeddable":true,"href":"https:\/\/alarmzone.pl\/index.php\/wp-json\/wp\/v2\/product_brand?post=2311"},{"taxonomy":"product_cat","embeddable":true,"href":"https:\/\/alarmzone.pl\/index.php\/wp-json\/wp\/v2\/product_cat?post=2311"},{"taxonomy":"product_tag","embeddable":true,"href":"https:\/\/alarmzone.pl\/index.php\/wp-json\/wp\/v2\/product_tag?post=2311"}],"curies":[{"name":"wp","href":"https:\/\/api.w.org\/{rel}","templated":true}]}}