{"id":2229,"date":"2024-04-23T12:03:34","date_gmt":"2024-04-23T12:03:34","guid":{"rendered":"https:\/\/alarmzone.pl\/?post_type=product&#038;p=2229"},"modified":"2026-03-29T17:07:32","modified_gmt":"2026-03-29T17:07:32","slug":"czujnik-detektor-dymu-433mhz-bezprzewodowy-czujnik-pozarowy-433-mhz","status":"publish","type":"product","link":"https:\/\/alarmzone.pl\/index.php\/produkt\/czujnik-detektor-dymu-433mhz-bezprzewodowy-czujnik-pozarowy-433-mhz\/","title":{"rendered":"Czujnik, detektor dymu 433MHz, bezprzewodowy czujnik po\u017carowy ZX-S20"},"content":{"rendered":"<p><strong>Nowoczesne i sprawdzone urz\u0105dzenie 433 MHz s\u0142u\u017c\u0105ce do alarmowania domownik\u00f3w o wykryciu dymu.<\/strong><\/p>\n<p><span id=\"result_box\" lang=\"pl\"><span title=\"This product named Photoelectric detector(hereinafter called detector) detects the smoke by a couple of infrared diodes.\">Detektor fotoelektroniczny (zwany czujnikiem) wykrywa dym przez kilka diod podczerwonych i podczas wykrycia dymu uruchamia si\u0119 alarm d\u017awi\u0119kowy o mocy\u00a0<span title=\"4. Alarm Sound: \u2265 85dB(3m) \">\u2265 80dB<\/span>.<\/span><span title=\"The principle of detecting is granule in the smoke can reflect infrared light.\">\u00a0<\/span><span title=\"The detector adopts the special structure design and ASIC, has the dustproof, mothproof and anti outside light interference feature etc. The detector is suitable for detect the smoke in house, shop, hotel, restaurant, office building, school, bank, library, computer\">\u00a0Czujnik nadaje si\u0119 do wykrywania dymu w domu, sklepie, hotelu, restauracji, budynku biurowym, szkole, banku, bibliotece,\u00a0<\/span><span title=\"house and storehouse etc. \">domu, magazynie, itp. Dzi\u0119ki zastosowanej technologii, czujnik mo\u017ce wsp\u00f3\u0142pracowa\u0107 z zestawami alarmowymi 433 MHz oferowanymi w naszym sklepie &#8211;\u00a0&#8211; Systemy alarmowe Tuya SMART: SR1, SR2, SR3, SR4, SR5, AZ10WG, AZ11WG, PG-103, PG-106 , P70-4G, itp.<\/span><\/span><\/p>\n<p>&nbsp;<\/p>\n<p><img fetchpriority=\"high\" decoding=\"async\" class=\"aligncenter size-full wp-image-2230\" src=\"https:\/\/alarmzone.pl\/wp-content\/uploads\/2024\/04\/czujnik_dymu433MHz.webp\" alt=\"\" width=\"800\" height=\"407\" srcset=\"https:\/\/alarmzone.pl\/wp-content\/uploads\/2024\/04\/czujnik_dymu433MHz.webp 800w, https:\/\/alarmzone.pl\/wp-content\/uploads\/2024\/04\/czujnik_dymu433MHz-300x153.webp 300w, https:\/\/alarmzone.pl\/wp-content\/uploads\/2024\/04\/czujnik_dymu433MHz-768x391.webp 768w, https:\/\/alarmzone.pl\/wp-content\/uploads\/2024\/04\/czujnik_dymu433MHz-600x305.webp 600w\" sizes=\"(max-width: 800px) 100vw, 800px\" \/><\/p>\n<p>&nbsp;<\/p>\n<p><strong>Specyfikacja:<\/strong><\/p>\n<ul>\n<li><span id=\"result_box\" lang=\"pl\"><span title=\"Working Voltage: DC9V battery.\">Zasilanie : Bateria 2 x AAA,<\/span><\/span><\/li>\n<li><span lang=\"pl\"><span title=\"Working Voltage: DC9V battery.\">Zu\u017cycie pr\u0105du:\u00a0<span id=\"result_box\" lang=\"pl\"><span title=\"2. Working Current: 1-Static Current: \u2264 10\u03bc A 2-Alarm Current: \u2264 12mA \">\u2264<\/span><\/span><span id=\"result_box\" lang=\"pl\"><span title=\"2. Working Current: 1-Static Current: \u2264 10\u03bc A 2-Alarm Current: \u2264 12mA \">10\u03bc<\/span><\/span>A( podczas czuwania),\u00a0<span id=\"result_box\" lang=\"pl\"><span title=\"2. Working Current: 1-Static Current: \u2264 10\u03bc A 2-Alarm Current: \u2264 12mA \">\u2264 15mA ( podczas alarmu),<\/span><\/span><\/span><\/span><\/li>\n<li><span lang=\"pl\"><span title=\"Working Voltage: DC9V battery.\"><span title=\"2. Working Current: 1-Static Current: \u2264 10\u03bc A 2-Alarm Current: \u2264 12mA \">G\u0142o\u015bno\u015b\u0107 alarmu:\u00a0<span id=\"result_box\" lang=\"pl\"><span title=\"4. Alarm Sound: \u2265 85dB(3m) \">\u2265 80dB (3m)<\/span><\/span>,<\/span><\/span><\/span><\/li>\n<li><span lang=\"pl\"><span title=\"Working Voltage: DC9V battery.\"><span title=\"2. Working Current: 1-Static Current: \u2264 10\u03bc A 2-Alarm Current: \u2264 12mA \">Zakres temperatur pracy:\u00a0<span id=\"result_box\" lang=\"pl\"><span title=\"5. Ambient Temperature: -10\u00b0 C\u00af 60\u00b0 C \">\u00a0-10 \u00b0 C\u00a055 \u00b0 C<\/span><\/span>\u00a0,<\/span><\/span><\/span><\/li>\n<li><span lang=\"pl\"><span title=\"Working Voltage: DC9V battery.\"><span title=\"2. Working Current: 1-Static Current: \u2264 10\u03bc A 2-Alarm Current: \u2264 12mA \">Sensor: Fototoelektroniczny,<\/span><\/span><\/span><\/li>\n<li>Transmisja do 50m<strong>\u00a0<\/strong>na cz\u0119stotliwo\u015bci 433,92MHz<\/li>\n<li><span lang=\"pl\"><span title=\"Working Voltage: DC9V battery.\"><span title=\"2. Working Current: 1-Static Current: \u2264 10\u03bc A 2-Alarm Current: \u2264 12mA \">Informacja d\u017awi\u0119kowa o niskim poziomie baterii,<\/span><\/span><\/span><\/li>\n<li><span lang=\"pl\"><span title=\"Working Voltage: DC9V battery.\"><span title=\"2. Working Current: 1-Static Current: \u2264 10\u03bc A 2-Alarm Current: \u2264 12mA \"><span id=\"result_box\" lang=\"pl\"><span title=\"9. Certificate: EN14604 &amp; CE &amp; RoHS Approval \">Certyfikat: EN14604 &amp; CE i RoHS<\/span><\/span><\/span><\/span><\/span><\/li>\n<\/ul>\n<p>Czujnik mo\u017ce pracowa\u0107 niezale\u017cnie ( autonomicznie ), jak i mo\u017ce by\u0107 po\u0142\u0105czony bezprzewodowo z systemami alarmowymi 433 MHz<\/p>\n<p>&nbsp;<\/p>\n<p><img decoding=\"async\" class=\"aligncenter wp-image-2231 size-full\" src=\"https:\/\/alarmzone.pl\/wp-content\/uploads\/2024\/04\/czujnik_dymu433MHz_1.webp\" alt=\"\" width=\"800\" height=\"393\" srcset=\"https:\/\/alarmzone.pl\/wp-content\/uploads\/2024\/04\/czujnik_dymu433MHz_1.webp 800w, https:\/\/alarmzone.pl\/wp-content\/uploads\/2024\/04\/czujnik_dymu433MHz_1-300x147.webp 300w, https:\/\/alarmzone.pl\/wp-content\/uploads\/2024\/04\/czujnik_dymu433MHz_1-768x377.webp 768w, https:\/\/alarmzone.pl\/wp-content\/uploads\/2024\/04\/czujnik_dymu433MHz_1-600x295.webp 600w\" sizes=\"(max-width: 800px) 100vw, 800px\" \/><\/p>\n<p>&nbsp;<\/p>\n<p>SK\u0141AD ZESTAWU:<\/p>\n<ul>\n<li>Autonomiczny, bezprzewodowy detektor dymu (baterie w zestawie),<\/li>\n<li>Podstawka do monta\u017cu czujnika ,<\/li>\n<li>Ko\u0142ki monta\u017cowe,<\/li>\n<li>Instrukcja obs\u0142ugi,<\/li>\n<li>Oryginalne opakowanie.<\/li>\n<\/ul>\n<p>&nbsp;<\/p>\n<p><img decoding=\"async\" class=\"aligncenter wp-image-2233 size-full\" src=\"https:\/\/alarmzone.pl\/wp-content\/uploads\/2024\/04\/czujnik_dymu433MHz_2-1.webp\" alt=\"\" width=\"800\" height=\"691\" srcset=\"https:\/\/alarmzone.pl\/wp-content\/uploads\/2024\/04\/czujnik_dymu433MHz_2-1.webp 800w, https:\/\/alarmzone.pl\/wp-content\/uploads\/2024\/04\/czujnik_dymu433MHz_2-1-300x259.webp 300w, https:\/\/alarmzone.pl\/wp-content\/uploads\/2024\/04\/czujnik_dymu433MHz_2-1-768x663.webp 768w, https:\/\/alarmzone.pl\/wp-content\/uploads\/2024\/04\/czujnik_dymu433MHz_2-1-600x518.webp 600w\" sizes=\"(max-width: 800px) 100vw, 800px\" \/><\/p>\n<h5 class=\"\">Przepisy GPSR\/CE:<\/h5>\n<ul>\n<li><a href=\"https:\/\/alarmzone.pl\/wp-content\/uploads\/2025\/07\/GPSR-ALARMZONE.DOCX.pdf\">GPSR ALARMZONE.DOCX<\/a><\/li>\n<\/ul>\n","protected":false},"excerpt":{"rendered":"<ul>\n<li>\n<h6><span class=\"first\">Wysy\u0142ka w <\/span><span class=\"second\">24 godziny<\/span><\/h6>\n<\/li>\n<\/ul>\n","protected":false},"featured_media":2377,"comment_status":"open","ping_status":"closed","template":"","meta":[],"product_brand":[136],"product_cat":[223,41],"product_tag":[100,107,108,106],"class_list":{"0":"post-2229","1":"product","2":"type-product","3":"status-publish","4":"has-post-thumbnail","6":"product_brand-alarmzone","7":"product_cat-czujnik-dymu","8":"product_cat-detektory-czujniki-piloty-syreny-itp","9":"product_tag-czujnik","10":"product_tag-czujnik-dymu","11":"product_tag-czujnik-pozarowy","12":"product_tag-detektor","14":"first","15":"instock","16":"taxable","17":"shipping-taxable","18":"purchasable","19":"product-type-simple"},"_links":{"self":[{"href":"https:\/\/alarmzone.pl\/index.php\/wp-json\/wp\/v2\/product\/2229","targetHints":{"allow":["GET"]}}],"collection":[{"href":"https:\/\/alarmzone.pl\/index.php\/wp-json\/wp\/v2\/product"}],"about":[{"href":"https:\/\/alarmzone.pl\/index.php\/wp-json\/wp\/v2\/types\/product"}],"replies":[{"embeddable":true,"href":"https:\/\/alarmzone.pl\/index.php\/wp-json\/wp\/v2\/comments?post=2229"}],"wp:featuredmedia":[{"embeddable":true,"href":"https:\/\/alarmzone.pl\/index.php\/wp-json\/wp\/v2\/media\/2377"}],"wp:attachment":[{"href":"https:\/\/alarmzone.pl\/index.php\/wp-json\/wp\/v2\/media?parent=2229"}],"wp:term":[{"taxonomy":"product_brand","embeddable":true,"href":"https:\/\/alarmzone.pl\/index.php\/wp-json\/wp\/v2\/product_brand?post=2229"},{"taxonomy":"product_cat","embeddable":true,"href":"https:\/\/alarmzone.pl\/index.php\/wp-json\/wp\/v2\/product_cat?post=2229"},{"taxonomy":"product_tag","embeddable":true,"href":"https:\/\/alarmzone.pl\/index.php\/wp-json\/wp\/v2\/product_tag?post=2229"}],"curies":[{"name":"wp","href":"https:\/\/api.w.org\/{rel}","templated":true}]}}