{"id":2219,"date":"2024-04-23T11:51:55","date_gmt":"2024-04-23T11:51:55","guid":{"rendered":"https:\/\/alarmzone.pl\/?post_type=product&#038;p=2219"},"modified":"2026-03-29T17:07:48","modified_gmt":"2026-03-29T17:07:48","slug":"czujnik-czadu-433-mhz-bezprzewodowy-detektor-co-433mhz","status":"publish","type":"product","link":"https:\/\/alarmzone.pl\/index.php\/produkt\/czujnik-czadu-433-mhz-bezprzewodowy-detektor-co-433mhz\/","title":{"rendered":"Czujnik Czadu 433 mHz. Bezprzewodowy detektor tlenku w\u0119gla CO20R"},"content":{"rendered":"<p><a href=\"https:\/\/alarmzone.pl\/wp-content\/uploads\/2024\/04\/czujnik_CO.webp\"><img fetchpriority=\"high\" decoding=\"async\" class=\"wp-image-2220 size-full aligncenter\" src=\"https:\/\/alarmzone.pl\/wp-content\/uploads\/2024\/04\/czujnik_CO.webp\" alt=\"\" width=\"800\" height=\"573\" srcset=\"https:\/\/alarmzone.pl\/wp-content\/uploads\/2024\/04\/czujnik_CO.webp 800w, https:\/\/alarmzone.pl\/wp-content\/uploads\/2024\/04\/czujnik_CO-300x215.webp 300w, https:\/\/alarmzone.pl\/wp-content\/uploads\/2024\/04\/czujnik_CO-768x550.webp 768w, https:\/\/alarmzone.pl\/wp-content\/uploads\/2024\/04\/czujnik_CO-600x430.webp 600w\" sizes=\"(max-width: 800px) 100vw, 800px\" \/><\/a><\/p>\n<p>&nbsp;<\/p>\n<p style=\"text-align: center;\"><span style=\"color: #0000ff;\"><strong>SUPER CZUJNIK CZADU 433 mHz<\/strong><\/span><\/p>\n<p>&nbsp;<\/p>\n<p>Najskuteczniejszy bezprzewodowy czujnik czadu. Mo\u017ce dzia\u0142a\u0107 niezale\u017cnie\/autonomicznie oraz z systemami alarmowymi 433 MHz.<\/p>\n<p>Nowoczesne i sprawdzone urz\u0105dzenie s\u0142u\u017c\u0105ce do alarmowania domownik\u00f3w o wykryciu czadu.<br \/>\n<span id=\"result_box\" lang=\"pl\"><span title=\"This product named Photoelectric detector(hereinafter called detector) detects the smoke by a couple of infrared diodes.\">Nowoczesny mikrokontroler czadu zapewnia d\u017awi\u0119kowe i \u015bwietlne powiadomienie ju\u017c przy przekroczeniu 60 PPM.<\/span><span title=\"The principle of detecting is granule in the smoke can reflect infrared light.\">\u00a0<\/span><span title=\"The detector adopts the special structure design and ASIC, has the dustproof, mothproof and anti outside light interference feature etc. The detector is suitable for detect the smoke in house, shop, hotel, restaurant, office building, school, bank, library, computer\">\u00a0Czujnik nadaje si\u0119 do wykrywania\u00a0tlenku czadu w domu, sklepie, hotelu, restauracji, budynku biurowym, szkole, banku, bibliotece,\u00a0<\/span><span title=\"house and storehouse etc. \">domu, magazynie, itp. Dzi\u0119ki zastosowanej technologii, czujnik mo\u017ce wsp\u00f3\u0142pracowa\u0107 z wybranymi zestawami alarmowymi 433 MHz oferowanymi w naszym sklepie.<\/span><\/span><\/p>\n<p>&nbsp;<\/p>\n<p><a href=\"https:\/\/alarmzone.pl\/wp-content\/uploads\/2024\/04\/czujnik_CO_1.webp\"><img decoding=\"async\" class=\"wp-image-2221 size-full aligncenter\" src=\"https:\/\/alarmzone.pl\/wp-content\/uploads\/2024\/04\/czujnik_CO_1.webp\" alt=\"\" width=\"800\" height=\"791\" srcset=\"https:\/\/alarmzone.pl\/wp-content\/uploads\/2024\/04\/czujnik_CO_1.webp 800w, https:\/\/alarmzone.pl\/wp-content\/uploads\/2024\/04\/czujnik_CO_1-300x297.webp 300w, https:\/\/alarmzone.pl\/wp-content\/uploads\/2024\/04\/czujnik_CO_1-768x759.webp 768w, https:\/\/alarmzone.pl\/wp-content\/uploads\/2024\/04\/czujnik_CO_1-600x593.webp 600w, https:\/\/alarmzone.pl\/wp-content\/uploads\/2024\/04\/czujnik_CO_1-100x100.webp 100w\" sizes=\"(max-width: 800px) 100vw, 800px\" \/><\/a><\/p>\n<p><strong>Specyfikacja:<\/strong><\/p>\n<ul>\n<li><span id=\"result_box\" lang=\"pl\"><span title=\"Working Voltage: DC9V battery.\">Zasilanie : Bateria 3 x AA<\/span><\/span><\/li>\n<li><span lang=\"pl\"><span title=\"Working Voltage: DC9V battery.\">Zu\u017cycie pr\u0105du:\u00a0<span id=\"result_box\" lang=\"pl\"><span title=\"2. Working Current: 1-Static Current: \u2264 10\u03bc A 2-Alarm Current: \u2264 12mA \">\u226410<\/span><\/span><span id=\"result_box\" lang=\"pl\"><span title=\"2. Working Current: 1-Static Current: \u2264 10\u03bc A 2-Alarm Current: \u2264 12mA \">\u03bc<\/span><\/span>A( podczas czuwania),\u00a0<span id=\"result_box\" lang=\"pl\"><span title=\"2. Working Current: 1-Static Current: \u2264 10\u03bc A 2-Alarm Current: \u2264 12mA \">\u2264 50mA ( podczas alarmu),<\/span><\/span><\/span><\/span><\/li>\n<li><span lang=\"pl\"><span title=\"Working Voltage: DC9V battery.\"><span title=\"2. Working Current: 1-Static Current: \u2264 10\u03bc A 2-Alarm Current: \u2264 12mA \">G\u0142o\u015bno\u015b\u0107 alarmu:\u00a0<span id=\"result_box\" lang=\"pl\"><span title=\"4. Alarm Sound: \u2265 85dB(3m) \">\u2265 70dB <\/span><\/span>,<\/span><\/span><\/span><\/li>\n<li><span lang=\"pl\"><span title=\"Working Voltage: DC9V battery.\"><span title=\"2. Working Current: 1-Static Current: \u2264 10\u03bc A 2-Alarm Current: \u2264 12mA \">Kolor: Bia\u0142y<\/span><\/span><\/span><\/li>\n<li><span lang=\"pl\"><span title=\"Working Voltage: DC9V battery.\"><span title=\"2. Working Current: 1-Static Current: \u2264 10\u03bc A 2-Alarm Current: \u2264 12mA \">Zakres temperatur pracy:\u00a0<span id=\"result_box\" lang=\"pl\"><span title=\"5. Ambient Temperature: -10\u00b0 C\u00af 60\u00b0 C \"> 0 \u00b0 C 50 \u00b0 C<\/span><\/span>\u00a0,<\/span><\/span><\/span><\/li>\n<li><span lang=\"pl\"><span title=\"Working Voltage: DC9V battery.\"><span title=\"2. Working Current: 1-Static Current: \u2264 10\u03bc A 2-Alarm Current: \u2264 12mA \">Sensor: mikrokontroler,<\/span><\/span><\/span><\/li>\n<li>\u017bywotno\u015b\u0107 czujnika : 5 lat,<\/li>\n<li><span lang=\"pl\"><span title=\"Working Voltage: DC9V battery.\"><span title=\"2. Working Current: 1-Static Current: \u2264 10\u03bc A 2-Alarm Current: \u2264 12mA \">Informacja d\u017awi\u0119kowa o niskim poziomie baterii 3,6V,<\/span><\/span><\/span><\/li>\n<li><span lang=\"pl\"><span title=\"Working Voltage: DC9V battery.\"><span title=\"2. Working Current: 1-Static Current: \u2264 10\u03bc A 2-Alarm Current: \u2264 12mA \"><span id=\"result_box\" lang=\"pl\"><span title=\"9. Certificate: EN14604 &amp; CE &amp; RoHS Approval \">Certyfikat:\u00a0FC &amp; CE i RoHS<\/span><\/span><\/span><\/span><\/span><\/li>\n<\/ul>\n<p><a href=\"https:\/\/alarmzone.pl\/wp-content\/uploads\/2024\/04\/czujnik_CO_2.webp\"><img decoding=\"async\" class=\"wp-image-2222 size-full aligncenter\" src=\"https:\/\/alarmzone.pl\/wp-content\/uploads\/2024\/04\/czujnik_CO_2.webp\" alt=\"\" width=\"800\" height=\"934\" srcset=\"https:\/\/alarmzone.pl\/wp-content\/uploads\/2024\/04\/czujnik_CO_2.webp 800w, https:\/\/alarmzone.pl\/wp-content\/uploads\/2024\/04\/czujnik_CO_2-257x300.webp 257w, https:\/\/alarmzone.pl\/wp-content\/uploads\/2024\/04\/czujnik_CO_2-768x897.webp 768w, https:\/\/alarmzone.pl\/wp-content\/uploads\/2024\/04\/czujnik_CO_2-600x701.webp 600w\" sizes=\"(max-width: 800px) 100vw, 800px\" \/><\/a><\/p>\n<p>&nbsp;<\/p>\n<p><strong>SK\u0141AD ZESTAWU:<\/strong><\/p>\n<ul>\n<li>Autonomiczny, 433MHz, bezprzewodowy detektor czadu CO20R (bez baterii w zestawie),<\/li>\n<li>Podstawka do monta\u017cu czujnika ,<\/li>\n<li>Ko\u0142ki monta\u017cowe,<\/li>\n<li>Instrukcja obs\u0142ugi<\/li>\n<li>Opakowanie.<\/li>\n<\/ul>\n<p><a href=\"https:\/\/alarmzone.pl\/wp-content\/uploads\/2024\/04\/czujnik_CO_3.webp\"><img loading=\"lazy\" decoding=\"async\" class=\"aligncenter size-full wp-image-2223\" src=\"https:\/\/alarmzone.pl\/wp-content\/uploads\/2024\/04\/czujnik_CO_3.webp\" alt=\"\" width=\"800\" height=\"804\" srcset=\"https:\/\/alarmzone.pl\/wp-content\/uploads\/2024\/04\/czujnik_CO_3.webp 800w, https:\/\/alarmzone.pl\/wp-content\/uploads\/2024\/04\/czujnik_CO_3-150x150.webp 150w, https:\/\/alarmzone.pl\/wp-content\/uploads\/2024\/04\/czujnik_CO_3-768x772.webp 768w, https:\/\/alarmzone.pl\/wp-content\/uploads\/2024\/04\/czujnik_CO_3-600x603.webp 600w, https:\/\/alarmzone.pl\/wp-content\/uploads\/2024\/04\/czujnik_CO_3-100x100.webp 100w\" sizes=\"(max-width: 800px) 100vw, 800px\" \/><\/a><\/p>\n<h5 class=\"\">Przepisy GPSR\/CE:<\/h5>\n<ul>\n<li><a href=\"https:\/\/alarmzone.pl\/wp-content\/uploads\/2025\/07\/GPSR-ALARMZONE.DOCX.pdf\">GPSR ALARMZONE.DOCX<\/a><\/li>\n<\/ul>\n","protected":false},"excerpt":{"rendered":"<ul>\n<li>\n<h6><span class=\"first\">Wysy\u0142ka w <\/span><span class=\"second\">24 godziny<\/span><\/h6>\n<\/li>\n<\/ul>\n","protected":false},"featured_media":2628,"comment_status":"open","ping_status":"closed","template":"","meta":[],"product_brand":[136],"product_cat":[224,41],"product_tag":[100,103,104,106,101],"class_list":{"0":"post-2219","1":"product","2":"type-product","3":"status-publish","4":"has-post-thumbnail","6":"product_brand-alarmzone","7":"product_cat-czadu","8":"product_cat-detektory-czujniki-piloty-syreny-itp","9":"product_tag-czujnik","10":"product_tag-czujnik-drzwi","11":"product_tag-czujnik-okien","12":"product_tag-detektor","13":"product_tag-detektor-ruchu","15":"first","16":"instock","17":"taxable","18":"shipping-taxable","19":"purchasable","20":"product-type-simple"},"_links":{"self":[{"href":"https:\/\/alarmzone.pl\/index.php\/wp-json\/wp\/v2\/product\/2219","targetHints":{"allow":["GET"]}}],"collection":[{"href":"https:\/\/alarmzone.pl\/index.php\/wp-json\/wp\/v2\/product"}],"about":[{"href":"https:\/\/alarmzone.pl\/index.php\/wp-json\/wp\/v2\/types\/product"}],"replies":[{"embeddable":true,"href":"https:\/\/alarmzone.pl\/index.php\/wp-json\/wp\/v2\/comments?post=2219"}],"wp:featuredmedia":[{"embeddable":true,"href":"https:\/\/alarmzone.pl\/index.php\/wp-json\/wp\/v2\/media\/2628"}],"wp:attachment":[{"href":"https:\/\/alarmzone.pl\/index.php\/wp-json\/wp\/v2\/media?parent=2219"}],"wp:term":[{"taxonomy":"product_brand","embeddable":true,"href":"https:\/\/alarmzone.pl\/index.php\/wp-json\/wp\/v2\/product_brand?post=2219"},{"taxonomy":"product_cat","embeddable":true,"href":"https:\/\/alarmzone.pl\/index.php\/wp-json\/wp\/v2\/product_cat?post=2219"},{"taxonomy":"product_tag","embeddable":true,"href":"https:\/\/alarmzone.pl\/index.php\/wp-json\/wp\/v2\/product_tag?post=2219"}],"curies":[{"name":"wp","href":"https:\/\/api.w.org\/{rel}","templated":true}]}}