{"id":2121,"date":"2024-04-10T10:56:58","date_gmt":"2024-04-10T10:56:58","guid":{"rendered":"https:\/\/alarmzone.pl\/?post_type=product&#038;p=2121"},"modified":"2026-03-02T13:25:00","modified_gmt":"2026-03-02T13:25:00","slug":"lokalizator-lte-nowa-technologia-4g-lte-gps-az960-4g","status":"publish","type":"product","link":"https:\/\/alarmzone.pl\/index.php\/produkt\/lokalizator-lte-nowa-technologia-4g-lte-gps-az960-4g\/","title":{"rendered":"Lokalizator LTE NOWA TECHNOLOGIA 4G\/LTE GPS AZ960-4G"},"content":{"rendered":"<h3 style=\"text-align: center;\"><span style=\"color: #0000ff;\"><strong>NOWO\u015a\u0106 ROKU !!!<\/strong><\/span><\/h3>\n<h4 style=\"text-align: center;\"><span style=\"color: #ff0000;\"><strong>LOKALIZATOR 4G\/LTE<\/strong><\/span><\/h4>\n<p><a href=\"https:\/\/alarmzone.pl\/wp-content\/uploads\/2024\/04\/az960.webp\"><img fetchpriority=\"high\" decoding=\"async\" class=\"aligncenter wp-image-2122 size-full\" src=\"https:\/\/alarmzone.pl\/wp-content\/uploads\/2024\/04\/az960.webp\" alt=\"\" width=\"800\" height=\"251\" srcset=\"https:\/\/alarmzone.pl\/wp-content\/uploads\/2024\/04\/az960.webp 800w, https:\/\/alarmzone.pl\/wp-content\/uploads\/2024\/04\/az960-300x94.webp 300w, https:\/\/alarmzone.pl\/wp-content\/uploads\/2024\/04\/az960-768x241.webp 768w, https:\/\/alarmzone.pl\/wp-content\/uploads\/2024\/04\/az960-600x188.webp 600w\" sizes=\"(max-width: 800px) 100vw, 800px\" \/><\/a><\/p>\n<h4 style=\"text-align: center;\"><\/h4>\n<p style=\"text-align: center;\"><span style=\"color: #0000ff;\"><strong>NOWOCZESNA TECHNOLOGIA<\/strong><\/span><\/p>\n<p style=\"text-align: center;\"><span style=\"color: #0000ff;\">ZAMKNI\u0118TA W SMUK\u0141EJ I FUNKCJONALNEJ OBUDOWIE<\/span><\/p>\n<p>&nbsp;<\/p>\n<p>&nbsp;<\/p>\n<p style=\"text-align: center;\"><strong><span style=\"color: #ff0000;\"><em>POZYCJONOWANIE PRZY U\u017bYCIU SYGNA\u0141U\u00a0AGPS\u00a0oraz\u00a0LBS<\/em><\/span><\/strong><\/p>\n<p style=\"text-align: center;\"><span style=\"color: #000080;\"><strong>TYLKO U NAS DO\u017bYWOTNIA DARMOWA<\/strong><\/span><\/p>\n<p style=\"text-align: center;\"><span style=\"color: #000080;\"><strong>PLATFORMA I SERWER W CENIE LOKALIZATORA!(j\u0119z.polski)<\/strong><\/span><\/p>\n<p style=\"text-align: center;\"><span style=\"color: #0000ff;\">NIE P\u0141ACISZ \u017bADNEGO ABONAMENTU ANI ZA SERWER, ANI ZA APLIKACJ\u0118 !!!<\/span><\/p>\n<p style=\"text-align: center;\"><span style=\"color: #0000ff;\">DO\u0141\u0104CZ DO SETEK ZADOWOLONYCH KLIENT\u00d3W<\/span><\/p>\n<p>&nbsp;<\/p>\n<p style=\"text-align: center;\"><strong><span style=\"color: #ff0000;\">CO WYR\u00d3\u017bNIA NASZ LOKALIZATOR???<\/span><\/strong><\/p>\n<p style=\"text-align: center;\"><strong><span style=\"color: #0000ff;\">\u00a0<em>POZYCJONOWANIE PRZY U\u017bYCIU SYGNA\u0141U AGPS oraz LBS<\/em><\/span><\/strong><\/p>\n<p>Najwy\u017cszej jako\u015bci profesjonalny lokalizator GPS AZ960-4G\u00a0z funkcj\u0105\u00a0odci\u0119cia dop\u0142ywu paliwa.<\/p>\n<p>Lokalizator GPS\u00a0mo\u017ce by\u0107 u\u017cywany w samochodach, motorach, w przyczepach campingowych, maszynach budowlanych i wielu innych miejscach, w kt\u00f3rych potrzebujesz monitowania po\u0142o\u017cenia swojego pojazdu.<\/p>\n<p><span style=\"color: #0000ff;\">Alarmzone jest bezpo\u015brednim dystrybutorem i przedstawicielem w\/w\u00a0lokalizatora na Polsk\u0119 i Norwegi\u0119, co gwarantuj\u0119 Pa\u0144stwu, najlepsz\u0105 cen\u0119, jako\u015b\u0107 produktu i do\u017cywotni\u0105 platform\u0119 na systemy Windows, Android i IOS.<\/span><\/p>\n<p>&nbsp;<\/p>\n<p>NAJNOWOCZE\u015aNIEJSZA TECHNOLOGIA<\/p>\n<p>ZAMKNI\u0118TA W SMUK\u0141EJ I FUNKCJONALNEJ OBUDOWIE<\/p>\n<p>POZYCJONOWANIE PRZY U\u017bYCIU SYGNA\u0141U AGPS oraz LBS<\/p>\n<p>POD\u0141\u0104CZENIE kable + -, ACC\u00a0i\u00a0odci\u0119cie paliwa , dodatkowo wbudowany akumulator podtrzymuj\u0105cy 200mAh!!<\/p>\n<p>TYLKO U NAS DO\u017bYWOTNIA DARMOWA PLATFORMA I SERWER NA 100 LAT W CENIE LOKALIZATORA!(j\u0119z.polski)<\/p>\n<p>NIE P\u0141ACISZ \u017bADNEGO ABONAMENTU !!!<\/p>\n<p>DO\u0141\u0104CZ DO SETEK ZADOWOLONYCH KLIENT\u00d3W<\/p>\n<h4>IDEALNY DO AUTA, MOTORU, QUADA, CAMPERA, \u0141ODZI, SKUTERA, CI\u0104GNIKA, ITP.<\/h4>\n<p><a href=\"https:\/\/alarmzone.pl\/wp-content\/uploads\/2024\/04\/az960_1.webp\"><img decoding=\"async\" class=\"aligncenter wp-image-2125 size-full\" src=\"https:\/\/alarmzone.pl\/wp-content\/uploads\/2024\/04\/az960_1.webp\" alt=\"\" width=\"680\" height=\"571\" srcset=\"https:\/\/alarmzone.pl\/wp-content\/uploads\/2024\/04\/az960_1.webp 680w, https:\/\/alarmzone.pl\/wp-content\/uploads\/2024\/04\/az960_1-300x252.webp 300w, https:\/\/alarmzone.pl\/wp-content\/uploads\/2024\/04\/az960_1-600x504.webp 600w\" sizes=\"(max-width: 680px) 100vw, 680px\" \/><\/a><a href=\"https:\/\/alarmzone.pl\/wp-content\/uploads\/2024\/04\/az960_2.webp\"><img decoding=\"async\" class=\"aligncenter wp-image-2124 size-full\" src=\"https:\/\/alarmzone.pl\/wp-content\/uploads\/2024\/04\/az960_2.webp\" alt=\"\" width=\"682\" height=\"291\" srcset=\"https:\/\/alarmzone.pl\/wp-content\/uploads\/2024\/04\/az960_2.webp 682w, https:\/\/alarmzone.pl\/wp-content\/uploads\/2024\/04\/az960_2-300x128.webp 300w, https:\/\/alarmzone.pl\/wp-content\/uploads\/2024\/04\/az960_2-600x256.webp 600w\" sizes=\"(max-width: 682px) 100vw, 682px\" \/><\/a><\/p>\n<h4><\/h4>\n<h4 style=\"text-align: center;\"><span style=\"color: #0000ff;\">CO WYR\u00d3\u017bNIA NASZ LOKALIZATOR???<\/span><\/h4>\n<p><strong>* NAJPRECYZYJNIEJSZE POZYCJONOWANIE AGPS, LBS,<\/strong><\/p>\n<p><strong>*\u00a0MONITOROWANIE GPS 24h\/DOB\u0118<\/strong><\/p>\n<p><strong>* BEZPIECZNIK PRZEPI\u0118CIOWY,<\/strong><\/p>\n<p><strong>* MA\u0141Y ROZMIAR,<\/strong><\/p>\n<p><strong>* ZAWSZE NAJNOWSZA WERSJA SOFTWARU,<\/strong><\/p>\n<p><strong>* SERWIS W POLSCE,<\/strong><\/p>\n<p>Dodatkowo:<\/p>\n<p><strong>0 z\u0142<\/strong>\u00a0&#8211; za serwer ( brak op\u0142at , brak abonamentu )<\/p>\n<p><strong>0 z\u0142<\/strong>\u00a0&#8211; aplikacja mobilna w j\u0119zyku polskim<\/p>\n<p><strong>0 z\u0142<\/strong>\u00a0&#8211; platforma WWW ( j\u0119zyk polski)<\/p>\n<p>&nbsp;<\/p>\n<p><strong>JAKI JEST NAJLEPSZY I NAJSKUTECZNIEJSZY LOKALIZATOR GPS?<\/strong><\/p>\n<ul>\n<li><strong>Ma\u0142ych rozmiar\u00f3w<\/strong>\u00a0&#8211; dzi\u0119ki temu mamy mo\u017cliwo\u015b\u0107 zainstalowania w ka\u017cdym miejscu pojazdu- pozwala to na zmniejszenie ryzyka odnalezienia lokalizatora przez potencjalnego z\u0142odzieja, lub jak to ma cz\u0119sto miejsce w przypadku pracownik\u00f3w transportu\/przedstawicieli handlowych, braku mo\u017cliwo\u015bci wy\u0142\u0105czania lokalizatora.<\/li>\n<\/ul>\n<ul>\n<li><strong>Kontrola parametr\u00f3w napi\u0119cia<\/strong>\u00a0w poje\u017adzie- dzi\u0119ki zastosowaniu nowoczesnej technologii,\u00a0wiemy kiedy auto ma w\u0142\u0105czony zap\u0142on &#8211; kontrola ACC oraz jakie jest napi\u0119cie na akumulatorze.<\/li>\n<\/ul>\n<ul>\n<li><strong>Informacja o odci\u0119ciu zasilania<\/strong>\u00a0&#8211; w przypadku od\u0142\u0105czenia zasilania, w trybie natychmiastowym administrator urz\u0105dzenia otrzymuje informacj\u0119 o tym fakcie\u00a0na aplikacj\u0119, a lokalizator funkcjonuje nadal przez okres do\u00a030min od odci\u0119cia napi\u0119cia.<\/li>\n<\/ul>\n<ul>\n<li><strong>Alarm wstrz\u0105sowy<\/strong>\u00a0&#8211;\u00a0w przypadku pr\u00f3by w\u0142amania do auta otrzymasz powiadomienie na aplikacj\u0119,<\/li>\n<\/ul>\n<ul>\n<li><strong>Alarm wyjazdu\/wjazdu do strefy\u00a0&#8211;<\/strong>\u00a0zawsze dostaniesz informacj\u0119 na aplikacj\u0119 o tym, \u017ce kto\u015b wyjecha\u0142 \/wjecha\u0142 z wyznaczonej przez Ciebie strefy,<\/li>\n<\/ul>\n<ul>\n<li><strong>Alarm przekroczenia pr\u0119dko\u015bci<\/strong>&#8211;<strong>\u00a0<\/strong>ustal dozwolon\u0105 pr\u0119dko\u015b\u0107, a w momencie jej przekroczenia otrzymasz\u00a0powiadomienie\u00a0, a trasa b\u0119dzie rysowana na czerwono,<\/li>\n<\/ul>\n<ul>\n<li><strong>3 tryby pracy &#8211;\u00a0<\/strong>mo\u017cesz zdalnie zmieni\u0107 tryby pracy lokalizatora: 1. tryb &#8211; u\u015bpiony &#8211; pozycjonowanie na \u017c\u0105danie,2. tryb- praca po wykrytym ruchu &#8211; w momencie ruchu lokalizator wznawia prac\u0119 i zapisuje tras\u0119. 3. tryb 24h &#8211; ca\u0142y czas aktywny &#8211; praca 24h\/dob\u0119.<\/li>\n<\/ul>\n<ul>\n<li><strong>Wbudowana wewn\u0119trzna antena GPS i GSM<\/strong>\u00a0&#8211; brak informacji o jakimkolwiek lokalizatorze w poje\u017adzie przy zachowaniu najlepszych parametr\u00f3w namierzania nawet gdy lokalizator znajduje si\u0119 wewn\u0105trz pojazdu.<\/li>\n<\/ul>\n<ul>\n<li>Najdok\u0142adniejsze z mo\u017cliwych na rynku pozycjonowa\u0144\u00a0&#8211; pozycjonowanie odbywa si\u0119 przy u\u017cyciu system\u00f3w\u00a0<strong>AGPS oraz LBS<\/strong>.<\/li>\n<\/ul>\n<ul>\n<li><strong>Zapis\u00a0lokalizacji ju\u017c od\u00a010 sekund<\/strong>\u00a0&#8211; pozwala to na bardzo precyzyjne\/dok\u0142adne lokalizowanie pojazdu,<\/li>\n<\/ul>\n<ul>\n<li>Przyjazne i funkcjonalne oprogramowanie\u00a0<strong>w j\u0119zyku polskim<\/strong>\u00a0&#8211; funkcje alarm\u00f3w, przekroczenia pr\u0119dko\u015bci, geo-bramka, historia trasy do\u00a06 miesi\u0119cy wstecz z mo\u017cliwo\u015bci archiwizowania plik\u00f3w, i inne.<\/li>\n<\/ul>\n<ul>\n<li>Bezp\u0142atna przejrzysta i \u0142atwa w obs\u0142udze platforma (w j\u0119zyku polskim) wraz z serwerem- tylko u nas darmowe bezterminowe i bezp\u0142atne korzystanie z platformy zar\u00f3wno na Windowsa, jak i na Androida oraz IOS.<br \/>\n<h3>Co potrzebujesz do lokalizatora?<\/h3>\n<ol>\n<li><b>Karta SIM\u00a0<\/b>&#8211; mo\u017ce by\u0107 telemetryczna (dost\u0119pna w naszej ofercie) lub zwyk\u0142a karta SIM telefoniczna(nie internetowa),<\/li>\n<li><b>Telefon<\/b>\u00a0&#8211; w celu instalacji oprogramowania oraz konfiguracji lokalizatora,<\/li>\n<li><b>Kilka minut czasu:)\u00a0<\/b>&#8211; w celu przeprowadzenia konfiguracji i aktywacji urz\u0105dzenia.<\/li>\n<\/ol>\n<p>Je\u017celi s\u0105dzisz, \u017ce nie masz czasu lub ch\u0119ci na konfigurowanie lub rejestracj\u0119 karty- mo\u017cesz dokona\u0107 u nas zakupu karty telemetrycznej lub pre-paid (wymagana rejestracja) wraz z konfiguracj\u0105 urz\u0105dzenia. W\u00f3wczas otrzymasz gotowe do pracy urz\u0105dzenie.<\/li>\n<\/ul>\n<p>&nbsp;<\/p>\n<p><img decoding=\"async\" src=\"https:\/\/alarmzone.pl\/az200\" alt=\"\" \/><strong>Parametry techniczne:<\/strong><\/p>\n<p><strong>Wymiary:<\/strong>\u00a085mm x 44mm x 15mm<\/p>\n<p><strong>Waga:<\/strong>\u00a051g<\/p>\n<p><strong>Sie\u0107:<\/strong><\/p>\n<p>LTE \u2013 Cat M1<\/p>\n<p>FDD-LTE: B1,B2,B3,B4,B5,B7,B8,B17,B20,28<\/p>\n<p>TDD-LTE:B38,B39,B40,b41<\/p>\n<p>WCDMA: B1,B2,B5,B8<\/p>\n<p>GSM:850,900,1800,1950 MHz<\/p>\n<p><strong>Chip:<\/strong>\u00a0Spreadtrum SC9820E<\/p>\n<p><strong>Czu\u0142o\u015b\u0107 GPS:<\/strong>\u00a0-159dBm<\/p>\n<p><strong>Dok\u0142adno\u015b\u0107 GPS:<\/strong>\u00a0od 5m<\/p>\n<p><strong>Akumulator podtrzymuj\u0105cy:<\/strong>\u00a03.7V 200 mAh<\/p>\n<p><strong>Temperatura pracy:<\/strong>\u00a0od -20 &#8212; + 55 \u00b0.<\/p>\n<p><strong>Wilgotno\u015b\u0107:<\/strong>\u00a05% -95% bez kondensacji<\/p>\n<p><strong>Lokalizacja:<\/strong>\u00a0AGPS +\u00a0LBS<\/p>\n<p>&nbsp;<\/p>\n<p><strong>ZESTAW ZAWIERA:<\/strong><\/p>\n<p>&#8211; 1x Lokalizator GPS AZ960-4G ,<\/p>\n<p>&#8211; 1x Przew\u00f3d zasilaj\u0105cy z bezpiecznikiem,<\/p>\n<p>&#8211;\u00a01x Ta\u015bma mocuj\u0105ca\/rzep ,<\/p>\n<p>&#8211; 1x Opakowanie,<\/p>\n<p>&#8211;\u00a0 Serwer , aplikacje na Androida i IOS bez op\u0142at.<\/p>\n<p>&#8211;\u00a0 Instrukcja obs\u0142ugi.<\/p>\n<p><a href=\"https:\/\/alarmzone.pl\/wp-content\/uploads\/2024\/04\/az960_3.webp\"><img loading=\"lazy\" decoding=\"async\" class=\"aligncenter wp-image-2123 size-full\" src=\"https:\/\/alarmzone.pl\/wp-content\/uploads\/2024\/04\/az960_3.webp\" alt=\"\" width=\"795\" height=\"381\" srcset=\"https:\/\/alarmzone.pl\/wp-content\/uploads\/2024\/04\/az960_3.webp 795w, https:\/\/alarmzone.pl\/wp-content\/uploads\/2024\/04\/az960_3-300x144.webp 300w, https:\/\/alarmzone.pl\/wp-content\/uploads\/2024\/04\/az960_3-768x368.webp 768w, https:\/\/alarmzone.pl\/wp-content\/uploads\/2024\/04\/az960_3-600x288.webp 600w\" sizes=\"(max-width: 795px) 100vw, 795px\" \/><\/a><\/p>\n<p><img loading=\"lazy\" decoding=\"async\" class=\"aligncenter wp-image-1561 size-full\" src=\"https:\/\/alarmzone.pl\/wp-content\/uploads\/2024\/03\/AZ110_1.webp\" alt=\"\" width=\"800\" height=\"534\" srcset=\"https:\/\/alarmzone.pl\/wp-content\/uploads\/2024\/03\/AZ110_1.webp 800w, https:\/\/alarmzone.pl\/wp-content\/uploads\/2024\/03\/AZ110_1-300x200.webp 300w, https:\/\/alarmzone.pl\/wp-content\/uploads\/2024\/03\/AZ110_1-768x513.webp 768w, https:\/\/alarmzone.pl\/wp-content\/uploads\/2024\/03\/AZ110_1-600x401.webp 600w\" sizes=\"(max-width: 800px) 100vw, 800px\" \/><\/p>\n<p>&nbsp;<\/p>\n<div class=\"resetcss\">\n<h4>Najcz\u0119\u015bciej zadawane pytania:<\/h4>\n<p>&nbsp;<\/p>\n<p><strong>Jakie s\u0105 op\u0142aty za korzystanie z serwera i aplikacji obs\u0142uguj\u0105cej lokalizator?<\/strong><\/p>\n<p>0z\u0142 op\u0142at &#8211; serwer op\u0142acony jest na 100 lat. Nie ponosisz \u017cadnych dodatkowych op\u0142at zwi\u0105zanych z serwerem i aplikacj\u0105.<\/p>\n<p><strong>Czy mog\u0119 lokalizowa\u0107 wi\u0119cej urz\u0105dze\u0144 na jednym koncie w platformie ?<\/strong><\/p>\n<p>Tak, mo\u017cemy pod\u0142\u0105czy\u0107 dowoln\u0105 liczb\u0119 zakupionych u nas urz\u0105dze\u0144 do jednego konta &#8211; konto dla Floty &#8211; jednorazowa op\u0142ata 80 z\u0142.<\/p>\n<p><strong>Jak d\u0142ugo jest zapisywana historia trasy na serwerze?<\/strong><\/p>\n<p>Do 6 miesi\u0119cy wstecz z automatycznym nadpisywaniem i mo\u017cliwo\u015bci\u0105 archiwizacji trasy na komputerze.<\/p>\n<p><strong>Jaki jest koszt u\u017cywania kart SIM?<\/strong><\/p>\n<p>Karty sieci Virgin lub Play : Roczny koszt je\u017celi chodzi o pozycjonowanie na terenie Polski, przy u\u017cyciu karty SIM pre-pai na dzie\u0144 01.09.2024: Virgin: 40 z\u0142 , karty Play : 80 z\u0142<\/p>\n<p>Karta telemetryczna 500MB- jest op\u0142acona i nie wymaga rejestracji. Wa\u017cno\u015b\u0107 karty 10 lat &#8211; pakiet wystarczy od 2 do 5 lat &#8211; w zale\u017cno\u015bci od ilo\u015bci godzin w trasie. Karty telemetryczne(oferowane przez nasz sklep) nie maj\u0105 mo\u017cliwo\u015bci wysy\u0142ania SMS-\u00f3w, ani dzwonienia, ale dzia\u0142aj\u0105 na terenie ponad 170 pa\u0144stw bez dodatkowych op\u0142at.<\/p>\n<p><strong>Jakie jest miesi\u0119czne zu\u017cycie internetu?<\/strong><\/p>\n<p>Z naszych test\u00f3w wynika, \u017ce wystarcza 300mb dla kart zwyk\u0142ych oraz 10-20 MB dla kart telemetrycznych. W przypadku kart Virgin, czy Play zakupionych w naszym sklepie otrzymasz instrukcj\u0119 jakie pakiety nale\u017cy w\u0142\u0105czy\u0107.<\/p>\n<p><strong>Czy lokalizator b\u0119dzie dzia\u0142a\u0142 zagranic\u0105?<\/strong><\/p>\n<\/div>\n<div class=\"productfiles\">\n<div class=\"resetcss\">\n<p>Tak &#8211; lokalizator b\u0119dzie dzia\u0142a\u0142 w ka\u017cdym kraju obs\u0142uguj\u0105cym sie\u0107 2G, 3G i 4G.<\/p>\n<p>&nbsp;<\/p>\n<\/div>\n<div class=\"productfiles\">\n<p style=\"text-align: center;\">Masz pytania zwi\u0105zane z produktem? Napisz do nas :<strong><a href=\"mailto:kontakt@alarmzone.pl\">kontakt@alarmzone.pl<\/a><\/strong>\u00a0,lub zadzwo\u0144 <strong>+48537778893<\/strong><\/p>\n<\/div>\n<p>&nbsp;<\/p>\n<div class=\"productfiles\">\n<ul>\n<li>\n<div class=\"productfiles\">\n<div class=\"productfiles\">\n<h5 class=\"\">Pliki do pobrania:<\/h5>\n<ul class=\"productfiles\">\n<li><a class=\"spanhover\" title=\"LKGPS2- aplikcja do lokalizatora\" href=\"https:\/\/alarmzone.pl\/wp-content\/uploads\/2024\/03\/app.apk\">LKGPS2- aplikacja do lokalizatora<\/a><\/li>\n<\/ul>\n<\/div>\n<p>&nbsp;<\/p>\n<\/div>\n<h5 class=\"\">Przepisy GPSR\/CE:<\/h5>\n<ul>\n<li><a href=\"https:\/\/alarmzone.pl\/wp-content\/uploads\/2024\/03\/GPSR-GPS.DOCX.pdf\">GPSR GPS.DOCX<\/a><\/li>\n<\/ul>\n<\/li>\n<\/ul>\n<\/div>\n<\/div>\n","protected":false},"excerpt":{"rendered":"<p>NOWO\u015a\u0106 ROKU !!! LOKALIZATOR 4G\/LTE NOWOCZESNA TECHNOLOGIA ZAMKNI\u0118TA W SMUK\u0141EJ I FUNKCJONALNEJ OBUDOWIE &nbsp; &nbsp; POZYCJONOWANIE PRZY U\u017bYCIU SYGNA\u0141U\u00a0AGPS\u00a0oraz\u00a0LBS TYLKO U NAS DO\u017bYWOTNIA DARMOWA PLATFORMA I SERWER W CENIE LOKALIZATORA!(j\u0119z.polski) NIE P\u0141ACISZ \u017bADNEGO ABONAMENTU ANI ZA SERWER, ANI ZA APLIKACJ\u0118 !!! DO\u0141\u0104CZ DO SETEK ZADOWOLONYCH KLIENT\u00d3W &nbsp; CO WYR\u00d3\u017bNIA NASZ LOKALIZATOR??? \u00a0POZYCJONOWANIE PRZY U\u017bYCIU SYGNA\u0141U&hellip;<\/p>\n","protected":false},"featured_media":2127,"comment_status":"open","ping_status":"closed","template":"","meta":[],"product_brand":[136],"product_cat":[35,36],"product_tag":[53,52,85],"class_list":{"0":"post-2121","1":"product","2":"type-product","3":"status-publish","4":"has-post-thumbnail","6":"product_brand-alarmzone","7":"product_cat-lokalizatory-gps-bez-abonamentu","8":"product_cat-lokalizatory-seria-az","9":"product_tag-gps","10":"product_tag-lokalizator","11":"product_tag-lokalizator-gps-bez-abonamentu","13":"first","14":"outofstock","15":"taxable","16":"shipping-taxable","17":"purchasable","18":"product-type-variable"},"_links":{"self":[{"href":"https:\/\/alarmzone.pl\/index.php\/wp-json\/wp\/v2\/product\/2121","targetHints":{"allow":["GET"]}}],"collection":[{"href":"https:\/\/alarmzone.pl\/index.php\/wp-json\/wp\/v2\/product"}],"about":[{"href":"https:\/\/alarmzone.pl\/index.php\/wp-json\/wp\/v2\/types\/product"}],"replies":[{"embeddable":true,"href":"https:\/\/alarmzone.pl\/index.php\/wp-json\/wp\/v2\/comments?post=2121"}],"wp:featuredmedia":[{"embeddable":true,"href":"https:\/\/alarmzone.pl\/index.php\/wp-json\/wp\/v2\/media\/2127"}],"wp:attachment":[{"href":"https:\/\/alarmzone.pl\/index.php\/wp-json\/wp\/v2\/media?parent=2121"}],"wp:term":[{"taxonomy":"product_brand","embeddable":true,"href":"https:\/\/alarmzone.pl\/index.php\/wp-json\/wp\/v2\/product_brand?post=2121"},{"taxonomy":"product_cat","embeddable":true,"href":"https:\/\/alarmzone.pl\/index.php\/wp-json\/wp\/v2\/product_cat?post=2121"},{"taxonomy":"product_tag","embeddable":true,"href":"https:\/\/alarmzone.pl\/index.php\/wp-json\/wp\/v2\/product_tag?post=2121"}],"curies":[{"name":"wp","href":"https:\/\/api.w.org\/{rel}","templated":true}]}}