{"id":2080,"date":"2024-04-09T11:58:35","date_gmt":"2024-04-09T11:58:35","guid":{"rendered":"https:\/\/alarmzone.pl\/?post_type=product&#038;p=2080"},"modified":"2026-03-28T21:09:00","modified_gmt":"2026-03-28T21:09:00","slug":"czujnik-drzwi-okien-alarmzone-ds200-433mhz","status":"publish","type":"product","link":"https:\/\/alarmzone.pl\/index.php\/produkt\/czujnik-drzwi-okien-alarmzone-ds200-433mhz\/","title":{"rendered":"Bezprzewodowy czujnik drzwi okien AlarmZone DS200, kontaktron 433mhz"},"content":{"rendered":"<p><a href=\"https:\/\/alarmzone.pl\/wp-content\/uploads\/2024\/03\/TuyaSmartWi-Fi21.webp\"><img fetchpriority=\"high\" decoding=\"async\" class=\"aligncenter wp-image-1344 size-full\" src=\"https:\/\/alarmzone.pl\/wp-content\/uploads\/2024\/03\/TuyaSmartWi-Fi21.webp\" alt=\"\" width=\"600\" height=\"284\" srcset=\"https:\/\/alarmzone.pl\/wp-content\/uploads\/2024\/03\/TuyaSmartWi-Fi21.webp 600w, https:\/\/alarmzone.pl\/wp-content\/uploads\/2024\/03\/TuyaSmartWi-Fi21-300x142.webp 300w\" sizes=\"(max-width: 600px) 100vw, 600px\" \/><\/a><\/p>\n<p>&nbsp;<\/p>\n<div>\n<div>\n<p><strong>Bezprzewodowy czujnik drzwi\/okien 433MHz<\/strong><\/p>\n<p><strong>Nowoczesny design, niezawodno\u015b\u0107 dzia\u0142ania. Czujnik wsp\u00f3\u0142pracuje z systemami SR1,SR2,SR3, AZ10WG,AZ11WG, P70-4G<\/strong><\/p>\n<p><strong>W\u0142a\u015bciwo\u015bci czujnika:<\/strong><\/p>\n<p>&#8211; pracuje w po\u0142\u0105czeniu bezprzewodowym z zestawami alarmowymi oraz kamerami 433 MHz<\/p>\n<p>&#8211; natychmiastowe wys\u0142anie sygna\u0142u do urz\u0105dzenia alarmowego po otwarciu drzwi\/okna<\/p>\n<p>&#8211; zasilanie\u00a02x CR2450 (bateria w czujniku) &#8211; do 4 lat czuwania na bateriach<\/p>\n<p>&#8211; pob\u00f3r pr\u0105du w trybie czuwania ~ 10uA<\/p>\n<p>&#8211; pob\u00f3r pr\u0105du w trybie pracy ~ \u226420mA<\/p>\n<p>&#8211; cz\u0119stotliwo\u015b\u0107 pracy 433MHz (+_ 75KHz)<\/p>\n<p>&#8211; zasi\u0119g w terenie otwartym 100m<\/p>\n<p>&#8211; temperatura pracy -10 C ~ 40 C<\/p>\n<p>&#8211; wilgotno\u015b\u0107 &lt; 85%<\/p>\n<\/div>\n<\/div>\n<div>\n<div><\/div>\n<\/div>\n<div>\n<div>\n<p><strong>Zestaw zawiera:<\/strong><\/p>\n<p>-1x Czujnik\/kontaktron z bateriami,<\/p>\n<p>-1x opakowanie,<\/p>\n<\/div>\n<\/div>\n<p>&nbsp;<\/p>\n<p><a href=\"https:\/\/alarmzone.pl\/wp-content\/uploads\/2024\/04\/czujnik_okien_drzwi.webp\"><img decoding=\"async\" class=\"aligncenter wp-image-2082 size-full\" src=\"https:\/\/alarmzone.pl\/wp-content\/uploads\/2024\/04\/czujnik_okien_drzwi.webp\" alt=\"\" width=\"800\" height=\"806\" srcset=\"https:\/\/alarmzone.pl\/wp-content\/uploads\/2024\/04\/czujnik_okien_drzwi.webp 800w, https:\/\/alarmzone.pl\/wp-content\/uploads\/2024\/04\/czujnik_okien_drzwi-298x300.webp 298w, https:\/\/alarmzone.pl\/wp-content\/uploads\/2024\/04\/czujnik_okien_drzwi-150x150.webp 150w, https:\/\/alarmzone.pl\/wp-content\/uploads\/2024\/04\/czujnik_okien_drzwi-768x774.webp 768w, https:\/\/alarmzone.pl\/wp-content\/uploads\/2024\/04\/czujnik_okien_drzwi-600x605.webp 600w, https:\/\/alarmzone.pl\/wp-content\/uploads\/2024\/04\/czujnik_okien_drzwi-100x100.webp 100w\" sizes=\"(max-width: 800px) 100vw, 800px\" \/><\/a><a href=\"https:\/\/alarmzone.pl\/wp-content\/uploads\/2024\/04\/czujnik_okien_drzwi_1.webp\"><img decoding=\"async\" class=\"aligncenter wp-image-2081 size-full\" src=\"https:\/\/alarmzone.pl\/wp-content\/uploads\/2024\/04\/czujnik_okien_drzwi_1.webp\" alt=\"\" width=\"800\" height=\"800\" srcset=\"https:\/\/alarmzone.pl\/wp-content\/uploads\/2024\/04\/czujnik_okien_drzwi_1.webp 800w, https:\/\/alarmzone.pl\/wp-content\/uploads\/2024\/04\/czujnik_okien_drzwi_1-300x300.webp 300w, https:\/\/alarmzone.pl\/wp-content\/uploads\/2024\/04\/czujnik_okien_drzwi_1-150x150.webp 150w, https:\/\/alarmzone.pl\/wp-content\/uploads\/2024\/04\/czujnik_okien_drzwi_1-768x768.webp 768w, https:\/\/alarmzone.pl\/wp-content\/uploads\/2024\/04\/czujnik_okien_drzwi_1-600x600.webp 600w, https:\/\/alarmzone.pl\/wp-content\/uploads\/2024\/04\/czujnik_okien_drzwi_1-100x100.webp 100w\" sizes=\"(max-width: 800px) 100vw, 800px\" \/><\/a><\/p>\n<h5 class=\"\">Przepisy GPSR\/CE:<\/h5>\n<ul>\n<li><a href=\"https:\/\/alarmzone.pl\/wp-content\/uploads\/2025\/07\/GPSR-ALARMZONE.DOCX.pdf\">GPSR ALARMZONE.DOCX<\/a><\/li>\n<\/ul>\n","protected":false},"excerpt":{"rendered":"<ul>\n<li>\n<h6><span class=\"first\">Wysy\u0142ka w <\/span><span class=\"second\">24 godziny<\/span><\/h6>\n<\/li>\n<\/ul>\n","protected":false},"featured_media":2083,"comment_status":"open","ping_status":"closed","template":"","meta":[],"product_brand":[136],"product_cat":[222,41],"product_tag":[100,103,104,106,101],"class_list":{"0":"post-2080","1":"product","2":"type-product","3":"status-publish","4":"has-post-thumbnail","6":"product_brand-alarmzone","7":"product_cat-czujniki-drzwi-okna","8":"product_cat-detektory-czujniki-piloty-syreny-itp","9":"product_tag-czujnik","10":"product_tag-czujnik-drzwi","11":"product_tag-czujnik-okien","12":"product_tag-detektor","13":"product_tag-detektor-ruchu","15":"first","16":"instock","17":"taxable","18":"shipping-taxable","19":"purchasable","20":"product-type-simple"},"_links":{"self":[{"href":"https:\/\/alarmzone.pl\/index.php\/wp-json\/wp\/v2\/product\/2080","targetHints":{"allow":["GET"]}}],"collection":[{"href":"https:\/\/alarmzone.pl\/index.php\/wp-json\/wp\/v2\/product"}],"about":[{"href":"https:\/\/alarmzone.pl\/index.php\/wp-json\/wp\/v2\/types\/product"}],"replies":[{"embeddable":true,"href":"https:\/\/alarmzone.pl\/index.php\/wp-json\/wp\/v2\/comments?post=2080"}],"wp:featuredmedia":[{"embeddable":true,"href":"https:\/\/alarmzone.pl\/index.php\/wp-json\/wp\/v2\/media\/2083"}],"wp:attachment":[{"href":"https:\/\/alarmzone.pl\/index.php\/wp-json\/wp\/v2\/media?parent=2080"}],"wp:term":[{"taxonomy":"product_brand","embeddable":true,"href":"https:\/\/alarmzone.pl\/index.php\/wp-json\/wp\/v2\/product_brand?post=2080"},{"taxonomy":"product_cat","embeddable":true,"href":"https:\/\/alarmzone.pl\/index.php\/wp-json\/wp\/v2\/product_cat?post=2080"},{"taxonomy":"product_tag","embeddable":true,"href":"https:\/\/alarmzone.pl\/index.php\/wp-json\/wp\/v2\/product_tag?post=2080"}],"curies":[{"name":"wp","href":"https:\/\/api.w.org\/{rel}","templated":true}]}}