{"id":2049,"date":"2024-04-04T09:48:23","date_gmt":"2024-04-04T09:48:23","guid":{"rendered":"https:\/\/alarmzone.pl\/?post_type=product&#038;p=2049"},"modified":"2026-03-29T17:02:47","modified_gmt":"2026-03-29T17:02:47","slug":"solarna-bezprzewodowa-syrena-zewnetrzna-433mhz-nr-1","status":"publish","type":"product","link":"https:\/\/alarmzone.pl\/index.php\/produkt\/solarna-bezprzewodowa-syrena-zewnetrzna-433mhz-nr-1\/","title":{"rendered":"Solarna Bezprzewodowa Syrena Zewn\u0119trzna 433MHz WSR200 Z Funkcj\u0105 Zmiany D\u017awi\u0119ku"},"content":{"rendered":"<h2 style=\"text-align: center;\"><span style=\"color: #ff0000;\"><strong>NOWY MODEL Z WYBOREM D\u0179WI\u0118KU<\/strong><\/span><\/h2>\n<h3 style=\"text-align: center;\"><span style=\"color: #ff0000;\"><strong>SUPER SYRENA ZEWN\u0118TRZNA<\/strong><\/span><\/h3>\n<p style=\"text-align: center;\"><span style=\"color: #0000ff;\">Z WBUDOWANYM PANELEM S\u0141ONECZNYM I AKUMULATOREM 1000 mAh<\/span><\/p>\n<p>&nbsp;<\/p>\n<p>Bezprzewodowa syrena zewn\u0119trzna d\u017awi\u0119kowo-\u015bwietlna z wbudowanym akumulatorem\u00a0 &#8211; dzia\u0142a z naszymi zestawami alarmowymi 433 MHz &#8211; AZ10WG, AZ11WG , P70-4G\/LTE, TUGARD G20 oraz wybranymi czujnikami i pilotami 433MHz.<\/p>\n<h4 style=\"text-align: center;\"><span style=\"color: #ff0000;\">\u00a0<\/span><a href=\"https:\/\/alarmzone.pl\/wp-content\/uploads\/2024\/04\/syrena.webp\"><img fetchpriority=\"high\" decoding=\"async\" class=\"aligncenter wp-image-2048 size-full\" src=\"https:\/\/alarmzone.pl\/wp-content\/uploads\/2024\/04\/syrena.webp\" alt=\"\" width=\"800\" height=\"653\" srcset=\"https:\/\/alarmzone.pl\/wp-content\/uploads\/2024\/04\/syrena.webp 800w, https:\/\/alarmzone.pl\/wp-content\/uploads\/2024\/04\/syrena-300x245.webp 300w, https:\/\/alarmzone.pl\/wp-content\/uploads\/2024\/04\/syrena-768x627.webp 768w, https:\/\/alarmzone.pl\/wp-content\/uploads\/2024\/04\/syrena-600x490.webp 600w\" sizes=\"(max-width: 800px) 100vw, 800px\" \/><\/a><\/h4>\n<p>&nbsp;<\/p>\n<p><strong>Cechy charakterystyczne:<\/strong><\/p>\n<p>&#8211; Obs\u0142uguje do 10 stref bezprzewodowych,<\/p>\n<p>&#8211; Przycisk szybkiego parowania,<\/p>\n<p>&#8211; Przycisk zmiany d\u017awi\u0119ku syreny,<\/p>\n<p>&#8211; Przycisk zmiany trybu pracy : d\u017awi\u0119k\/\u015bwiat\u0142o LED<\/p>\n<p>&#8211; Wbudowany akumulator 1000 mAh podtrzymuj\u0105cy prac\u0119,<\/p>\n<p>&#8211; Mo\u017cliwo\u015b\u0107 pod\u0142\u0105czenia pod zasilanie 5V &#8211; port USB typ C<\/p>\n<p>&nbsp;<\/p>\n<h4 style=\"text-align: center;\"><a href=\"https:\/\/alarmzone.pl\/wp-content\/uploads\/2024\/04\/syrena_1.webp\"><img decoding=\"async\" class=\"aligncenter wp-image-2047 size-full\" src=\"https:\/\/alarmzone.pl\/wp-content\/uploads\/2024\/04\/syrena_1.webp\" alt=\"\" width=\"800\" height=\"963\" srcset=\"https:\/\/alarmzone.pl\/wp-content\/uploads\/2024\/04\/syrena_1.webp 800w, https:\/\/alarmzone.pl\/wp-content\/uploads\/2024\/04\/syrena_1-249x300.webp 249w, https:\/\/alarmzone.pl\/wp-content\/uploads\/2024\/04\/syrena_1-768x924.webp 768w, https:\/\/alarmzone.pl\/wp-content\/uploads\/2024\/04\/syrena_1-600x722.webp 600w\" sizes=\"(max-width: 800px) 100vw, 800px\" \/><\/a><\/h4>\n<p><strong>Parametry techniczne:<\/strong><\/p>\n<ul>\n<li>Zasilanie &#8211; 3,7V akumulator 1000mA, 5V\/USB C<\/li>\n<li>G\u0142o\u015bno\u015b\u0107: &gt;100 dB,<\/li>\n<li>Diody alarmowe:\u00a06 diod,<\/li>\n<li>Zu\u017cycie pr\u0105du w czasie spoczynku: 1mA<\/li>\n<li>Zu\u017cycie pr\u0105du w czasie alarmu: 150mA,<\/li>\n<li>Kodowanie i cz\u0119stotliwo\u015b\u0107: EV1527\/2262, 433mHZ,<\/li>\n<li>Wymiary: 164,3&#215;124,3x59mm,<\/li>\n<li>Waga: 0,22kg,<\/li>\n<li>Zakres temperatur pracy : -20 \u00b0C -55 \u00b0C,<\/li>\n<li>Wodoodporno\u015b\u0107 IP65<\/li>\n<\/ul>\n<h4 style=\"text-align: center;\"><a href=\"https:\/\/alarmzone.pl\/wp-content\/uploads\/2024\/04\/syrena_2.webp\"><img decoding=\"async\" class=\"aligncenter wp-image-2046 size-full\" src=\"https:\/\/alarmzone.pl\/wp-content\/uploads\/2024\/04\/syrena_2.webp\" alt=\"\" width=\"800\" height=\"989\" srcset=\"https:\/\/alarmzone.pl\/wp-content\/uploads\/2024\/04\/syrena_2.webp 800w, https:\/\/alarmzone.pl\/wp-content\/uploads\/2024\/04\/syrena_2-243x300.webp 243w, https:\/\/alarmzone.pl\/wp-content\/uploads\/2024\/04\/syrena_2-768x949.webp 768w, https:\/\/alarmzone.pl\/wp-content\/uploads\/2024\/04\/syrena_2-600x742.webp 600w\" sizes=\"(max-width: 800px) 100vw, 800px\" \/><\/a><\/h4>\n<p><strong>ZESTAW ZAWIERA:<\/strong><\/p>\n<p>&#8211; 1x Syrena,<\/p>\n<p>&#8211; Ko\u0142ki monta\u017cowe,<\/p>\n<p>&#8211; Instrukcja obs\u0142ugi,<\/p>\n<h4 style=\"text-align: center;\"><a href=\"https:\/\/alarmzone.pl\/wp-content\/uploads\/2024\/04\/syrena_4.webp\"><img loading=\"lazy\" decoding=\"async\" class=\"aligncenter wp-image-2045 size-full\" src=\"https:\/\/alarmzone.pl\/wp-content\/uploads\/2024\/04\/syrena_4.webp\" alt=\"\" width=\"800\" height=\"794\" srcset=\"https:\/\/alarmzone.pl\/wp-content\/uploads\/2024\/04\/syrena_4.webp 800w, https:\/\/alarmzone.pl\/wp-content\/uploads\/2024\/04\/syrena_4-300x298.webp 300w, https:\/\/alarmzone.pl\/wp-content\/uploads\/2024\/04\/syrena_4-150x150.webp 150w, https:\/\/alarmzone.pl\/wp-content\/uploads\/2024\/04\/syrena_4-768x762.webp 768w, https:\/\/alarmzone.pl\/wp-content\/uploads\/2024\/04\/syrena_4-600x596.webp 600w, https:\/\/alarmzone.pl\/wp-content\/uploads\/2024\/04\/syrena_4-100x100.webp 100w\" sizes=\"(max-width: 800px) 100vw, 800px\" \/><\/a> <a href=\"https:\/\/alarmzone.pl\/wp-content\/uploads\/2025\/08\/syre.jpg\"><img loading=\"lazy\" decoding=\"async\" class=\"alignnone size-large wp-image-3467\" src=\"https:\/\/alarmzone.pl\/wp-content\/uploads\/2025\/08\/syre-1024x493.jpg\" alt=\"\" width=\"1024\" height=\"493\" srcset=\"https:\/\/alarmzone.pl\/wp-content\/uploads\/2025\/08\/syre-1024x493.jpg 1024w, https:\/\/alarmzone.pl\/wp-content\/uploads\/2025\/08\/syre-300x144.jpg 300w, https:\/\/alarmzone.pl\/wp-content\/uploads\/2025\/08\/syre-768x370.jpg 768w, https:\/\/alarmzone.pl\/wp-content\/uploads\/2025\/08\/syre-1536x739.jpg 1536w, https:\/\/alarmzone.pl\/wp-content\/uploads\/2025\/08\/syre-2048x985.jpg 2048w, https:\/\/alarmzone.pl\/wp-content\/uploads\/2025\/08\/syre-600x289.jpg 600w\" sizes=\"(max-width: 1024px) 100vw, 1024px\" \/><\/a><a href=\"https:\/\/alarmzone.pl\/wp-content\/uploads\/2024\/04\/syrena_5.webp\"><img loading=\"lazy\" decoding=\"async\" class=\"aligncenter wp-image-2044 size-full\" src=\"https:\/\/alarmzone.pl\/wp-content\/uploads\/2024\/04\/syrena_5.webp\" alt=\"\" width=\"800\" height=\"618\" srcset=\"https:\/\/alarmzone.pl\/wp-content\/uploads\/2024\/04\/syrena_5.webp 800w, https:\/\/alarmzone.pl\/wp-content\/uploads\/2024\/04\/syrena_5-300x232.webp 300w, https:\/\/alarmzone.pl\/wp-content\/uploads\/2024\/04\/syrena_5-768x593.webp 768w, https:\/\/alarmzone.pl\/wp-content\/uploads\/2024\/04\/syrena_5-600x464.webp 600w\" sizes=\"(max-width: 800px) 100vw, 800px\" \/><\/a><\/h4>\n<h4 style=\"text-align: center;\"><a href=\"https:\/\/alarmzone.pl\/wp-content\/uploads\/2025\/08\/syrena-zewnetrzna-solarna-wsr.jpg\"><img loading=\"lazy\" decoding=\"async\" class=\"alignnone wp-image-3465 size-full\" src=\"https:\/\/alarmzone.pl\/wp-content\/uploads\/2025\/08\/syrena-zewnetrzna-solarna-wsr.jpg\" alt=\"\" width=\"753\" height=\"980\" srcset=\"https:\/\/alarmzone.pl\/wp-content\/uploads\/2025\/08\/syrena-zewnetrzna-solarna-wsr.jpg 753w, https:\/\/alarmzone.pl\/wp-content\/uploads\/2025\/08\/syrena-zewnetrzna-solarna-wsr-231x300.jpg 231w, https:\/\/alarmzone.pl\/wp-content\/uploads\/2025\/08\/syrena-zewnetrzna-solarna-wsr-600x781.jpg 600w\" sizes=\"(max-width: 753px) 100vw, 753px\" \/><\/a><\/h4>\n<h4><\/h4>\n<h4 style=\"text-align: center;\"><a href=\"https:\/\/alarmzone.pl\/wp-content\/uploads\/2024\/04\/syrena_7.webp\"><img loading=\"lazy\" decoding=\"async\" class=\"aligncenter wp-image-2042 size-full\" src=\"https:\/\/alarmzone.pl\/wp-content\/uploads\/2024\/04\/syrena_7.webp\" alt=\"\" width=\"714\" height=\"635\" srcset=\"https:\/\/alarmzone.pl\/wp-content\/uploads\/2024\/04\/syrena_7.webp 714w, https:\/\/alarmzone.pl\/wp-content\/uploads\/2024\/04\/syrena_7-300x267.webp 300w, https:\/\/alarmzone.pl\/wp-content\/uploads\/2024\/04\/syrena_7-600x534.webp 600w\" sizes=\"(max-width: 714px) 100vw, 714px\" \/><\/a><\/h4>\n<p>&nbsp;<\/p>\n<h5 class=\"\">Przepisy GPSR\/CE:<\/h5>\n<ul>\n<li><a href=\"https:\/\/alarmzone.pl\/wp-content\/uploads\/2025\/07\/GPSR-ALARMZONE.DOCX.pdf\">GPSR ALARMZONE.DOCX<\/a><\/li>\n<\/ul>\n","protected":false},"excerpt":{"rendered":"<p>NOWY MODEL Z WYBOREM D\u0179WI\u0118KU SUPER SYRENA ZEWN\u0118TRZNA Z WBUDOWANYM PANELEM S\u0141ONECZNYM I AKUMULATOREM 1000 mAh &nbsp; Bezprzewodowa syrena zewn\u0119trzna d\u017awi\u0119kowo-\u015bwietlna z wbudowanym akumulatorem\u00a0 &#8211; dzia\u0142a z naszymi zestawami alarmowymi 433 MHz &#8211; AZ10WG, AZ11WG , P70-4G\/LTE, TUGARD G20 oraz wybranymi czujnikami i pilotami 433MHz. \u00a0 &nbsp; Cechy charakterystyczne: &#8211; Obs\u0142uguje do 10 stref bezprzewodowych,&hellip;<\/p>\n","protected":false},"featured_media":2040,"comment_status":"open","ping_status":"closed","template":"","meta":[],"product_brand":[136],"product_cat":[41,231,40],"product_tag":[170,169,168,173,119,172,118,171],"class_list":{"0":"post-2049","1":"product","2":"type-product","3":"status-publish","4":"has-post-thumbnail","6":"product_brand-alarmzone","7":"product_cat-detektory-czujniki-piloty-syreny-itp","8":"product_cat-sygnalizatory-syreny","9":"product_cat-zestawy-alarmowe-wi-fi-gsm-smart-dom","10":"product_tag-syrena-alarmowa","11":"product_tag-syrena-bezprzwodowa","12":"product_tag-syrena-do-alarmu","13":"product_tag-syrena-solar","14":"product_tag-syrena-solarna","15":"product_tag-syrena-z-panelem","16":"product_tag-syrena-zewnetrzna","17":"product_tag-wsr200","19":"first","20":"instock","21":"featured","22":"taxable","23":"shipping-taxable","24":"purchasable","25":"product-type-simple"},"_links":{"self":[{"href":"https:\/\/alarmzone.pl\/index.php\/wp-json\/wp\/v2\/product\/2049","targetHints":{"allow":["GET"]}}],"collection":[{"href":"https:\/\/alarmzone.pl\/index.php\/wp-json\/wp\/v2\/product"}],"about":[{"href":"https:\/\/alarmzone.pl\/index.php\/wp-json\/wp\/v2\/types\/product"}],"replies":[{"embeddable":true,"href":"https:\/\/alarmzone.pl\/index.php\/wp-json\/wp\/v2\/comments?post=2049"}],"wp:featuredmedia":[{"embeddable":true,"href":"https:\/\/alarmzone.pl\/index.php\/wp-json\/wp\/v2\/media\/2040"}],"wp:attachment":[{"href":"https:\/\/alarmzone.pl\/index.php\/wp-json\/wp\/v2\/media?parent=2049"}],"wp:term":[{"taxonomy":"product_brand","embeddable":true,"href":"https:\/\/alarmzone.pl\/index.php\/wp-json\/wp\/v2\/product_brand?post=2049"},{"taxonomy":"product_cat","embeddable":true,"href":"https:\/\/alarmzone.pl\/index.php\/wp-json\/wp\/v2\/product_cat?post=2049"},{"taxonomy":"product_tag","embeddable":true,"href":"https:\/\/alarmzone.pl\/index.php\/wp-json\/wp\/v2\/product_tag?post=2049"}],"curies":[{"name":"wp","href":"https:\/\/api.w.org\/{rel}","templated":true}]}}