{"id":2037,"date":"2024-04-04T09:39:07","date_gmt":"2024-04-04T09:39:07","guid":{"rendered":"https:\/\/alarmzone.pl\/?post_type=product&#038;p=2037"},"modified":"2026-01-04T18:52:33","modified_gmt":"2026-01-04T18:52:33","slug":"manipulator-klawiatura-do-alarmu-z-rfid","status":"publish","type":"product","link":"https:\/\/alarmzone.pl\/index.php\/produkt\/manipulator-klawiatura-do-alarmu-z-rfid\/","title":{"rendered":"Manipulator, Klawiatura do alarmu z RFID"},"content":{"rendered":"<h4 style=\"text-align: center;\"><span style=\"color: #ff0000;\">Bezprzewodowa klawiatura\/manipulator wraz z brelokami RFID do zdalnego sterowania systemem alarmowym<\/span><\/h4>\n<h4 style=\"text-align: center;\"><span style=\"color: #ff0000;\">\u00a0<\/span><a href=\"https:\/\/alarmzone.pl\/wp-content\/uploads\/2024\/04\/manipulator.webp\"><img fetchpriority=\"high\" decoding=\"async\" class=\"aligncenter wp-image-2036 size-full\" src=\"https:\/\/alarmzone.pl\/wp-content\/uploads\/2024\/04\/manipulator.webp\" alt=\"\" width=\"755\" height=\"508\" srcset=\"https:\/\/alarmzone.pl\/wp-content\/uploads\/2024\/04\/manipulator.webp 755w, https:\/\/alarmzone.pl\/wp-content\/uploads\/2024\/04\/manipulator-300x202.webp 300w, https:\/\/alarmzone.pl\/wp-content\/uploads\/2024\/04\/manipulator-600x404.webp 600w\" sizes=\"(max-width: 755px) 100vw, 755px\" \/><\/a> <a href=\"https:\/\/alarmzone.pl\/wp-content\/uploads\/2024\/04\/manipulator_1.webp\"><img decoding=\"async\" class=\"aligncenter wp-image-2035 size-full\" src=\"https:\/\/alarmzone.pl\/wp-content\/uploads\/2024\/04\/manipulator_1.webp\" alt=\"\" width=\"800\" height=\"782\" srcset=\"https:\/\/alarmzone.pl\/wp-content\/uploads\/2024\/04\/manipulator_1.webp 800w, https:\/\/alarmzone.pl\/wp-content\/uploads\/2024\/04\/manipulator_1-300x293.webp 300w, https:\/\/alarmzone.pl\/wp-content\/uploads\/2024\/04\/manipulator_1-768x751.webp 768w, https:\/\/alarmzone.pl\/wp-content\/uploads\/2024\/04\/manipulator_1-600x587.webp 600w\" sizes=\"(max-width: 800px) 100vw, 800px\" \/><\/a> <a href=\"https:\/\/alarmzone.pl\/wp-content\/uploads\/2024\/04\/manipulator_2.webp\"><img decoding=\"async\" class=\"aligncenter wp-image-2034 size-full\" src=\"https:\/\/alarmzone.pl\/wp-content\/uploads\/2024\/04\/manipulator_2.webp\" alt=\"\" width=\"800\" height=\"819\" srcset=\"https:\/\/alarmzone.pl\/wp-content\/uploads\/2024\/04\/manipulator_2.webp 800w, https:\/\/alarmzone.pl\/wp-content\/uploads\/2024\/04\/manipulator_2-293x300.webp 293w, https:\/\/alarmzone.pl\/wp-content\/uploads\/2024\/04\/manipulator_2-768x786.webp 768w, https:\/\/alarmzone.pl\/wp-content\/uploads\/2024\/04\/manipulator_2-600x614.webp 600w\" sizes=\"(max-width: 800px) 100vw, 800px\" \/><\/a> <a href=\"https:\/\/alarmzone.pl\/wp-content\/uploads\/2024\/04\/manipulator_3.webp\"><img loading=\"lazy\" decoding=\"async\" class=\"aligncenter wp-image-2033 size-full\" src=\"https:\/\/alarmzone.pl\/wp-content\/uploads\/2024\/04\/manipulator_3.webp\" alt=\"\" width=\"1000\" height=\"1025\" srcset=\"https:\/\/alarmzone.pl\/wp-content\/uploads\/2024\/04\/manipulator_3.webp 1000w, https:\/\/alarmzone.pl\/wp-content\/uploads\/2024\/04\/manipulator_3-293x300.webp 293w, https:\/\/alarmzone.pl\/wp-content\/uploads\/2024\/04\/manipulator_3-768x787.webp 768w, https:\/\/alarmzone.pl\/wp-content\/uploads\/2024\/04\/manipulator_3-600x615.webp 600w\" sizes=\"(max-width: 1000px) 100vw, 1000px\" \/><\/a> <a href=\"https:\/\/alarmzone.pl\/wp-content\/uploads\/2024\/04\/manipulator_4.webp\"><img loading=\"lazy\" decoding=\"async\" class=\"aligncenter wp-image-2032 size-full\" src=\"https:\/\/alarmzone.pl\/wp-content\/uploads\/2024\/04\/manipulator_4.webp\" alt=\"\" width=\"1000\" height=\"978\" srcset=\"https:\/\/alarmzone.pl\/wp-content\/uploads\/2024\/04\/manipulator_4.webp 1000w, https:\/\/alarmzone.pl\/wp-content\/uploads\/2024\/04\/manipulator_4-300x293.webp 300w, https:\/\/alarmzone.pl\/wp-content\/uploads\/2024\/04\/manipulator_4-768x751.webp 768w, https:\/\/alarmzone.pl\/wp-content\/uploads\/2024\/04\/manipulator_4-600x587.webp 600w\" sizes=\"(max-width: 1000px) 100vw, 1000px\" \/><\/a> <a href=\"https:\/\/alarmzone.pl\/wp-content\/uploads\/2024\/04\/manipulator_5.webp\"><img loading=\"lazy\" decoding=\"async\" class=\"aligncenter wp-image-2031 size-full\" src=\"https:\/\/alarmzone.pl\/wp-content\/uploads\/2024\/04\/manipulator_5.webp\" alt=\"\" width=\"800\" height=\"949\" srcset=\"https:\/\/alarmzone.pl\/wp-content\/uploads\/2024\/04\/manipulator_5.webp 800w, https:\/\/alarmzone.pl\/wp-content\/uploads\/2024\/04\/manipulator_5-253x300.webp 253w, https:\/\/alarmzone.pl\/wp-content\/uploads\/2024\/04\/manipulator_5-768x911.webp 768w, https:\/\/alarmzone.pl\/wp-content\/uploads\/2024\/04\/manipulator_5-600x712.webp 600w\" sizes=\"(max-width: 800px) 100vw, 800px\" \/><\/a> <a href=\"https:\/\/alarmzone.pl\/wp-content\/uploads\/2024\/04\/manipulator_6.webp\"><img loading=\"lazy\" decoding=\"async\" class=\"alignnone wp-image-2030 size-full\" src=\"https:\/\/alarmzone.pl\/wp-content\/uploads\/2024\/04\/manipulator_6.webp\" alt=\"\" width=\"591\" height=\"543\" srcset=\"https:\/\/alarmzone.pl\/wp-content\/uploads\/2024\/04\/manipulator_6.webp 591w, https:\/\/alarmzone.pl\/wp-content\/uploads\/2024\/04\/manipulator_6-300x276.webp 300w\" sizes=\"(max-width: 591px) 100vw, 591px\" \/><\/a><\/h4>\n<p><strong>Wymagania:\u00a0<\/strong><\/p>\n<p>&#8211; Host alarmowy\u00a0433 MHz Ev1527, np. Tuya Smart P70-4G\/LTE,<\/p>\n<p>&#8211; Zasilacz micro USB 5V.<\/p>\n<p>&nbsp;<\/p>\n<p><strong>Zestaw zwiera:<\/strong><\/p>\n<p>1x Klawiatura bezprzewodowa &#8211; kolor czarny,<\/p>\n<p>2x brelok RFID,<\/p>\n<p>1x Kabel zasilaj\u0105cy micro USB,<\/p>\n<p>1x Zestaw ko\u0142k\u00f3w monta\u017cowych,<\/p>\n<p>1x Pude\u0142ko z instrukcj\u0105 obs\u0142ugi<\/p>\n<p>&nbsp;<\/p>\n<p><strong>FILM INSTRUKTA\u017bOWY:<\/strong><\/p>\n<p><iframe title=\"Manipulator, klawiatura numeryczna z brelokiem RFID do systemu alarmowego AlarmZone P70-4GLTE\" width=\"1240\" height=\"698\" src=\"https:\/\/www.youtube.com\/embed\/KLEwQ9qwbig?feature=oembed&#038;enablejsapi=1&#038;origin=https:\/\/alarmzone.pl\" frameborder=\"0\" allow=\"accelerometer; autoplay; clipboard-write; encrypted-media; gyroscope; picture-in-picture; web-share\" referrerpolicy=\"strict-origin-when-cross-origin\" allowfullscreen><\/iframe><\/p>\n<p><iframe title=\"Jak po\u0142\u0105czy\u0107 manipulator, klawiatur\u0119 numeryczn\u0105 z systemem alarmowym.\" width=\"1240\" height=\"698\" src=\"https:\/\/www.youtube.com\/embed\/IuTmnjrvf0k?feature=oembed&#038;enablejsapi=1&#038;origin=https:\/\/alarmzone.pl\" frameborder=\"0\" allow=\"accelerometer; autoplay; clipboard-write; encrypted-media; gyroscope; picture-in-picture; web-share\" referrerpolicy=\"strict-origin-when-cross-origin\" allowfullscreen><\/iframe><\/p>\n<p>&nbsp;<\/p>\n<h5 class=\"\">Przepisy GPSR\/CE:<\/h5>\n<ul>\n<li><a href=\"https:\/\/alarmzone.pl\/wp-content\/uploads\/2025\/07\/GPSR-ALARMZONE.DOCX.pdf\">GPSR ALARMZONE.DOCX<\/a><\/li>\n<\/ul>\n<p>&nbsp;<\/p>\n","protected":false},"excerpt":{"rendered":"<ul>\n<li>\n<h6><span class=\"first\">Wysy\u0142ka w <\/span><span class=\"second\">24 godziny<\/span><\/h6>\n<\/li>\n<\/ul>\n","protected":false},"featured_media":2036,"comment_status":"open","ping_status":"closed","template":"","meta":[],"product_brand":[136],"product_cat":[41],"product_tag":[117,116],"class_list":{"0":"post-2037","1":"product","2":"type-product","3":"status-publish","4":"has-post-thumbnail","6":"product_brand-alarmzone","7":"product_cat-detektory-czujniki-piloty-syreny-itp","8":"product_tag-klawiatura-do-alarmu","9":"product_tag-manipulator","11":"first","12":"instock","13":"featured","14":"taxable","15":"shipping-taxable","16":"purchasable","17":"product-type-simple"},"_links":{"self":[{"href":"https:\/\/alarmzone.pl\/index.php\/wp-json\/wp\/v2\/product\/2037","targetHints":{"allow":["GET"]}}],"collection":[{"href":"https:\/\/alarmzone.pl\/index.php\/wp-json\/wp\/v2\/product"}],"about":[{"href":"https:\/\/alarmzone.pl\/index.php\/wp-json\/wp\/v2\/types\/product"}],"replies":[{"embeddable":true,"href":"https:\/\/alarmzone.pl\/index.php\/wp-json\/wp\/v2\/comments?post=2037"}],"wp:featuredmedia":[{"embeddable":true,"href":"https:\/\/alarmzone.pl\/index.php\/wp-json\/wp\/v2\/media\/2036"}],"wp:attachment":[{"href":"https:\/\/alarmzone.pl\/index.php\/wp-json\/wp\/v2\/media?parent=2037"}],"wp:term":[{"taxonomy":"product_brand","embeddable":true,"href":"https:\/\/alarmzone.pl\/index.php\/wp-json\/wp\/v2\/product_brand?post=2037"},{"taxonomy":"product_cat","embeddable":true,"href":"https:\/\/alarmzone.pl\/index.php\/wp-json\/wp\/v2\/product_cat?post=2037"},{"taxonomy":"product_tag","embeddable":true,"href":"https:\/\/alarmzone.pl\/index.php\/wp-json\/wp\/v2\/product_tag?post=2037"}],"curies":[{"name":"wp","href":"https:\/\/api.w.org\/{rel}","templated":true}]}}