{"id":2019,"date":"2024-04-04T09:21:20","date_gmt":"2024-04-04T09:21:20","guid":{"rendered":"https:\/\/alarmzone.pl\/?post_type=product&#038;p=2019"},"modified":"2026-03-29T17:08:07","modified_gmt":"2026-03-29T17:08:07","slug":"czujnik-detektor-gazu-naturalnego-i-lpg-tuya-smart-wi-fi","status":"publish","type":"product","link":"https:\/\/alarmzone.pl\/index.php\/produkt\/czujnik-detektor-gazu-naturalnego-i-lpg-tuya-smart-wi-fi\/","title":{"rendered":"Czujnik, Detektor Gazu Naturalnego i LPG Tuya Smart Wi-Fi"},"content":{"rendered":"<h3 style=\"text-align: center;\"><span style=\"color: #0000ff;\">Nowoczesne i sprawdzone urz\u0105dzenie s\u0142u\u017c\u0105ce do alarmowania domownik\u00f3w o wykryciu gazu propan-butan\u00a0oraz gazu naturalnego.<\/span><\/h3>\n<p style=\"text-align: center;\"><strong><span style=\"color: #ff0000;\">ZADBAJ O BEZPIECZE\u0143STWO SWOJE I SWOICH BLISKICH !<\/span><\/strong><\/p>\n<p><a href=\"https:\/\/alarmzone.pl\/wp-content\/uploads\/2024\/04\/detektor_gazu.webp\"><img fetchpriority=\"high\" decoding=\"async\" class=\"aligncenter wp-image-2018 size-full\" src=\"https:\/\/alarmzone.pl\/wp-content\/uploads\/2024\/04\/detektor_gazu.webp\" alt=\"\" width=\"747\" height=\"720\" srcset=\"https:\/\/alarmzone.pl\/wp-content\/uploads\/2024\/04\/detektor_gazu.webp 747w, https:\/\/alarmzone.pl\/wp-content\/uploads\/2024\/04\/detektor_gazu-300x289.webp 300w, https:\/\/alarmzone.pl\/wp-content\/uploads\/2024\/04\/detektor_gazu-600x578.webp 600w\" sizes=\"(max-width: 747px) 100vw, 747px\" \/><\/a><\/p>\n<p>&nbsp;<\/p>\n<p>Nowoczesne i sprawdzone urz\u0105dzenie s\u0142u\u017c\u0105ce do alarmowania domownik\u00f3w o wykryciu gazu naturalnego, propan-butanu, propanu, biogazu.<br \/>\nDetekcja polega na cyklicznym pomiarze gazu w powietrzu. Wykrycie ulatniaj\u0105cego si\u0119 gazu sygnalizowane jest optycznie (dioda LED), akustycznie (syrena o sile g\u0142o\u015bno\u015bci 85dB) oraz poprzez zdalny alarm na telefon kom\u00f3rkowy przy u\u017cyciu aplikacji Tuya Smart. Dzi\u0119ki zastosowaniu p\u00f3\u0142przewodnikowego sensora gazu, mamy pewno\u015b\u0107 du\u017cej stabilno\u015bci pracy oraz d\u0142ugiej \u017cywotno\u015bci czujnika.<\/p>\n<p><strong><a href=\"https:\/\/alarmzone.pl\/wp-content\/uploads\/2024\/04\/detektor_gazu_1.webp\"><img decoding=\"async\" class=\"aligncenter wp-image-2017 size-full\" src=\"https:\/\/alarmzone.pl\/wp-content\/uploads\/2024\/04\/detektor_gazu_1.webp\" alt=\"\" width=\"795\" height=\"755\" srcset=\"https:\/\/alarmzone.pl\/wp-content\/uploads\/2024\/04\/detektor_gazu_1.webp 795w, https:\/\/alarmzone.pl\/wp-content\/uploads\/2024\/04\/detektor_gazu_1-300x285.webp 300w, https:\/\/alarmzone.pl\/wp-content\/uploads\/2024\/04\/detektor_gazu_1-768x729.webp 768w, https:\/\/alarmzone.pl\/wp-content\/uploads\/2024\/04\/detektor_gazu_1-600x570.webp 600w\" sizes=\"(max-width: 795px) 100vw, 795px\" \/><\/a><\/strong><\/p>\n<p>&nbsp;<\/p>\n<p><strong>Cechy produktu:<\/strong><\/p>\n<ul>\n<li>G\u0142o\u015bna sygnalizacja akustyczna (85dB\/m),<\/li>\n<li>Funkcja TEST\/RESET s\u0142u\u017c\u0105ca do kontroli i obs\u0142ugi detektora,<\/li>\n<li>Zasilanie 5V &#8211; zasilacz sieciowy 230V \/5 V<\/li>\n<li>Prosty spos\u00f3b monta\u017cu i obs\u0142ugi,<\/li>\n<li>Mo\u017ce pracowa\u0107 samodzielnie jako wykrywacz gazu lub w po\u0142\u0105czeniu z zaworem zamykaj\u0105cym dop\u0142yw gazu(konieczno\u015b\u0107 posiadania zaworu Tuya Smart)<\/li>\n<li>Pomiar temperatury wewn\u0105trz czujnika.<\/li>\n<li>Alarm ju\u017c od 8 % LEL<\/li>\n<li>Mo\u017ce by\u0107 pod\u0142\u0105czony do portu USB 5V<\/li>\n<\/ul>\n<p>&nbsp;<\/p>\n<p>&nbsp;<\/p>\n<p><a href=\"https:\/\/alarmzone.pl\/wp-content\/uploads\/2024\/04\/detektor_gazu_2.webp\"><img decoding=\"async\" class=\"aligncenter wp-image-2016 size-full\" src=\"https:\/\/alarmzone.pl\/wp-content\/uploads\/2024\/04\/detektor_gazu_2.webp\" alt=\"\" width=\"749\" height=\"525\" srcset=\"https:\/\/alarmzone.pl\/wp-content\/uploads\/2024\/04\/detektor_gazu_2.webp 749w, https:\/\/alarmzone.pl\/wp-content\/uploads\/2024\/04\/detektor_gazu_2-300x210.webp 300w, https:\/\/alarmzone.pl\/wp-content\/uploads\/2024\/04\/detektor_gazu_2-600x421.webp 600w\" sizes=\"(max-width: 749px) 100vw, 749px\" \/><\/a><\/p>\n<p><strong>ZASTOSOWANIE:<\/strong><\/p>\n<ul>\n<li>Pomieszczenia w kt\u00f3rych znajduj\u0105 si\u0119 urz\u0105dzenia gazowe.<\/li>\n<li>Kot\u0142ownie z piecami opalanymi paliwem sta\u0142ym, gazem ziemnym, propanem-butanem, przyczepy kempingowe, stacje paliw, domy, mieszkania, hale magazynowe, sklepy, hotele,itp.<\/li>\n<li>Kuchnie i \u0142azienki wyposa\u017cone w gazowe kuchenki i piecyki do podgrzewania wody.<\/li>\n<li>Szkolne pracownie fizyko &#8211; chemiczne, szpitale, sto\u0142\u00f3wki.<\/li>\n<li>Pomieszczenia z kot\u0142ami gazowymi.<\/li>\n<\/ul>\n<p><a href=\"https:\/\/alarmzone.pl\/wp-content\/uploads\/2024\/04\/detektor_gazu_3.webp\"><img loading=\"lazy\" decoding=\"async\" class=\"aligncenter wp-image-2015 size-full\" src=\"https:\/\/alarmzone.pl\/wp-content\/uploads\/2024\/04\/detektor_gazu_3.webp\" alt=\"\" width=\"724\" height=\"740\" srcset=\"https:\/\/alarmzone.pl\/wp-content\/uploads\/2024\/04\/detektor_gazu_3.webp 724w, https:\/\/alarmzone.pl\/wp-content\/uploads\/2024\/04\/detektor_gazu_3-294x300.webp 294w, https:\/\/alarmzone.pl\/wp-content\/uploads\/2024\/04\/detektor_gazu_3-600x613.webp 600w\" sizes=\"(max-width: 724px) 100vw, 724px\" \/><\/a> <a href=\"https:\/\/alarmzone.pl\/wp-content\/uploads\/2024\/04\/detektor_gazu_4.webp\"><img loading=\"lazy\" decoding=\"async\" class=\"aligncenter wp-image-2014 size-full\" src=\"https:\/\/alarmzone.pl\/wp-content\/uploads\/2024\/04\/detektor_gazu_4.webp\" alt=\"\" width=\"803\" height=\"574\" srcset=\"https:\/\/alarmzone.pl\/wp-content\/uploads\/2024\/04\/detektor_gazu_4.webp 803w, https:\/\/alarmzone.pl\/wp-content\/uploads\/2024\/04\/detektor_gazu_4-300x214.webp 300w, https:\/\/alarmzone.pl\/wp-content\/uploads\/2024\/04\/detektor_gazu_4-768x549.webp 768w, https:\/\/alarmzone.pl\/wp-content\/uploads\/2024\/04\/detektor_gazu_4-600x429.webp 600w\" sizes=\"(max-width: 803px) 100vw, 803px\" \/><\/a><\/p>\n<p>&nbsp;<\/p>\n<p><strong>SK\u0141AD ZESTAWU:<\/strong><\/p>\n<ul>\n<li>Autonomiczny, zasilany pr\u0105dem 5V &#8211; zasilacz w zestawie 230V\/5V ,<\/li>\n<li>Podstawka do monta\u017cu czujnika na \u015bcianie, lub suficie,<\/li>\n<li>Ko\u0142ki monta\u017cowe,<\/li>\n<li>Z\u0142\u0105cze do pod\u0142\u0105czenia zaworu zewn\u0119trznego<\/li>\n<li>Ta\u015bma dwustronna do mocowania.<\/li>\n<li>Zasilacz 5V wraz z kablem mini USB<\/li>\n<\/ul>\n<p>&nbsp;<\/p>\n<p><a href=\"https:\/\/alarmzone.pl\/wp-content\/uploads\/2024\/04\/detektor_gazu_5.webp\"><img loading=\"lazy\" decoding=\"async\" class=\"aligncenter wp-image-2013 size-full\" src=\"https:\/\/alarmzone.pl\/wp-content\/uploads\/2024\/04\/detektor_gazu_5.webp\" alt=\"\" width=\"729\" height=\"738\" srcset=\"https:\/\/alarmzone.pl\/wp-content\/uploads\/2024\/04\/detektor_gazu_5.webp 729w, https:\/\/alarmzone.pl\/wp-content\/uploads\/2024\/04\/detektor_gazu_5-296x300.webp 296w, https:\/\/alarmzone.pl\/wp-content\/uploads\/2024\/04\/detektor_gazu_5-600x607.webp 600w, https:\/\/alarmzone.pl\/wp-content\/uploads\/2024\/04\/detektor_gazu_5-100x100.webp 100w\" sizes=\"(max-width: 729px) 100vw, 729px\" \/><\/a><\/p>\n<p><iframe title=\"Detektor gazu Tuya Smart\" width=\"1240\" height=\"930\" src=\"https:\/\/www.youtube.com\/embed\/niYGjR6mzcY?feature=oembed&#038;enablejsapi=1&#038;origin=https:\/\/alarmzone.pl\" frameborder=\"0\" allow=\"accelerometer; autoplay; clipboard-write; encrypted-media; gyroscope; picture-in-picture; web-share\" referrerpolicy=\"strict-origin-when-cross-origin\" allowfullscreen><\/iframe><\/p>\n<p><iframe title=\"Czujnik gazu Tuya Smart\" width=\"1240\" height=\"698\" src=\"https:\/\/www.youtube.com\/embed\/g7NQrZalOxc?feature=oembed&#038;enablejsapi=1&#038;origin=https:\/\/alarmzone.pl\" frameborder=\"0\" allow=\"accelerometer; autoplay; clipboard-write; encrypted-media; gyroscope; picture-in-picture; web-share\" referrerpolicy=\"strict-origin-when-cross-origin\" allowfullscreen><\/iframe><\/p>\n<h5 class=\"\">Przepisy GPSR\/CE:<\/h5>\n<ul>\n<li><a href=\"https:\/\/alarmzone.pl\/wp-content\/uploads\/2025\/07\/GPSR-ALARMZONE.DOCX.pdf\">GPSR ALARMZONE.DOCX<\/a><\/li>\n<\/ul>\n","protected":false},"excerpt":{"rendered":"<ul>\n<li>\n<h6><span class=\"first\">Wysy\u0142ka w <\/span><span class=\"second\">24 godziny<\/span><\/h6>\n<\/li>\n<\/ul>\n","protected":false},"featured_media":2012,"comment_status":"open","ping_status":"closed","template":"","meta":[],"product_brand":[136],"product_cat":[225,41],"product_tag":[100,105,106,112,113],"class_list":{"0":"post-2019","1":"product","2":"type-product","3":"status-publish","4":"has-post-thumbnail","6":"product_brand-alarmzone","7":"product_cat-gazu","8":"product_cat-detektory-czujniki-piloty-syreny-itp","9":"product_tag-czujnik","10":"product_tag-czujnik-gazu","11":"product_tag-detektor","12":"product_tag-detektor-gazu","13":"product_tag-lpg","15":"first","16":"instock","17":"sale","18":"featured","19":"taxable","20":"shipping-taxable","21":"purchasable","22":"product-type-simple"},"_links":{"self":[{"href":"https:\/\/alarmzone.pl\/index.php\/wp-json\/wp\/v2\/product\/2019","targetHints":{"allow":["GET"]}}],"collection":[{"href":"https:\/\/alarmzone.pl\/index.php\/wp-json\/wp\/v2\/product"}],"about":[{"href":"https:\/\/alarmzone.pl\/index.php\/wp-json\/wp\/v2\/types\/product"}],"replies":[{"embeddable":true,"href":"https:\/\/alarmzone.pl\/index.php\/wp-json\/wp\/v2\/comments?post=2019"}],"wp:featuredmedia":[{"embeddable":true,"href":"https:\/\/alarmzone.pl\/index.php\/wp-json\/wp\/v2\/media\/2012"}],"wp:attachment":[{"href":"https:\/\/alarmzone.pl\/index.php\/wp-json\/wp\/v2\/media?parent=2019"}],"wp:term":[{"taxonomy":"product_brand","embeddable":true,"href":"https:\/\/alarmzone.pl\/index.php\/wp-json\/wp\/v2\/product_brand?post=2019"},{"taxonomy":"product_cat","embeddable":true,"href":"https:\/\/alarmzone.pl\/index.php\/wp-json\/wp\/v2\/product_cat?post=2019"},{"taxonomy":"product_tag","embeddable":true,"href":"https:\/\/alarmzone.pl\/index.php\/wp-json\/wp\/v2\/product_tag?post=2019"}],"curies":[{"name":"wp","href":"https:\/\/api.w.org\/{rel}","templated":true}]}}