{"id":2001,"date":"2024-04-04T08:34:45","date_gmt":"2024-04-04T08:34:45","guid":{"rendered":"https:\/\/alarmzone.pl\/?post_type=product&#038;p=2001"},"modified":"2026-03-29T17:08:20","modified_gmt":"2026-03-29T17:08:20","slug":"czujnik-zalania-tuya-smart-detektor-wody-ww002","status":"publish","type":"product","link":"https:\/\/alarmzone.pl\/index.php\/produkt\/czujnik-zalania-tuya-smart-detektor-wody-ww002\/","title":{"rendered":"Czujnik zalania Tuya Smart, detektor wody WW002"},"content":{"rendered":"<p>&nbsp;<\/p>\n<h3 style=\"text-align: center;\"><span style=\"color: #0000ff;\"><strong>NOWOCZESNE URZ\u0104DZENIE INFORMUJ\u0104CE O ZALANIU DOMU, MIESZKANIA, FIRMY, SKLEPU, ITP<\/strong><\/span><\/h3>\n<h3 style=\"text-align: center;\"><\/h3>\n<h3 style=\"text-align: center;\"><span style=\"color: #ff0000;\"><strong>BEZPRZWODOWY CZUJNIK ZALANIA\u00a0TUYA SMART\u00a0WW002<\/strong><\/span><\/h3>\n<p>&nbsp;<\/p>\n<p><a href=\"https:\/\/alarmzone.pl\/wp-content\/uploads\/2024\/04\/czujnik_zalaniaWW002.webp\"><img fetchpriority=\"high\" decoding=\"async\" class=\"aligncenter wp-image-2000 size-full\" src=\"https:\/\/alarmzone.pl\/wp-content\/uploads\/2024\/04\/czujnik_zalaniaWW002.webp\" alt=\"\" width=\"800\" height=\"613\" srcset=\"https:\/\/alarmzone.pl\/wp-content\/uploads\/2024\/04\/czujnik_zalaniaWW002.webp 800w, https:\/\/alarmzone.pl\/wp-content\/uploads\/2024\/04\/czujnik_zalaniaWW002-300x230.webp 300w, https:\/\/alarmzone.pl\/wp-content\/uploads\/2024\/04\/czujnik_zalaniaWW002-768x588.webp 768w, https:\/\/alarmzone.pl\/wp-content\/uploads\/2024\/04\/czujnik_zalaniaWW002-600x460.webp 600w\" sizes=\"(max-width: 800px) 100vw, 800px\" \/><\/a><\/p>\n<p><strong>Zestaw zawiera:<\/strong><\/p>\n<p>-1x czujnik zalania,<\/p>\n<p>-1x zestaw monta\u017cowy,<\/p>\n<p>-2x bateria<\/p>\n<p>-1 x ta\u015bma dwustronna,<\/p>\n<p>-1x oryginalne opakowanie,<\/p>\n<p>&nbsp;<\/p>\n<p><a href=\"https:\/\/alarmzone.pl\/wp-content\/uploads\/2024\/04\/czujnik_zalaniaWW002_1.webp\"><img decoding=\"async\" class=\"aligncenter wp-image-1999 size-full\" src=\"https:\/\/alarmzone.pl\/wp-content\/uploads\/2024\/04\/czujnik_zalaniaWW002_1.webp\" alt=\"\" width=\"800\" height=\"802\" srcset=\"https:\/\/alarmzone.pl\/wp-content\/uploads\/2024\/04\/czujnik_zalaniaWW002_1.webp 800w, https:\/\/alarmzone.pl\/wp-content\/uploads\/2024\/04\/czujnik_zalaniaWW002_1-300x300.webp 300w, https:\/\/alarmzone.pl\/wp-content\/uploads\/2024\/04\/czujnik_zalaniaWW002_1-150x150.webp 150w, https:\/\/alarmzone.pl\/wp-content\/uploads\/2024\/04\/czujnik_zalaniaWW002_1-768x770.webp 768w, https:\/\/alarmzone.pl\/wp-content\/uploads\/2024\/04\/czujnik_zalaniaWW002_1-600x602.webp 600w, https:\/\/alarmzone.pl\/wp-content\/uploads\/2024\/04\/czujnik_zalaniaWW002_1-100x100.webp 100w\" sizes=\"(max-width: 800px) 100vw, 800px\" \/><\/a><\/p>\n<p>&nbsp;<\/p>\n<p>&nbsp;<\/p>\n<p><em><strong>PARAMETRY TECHNICZNE I SPECYFIKACJA:<\/strong><\/em><\/p>\n<p>&nbsp;<\/p>\n<p>Sygnalizacja alarmu: Sygna\u0142 do aplikacji mobilnej Tuya Smart\/Smart Life<\/p>\n<p>Zakres cz\u0119stotliwo\u015bci: 2.4\u00a0GHz WiFi &#8211; IEEE 802.11 b\/g\/n<\/p>\n<p>Zasi\u0119g komunikacji radiowej : Zasi\u0119g ograniczony jedynie dost\u0119pno\u015bci\u0105 sieci Wi-Fi<\/p>\n<p>Bateria: 2 x\u00a0Bateria 1.5V, typ AAA\/LR03 (w zestawie),<\/p>\n<p>Pob\u00f3r pr\u0105du podczas czuwania:\u00a0&lt;10uA<\/p>\n<p>Pob\u00f3r pr\u0105du podczas alarmu: max. &lt;160mA<\/p>\n<p>Wybrane cechy: Alarm niskiego poziomu baterii \u2264 2.6 V<\/p>\n<p>&nbsp;<\/p>\n<p>Dost\u0119p z telefonu kom\u00f3rkowego: Mo\u017cliwa obs\u0142uga przez sie\u0107 Wi-Fi za pomoc\u0105 aplikacji mobilnej na systemy iOS, Android\u00a0&#8211; Tuya Smart \/Smart Life<\/p>\n<p>Temperatura pracy: -10\u00a0\u00b0C do\u00a050\u00a0\u00b0C<\/p>\n<p>Kolor: Bia\u0142y<\/p>\n<p>Waga: 0.07 kg<\/p>\n<p>Wymiary:\u00a024*69*16(mm)<\/p>\n<p>&nbsp;<\/p>\n<p><iframe title=\"Niezale\u017cny czujnik zalania, detektor wody Tuya Smart.\" width=\"1240\" height=\"698\" src=\"https:\/\/www.youtube.com\/embed\/PQtQC3_vuLE?feature=oembed&#038;enablejsapi=1&#038;origin=https:\/\/alarmzone.pl\" frameborder=\"0\" allow=\"accelerometer; autoplay; clipboard-write; encrypted-media; gyroscope; picture-in-picture; web-share\" referrerpolicy=\"strict-origin-when-cross-origin\" allowfullscreen><\/iframe><\/p>\n<p>&nbsp;<\/p>\n<h5 class=\"\">Przepisy GPSR\/CE:<\/h5>\n<ul>\n<li><a href=\"https:\/\/alarmzone.pl\/wp-content\/uploads\/2025\/07\/GPSR-ALARMZONE.DOCX.pdf\">GPSR ALARMZONE.DOCX<\/a><\/li>\n<\/ul>\n","protected":false},"excerpt":{"rendered":"<ul>\n<li>\n<h6><span class=\"first\">Wysy\u0142ka w <\/span><span class=\"second\">24 godziny<\/span><\/h6>\n<\/li>\n<\/ul>\n","protected":false},"featured_media":1998,"comment_status":"open","ping_status":"closed","template":"","meta":[],"product_brand":[136],"product_cat":[226,41],"product_tag":[100,109,106,110],"class_list":{"0":"post-2001","1":"product","2":"type-product","3":"status-publish","4":"has-post-thumbnail","6":"product_brand-alarmzone","7":"product_cat-wody","8":"product_cat-detektory-czujniki-piloty-syreny-itp","9":"product_tag-czujnik","10":"product_tag-czujnik-zalania","11":"product_tag-detektor","12":"product_tag-detektor-wody","14":"first","15":"outofstock","16":"taxable","17":"shipping-taxable","18":"purchasable","19":"product-type-simple"},"_links":{"self":[{"href":"https:\/\/alarmzone.pl\/index.php\/wp-json\/wp\/v2\/product\/2001","targetHints":{"allow":["GET"]}}],"collection":[{"href":"https:\/\/alarmzone.pl\/index.php\/wp-json\/wp\/v2\/product"}],"about":[{"href":"https:\/\/alarmzone.pl\/index.php\/wp-json\/wp\/v2\/types\/product"}],"replies":[{"embeddable":true,"href":"https:\/\/alarmzone.pl\/index.php\/wp-json\/wp\/v2\/comments?post=2001"}],"wp:featuredmedia":[{"embeddable":true,"href":"https:\/\/alarmzone.pl\/index.php\/wp-json\/wp\/v2\/media\/1998"}],"wp:attachment":[{"href":"https:\/\/alarmzone.pl\/index.php\/wp-json\/wp\/v2\/media?parent=2001"}],"wp:term":[{"taxonomy":"product_brand","embeddable":true,"href":"https:\/\/alarmzone.pl\/index.php\/wp-json\/wp\/v2\/product_brand?post=2001"},{"taxonomy":"product_cat","embeddable":true,"href":"https:\/\/alarmzone.pl\/index.php\/wp-json\/wp\/v2\/product_cat?post=2001"},{"taxonomy":"product_tag","embeddable":true,"href":"https:\/\/alarmzone.pl\/index.php\/wp-json\/wp\/v2\/product_tag?post=2001"}],"curies":[{"name":"wp","href":"https:\/\/api.w.org\/{rel}","templated":true}]}}