{"id":1976,"date":"2024-04-04T08:10:40","date_gmt":"2024-04-04T08:10:40","guid":{"rendered":"https:\/\/alarmzone.pl\/?post_type=product&#038;p=1976"},"modified":"2026-03-29T17:09:00","modified_gmt":"2026-03-29T17:09:00","slug":"czujnik-otwarcia-drzwi-i-okien-tuya-smart-alarmzone-wd002","status":"publish","type":"product","link":"https:\/\/alarmzone.pl\/index.php\/produkt\/czujnik-otwarcia-drzwi-i-okien-tuya-smart-alarmzone-wd002\/","title":{"rendered":"Czujnik otwarcia drzwi i okien Tuya Smart AlarmZone WD002"},"content":{"rendered":"<h3 style=\"text-align: center;\"><span style=\"color: #ff0000;\"><strong>BEZPRZEWODOWY CZUJNIK OTWARCIA OKIEN DRZWI WI-FI TUYA SMART\u00a0ALARMZONE WD002<\/strong><\/span><\/h3>\n<p><a href=\"https:\/\/alarmzone.pl\/wp-content\/uploads\/2024\/04\/czujnikWD002.webp\"><img fetchpriority=\"high\" decoding=\"async\" class=\"aligncenter wp-image-1975 size-full\" src=\"https:\/\/alarmzone.pl\/wp-content\/uploads\/2024\/04\/czujnikWD002.webp\" alt=\"\" width=\"800\" height=\"710\" srcset=\"https:\/\/alarmzone.pl\/wp-content\/uploads\/2024\/04\/czujnikWD002.webp 800w, https:\/\/alarmzone.pl\/wp-content\/uploads\/2024\/04\/czujnikWD002-300x266.webp 300w, https:\/\/alarmzone.pl\/wp-content\/uploads\/2024\/04\/czujnikWD002-768x682.webp 768w, https:\/\/alarmzone.pl\/wp-content\/uploads\/2024\/04\/czujnikWD002-600x533.webp 600w\" sizes=\"(max-width: 800px) 100vw, 800px\" \/><\/a><\/p>\n<p>Urz\u0105dzenie ma mo\u017cliwo\u015b\u0107 wsp\u00f3\u0142pracy z aplikacj\u0105 Tuya Smart\/Smart Life dla urz\u0105dze\u0144 mobilnych.<\/p>\n<p>Tuya to mi\u0119dzynarodowa platforma automatyki domowej, kt\u00f3ra pozwala na integracj\u0119 tysi\u0119cy produkt\u00f3w r\u00f3\u017cnych producent\u00f3w.<\/p>\n<p><a href=\"https:\/\/alarmzone.pl\/wp-content\/uploads\/2024\/04\/czujnikWD002_1.webp\"><img decoding=\"async\" class=\"aligncenter wp-image-1974 size-full\" src=\"https:\/\/alarmzone.pl\/wp-content\/uploads\/2024\/04\/czujnikWD002_1.webp\" alt=\"\" width=\"800\" height=\"676\" srcset=\"https:\/\/alarmzone.pl\/wp-content\/uploads\/2024\/04\/czujnikWD002_1.webp 800w, https:\/\/alarmzone.pl\/wp-content\/uploads\/2024\/04\/czujnikWD002_1-300x254.webp 300w, https:\/\/alarmzone.pl\/wp-content\/uploads\/2024\/04\/czujnikWD002_1-768x649.webp 768w, https:\/\/alarmzone.pl\/wp-content\/uploads\/2024\/04\/czujnikWD002_1-600x507.webp 600w\" sizes=\"(max-width: 800px) 100vw, 800px\" \/><\/a><\/p>\n<p>&nbsp;<\/p>\n<p><em><strong>PARAMETRY TECHNICZNE I SPECYFIKACJA:<\/strong><\/em><\/p>\n<p>&nbsp;<\/p>\n<p><em>Jako jeden z nielicznych na rynku czujnik informuje o:\u00a0<\/em><\/p>\n<p>* Otwarciu drzwi lub okna,<\/p>\n<p>* Zamkni\u0119ciu\u00a0drzwi lub okna,<\/p>\n<p>* Niskim poziomie napi\u0119cia na bateriach zasilaj\u0105cych<\/p>\n<p>&nbsp;<\/p>\n<p>Odleg\u0142o\u015b\u0107 otwarcia styk\u00f3w kontaktronu: \u2265 15\u00a0mm<\/p>\n<p>Sygnalizacja alarmu: Sygna\u0142 do aplikacji mobilnej Tuya Smart<\/p>\n<p>Zakres cz\u0119stotliwo\u015bci: 2.4\u00a0GHz WiFi &#8211; IEEE 802.11 b\/g\/n<\/p>\n<p>Zasi\u0119g komunikacji radiowej (w terenie otwartym): Zasi\u0119g ograniczony jedynie dost\u0119pno\u015bci\u0105 sieci Wi-Fi<\/p>\n<p>Bateria: 2 x\u00a0Bateria 1.5V, typ AAA\/LR03 (w zestawie)<\/p>\n<p>Pob\u00f3r pr\u0105du podczas alarmu: max.\u00a0130 mA<\/p>\n<p>Wybrane cechy: Alarm niskiego poziomu baterii \u2264 2.4 V<\/p>\n<p>Dost\u0119p z telefonu kom\u00f3rkowego: Mo\u017cliwa obs\u0142uga przez sie\u0107 Wi-Fi za pomoc\u0105 aplikacji mobilnej na systemy iOS, Android\u00a0&#8211; Tuya Smart \/Smart Life<\/p>\n<p>Temperatura pracy: -10\u00a0\u00b0C do\u00a050\u00a0\u00b0C<\/p>\n<p>Kolor: Bia\u0142y<\/p>\n<p>Waga: 0.018\u00a0kg &#8211; Kontaktron 0.01\u00a0kg &#8211; Magnes<\/p>\n<p>Wymiary:<\/p>\n<p>Kontaktron : 24\u00a0 x 69,5\u00a0 x\u00a018\u00a0mm Magnes : 14,8\u00a0 x 40,5\u00a0 x 16 mm<\/p>\n<p><a href=\"https:\/\/alarmzone.pl\/wp-content\/uploads\/2024\/04\/czujnikWD002_2.webp\"><img decoding=\"async\" class=\"aligncenter wp-image-1973 size-full\" src=\"https:\/\/alarmzone.pl\/wp-content\/uploads\/2024\/04\/czujnikWD002_2.webp\" alt=\"\" width=\"800\" height=\"800\" srcset=\"https:\/\/alarmzone.pl\/wp-content\/uploads\/2024\/04\/czujnikWD002_2.webp 800w, https:\/\/alarmzone.pl\/wp-content\/uploads\/2024\/04\/czujnikWD002_2-300x300.webp 300w, https:\/\/alarmzone.pl\/wp-content\/uploads\/2024\/04\/czujnikWD002_2-150x150.webp 150w, https:\/\/alarmzone.pl\/wp-content\/uploads\/2024\/04\/czujnikWD002_2-768x768.webp 768w, https:\/\/alarmzone.pl\/wp-content\/uploads\/2024\/04\/czujnikWD002_2-600x600.webp 600w, https:\/\/alarmzone.pl\/wp-content\/uploads\/2024\/04\/czujnikWD002_2-100x100.webp 100w\" sizes=\"(max-width: 800px) 100vw, 800px\" \/><\/a> <a href=\"https:\/\/alarmzone.pl\/wp-content\/uploads\/2024\/04\/czujnikWD002_3.webp\"><img loading=\"lazy\" decoding=\"async\" class=\"aligncenter wp-image-1972 size-full\" src=\"https:\/\/alarmzone.pl\/wp-content\/uploads\/2024\/04\/czujnikWD002_3.webp\" alt=\"\" width=\"800\" height=\"773\" srcset=\"https:\/\/alarmzone.pl\/wp-content\/uploads\/2024\/04\/czujnikWD002_3.webp 800w, https:\/\/alarmzone.pl\/wp-content\/uploads\/2024\/04\/czujnikWD002_3-300x290.webp 300w, https:\/\/alarmzone.pl\/wp-content\/uploads\/2024\/04\/czujnikWD002_3-768x742.webp 768w, https:\/\/alarmzone.pl\/wp-content\/uploads\/2024\/04\/czujnikWD002_3-600x580.webp 600w\" sizes=\"(max-width: 800px) 100vw, 800px\" \/><\/a><\/p>\n<p><em><strong>Zestaw zawiera:<\/strong><\/em><\/p>\n<p>&#8211; 1x czujnik WD002,<\/p>\n<p>&#8211; 2x Ko\u0142ki monta\u017cowe wraz z wkr\u0119tami,<\/p>\n<p>&#8211; 1x Ig\u0142\u0119 do resetu,<\/p>\n<p>&#8211; 2x Bateria AAA<\/p>\n<p>&#8211; 1x Ta\u015bma dwustronna do mocowania czujnika,<\/p>\n<p>&#8211; 1x Instrukcja obs\u0142ugi.<\/p>\n<p>&nbsp;<\/p>\n<p><iframe title=\"TUYA SMART - CZUJNIK OTWARCIA DRZWI - CZUJNIK WI-FI - KONTAKTRON\" width=\"1240\" height=\"698\" src=\"https:\/\/www.youtube.com\/embed\/zzjI7L7Dvbo?feature=oembed&#038;enablejsapi=1&#038;origin=https:\/\/alarmzone.pl\" frameborder=\"0\" allow=\"accelerometer; autoplay; clipboard-write; encrypted-media; gyroscope; picture-in-picture; web-share\" referrerpolicy=\"strict-origin-when-cross-origin\" allowfullscreen><\/iframe><\/p>\n<h5 class=\"\">Przepisy GPSR\/CE:<\/h5>\n<ul>\n<li><a href=\"https:\/\/alarmzone.pl\/wp-content\/uploads\/2025\/07\/GPSR-ALARMZONE.DOCX.pdf\">GPSR ALARMZONE.DOCX<\/a><\/li>\n<\/ul>\n","protected":false},"excerpt":{"rendered":"<ul>\n<li>\n<h6><span class=\"first\">Wysy\u0142ka w <\/span><span class=\"second\">24 godziny<\/span><\/h6>\n<\/li>\n<\/ul>\n","protected":false},"featured_media":1971,"comment_status":"open","ping_status":"closed","template":"","meta":[],"product_brand":[136],"product_cat":[222,41],"product_tag":[100,103,104,102,106],"class_list":{"0":"post-1976","1":"product","2":"type-product","3":"status-publish","4":"has-post-thumbnail","6":"product_brand-alarmzone","7":"product_cat-czujniki-drzwi-okna","8":"product_cat-detektory-czujniki-piloty-syreny-itp","9":"product_tag-czujnik","10":"product_tag-czujnik-drzwi","11":"product_tag-czujnik-okien","12":"product_tag-czujnik-ruchu","13":"product_tag-detektor","15":"first","16":"instock","17":"taxable","18":"shipping-taxable","19":"purchasable","20":"product-type-simple"},"_links":{"self":[{"href":"https:\/\/alarmzone.pl\/index.php\/wp-json\/wp\/v2\/product\/1976","targetHints":{"allow":["GET"]}}],"collection":[{"href":"https:\/\/alarmzone.pl\/index.php\/wp-json\/wp\/v2\/product"}],"about":[{"href":"https:\/\/alarmzone.pl\/index.php\/wp-json\/wp\/v2\/types\/product"}],"replies":[{"embeddable":true,"href":"https:\/\/alarmzone.pl\/index.php\/wp-json\/wp\/v2\/comments?post=1976"}],"wp:featuredmedia":[{"embeddable":true,"href":"https:\/\/alarmzone.pl\/index.php\/wp-json\/wp\/v2\/media\/1971"}],"wp:attachment":[{"href":"https:\/\/alarmzone.pl\/index.php\/wp-json\/wp\/v2\/media?parent=1976"}],"wp:term":[{"taxonomy":"product_brand","embeddable":true,"href":"https:\/\/alarmzone.pl\/index.php\/wp-json\/wp\/v2\/product_brand?post=1976"},{"taxonomy":"product_cat","embeddable":true,"href":"https:\/\/alarmzone.pl\/index.php\/wp-json\/wp\/v2\/product_cat?post=1976"},{"taxonomy":"product_tag","embeddable":true,"href":"https:\/\/alarmzone.pl\/index.php\/wp-json\/wp\/v2\/product_tag?post=1976"}],"curies":[{"name":"wp","href":"https:\/\/api.w.org\/{rel}","templated":true}]}}