{"id":1954,"date":"2024-03-26T14:16:38","date_gmt":"2024-03-26T14:16:38","guid":{"rendered":"http:\/\/sektoralarm.pl\/?post_type=product&#038;p=1954"},"modified":"2026-03-29T16:43:07","modified_gmt":"2026-03-29T16:43:07","slug":"czujnik-drzwi-okien-kontaktron-bezprzewodowy-433mhz-ds100b","status":"publish","type":"product","link":"https:\/\/alarmzone.pl\/index.php\/produkt\/czujnik-drzwi-okien-kontaktron-bezprzewodowy-433mhz-ds100b\/","title":{"rendered":"Czujnik drzwi\/okien, kontaktron bezprzewodowy 433MHz &#8211; DS100B"},"content":{"rendered":"<div class=\"mpof_ki myre_zn myre_8v_l _0d3bd_YrWCD\">\n<div class=\"mp4t_16_s mryx_16_s mr3m_1 mli2_1 mh85_56 mh85_0_l\">\n<div class=\"mgn2_16 _0d3bd_5pK0q\">\n<div class=\"mpof_ki myre_zn myre_8v_l _0d3bd_YrWCD\">\n<div class=\"mp4t_16_s mryx_16_s mr3m_1 mli2_1 mh85_56 mh85_0_l\">\n<div class=\"mgn2_16 _0d3bd_5pK0q\">\n<h3 style=\"text-align: center;\"><span style=\"color: #0000ff;\"><strong>Bezprzewodowy czujnik drzwi\/okien 433MHz<\/strong><\/span><\/h3>\n<h4 style=\"text-align: center;\"><span style=\"color: #ff0000;\"><strong>Nowoczesny design, niezawodno\u015b\u0107 dzia\u0142ania. Czujnik wsp\u00f3\u0142pracuje z systemami SR1,SR2,SR3, AZ10WG,AZ11WG<\/strong><\/span><\/h4>\n<p>&nbsp;<\/p>\n<\/div>\n<p style=\"text-align: center;\"><strong>W\u0142a\u015bciwo\u015bci czujnika:<\/strong><\/p>\n<p style=\"text-align: center;\">&#8211; pracuje w po\u0142\u0105czeniu bezprzewodowym z zestawami alarmowymi oraz kamerami 433 MHz<\/p>\n<p style=\"text-align: center;\">&#8211; natychmiastowe wys\u0142anie sygna\u0142u do urz\u0105dzenia alarmowego po otwarciu drzwi\/okna<\/p>\n<p style=\"text-align: center;\">&#8211; zasilanie 12V 23A (50mAH) (bateria w czujniku)<\/p>\n<p style=\"text-align: center;\">&#8211; pob\u00f3r pr\u0105du w trybie czuwania ~ 10uA<\/p>\n<p style=\"text-align: center;\">&#8211; pob\u00f3r pr\u0105du w trybie pracy ~ 15mA<\/p>\n<p style=\"text-align: center;\">&#8211; cz\u0119stotliwo\u015b\u0107 pracy 433MHz (+_ 75KHz)<\/p>\n<p style=\"text-align: center;\">&#8211; zasi\u0119g w terenie otwartym 100m<\/p>\n<p style=\"text-align: center;\">&#8211; temperatura pracy -10 C ~ 40 C<\/p>\n<p style=\"text-align: center;\">&#8211; wilgotno\u015b\u0107 &lt; 85%<\/p>\n<\/div>\n<\/div>\n<\/div>\n<\/div>\n<\/div>\n<div class=\"mpof_ki myre_zn myre_8v_l _0d3bd_YrWCD\">\n<div class=\"mp4t_16_s mryx_16_s mr3m_1 mli2_1 mh85_56 mh85_0_l\">\n<div class=\"mgn2_16 _0d3bd_5pK0q\">\n<p><img fetchpriority=\"high\" decoding=\"async\" class=\"aligncenter wp-image-1951 size-full\" src=\"https:\/\/alarmzone.pl\/wp-content\/uploads\/2024\/03\/czujnik_okien433.webp\" alt=\"\" width=\"449\" height=\"422\" srcset=\"https:\/\/alarmzone.pl\/wp-content\/uploads\/2024\/03\/czujnik_okien433.webp 449w, https:\/\/alarmzone.pl\/wp-content\/uploads\/2024\/03\/czujnik_okien433-300x282.webp 300w\" sizes=\"(max-width: 449px) 100vw, 449px\" \/><\/p>\n<\/div>\n<\/div>\n<\/div>\n<p><a href=\"https:\/\/alarmzone.pl\/wp-content\/uploads\/2024\/03\/czujnik_okien433_1.webp\"><img decoding=\"async\" class=\"aligncenter wp-image-1952 size-full\" src=\"https:\/\/alarmzone.pl\/wp-content\/uploads\/2024\/03\/czujnik_okien433_1.webp\" alt=\"\" width=\"795\" height=\"808\" srcset=\"https:\/\/alarmzone.pl\/wp-content\/uploads\/2024\/03\/czujnik_okien433_1.webp 795w, https:\/\/alarmzone.pl\/wp-content\/uploads\/2024\/03\/czujnik_okien433_1-295x300.webp 295w, https:\/\/alarmzone.pl\/wp-content\/uploads\/2024\/03\/czujnik_okien433_1-768x781.webp 768w, https:\/\/alarmzone.pl\/wp-content\/uploads\/2024\/03\/czujnik_okien433_1-600x610.webp 600w\" sizes=\"(max-width: 795px) 100vw, 795px\" \/><\/a><\/p>\n<h5 class=\"\">Przepisy GPSR\/CE:<\/h5>\n<ul>\n<li><a href=\"https:\/\/alarmzone.pl\/wp-content\/uploads\/2025\/07\/GPSR-ALARMZONE.DOCX.pdf\">GPSR ALARMZONE.DOCX<\/a><\/li>\n<\/ul>\n","protected":false},"excerpt":{"rendered":"<ul>\n<li>\n<h6><span class=\"first\">Wysy\u0142ka w <\/span><span class=\"second\">24 godziny<\/span><\/h6>\n<\/li>\n<\/ul>\n","protected":false},"featured_media":1953,"comment_status":"open","ping_status":"closed","template":"","meta":[],"product_brand":[136],"product_cat":[222],"product_tag":[100,103,104,102,101],"class_list":{"0":"post-1954","1":"product","2":"type-product","3":"status-publish","4":"has-post-thumbnail","6":"product_brand-alarmzone","7":"product_cat-czujniki-drzwi-okna","8":"product_tag-czujnik","9":"product_tag-czujnik-drzwi","10":"product_tag-czujnik-okien","11":"product_tag-czujnik-ruchu","12":"product_tag-detektor-ruchu","14":"first","15":"instock","16":"taxable","17":"shipping-taxable","18":"purchasable","19":"product-type-simple"},"_links":{"self":[{"href":"https:\/\/alarmzone.pl\/index.php\/wp-json\/wp\/v2\/product\/1954","targetHints":{"allow":["GET"]}}],"collection":[{"href":"https:\/\/alarmzone.pl\/index.php\/wp-json\/wp\/v2\/product"}],"about":[{"href":"https:\/\/alarmzone.pl\/index.php\/wp-json\/wp\/v2\/types\/product"}],"replies":[{"embeddable":true,"href":"https:\/\/alarmzone.pl\/index.php\/wp-json\/wp\/v2\/comments?post=1954"}],"wp:featuredmedia":[{"embeddable":true,"href":"https:\/\/alarmzone.pl\/index.php\/wp-json\/wp\/v2\/media\/1953"}],"wp:attachment":[{"href":"https:\/\/alarmzone.pl\/index.php\/wp-json\/wp\/v2\/media?parent=1954"}],"wp:term":[{"taxonomy":"product_brand","embeddable":true,"href":"https:\/\/alarmzone.pl\/index.php\/wp-json\/wp\/v2\/product_brand?post=1954"},{"taxonomy":"product_cat","embeddable":true,"href":"https:\/\/alarmzone.pl\/index.php\/wp-json\/wp\/v2\/product_cat?post=1954"},{"taxonomy":"product_tag","embeddable":true,"href":"https:\/\/alarmzone.pl\/index.php\/wp-json\/wp\/v2\/product_tag?post=1954"}],"curies":[{"name":"wp","href":"https:\/\/api.w.org\/{rel}","templated":true}]}}