{"id":1924,"date":"2024-03-26T13:50:19","date_gmt":"2024-03-26T13:50:19","guid":{"rendered":"http:\/\/sektoralarm.pl\/?post_type=product&#038;p=1924"},"modified":"2026-03-28T20:46:48","modified_gmt":"2026-03-28T20:46:48","slug":"czujnik-ruchu-pir-433mhz-odporny-na-zwierzeta-do-25kg","status":"publish","type":"product","link":"https:\/\/alarmzone.pl\/index.php\/produkt\/czujnik-ruchu-pir-433mhz-odporny-na-zwierzeta-do-25kg\/","title":{"rendered":"Czujnik ruchu PIR 433MHz odporny na zwierz\u0119ta do 25kg AZ238P"},"content":{"rendered":"<div class=\"mpof_ki myre_zn myre_8v_l _0d3bd_YrWCD\">\n<div class=\"mp4t_16_s mryx_16_s mr3m_1 mli2_1 mh85_56 mh85_0_l\">\n<div class=\"mgn2_16 _0d3bd_5pK0q\">\n<div class=\"mpof_ki myre_zn myre_8v_l _0d3bd_YrWCD\">\n<div class=\"mp4t_16_s mryx_16_s mr3m_1 mli2_1 mh85_56 mh85_0_l\">\n<div class=\"mgn2_16 _0d3bd_5pK0q\">\n<h3 style=\"text-align: center;\"><span style=\"color: #ff0000;\"><strong>JEDYNY NA RYNKU O TAKICH PARAMETRACH<\/strong><\/span><\/h3>\n<\/div>\n<\/div>\n<\/div>\n<\/div>\n<\/div>\n<\/div>\n<div class=\"mpof_ki myre_zn myre_8v_l _0d3bd_YrWCD\">\n<div class=\"mp4t_16_s mryx_16_s mr3m_1 mli2_1 mh85_56 mh85_0_l\">\n<div class=\"mgn2_16 _0d3bd_5pK0q\">\n<p><a href=\"https:\/\/alarmzone.pl\/wp-content\/uploads\/2024\/03\/czujnik_ruchu_PIR433.webp\"><img fetchpriority=\"high\" decoding=\"async\" class=\"aligncenter wp-image-1925 size-full\" src=\"https:\/\/alarmzone.pl\/wp-content\/uploads\/2024\/03\/czujnik_ruchu_PIR433.webp\" alt=\"\" width=\"742\" height=\"541\" srcset=\"https:\/\/alarmzone.pl\/wp-content\/uploads\/2024\/03\/czujnik_ruchu_PIR433.webp 742w, https:\/\/alarmzone.pl\/wp-content\/uploads\/2024\/03\/czujnik_ruchu_PIR433-300x219.webp 300w, https:\/\/alarmzone.pl\/wp-content\/uploads\/2024\/03\/czujnik_ruchu_PIR433-600x437.webp 600w\" sizes=\"(max-width: 742px) 100vw, 742px\" \/><\/a><\/p>\n<\/div>\n<\/div>\n<\/div>\n<p style=\"text-align: center;\"><span style=\"color: #0000ff;\">NOWOCZESNY BEZPRZEWODOWY CZUJNIK RUCHU Z PODW\u00d3JN\u0104\u00a0TECHNOLOGI\u0104 ODBICIA ORAZ SOCZEWK\u0104\u00a0OPTYCZN\u0104 FRESNELA \u00a0<\/span><\/p>\n<p style=\"text-align: center;\"><span style=\"color: #0000ff;\">ODPORNY NA ZWIERZ\u0118TA DO 25 KG<\/span><\/p>\n<p style=\"text-align: center;\"><span style=\"color: #0000ff;\">CZAS PRACY NA BATERIACH\u00a0&#8211;\u00a0 DO 2 LAT<\/span><\/p>\n<p><a href=\"https:\/\/alarmzone.pl\/wp-content\/uploads\/2024\/03\/czujnik_ruchu_PIR433_1.webp\"><img decoding=\"async\" class=\"aligncenter wp-image-1926 size-full\" src=\"https:\/\/alarmzone.pl\/wp-content\/uploads\/2024\/03\/czujnik_ruchu_PIR433_1.webp\" alt=\"\" width=\"474\" height=\"460\" srcset=\"https:\/\/alarmzone.pl\/wp-content\/uploads\/2024\/03\/czujnik_ruchu_PIR433_1.webp 474w, https:\/\/alarmzone.pl\/wp-content\/uploads\/2024\/03\/czujnik_ruchu_PIR433_1-300x291.webp 300w\" sizes=\"(max-width: 474px) 100vw, 474px\" \/><\/a><\/p>\n<p><strong>Parametry techniczne:<\/strong><\/p>\n<p>Zasilanie:\u00a0bateria 2x AAA &#8211; w zestawie<\/p>\n<p>Zu\u017cycie pr\u0105du w trybie czuwania: poni\u017cej 8uA<\/p>\n<p>Zu\u017cycie pr\u0105du w trybie alarmu: poni\u017cej 15mA<\/p>\n<p>Zakres temperatur pracy: -10 to +65 C<\/p>\n<p>Spos\u00f3b montowania: na\u015bcienne wewn\u0105trz pomieszcze\u0144<\/p>\n<p>Wysoko\u015b\u0107 montowania: oko\u0142o 2-2,4m<\/p>\n<p>Odleg\u0142o\u015b\u0107 wykrywania ruchu: 12x12m<\/p>\n<p>Soczewka optyczna Fresnela &#8211; skutecznie zapobiega fa\u0142szywym alarmom i pomini\u0119cia,<\/p>\n<p>K\u0105t wykrywania:110 stopni w pionie i w poziomie<\/p>\n<p>Dystans dzia\u0142ania &#8211; do 100m ( przestrze\u0144 otwarta)<\/p>\n<p>Odporno\u015b\u0107 na zwierz\u0119ta &#8211; do 25 kg<\/p>\n<p>Waga: 97g.<\/p>\n<p>Wymiary produktu (L x W x T): 60 x 41 x 125mm<\/p>\n<p>Waga z opakowaniem: 111g<\/p>\n<p>Wymiary z opakowaniem (L x W x T):\u00a058 x 42 x 105 mm<\/p>\n<div>\n<p>Cz\u0119stotliwo\u015b\u0107 nadawcza:\u00a0 433Mhz.<\/p>\n<p>*CZAS PRACY NA BATERII &#8211; 2 LATA !!!<\/p>\n<\/div>\n<p>&nbsp;<\/p>\n<div>\n<p><strong>Jedno opakowanie zawiera:<\/strong><\/p>\n<p>-Czujnik ruchu HS238P wraz z bateriami X 1<\/p>\n<p>-Zestaw do montowania na \u015bcianie X 1<\/p>\n<\/div>\n<p><a href=\"https:\/\/alarmzone.pl\/wp-content\/uploads\/2024\/03\/czujnik_ruchu_PIR433_2.webp\"><img decoding=\"async\" class=\"aligncenter wp-image-1927 size-full\" src=\"https:\/\/alarmzone.pl\/wp-content\/uploads\/2024\/03\/czujnik_ruchu_PIR433_2.webp\" alt=\"\" width=\"744\" height=\"830\" srcset=\"https:\/\/alarmzone.pl\/wp-content\/uploads\/2024\/03\/czujnik_ruchu_PIR433_2.webp 744w, https:\/\/alarmzone.pl\/wp-content\/uploads\/2024\/03\/czujnik_ruchu_PIR433_2-269x300.webp 269w, https:\/\/alarmzone.pl\/wp-content\/uploads\/2024\/03\/czujnik_ruchu_PIR433_2-600x669.webp 600w\" sizes=\"(max-width: 744px) 100vw, 744px\" \/><\/a><\/p>\n<p><a href=\"https:\/\/alarmzone.pl\/wp-content\/uploads\/2024\/03\/czujnik_ruchu_PIR433_4.webp\"><img loading=\"lazy\" decoding=\"async\" class=\"aligncenter wp-image-1929 size-full\" src=\"https:\/\/alarmzone.pl\/wp-content\/uploads\/2024\/03\/czujnik_ruchu_PIR433_4.webp\" alt=\"\" width=\"740\" height=\"666\" srcset=\"https:\/\/alarmzone.pl\/wp-content\/uploads\/2024\/03\/czujnik_ruchu_PIR433_4.webp 740w, https:\/\/alarmzone.pl\/wp-content\/uploads\/2024\/03\/czujnik_ruchu_PIR433_4-300x270.webp 300w, https:\/\/alarmzone.pl\/wp-content\/uploads\/2024\/03\/czujnik_ruchu_PIR433_4-600x540.webp 600w\" sizes=\"(max-width: 740px) 100vw, 740px\" \/><\/a><\/p>\n<p><a href=\"https:\/\/alarmzone.pl\/wp-content\/uploads\/2024\/03\/czujnik_ruchu_PIR433_5.webp\"><img loading=\"lazy\" decoding=\"async\" class=\"aligncenter wp-image-1930 size-full\" src=\"https:\/\/alarmzone.pl\/wp-content\/uploads\/2024\/03\/czujnik_ruchu_PIR433_5.webp\" alt=\"\" width=\"637\" height=\"630\" srcset=\"https:\/\/alarmzone.pl\/wp-content\/uploads\/2024\/03\/czujnik_ruchu_PIR433_5.webp 637w, https:\/\/alarmzone.pl\/wp-content\/uploads\/2024\/03\/czujnik_ruchu_PIR433_5-300x297.webp 300w, https:\/\/alarmzone.pl\/wp-content\/uploads\/2024\/03\/czujnik_ruchu_PIR433_5-600x593.webp 600w, https:\/\/alarmzone.pl\/wp-content\/uploads\/2024\/03\/czujnik_ruchu_PIR433_5-100x100.webp 100w\" sizes=\"(max-width: 637px) 100vw, 637px\" \/><\/a><\/p>\n<p><a href=\"https:\/\/alarmzone.pl\/wp-content\/uploads\/2024\/03\/czujnik_ruchu_PIR433_6.webp\"><img loading=\"lazy\" decoding=\"async\" class=\"aligncenter wp-image-1931 size-full\" src=\"https:\/\/alarmzone.pl\/wp-content\/uploads\/2024\/03\/czujnik_ruchu_PIR433_6.webp\" alt=\"\" width=\"473\" height=\"458\" srcset=\"https:\/\/alarmzone.pl\/wp-content\/uploads\/2024\/03\/czujnik_ruchu_PIR433_6.webp 473w, https:\/\/alarmzone.pl\/wp-content\/uploads\/2024\/03\/czujnik_ruchu_PIR433_6-300x290.webp 300w\" sizes=\"(max-width: 473px) 100vw, 473px\" \/><\/a><\/p>\n<h5 class=\"\">Przepisy GPSR\/CE:<\/h5>\n<ul>\n<li><a href=\"https:\/\/alarmzone.pl\/wp-content\/uploads\/2025\/07\/GPSR-ALARMZONE.DOCX.pdf\">GPSR ALARMZONE.DOCX<\/a><\/li>\n<\/ul>\n","protected":false},"excerpt":{"rendered":"<ul>\n<li>\n<h6><span class=\"first\">Wysy\u0142ka w <\/span><span class=\"second\">24 godziny<\/span><\/h6>\n<\/li>\n<\/ul>\n","protected":false},"featured_media":1926,"comment_status":"open","ping_status":"closed","template":"","meta":[],"product_brand":[136],"product_cat":[221,41],"product_tag":[100,102,101],"class_list":{"0":"post-1924","1":"product","2":"type-product","3":"status-publish","4":"has-post-thumbnail","6":"product_brand-alarmzone","7":"product_cat-czujniki-ruchu","8":"product_cat-detektory-czujniki-piloty-syreny-itp","9":"product_tag-czujnik","10":"product_tag-czujnik-ruchu","11":"product_tag-detektor-ruchu","13":"first","14":"instock","15":"taxable","16":"shipping-taxable","17":"purchasable","18":"product-type-simple"},"_links":{"self":[{"href":"https:\/\/alarmzone.pl\/index.php\/wp-json\/wp\/v2\/product\/1924","targetHints":{"allow":["GET"]}}],"collection":[{"href":"https:\/\/alarmzone.pl\/index.php\/wp-json\/wp\/v2\/product"}],"about":[{"href":"https:\/\/alarmzone.pl\/index.php\/wp-json\/wp\/v2\/types\/product"}],"replies":[{"embeddable":true,"href":"https:\/\/alarmzone.pl\/index.php\/wp-json\/wp\/v2\/comments?post=1924"}],"wp:featuredmedia":[{"embeddable":true,"href":"https:\/\/alarmzone.pl\/index.php\/wp-json\/wp\/v2\/media\/1926"}],"wp:attachment":[{"href":"https:\/\/alarmzone.pl\/index.php\/wp-json\/wp\/v2\/media?parent=1924"}],"wp:term":[{"taxonomy":"product_brand","embeddable":true,"href":"https:\/\/alarmzone.pl\/index.php\/wp-json\/wp\/v2\/product_brand?post=1924"},{"taxonomy":"product_cat","embeddable":true,"href":"https:\/\/alarmzone.pl\/index.php\/wp-json\/wp\/v2\/product_cat?post=1924"},{"taxonomy":"product_tag","embeddable":true,"href":"https:\/\/alarmzone.pl\/index.php\/wp-json\/wp\/v2\/product_tag?post=1924"}],"curies":[{"name":"wp","href":"https:\/\/api.w.org\/{rel}","templated":true}]}}