{"id":1911,"date":"2024-03-25T15:00:05","date_gmt":"2024-03-25T15:00:05","guid":{"rendered":"http:\/\/sektoralarm.pl\/?post_type=product&#038;p=1911"},"modified":"2026-03-28T20:42:53","modified_gmt":"2026-03-28T20:42:53","slug":"czujnik-detektor-ruchu-pir-433mhz-odporny-na-zwierzeta-do-6-15kg","status":"publish","type":"product","link":"https:\/\/alarmzone.pl\/index.php\/produkt\/czujnik-detektor-ruchu-pir-433mhz-odporny-na-zwierzeta-do-6-15kg\/","title":{"rendered":"Czujnik PR200, detektor ruchu PIR 433MHz -odporny na zwierz\u0119ta do 6-15kg"},"content":{"rendered":"<div class=\"mpof_ki myre_zn myre_8v_l _0d3bd_YrWCD\">\n<div class=\"mp4t_16_s mryx_16_s mr3m_1 mli2_1 mh85_56 mh85_0_l\">\n<div class=\"mgn2_16 _0d3bd_5pK0q\">\n<div class=\"mpof_ki myre_zn myre_8v_l _0d3bd_YrWCD\">\n<div class=\"mp4t_16_s mryx_16_s mr3m_1 mli2_1 mh85_56 mh85_0_l\">\n<div class=\"mgn2_16 _0d3bd_5pK0q\">\n<p style=\"text-align: center;\"><strong>CZUJNIK RUCHU O SUPER\u00a0PARAMETRACH<\/strong><\/p>\n<p style=\"text-align: center;\">NOWOCZESNY BEZPRZEWODOWY CZUJNIK RUCHU\u00a0433 MHz<\/p>\n<p style=\"text-align: center;\">ODPORNY NA ZWIERZ\u0118TA DO 15 KG<\/p>\n<\/div>\n<\/div>\n<\/div>\n<\/div>\n<\/div>\n<\/div>\n<div class=\"mpof_ki myre_zn myre_8v_l _0d3bd_YrWCD\">\n<div class=\"mp4t_16_s mryx_16_s mr3m_1 mli2_1 mh85_56 mh85_0_l\">\n<div class=\"mgn2_16 _0d3bd_5pK0q\">\n<p><img fetchpriority=\"high\" decoding=\"async\" class=\"aligncenter wp-image-1906 size-full\" src=\"https:\/\/alarmzone.pl\/wp-content\/uploads\/2024\/03\/detektor.webp\" alt=\"\" width=\"800\" height=\"796\" srcset=\"https:\/\/alarmzone.pl\/wp-content\/uploads\/2024\/03\/detektor.webp 800w, https:\/\/alarmzone.pl\/wp-content\/uploads\/2024\/03\/detektor-300x300.webp 300w, https:\/\/alarmzone.pl\/wp-content\/uploads\/2024\/03\/detektor-150x150.webp 150w, https:\/\/alarmzone.pl\/wp-content\/uploads\/2024\/03\/detektor-768x764.webp 768w, https:\/\/alarmzone.pl\/wp-content\/uploads\/2024\/03\/detektor-600x597.webp 600w, https:\/\/alarmzone.pl\/wp-content\/uploads\/2024\/03\/detektor-100x100.webp 100w\" sizes=\"(max-width: 800px) 100vw, 800px\" \/><\/p>\n<\/div>\n<\/div>\n<\/div>\n<p><a href=\"https:\/\/alarmzone.pl\/wp-content\/uploads\/2024\/03\/detektor_1.webp\"><img decoding=\"async\" class=\"aligncenter wp-image-1907 size-full\" src=\"https:\/\/alarmzone.pl\/wp-content\/uploads\/2024\/03\/detektor_1.webp\" alt=\"\" width=\"800\" height=\"796\" srcset=\"https:\/\/alarmzone.pl\/wp-content\/uploads\/2024\/03\/detektor_1.webp 800w, https:\/\/alarmzone.pl\/wp-content\/uploads\/2024\/03\/detektor_1-300x300.webp 300w, https:\/\/alarmzone.pl\/wp-content\/uploads\/2024\/03\/detektor_1-150x150.webp 150w, https:\/\/alarmzone.pl\/wp-content\/uploads\/2024\/03\/detektor_1-768x764.webp 768w, https:\/\/alarmzone.pl\/wp-content\/uploads\/2024\/03\/detektor_1-600x597.webp 600w, https:\/\/alarmzone.pl\/wp-content\/uploads\/2024\/03\/detektor_1-100x100.webp 100w\" sizes=\"(max-width: 800px) 100vw, 800px\" \/><\/a><\/p>\n<p>&nbsp;<\/p>\n<p>&nbsp;<\/p>\n<div>\n<div><strong>Parametry techniczne:<\/strong><\/div>\n<div><\/div>\n<\/div>\n<div>\n<p><a style=\"outline: 0px;\" href=\"https:\/\/alarmzone.pl\/wp-content\/uploads\/2024\/03\/detektor_2.webp\"><img decoding=\"async\" class=\"alignright wp-image-1908\" src=\"https:\/\/alarmzone.pl\/wp-content\/uploads\/2024\/03\/detektor_2-238x300.webp\" alt=\"\" width=\"350\" height=\"442\" srcset=\"https:\/\/alarmzone.pl\/wp-content\/uploads\/2024\/03\/detektor_2-238x300.webp 238w, https:\/\/alarmzone.pl\/wp-content\/uploads\/2024\/03\/detektor_2-768x970.webp 768w, https:\/\/alarmzone.pl\/wp-content\/uploads\/2024\/03\/detektor_2-600x758.webp 600w, https:\/\/alarmzone.pl\/wp-content\/uploads\/2024\/03\/detektor_2.webp 800w\" sizes=\"(max-width: 350px) 100vw, 350px\" \/><\/a><\/p>\n<p>Zasilanie: bateria 2x AA<\/p>\n<p>Zu\u017cycie pr\u0105du w trybie czuwania: poni\u017cej 10uA<\/p>\n<p>Zu\u017cycie pr\u0105du w trybie alarmu: poni\u017cej 15mA<\/p>\n<p>Zakres temperatur pracy: -10to +50 \u00b0C<\/p>\n<p>Spos\u00f3b montowania: na\u015bcienne, wewn\u0105trz pomieszcze\u0144<\/p>\n<p>Wysoko\u015b\u0107 montowania: oko\u0142o 2-2,4m<\/p>\n<p>K\u0105t detekcji :\u00a0110\u00b0<\/p>\n<p>Dystans dzia\u0142ania &#8211; do 100m ( przestrze\u0144 otwarta)<\/p>\n<p>Odporno\u015b\u0107 na zwierz\u0119ta &#8211; do 15 kg<\/p>\n<p>Waga: 97g.<\/p>\n<p>Wymiary produktu :\u00a092 x\u00a050mm<\/p>\n<p>Waga z opakowaniem: 111g<\/p>\n<p>Cz\u0119stotliwo\u015b\u0107 nadawcza:\u00a0 433Mhz\/EV1527<\/p>\n<p>Wsp\u00f3\u0142pracuje z systemami\u00a0 alarmowymi TUYA-SR2, TUYA SR3, TUYA SR4, TUYA SR5, AZ11WG, TUYA\u00a0 AZ10WG, P70-4G\/LTE i innymi alarmami GSM i Wi-Fi pracuj\u0105cymi na cz\u0119stotliwo\u015bci 433 mHz. W celu alarmowania o ruchu czujnik musi by\u0107 sparowany z systemem alarmowym bezprzewodowo poprzez cz\u0119stotliwo\u015b\u0107 433mHz. Sam czujnik nie wydaje \u017cadnych d\u017awi\u0119k\u00f3w.<\/p>\n<\/div>\n<p>&nbsp;<\/p>\n<p><a href=\"https:\/\/alarmzone.pl\/wp-content\/uploads\/2024\/03\/detektor_3.webp\"><img loading=\"lazy\" decoding=\"async\" class=\"alignleft wp-image-1909\" src=\"https:\/\/alarmzone.pl\/wp-content\/uploads\/2024\/03\/detektor_3-298x300.webp\" alt=\"\" width=\"350\" height=\"352\" srcset=\"https:\/\/alarmzone.pl\/wp-content\/uploads\/2024\/03\/detektor_3-298x300.webp 298w, https:\/\/alarmzone.pl\/wp-content\/uploads\/2024\/03\/detektor_3-150x150.webp 150w, https:\/\/alarmzone.pl\/wp-content\/uploads\/2024\/03\/detektor_3-768x773.webp 768w, https:\/\/alarmzone.pl\/wp-content\/uploads\/2024\/03\/detektor_3-600x604.webp 600w, https:\/\/alarmzone.pl\/wp-content\/uploads\/2024\/03\/detektor_3-100x100.webp 100w, https:\/\/alarmzone.pl\/wp-content\/uploads\/2024\/03\/detektor_3.webp 788w\" sizes=\"(max-width: 350px) 100vw, 350px\" \/><\/a><\/p>\n<p><strong>Wymagania:<\/strong><\/p>\n<p>&#8211; Centrala alarmowa\/hub 433 MHz z otwartym kodowaniem,. np. P70-4G\/LTE AZ11WG,AZ10WG, SR3,SR4,SR5 itp.<\/p>\n<p>&nbsp;<\/p>\n<p><strong>Jedno opakowanie zawiera:<\/strong><\/p>\n<p>-Czujnik ruchu (z bateriami) X 1<\/p>\n<p>-Zestaw do montowania na \u015bcianie X 1<\/p>\n<p>&nbsp;<\/p>\n<p>&nbsp;<\/p>\n<p>&nbsp;<\/p>\n<h5 class=\"\">Przepisy GPSR\/CE:<\/h5>\n<ul>\n<li><a href=\"https:\/\/alarmzone.pl\/wp-content\/uploads\/2025\/07\/GPSR-ALARMZONE.DOCX.pdf\">GPSR ALARMZONE.DOCX<\/a><\/li>\n<\/ul>\n","protected":false},"excerpt":{"rendered":"<ul>\n<li>\n<h6><span class=\"first\">Wysy\u0142ka w <\/span><span class=\"second\">24 godziny<\/span><\/h6>\n<\/li>\n<\/ul>\n","protected":false},"featured_media":1910,"comment_status":"open","ping_status":"closed","template":"","meta":[],"product_brand":[136],"product_cat":[221,41],"product_tag":[100,102,101],"class_list":{"0":"post-1911","1":"product","2":"type-product","3":"status-publish","4":"has-post-thumbnail","6":"product_brand-alarmzone","7":"product_cat-czujniki-ruchu","8":"product_cat-detektory-czujniki-piloty-syreny-itp","9":"product_tag-czujnik","10":"product_tag-czujnik-ruchu","11":"product_tag-detektor-ruchu","13":"first","14":"instock","15":"taxable","16":"shipping-taxable","17":"purchasable","18":"product-type-simple"},"_links":{"self":[{"href":"https:\/\/alarmzone.pl\/index.php\/wp-json\/wp\/v2\/product\/1911","targetHints":{"allow":["GET"]}}],"collection":[{"href":"https:\/\/alarmzone.pl\/index.php\/wp-json\/wp\/v2\/product"}],"about":[{"href":"https:\/\/alarmzone.pl\/index.php\/wp-json\/wp\/v2\/types\/product"}],"replies":[{"embeddable":true,"href":"https:\/\/alarmzone.pl\/index.php\/wp-json\/wp\/v2\/comments?post=1911"}],"wp:featuredmedia":[{"embeddable":true,"href":"https:\/\/alarmzone.pl\/index.php\/wp-json\/wp\/v2\/media\/1910"}],"wp:attachment":[{"href":"https:\/\/alarmzone.pl\/index.php\/wp-json\/wp\/v2\/media?parent=1911"}],"wp:term":[{"taxonomy":"product_brand","embeddable":true,"href":"https:\/\/alarmzone.pl\/index.php\/wp-json\/wp\/v2\/product_brand?post=1911"},{"taxonomy":"product_cat","embeddable":true,"href":"https:\/\/alarmzone.pl\/index.php\/wp-json\/wp\/v2\/product_cat?post=1911"},{"taxonomy":"product_tag","embeddable":true,"href":"https:\/\/alarmzone.pl\/index.php\/wp-json\/wp\/v2\/product_tag?post=1911"}],"curies":[{"name":"wp","href":"https:\/\/api.w.org\/{rel}","templated":true}]}}