{"id":1884,"date":"2024-03-25T13:45:08","date_gmt":"2024-03-25T13:45:08","guid":{"rendered":"http:\/\/sektoralarm.pl\/?post_type=product&#038;p=1884"},"modified":"2026-03-29T17:09:32","modified_gmt":"2026-03-29T17:09:32","slug":"pilot-zdalnego-sterowania-433-mhz","status":"publish","type":"product","link":"https:\/\/alarmzone.pl\/index.php\/produkt\/pilot-zdalnego-sterowania-433-mhz\/","title":{"rendered":"Pilot zdalnego sterowania 433 MHz do alarmu"},"content":{"rendered":"<div class=\"mpof_ki myre_zn myre_8v_l _0d3bd_YrWCD\">\n<div class=\"mp4t_16_s mryx_16_s mr3m_1 mli2_1 mh85_56 mh85_0_l\">\n<div class=\"mgn2_16 _0d3bd_5pK0q\">\n<div class=\"mpof_ki myre_zn myre_8v_l _0d3bd_YrWCD\">\n<div class=\"mp4t_16_s mryx_16_s mr3m_1 mli2_1 mh85_56 mh85_0_l\">\n<div class=\"mgn2_16 _0d3bd_5pK0q\">\n<p>Pilot zdalnego sterowania 433 MHz stosowany do system\u00f3w alarmowych, np. P70-4G\/LTE, AZ10WG, AZ11WG, Tuya Smart SR1, SR2, SR3, SR4,SR5.<\/p>\n<\/div>\n<\/div>\n<\/div>\n<\/div>\n<\/div>\n<\/div>\n<div class=\"mpof_ki myre_zn myre_8v_l _0d3bd_YrWCD\">\n<div class=\"mp4t_16_s mryx_16_s mr3m_1 mli2_1 mh85_56 mh85_0_l\">\n<div class=\"mgn2_16 _0d3bd_5pK0q\">\n<p><img fetchpriority=\"high\" decoding=\"async\" class=\"aligncenter wp-image-1880 size-full\" src=\"https:\/\/alarmzone.pl\/wp-content\/uploads\/2024\/03\/pilot_zdalnego_sterowania.webp\" alt=\"\" width=\"800\" height=\"823\" srcset=\"https:\/\/alarmzone.pl\/wp-content\/uploads\/2024\/03\/pilot_zdalnego_sterowania.webp 800w, https:\/\/alarmzone.pl\/wp-content\/uploads\/2024\/03\/pilot_zdalnego_sterowania-292x300.webp 292w, https:\/\/alarmzone.pl\/wp-content\/uploads\/2024\/03\/pilot_zdalnego_sterowania-768x790.webp 768w, https:\/\/alarmzone.pl\/wp-content\/uploads\/2024\/03\/pilot_zdalnego_sterowania-600x617.webp 600w\" sizes=\"(max-width: 800px) 100vw, 800px\" \/><\/p>\n<\/div>\n<\/div>\n<\/div>\n<p>&nbsp;<\/p>\n<p class=\"magic-6\"><span style=\"color: #ff0000;\"><strong><span class=\"magic-7\" data-spm-anchor-id=\"a2700.details.0.i84.7bb32031Wn5pZC\">Parametry techniczne\u00a0:<\/span><\/strong><\/span><\/p>\n<div class=\"magic-1\">\n<div class=\"magic-2\">\n<div class=\"magic-3\" data-spm-anchor-id=\"a2700.details.0.i83.7bb32031Wn5pZC\">Zasilanie bateryjne: CR2032\u00d71<br \/>\nPob\u00f3r pr\u0105du w trybie czuwania: \u22641\u03bcA<br \/>\nPob\u00f3r pr\u0105du w trybie pracy: \u226410mA<br \/>\nTemperatura pracy: -10\u00b0C\uff5e+50\u00b0C<br \/>\nCz\u0119stotliwo\u015b\u0107 pracy: 433MHz, eV1527<br \/>\nRozmiar: 60\u00d739.7\u00d712mm<\/div>\n<\/div>\n<div data-spm-anchor-id=\"a2700.details.0.i83.7bb32031Wn5pZC\"><a href=\"https:\/\/alarmzone.pl\/wp-content\/uploads\/2024\/03\/pilot_zdalnego_sterowania_1.webp\"><img decoding=\"async\" class=\"aligncenter wp-image-1881 size-full\" src=\"https:\/\/alarmzone.pl\/wp-content\/uploads\/2024\/03\/pilot_zdalnego_sterowania_1.webp\" alt=\"\" width=\"800\" height=\"826\" srcset=\"https:\/\/alarmzone.pl\/wp-content\/uploads\/2024\/03\/pilot_zdalnego_sterowania_1.webp 800w, https:\/\/alarmzone.pl\/wp-content\/uploads\/2024\/03\/pilot_zdalnego_sterowania_1-291x300.webp 291w, https:\/\/alarmzone.pl\/wp-content\/uploads\/2024\/03\/pilot_zdalnego_sterowania_1-768x793.webp 768w, https:\/\/alarmzone.pl\/wp-content\/uploads\/2024\/03\/pilot_zdalnego_sterowania_1-600x620.webp 600w\" sizes=\"(max-width: 800px) 100vw, 800px\" \/><\/a> <a href=\"https:\/\/alarmzone.pl\/wp-content\/uploads\/2024\/03\/pilot_zdalnego_sterowania_2.webp\"><img decoding=\"async\" class=\"aligncenter wp-image-1882 size-full\" src=\"https:\/\/alarmzone.pl\/wp-content\/uploads\/2024\/03\/pilot_zdalnego_sterowania_2.webp\" alt=\"\" width=\"800\" height=\"413\" srcset=\"https:\/\/alarmzone.pl\/wp-content\/uploads\/2024\/03\/pilot_zdalnego_sterowania_2.webp 800w, https:\/\/alarmzone.pl\/wp-content\/uploads\/2024\/03\/pilot_zdalnego_sterowania_2-300x155.webp 300w, https:\/\/alarmzone.pl\/wp-content\/uploads\/2024\/03\/pilot_zdalnego_sterowania_2-768x396.webp 768w, https:\/\/alarmzone.pl\/wp-content\/uploads\/2024\/03\/pilot_zdalnego_sterowania_2-600x310.webp 600w\" sizes=\"(max-width: 800px) 100vw, 800px\" \/><\/a><\/div>\n<\/div>\n<p>&nbsp;<\/p>\n<p>&nbsp;<\/p>\n<h5 class=\"\">Przepisy GPSR\/CE:<\/h5>\n<ul>\n<li><a href=\"https:\/\/alarmzone.pl\/wp-content\/uploads\/2025\/07\/GPSR-ALARMZONE.DOCX.pdf\">GPSR ALARMZONE.DOCX<\/a><\/li>\n<\/ul>\n","protected":false},"excerpt":{"rendered":"<ul>\n<li>\n<h6><span class=\"first\">Wysy\u0142ka w <\/span><span class=\"second\">24 godziny<\/span><\/h6>\n<\/li>\n<\/ul>\n","protected":false},"featured_media":1880,"comment_status":"open","ping_status":"closed","template":"","meta":[],"product_brand":[136],"product_cat":[41,230],"product_tag":[98,99],"class_list":{"0":"post-1884","1":"product","2":"type-product","3":"status-publish","4":"has-post-thumbnail","6":"product_brand-alarmzone","7":"product_cat-detektory-czujniki-piloty-syreny-itp","8":"product_cat-manipulatory-breloki-rfid","9":"product_tag-pilot","10":"product_tag-pilot-zdalnego-sterowania","12":"first","13":"instock","14":"taxable","15":"shipping-taxable","16":"purchasable","17":"product-type-simple"},"_links":{"self":[{"href":"https:\/\/alarmzone.pl\/index.php\/wp-json\/wp\/v2\/product\/1884","targetHints":{"allow":["GET"]}}],"collection":[{"href":"https:\/\/alarmzone.pl\/index.php\/wp-json\/wp\/v2\/product"}],"about":[{"href":"https:\/\/alarmzone.pl\/index.php\/wp-json\/wp\/v2\/types\/product"}],"replies":[{"embeddable":true,"href":"https:\/\/alarmzone.pl\/index.php\/wp-json\/wp\/v2\/comments?post=1884"}],"wp:featuredmedia":[{"embeddable":true,"href":"https:\/\/alarmzone.pl\/index.php\/wp-json\/wp\/v2\/media\/1880"}],"wp:attachment":[{"href":"https:\/\/alarmzone.pl\/index.php\/wp-json\/wp\/v2\/media?parent=1884"}],"wp:term":[{"taxonomy":"product_brand","embeddable":true,"href":"https:\/\/alarmzone.pl\/index.php\/wp-json\/wp\/v2\/product_brand?post=1884"},{"taxonomy":"product_cat","embeddable":true,"href":"https:\/\/alarmzone.pl\/index.php\/wp-json\/wp\/v2\/product_cat?post=1884"},{"taxonomy":"product_tag","embeddable":true,"href":"https:\/\/alarmzone.pl\/index.php\/wp-json\/wp\/v2\/product_tag?post=1884"}],"curies":[{"name":"wp","href":"https:\/\/api.w.org\/{rel}","templated":true}]}}