{"id":1878,"date":"2024-03-25T13:38:24","date_gmt":"2024-03-25T13:38:24","guid":{"rendered":"http:\/\/sektoralarm.pl\/?post_type=product&#038;p=1878"},"modified":"2026-03-29T17:09:46","modified_gmt":"2026-03-29T17:09:46","slug":"pilot-samokopiujacy-433mhz-pilot-do-alarmu-pilot-do-bramy","status":"publish","type":"product","link":"https:\/\/alarmzone.pl\/index.php\/produkt\/pilot-samokopiujacy-433mhz-pilot-do-alarmu-pilot-do-bramy\/","title":{"rendered":"Pilot samokopiuj\u0105cy 433MHz, pilot do alarmu 433 MHz"},"content":{"rendered":"<div class=\"mpof_ki myre_zn myre_8v_l _0d3bd_YrWCD\">\n<div class=\"mp4t_16_s mryx_16_s mr3m_1 mli2_1 mh85_56 mh85_0_l\">\n<div class=\"mgn2_16 _0d3bd_5pK0q\">\n<div class=\"mpof_ki myre_zn myre_8v_l _0d3bd_YrWCD\">\n<div class=\"mp4t_16_s mryx_16_s mr3m_1 mli2_1 mh85_56 mh85_0_l\">\n<div class=\"mgn2_16 _0d3bd_5pK0q\">\n<p style=\"text-align: center;\"><strong><span title=\"Hot Spots \u00a0\u00a0\u00a0\u00a0\">\u00a0\u00a0\u00a0\u00a0<\/span><span title=\"433mhz Wireless auto remote control \u00a0\u00a0\u00a0\u00a0\">433MHz bezprzewodowy pilot samokopiuj\u0105cy.<\/span><\/strong><span title=\"One to one key copy \u00a0\u00a0\u00a0\u00a0\"><br \/>\n<\/span><span title=\"Privacy is strong \u00a0\u00a0\u00a0\u00a0\"><br \/>\n<\/span><span title=\"Uses: garage doors, motorcycles, car alarm products, home security products, short-range wireless remote control products, industrial control products \"><span title=\"One to one key copy \u00a0\u00a0\u00a0\u00a0\">\u00a0\u00a0<\/span><span title=\"Privacy is strong \u00a0\u00a0\u00a0\u00a0\"><br \/>\n<\/span><span title=\"Uses: garage doors, motorcycles, car alarm products, home security products, short-range wireless remote control products, industrial control products \">Zastosowanie: Systemy alarmowe, alarmy do roweru z pilotem zdalnego sterowania, bramy gara\u017cowe( tylko wybrane modele 433 MHz ze sta\u0142ym kodowaniem), produkty autoalarmowe(nie piloty do samochodu), produkty zabezpieczenia w domu(alarmy, inteligentna kontrola domowa 433 MHz), produkty bezprzewodowe zdalnie sterowane kr\u00f3tkiego zasi\u0119gu, produkty kontroli przemys\u0142owej.<\/span><\/span><span title=\"Description: \"><br \/>\n<\/span><\/p>\n<p><span title=\"Specifications: \u00a0\u00a0\u00a0\u00a0\"><strong>Dane techniczne:<\/strong><\/span><\/p>\n<p><span title=\"Working voltage: DC12V (27A battery a including) \u00a0\u00a0\u00a0\u00a0\">Napi\u0119cie robocze: DC12V (bateria 27A )<br \/>\n<\/span><span title=\"Operating Current: &lt; 8mA \u00a0\u00a0\u00a0\u00a0\">Pob\u00f3r pr\u0105du: &lt;8mA<br \/>\n<\/span><span title=\"The working frequency: 315MHz or 433Mhz (Specific frequency according to customer requirements) \u00a0\u00a0\u00a0\u00a0\">\u00a0\u00a0 Cz\u0119stotliwo\u015b\u0107: 433MHz<br \/>\n<\/span><span title=\"Modulation Mode: ASK (AM) \u00a0\u00a0\u00a0\u00a0\">Tryb modulacji: ASK (AM)<br \/>\n<\/span><span title=\"The transmission power:&lt;100mW \u00a0\u00a0\u00a0\u00a0\">Moc nadawcza: &lt;100mW<br \/>\n<\/span><span title=\"Emission Distance: 50 to 100 m (proof) \u00a0\u00a0\u00a0\u00a0\">Odleg\u0142o\u015b\u0107 dzia\u0142ania: do 100 m<br \/>\n<\/span><span title=\"The encoding type: self Copy \u00a0\u00a0\u00a0\u00a0\">Rodzaj kodowania: samokopiuj\u0105cy-kod sta\u0142y<br \/>\n<\/span><span title=\"The working temperature: -10\u00b0C to +50\u00b0C \u00a0\u00a0\u00a0\u00a0\">Temperatura pracy: od -10 \u00b0 C do + 50 \u00b0 C<br \/>\n<\/span><span title=\"Copy chip remote: 2262, 2260, 5026, 5326, 5326-3, 5326-4, HT6010, HT6014, PT2292, PLC158, SMC918, UM3750AM,etc \u00a0\u00a0\u00a0\u00a0\">Kopiowanie uk\u0142adu zdalnego: 2262, 2260, 5026, 5326, 5326-3, 5326-4, HT6010, HT6014, PT2292, PLC158, SMC918, UM3750AM<\/span><\/p>\n<\/div>\n<\/div>\n<\/div>\n<\/div>\n<\/div>\n<\/div>\n<div class=\"mpof_ki myre_zn myre_8v_l _0d3bd_YrWCD\">\n<div class=\"mp4t_16_s mryx_16_s mr3m_1 mli2_1 mh85_56 mh85_0_l\">\n<div class=\"mgn2_16 _0d3bd_5pK0q\">\n<p><a href=\"https:\/\/alarmzone.pl\/wp-content\/uploads\/2024\/03\/pilot_samokopiujacy.webp\"><img fetchpriority=\"high\" decoding=\"async\" class=\"aligncenter wp-image-1874 size-full\" src=\"https:\/\/alarmzone.pl\/wp-content\/uploads\/2024\/03\/pilot_samokopiujacy.webp\" alt=\"\" width=\"394\" height=\"420\" srcset=\"https:\/\/alarmzone.pl\/wp-content\/uploads\/2024\/03\/pilot_samokopiujacy.webp 394w, https:\/\/alarmzone.pl\/wp-content\/uploads\/2024\/03\/pilot_samokopiujacy-281x300.webp 281w\" sizes=\"(max-width: 394px) 100vw, 394px\" \/><\/a><\/p>\n<\/div>\n<\/div>\n<\/div>\n<p>&nbsp;<\/p>\n<p><span id=\"result_box\" lang=\"pl\"><span title=\"Package Includes: \u00a0\u00a0\u00a0\u00a0\"><strong>Paczka zawiera:<\/strong><\/span><\/span><\/p>\n<p><span title=\"1 x Manual \u00a0\u00a0\u00a0\u00a0\">1 x Instrukcja obs\u0142ugi<br \/>\n<\/span><span title=\"1 x Wireless Copy remote\">1 x bezprzewodowy pilot zdalnego kopiowania z bateri\u0105<br \/>\n<\/span><\/p>\n<p>&nbsp;<\/p>\n<p><em><strong>Uwaga:<\/strong> Pilot nie nadaje si\u0119 do kopiowania pilot\u00f3w samochodowych, pilot\u00f3w do bram wymagaj\u0105cych programowania w sterowniku(przycisk programowania przy silniku), pilot\u00f3w do osiedlowych szlaban\u00f3w.<\/em><\/p>\n<p>&nbsp;<\/p>\n<p>&nbsp;<\/p>\n<p>&nbsp;<\/p>\n<p><iframe title=\"Pilot samokopiuj\u0105cy AlarmZone X2-02. Jak zaprogramowa\u0107 pilota 433 MHz?\" width=\"1240\" height=\"698\" src=\"https:\/\/www.youtube.com\/embed\/2wUWHAB25II?feature=oembed&#038;enablejsapi=1&#038;origin=https:\/\/alarmzone.pl\" frameborder=\"0\" allow=\"accelerometer; autoplay; clipboard-write; encrypted-media; gyroscope; picture-in-picture; web-share\" referrerpolicy=\"strict-origin-when-cross-origin\" allowfullscreen><\/iframe><\/p>\n<p>&nbsp;<\/p>\n<h5 class=\"\">Przepisy GPSR\/CE:<\/h5>\n<ul>\n<li><a href=\"https:\/\/alarmzone.pl\/wp-content\/uploads\/2025\/07\/GPSR-ALARMZONE.DOCX.pdf\">GPSR ALARMZONE.DOCX<\/a><\/li>\n<\/ul>\n","protected":false},"excerpt":{"rendered":"<ul>\n<li>\n<h6><span class=\"first\">Wysy\u0142ka w <\/span><span class=\"second\">24 godziny<\/span><\/h6>\n<\/li>\n<\/ul>\n","protected":false},"featured_media":1875,"comment_status":"open","ping_status":"closed","template":"","meta":[],"product_brand":[136],"product_cat":[41,230],"product_tag":[98,95,97,96],"class_list":{"0":"post-1878","1":"product","2":"type-product","3":"status-publish","4":"has-post-thumbnail","6":"product_brand-alarmzone","7":"product_cat-detektory-czujniki-piloty-syreny-itp","8":"product_cat-manipulatory-breloki-rfid","9":"product_tag-pilot","10":"product_tag-pilot-do-alarmu","11":"product_tag-pilot-do-bramy","12":"product_tag-pilot-samokopiujacy","14":"first","15":"instock","16":"taxable","17":"shipping-taxable","18":"purchasable","19":"product-type-simple"},"_links":{"self":[{"href":"https:\/\/alarmzone.pl\/index.php\/wp-json\/wp\/v2\/product\/1878","targetHints":{"allow":["GET"]}}],"collection":[{"href":"https:\/\/alarmzone.pl\/index.php\/wp-json\/wp\/v2\/product"}],"about":[{"href":"https:\/\/alarmzone.pl\/index.php\/wp-json\/wp\/v2\/types\/product"}],"replies":[{"embeddable":true,"href":"https:\/\/alarmzone.pl\/index.php\/wp-json\/wp\/v2\/comments?post=1878"}],"wp:featuredmedia":[{"embeddable":true,"href":"https:\/\/alarmzone.pl\/index.php\/wp-json\/wp\/v2\/media\/1875"}],"wp:attachment":[{"href":"https:\/\/alarmzone.pl\/index.php\/wp-json\/wp\/v2\/media?parent=1878"}],"wp:term":[{"taxonomy":"product_brand","embeddable":true,"href":"https:\/\/alarmzone.pl\/index.php\/wp-json\/wp\/v2\/product_brand?post=1878"},{"taxonomy":"product_cat","embeddable":true,"href":"https:\/\/alarmzone.pl\/index.php\/wp-json\/wp\/v2\/product_cat?post=1878"},{"taxonomy":"product_tag","embeddable":true,"href":"https:\/\/alarmzone.pl\/index.php\/wp-json\/wp\/v2\/product_tag?post=1878"}],"curies":[{"name":"wp","href":"https:\/\/api.w.org\/{rel}","templated":true}]}}