{"id":1863,"date":"2024-03-25T12:45:35","date_gmt":"2024-03-25T12:45:35","guid":{"rendered":"http:\/\/sektoralarm.pl\/?post_type=product&#038;p=1863"},"modified":"2026-03-29T17:10:00","modified_gmt":"2026-03-29T17:10:00","slug":"wzmacniacz-sygnalu-radiowego-433-mhz","status":"publish","type":"product","link":"https:\/\/alarmzone.pl\/index.php\/produkt\/wzmacniacz-sygnalu-radiowego-433-mhz\/","title":{"rendered":"Wzmacniacz sygna\u0142u radiowego 433 MHz"},"content":{"rendered":"<div class=\"mpof_ki myre_zn myre_8v_l _0d3bd_YrWCD\">\n<div class=\"mp4t_16_s mryx_16_s mr3m_1 mli2_1 mh85_56 mh85_0_l\">\n<div class=\"mgn2_16 _0d3bd_5pK0q\">\n<div class=\"mpof_ki myre_zn myre_8v_l _0d3bd_YrWCD\">\n<div class=\"mp4t_16_s mryx_16_s mr3m_1 mli2_1 mh85_56 mh85_0_l\">\n<div class=\"mgn2_16 _0d3bd_5pK0q\">\n<h3 style=\"text-align: center;\"><span style=\"color: #ff0000;\"><strong>WZMACNIACZ SYGNA\u0141U 433 MHZ<\/strong><\/span><\/h3>\n<\/div>\n<\/div>\n<\/div>\n<\/div>\n<\/div>\n<\/div>\n<div class=\"mpof_ki myre_zn myre_8v_l _0d3bd_YrWCD\">\n<div class=\"mp4t_16_s mryx_16_s mr3m_1 mli2_1 mh85_56 mh85_0_l\">\n<div class=\"mgn2_16 _0d3bd_5pK0q\">\n<p><a href=\"https:\/\/alarmzone.pl\/wp-content\/uploads\/2024\/03\/wzmacniacz_6.webp\"><img fetchpriority=\"high\" decoding=\"async\" class=\"aligncenter wp-image-1870 size-full\" src=\"https:\/\/alarmzone.pl\/wp-content\/uploads\/2024\/03\/wzmacniacz_6.webp\" alt=\"\" width=\"800\" height=\"808\" srcset=\"https:\/\/alarmzone.pl\/wp-content\/uploads\/2024\/03\/wzmacniacz_6.webp 800w, https:\/\/alarmzone.pl\/wp-content\/uploads\/2024\/03\/wzmacniacz_6-297x300.webp 297w, https:\/\/alarmzone.pl\/wp-content\/uploads\/2024\/03\/wzmacniacz_6-768x776.webp 768w, https:\/\/alarmzone.pl\/wp-content\/uploads\/2024\/03\/wzmacniacz_6-600x606.webp 600w, https:\/\/alarmzone.pl\/wp-content\/uploads\/2024\/03\/wzmacniacz_6-100x100.webp 100w\" sizes=\"(max-width: 800px) 100vw, 800px\" \/><\/a><\/p>\n<\/div>\n<\/div>\n<\/div>\n<p>&nbsp;<\/p>\n<p>Dzi\u0119ki wzmacniaczowi EX10 ekspozycja sygna\u0142u jest szybsza i bardziej stabilna<br \/>\nUmieszczenie sparowanego wzmacniacza pomi\u0119dzy detektorem a obszarem hosta mo\u017ce skutecznie<br \/>\npom\u00f3c detektorowi w poprawie si\u0142y sygna\u0142u radiowego 433 MH<\/p>\n<p><a href=\"https:\/\/alarmzone.pl\/wp-content\/uploads\/2024\/03\/wzmacniacz_1.webp\"><img decoding=\"async\" class=\"aligncenter wp-image-1865 size-full\" src=\"https:\/\/alarmzone.pl\/wp-content\/uploads\/2024\/03\/wzmacniacz_1.webp\" alt=\"\" width=\"800\" height=\"803\" srcset=\"https:\/\/alarmzone.pl\/wp-content\/uploads\/2024\/03\/wzmacniacz_1.webp 800w, https:\/\/alarmzone.pl\/wp-content\/uploads\/2024\/03\/wzmacniacz_1-300x300.webp 300w, https:\/\/alarmzone.pl\/wp-content\/uploads\/2024\/03\/wzmacniacz_1-150x150.webp 150w, https:\/\/alarmzone.pl\/wp-content\/uploads\/2024\/03\/wzmacniacz_1-768x771.webp 768w, https:\/\/alarmzone.pl\/wp-content\/uploads\/2024\/03\/wzmacniacz_1-600x602.webp 600w, https:\/\/alarmzone.pl\/wp-content\/uploads\/2024\/03\/wzmacniacz_1-100x100.webp 100w\" sizes=\"(max-width: 800px) 100vw, 800px\" \/><\/a><\/p>\n<p>&nbsp;<\/p>\n<p><strong>Zestaw zawiera:\u00a0<\/strong><\/p>\n<p>1x Wzmacniacz sygna\u0142u 433 MHz,<\/p>\n<p>1x Zasilacz z kablem USB,<\/p>\n<p>1x Antena<\/p>\n<p>1x Ko\u0142ki monta\u017cowe,<\/p>\n<p>1x Instrukcja obs\u0142ugi<\/p>\n<p>&nbsp;<\/p>\n<p><iframe title=\"Wzmacniacz sygna\u0142u radiowego 433 MHz do system\u00f3w alarmowych\" width=\"1240\" height=\"698\" src=\"https:\/\/www.youtube.com\/embed\/52C08fCh8so?feature=oembed&#038;enablejsapi=1&#038;origin=https:\/\/alarmzone.pl\" frameborder=\"0\" allow=\"accelerometer; autoplay; clipboard-write; encrypted-media; gyroscope; picture-in-picture; web-share\" referrerpolicy=\"strict-origin-when-cross-origin\" allowfullscreen><\/iframe><\/p>\n<p>&nbsp;<\/p>\n<h5 class=\"\">Przepisy GPSR\/CE:<\/h5>\n<ul>\n<li><a href=\"https:\/\/alarmzone.pl\/wp-content\/uploads\/2025\/07\/GPSR-ALARMZONE.DOCX.pdf\">GPSR ALARMZONE.DOCX<\/a><\/li>\n<\/ul>\n","protected":false},"excerpt":{"rendered":"<ul>\n<li>\n<h6><span class=\"first\">Wysy\u0142ka w <\/span><span class=\"second\">24 godziny<\/span><\/h6>\n<\/li>\n<\/ul>\n","protected":false},"featured_media":1868,"comment_status":"open","ping_status":"closed","template":"","meta":[],"product_brand":[136],"product_cat":[41,229],"product_tag":[91],"class_list":{"0":"post-1863","1":"product","2":"type-product","3":"status-publish","4":"has-post-thumbnail","6":"product_brand-alarmzone","7":"product_cat-detektory-czujniki-piloty-syreny-itp","8":"product_cat-wzmacniacze-sygnalu","9":"product_tag-zasilacz","11":"first","12":"instock","13":"taxable","14":"shipping-taxable","15":"purchasable","16":"product-type-simple"},"_links":{"self":[{"href":"https:\/\/alarmzone.pl\/index.php\/wp-json\/wp\/v2\/product\/1863","targetHints":{"allow":["GET"]}}],"collection":[{"href":"https:\/\/alarmzone.pl\/index.php\/wp-json\/wp\/v2\/product"}],"about":[{"href":"https:\/\/alarmzone.pl\/index.php\/wp-json\/wp\/v2\/types\/product"}],"replies":[{"embeddable":true,"href":"https:\/\/alarmzone.pl\/index.php\/wp-json\/wp\/v2\/comments?post=1863"}],"wp:featuredmedia":[{"embeddable":true,"href":"https:\/\/alarmzone.pl\/index.php\/wp-json\/wp\/v2\/media\/1868"}],"wp:attachment":[{"href":"https:\/\/alarmzone.pl\/index.php\/wp-json\/wp\/v2\/media?parent=1863"}],"wp:term":[{"taxonomy":"product_brand","embeddable":true,"href":"https:\/\/alarmzone.pl\/index.php\/wp-json\/wp\/v2\/product_brand?post=1863"},{"taxonomy":"product_cat","embeddable":true,"href":"https:\/\/alarmzone.pl\/index.php\/wp-json\/wp\/v2\/product_cat?post=1863"},{"taxonomy":"product_tag","embeddable":true,"href":"https:\/\/alarmzone.pl\/index.php\/wp-json\/wp\/v2\/product_tag?post=1863"}],"curies":[{"name":"wp","href":"https:\/\/api.w.org\/{rel}","templated":true}]}}