{"id":1858,"date":"2024-03-22T12:55:08","date_gmt":"2024-03-22T12:55:08","guid":{"rendered":"http:\/\/sektoralarm.pl\/?post_type=product&#038;p=1858"},"modified":"2026-03-29T17:10:23","modified_gmt":"2026-03-29T17:10:23","slug":"wewnetrzna-bezprzewodowa-syrena-alarmowa-433-mhz","status":"publish","type":"product","link":"https:\/\/alarmzone.pl\/index.php\/produkt\/wewnetrzna-bezprzewodowa-syrena-alarmowa-433-mhz\/","title":{"rendered":"Wewn\u0119trzna, bezprzewodowa syrena alarmowa 433 MHZ"},"content":{"rendered":"<h3 style=\"text-align: center;\"><span style=\"color: #0000ff;\"><strong>NOWOCZESNA\u00a0SYRENA ALARMOWA DO STWORZENIA PROFESJONALNEGO ALARMU<\/strong><\/span><\/h3>\n<h3 style=\"text-align: center;\"><span style=\"color: #ff0000;\"><strong>WEWN\u0118TRZNA BEZPRZEWODOWA 433 MHZ\u00a0<\/strong><\/span><\/h3>\n<p><a href=\"https:\/\/alarmzone.pl\/wp-content\/uploads\/2024\/03\/433-MHZ.webp\"><img fetchpriority=\"high\" decoding=\"async\" class=\"aligncenter wp-image-1859 size-full\" src=\"https:\/\/alarmzone.pl\/wp-content\/uploads\/2024\/03\/433-MHZ.webp\" alt=\"\" width=\"800\" height=\"798\" srcset=\"https:\/\/alarmzone.pl\/wp-content\/uploads\/2024\/03\/433-MHZ.webp 800w, https:\/\/alarmzone.pl\/wp-content\/uploads\/2024\/03\/433-MHZ-300x300.webp 300w, https:\/\/alarmzone.pl\/wp-content\/uploads\/2024\/03\/433-MHZ-150x150.webp 150w, https:\/\/alarmzone.pl\/wp-content\/uploads\/2024\/03\/433-MHZ-768x766.webp 768w, https:\/\/alarmzone.pl\/wp-content\/uploads\/2024\/03\/433-MHZ-600x599.webp 600w, https:\/\/alarmzone.pl\/wp-content\/uploads\/2024\/03\/433-MHZ-100x100.webp 100w\" sizes=\"(max-width: 800px) 100vw, 800px\" \/><\/a><\/p>\n<p>&nbsp;<\/p>\n<p><em><strong>CO WYR\u00d3\u017bNIA SYREN\u0118 WSR020:<\/strong><\/em><\/p>\n<p>*\u00a0Wbudowany akumulator\u00a0&#8211; nawet 8h czuwania po wy\u0142\u0105czeniu pr\u0105du,<\/p>\n<p>*\u00a0\u0141atwa konfiguracja\u00a0&#8211; bardzo proste \u0142\u0105czenie z systemami alarmowymi 433 MHz oraz wybranymi czujnikami i pilotami 433 MHz<\/p>\n<p>*\u00a0G\u0142o\u015bne dzia\u0142anie\u00a0&#8211; do\u00a0110 db\u00a0pozwoli na odstraszenie ka\u017cdego potencjalnego intruza<\/p>\n<p>*\u00a0Mo\u017cliwo\u015b\u0107 wykorzystania jako host alarmowy\u00a0&#8211; mo\u017ce s\u0142u\u017cy\u0107 jako host alarmowy do kt\u00f3rego mo\u017cesz doda\u0107 bezprzewodowe czujniki i piloty 433 MHz &#8211; do 50 sztuk parowanego asortymentu,<\/p>\n<p>*\u00a0Typ plug In\u00a0&#8211; brak jakichkolwiek kabli- parujesz z alarmem, wk\u0142adasz do gniazdka i dzia\u0142a,<\/p>\n<p>&nbsp;<\/p>\n<p><a href=\"https:\/\/alarmzone.pl\/wp-content\/uploads\/2024\/03\/Tuya_Smart_Host_1.webp\"><img decoding=\"async\" class=\"aligncenter wp-image-1821 size-full\" src=\"https:\/\/alarmzone.pl\/wp-content\/uploads\/2024\/03\/Tuya_Smart_Host_1.webp\" alt=\"\" width=\"743\" height=\"742\" srcset=\"https:\/\/alarmzone.pl\/wp-content\/uploads\/2024\/03\/Tuya_Smart_Host_1.webp 743w, https:\/\/alarmzone.pl\/wp-content\/uploads\/2024\/03\/Tuya_Smart_Host_1-300x300.webp 300w, https:\/\/alarmzone.pl\/wp-content\/uploads\/2024\/03\/Tuya_Smart_Host_1-150x150.webp 150w, https:\/\/alarmzone.pl\/wp-content\/uploads\/2024\/03\/Tuya_Smart_Host_1-600x599.webp 600w, https:\/\/alarmzone.pl\/wp-content\/uploads\/2024\/03\/Tuya_Smart_Host_1-100x100.webp 100w\" sizes=\"(max-width: 743px) 100vw, 743px\" \/><\/a> <a href=\"https:\/\/alarmzone.pl\/wp-content\/uploads\/2024\/03\/Tuya_Smart_Host_2.webp\"><img decoding=\"async\" class=\"aligncenter wp-image-1822 size-full\" src=\"https:\/\/alarmzone.pl\/wp-content\/uploads\/2024\/03\/Tuya_Smart_Host_2.webp\" alt=\"\" width=\"746\" height=\"1181\" srcset=\"https:\/\/alarmzone.pl\/wp-content\/uploads\/2024\/03\/Tuya_Smart_Host_2.webp 746w, https:\/\/alarmzone.pl\/wp-content\/uploads\/2024\/03\/Tuya_Smart_Host_2-190x300.webp 190w, https:\/\/alarmzone.pl\/wp-content\/uploads\/2024\/03\/Tuya_Smart_Host_2-647x1024.webp 647w, https:\/\/alarmzone.pl\/wp-content\/uploads\/2024\/03\/Tuya_Smart_Host_2-600x950.webp 600w\" sizes=\"(max-width: 746px) 100vw, 746px\" \/><\/a><\/p>\n<p><a href=\"https:\/\/alarmzone.pl\/wp-content\/uploads\/2024\/03\/Tuya_Smart_Host_4.webp\"><img loading=\"lazy\" decoding=\"async\" class=\"aligncenter wp-image-1824 size-full\" src=\"https:\/\/alarmzone.pl\/wp-content\/uploads\/2024\/03\/Tuya_Smart_Host_4.webp\" alt=\"\" width=\"737\" height=\"735\" srcset=\"https:\/\/alarmzone.pl\/wp-content\/uploads\/2024\/03\/Tuya_Smart_Host_4.webp 737w, https:\/\/alarmzone.pl\/wp-content\/uploads\/2024\/03\/Tuya_Smart_Host_4-300x300.webp 300w, https:\/\/alarmzone.pl\/wp-content\/uploads\/2024\/03\/Tuya_Smart_Host_4-150x150.webp 150w, https:\/\/alarmzone.pl\/wp-content\/uploads\/2024\/03\/Tuya_Smart_Host_4-600x598.webp 600w, https:\/\/alarmzone.pl\/wp-content\/uploads\/2024\/03\/Tuya_Smart_Host_4-100x100.webp 100w\" sizes=\"(max-width: 737px) 100vw, 737px\" \/><\/a><\/p>\n<p><em><strong>\u00a0<\/strong><\/em><\/p>\n<p><em><strong>Zastosowanie:<\/strong><\/em><\/p>\n<p>* Mieszkanie, dom,<\/p>\n<p>* Sklep, biuro<\/p>\n<p>* Magazyn,<\/p>\n<p>* Gara\u017c,<\/p>\n<p>* Domek letniskowy,<\/p>\n<p>* Inne obiekty z dost\u0119pem do zasilania 230V<\/p>\n<p>&nbsp;<\/p>\n<p><em><strong>Wymagania:<\/strong><\/em><\/p>\n<p>&#8211; Zasilanie 230V<\/p>\n<p>&#8211;\u00a0Cz\u0119stotliwo\u015b\u0107 433 MHz\/ EV1527<\/p>\n<p>&nbsp;<\/p>\n<p><a href=\"https:\/\/alarmzone.pl\/wp-content\/uploads\/2024\/03\/433-MHZ_1.webp\"><img loading=\"lazy\" decoding=\"async\" class=\"aligncenter wp-image-1861 size-full\" src=\"https:\/\/alarmzone.pl\/wp-content\/uploads\/2024\/03\/433-MHZ_1.webp\" alt=\"\" width=\"800\" height=\"506\" srcset=\"https:\/\/alarmzone.pl\/wp-content\/uploads\/2024\/03\/433-MHZ_1.webp 800w, https:\/\/alarmzone.pl\/wp-content\/uploads\/2024\/03\/433-MHZ_1-300x190.webp 300w, https:\/\/alarmzone.pl\/wp-content\/uploads\/2024\/03\/433-MHZ_1-768x486.webp 768w, https:\/\/alarmzone.pl\/wp-content\/uploads\/2024\/03\/433-MHZ_1-600x380.webp 600w\" sizes=\"(max-width: 800px) 100vw, 800px\" \/><\/a><\/p>\n<p>&nbsp;<\/p>\n<p><em><strong>Zestaw zawiera:<\/strong><\/em><\/p>\n<p>&#8211; 1\u00a0x\u00a0Bezprzewodowa Syrena WSR020,<\/p>\n<p>&#8211; 1 x Instrukcja obs\u0142ugi,<\/p>\n<p>&#8211; 1 x Opakowanie.<\/p>\n<p><strong>SPECYFIKACJA:\u00a0<\/strong><\/p>\n<p>&nbsp;<\/p>\n<table class=\"all magic-18\">\n<tbody>\n<tr>\n<td colspan=\"1\" rowspan=\"1\">\n<div class=\"magic-19\" data-spm-anchor-id=\"a2700.wholesale.pronpeci14.i9.29f226a9vuwH4D\">Model<\/div>\n<\/td>\n<td colspan=\"1\" rowspan=\"1\">WSR020<\/td>\n<\/tr>\n<tr>\n<td colspan=\"1\" rowspan=\"1\">\n<div class=\"magic-19\">Zasilanie<\/div>\n<\/td>\n<td colspan=\"1\" rowspan=\"1\">230V<\/td>\n<\/tr>\n<tr>\n<td colspan=\"1\" rowspan=\"1\">\n<div class=\"magic-21\">Kolor<\/div>\n<\/td>\n<td colspan=\"1\" rowspan=\"1\">\n<div class=\"magic-22\">bia\u0142o- czerwony<\/div>\n<\/td>\n<\/tr>\n<tr>\n<td colspan=\"1\" rowspan=\"1\">\n<div class=\"magic-19\">Obs\u0142uga bezprzewodowa urz\u0105dze\u0144<\/div>\n<\/td>\n<td colspan=\"1\" rowspan=\"1\">\n<div class=\"magic-20\">433 mHz\/EV1527<\/div>\n<\/td>\n<\/tr>\n<tr>\n<td colspan=\"1\" rowspan=\"1\">Odleg\u0142o\u015b\u0107 dzia\u0142ania<\/td>\n<td colspan=\"1\" rowspan=\"1\">do 120 m ( przestrze\u0144 otwarta )<\/td>\n<\/tr>\n<tr>\n<td>Pob\u00f3r pr\u0105du w czasie czuwania<\/td>\n<td>100 mA<\/td>\n<\/tr>\n<tr>\n<td>Pob\u00f3r pr\u0105du w czasie\u00a0alarmu<\/td>\n<td>500 mA<\/td>\n<\/tr>\n<tr>\n<td colspan=\"1\" rowspan=\"1\">\n<div class=\"magic-19\">Temperatura robocza<\/div>\n<\/td>\n<td colspan=\"1\" rowspan=\"1\">\n<div class=\"magic-20\">-10\u00b0 to 55\u00b0 C<\/div>\n<\/td>\n<\/tr>\n<tr>\n<td colspan=\"1\" rowspan=\"1\">\n<div class=\"magic-19\">Rozmiar\u00a0syreny<\/div>\n<\/td>\n<td colspan=\"1\" rowspan=\"1\">\n<div class=\"magic-20\">90mmx190mmx45mm<\/div>\n<\/td>\n<\/tr>\n<tr>\n<td colspan=\"1\" rowspan=\"1\">\n<div class=\"magic-19\">Waga zestawu<\/div>\n<\/td>\n<td colspan=\"1\" rowspan=\"1\">\n<div class=\"magic-20\" data-spm-anchor-id=\"a2700.wholesale.pronpeci14.i8.29f226a9vuwH4D\">\u00a0360g<\/div>\n<\/td>\n<\/tr>\n<\/tbody>\n<\/table>\n<p>&nbsp;<\/p>\n<p>&nbsp;<\/p>\n<p>&nbsp;<\/p>\n<p>&nbsp;<\/p>\n<p><a href=\"https:\/\/alarmzone.pl\/wp-content\/uploads\/2024\/03\/Tuya_Smart_Host_6.webp\"><img loading=\"lazy\" decoding=\"async\" class=\"aligncenter wp-image-1826 size-full\" src=\"https:\/\/alarmzone.pl\/wp-content\/uploads\/2024\/03\/Tuya_Smart_Host_6.webp\" alt=\"\" width=\"650\" height=\"508\" srcset=\"https:\/\/alarmzone.pl\/wp-content\/uploads\/2024\/03\/Tuya_Smart_Host_6.webp 650w, https:\/\/alarmzone.pl\/wp-content\/uploads\/2024\/03\/Tuya_Smart_Host_6-300x234.webp 300w, https:\/\/alarmzone.pl\/wp-content\/uploads\/2024\/03\/Tuya_Smart_Host_6-600x469.webp 600w\" sizes=\"(max-width: 650px) 100vw, 650px\" \/><\/a><\/p>\n<p><a href=\"https:\/\/alarmzone.pl\/wp-content\/uploads\/2024\/03\/433-MHZ_2.webp\"><img loading=\"lazy\" decoding=\"async\" class=\"aligncenter wp-image-1862 size-full\" src=\"https:\/\/alarmzone.pl\/wp-content\/uploads\/2024\/03\/433-MHZ_2.webp\" alt=\"\" width=\"800\" height=\"827\" srcset=\"https:\/\/alarmzone.pl\/wp-content\/uploads\/2024\/03\/433-MHZ_2.webp 800w, https:\/\/alarmzone.pl\/wp-content\/uploads\/2024\/03\/433-MHZ_2-290x300.webp 290w, https:\/\/alarmzone.pl\/wp-content\/uploads\/2024\/03\/433-MHZ_2-768x794.webp 768w, https:\/\/alarmzone.pl\/wp-content\/uploads\/2024\/03\/433-MHZ_2-600x620.webp 600w\" sizes=\"(max-width: 800px) 100vw, 800px\" \/><\/a><\/p>\n<p>&nbsp;<\/p>\n<h5 class=\"\">Przepisy GPSR\/CE:<\/h5>\n<ul>\n<li><a href=\"https:\/\/alarmzone.pl\/wp-content\/uploads\/2025\/07\/GPSR-ALARMZONE.DOCX.pdf\">GPSR ALARMZONE.DOCX<\/a><\/li>\n<\/ul>\n","protected":false},"excerpt":{"rendered":"<p>NOWOCZESNA\u00a0SYRENA ALARMOWA DO STWORZENIA PROFESJONALNEGO ALARMU WEWN\u0118TRZNA BEZPRZEWODOWA 433 MHZ\u00a0 &nbsp; CO WYR\u00d3\u017bNIA SYREN\u0118 WSR020: *\u00a0Wbudowany akumulator\u00a0&#8211; nawet 8h czuwania po wy\u0142\u0105czeniu pr\u0105du, *\u00a0\u0141atwa konfiguracja\u00a0&#8211; bardzo proste \u0142\u0105czenie z systemami alarmowymi 433 MHz oraz wybranymi czujnikami i pilotami 433 MHz *\u00a0G\u0142o\u015bne dzia\u0142anie\u00a0&#8211; do\u00a0110 db\u00a0pozwoli na odstraszenie ka\u017cdego potencjalnego intruza *\u00a0Mo\u017cliwo\u015b\u0107 wykorzystania jako host alarmowy\u00a0&#8211; mo\u017ce&hellip;<\/p>\n","protected":false},"featured_media":1829,"comment_status":"open","ping_status":"closed","template":"","meta":[],"product_brand":[136],"product_cat":[41,231,40],"product_tag":[51,164,167,168,165,83,166,84],"class_list":{"0":"post-1858","1":"product","2":"type-product","3":"status-publish","4":"has-post-thumbnail","6":"product_brand-alarmzone","7":"product_cat-detektory-czujniki-piloty-syreny-itp","8":"product_cat-sygnalizatory-syreny","9":"product_cat-zestawy-alarmowe-wi-fi-gsm-smart-dom","10":"product_tag-alarm","11":"product_tag-syrena","12":"product_tag-syrena-bezprzewodowa","13":"product_tag-syrena-do-alarmu","14":"product_tag-syrena-wewnetrzna","15":"product_tag-tuya-smart","16":"product_tag-wsr020","17":"product_tag-zestaw-alarmowy","19":"first","20":"instock","21":"taxable","22":"shipping-taxable","23":"purchasable","24":"product-type-simple"},"_links":{"self":[{"href":"https:\/\/alarmzone.pl\/index.php\/wp-json\/wp\/v2\/product\/1858","targetHints":{"allow":["GET"]}}],"collection":[{"href":"https:\/\/alarmzone.pl\/index.php\/wp-json\/wp\/v2\/product"}],"about":[{"href":"https:\/\/alarmzone.pl\/index.php\/wp-json\/wp\/v2\/types\/product"}],"replies":[{"embeddable":true,"href":"https:\/\/alarmzone.pl\/index.php\/wp-json\/wp\/v2\/comments?post=1858"}],"wp:featuredmedia":[{"embeddable":true,"href":"https:\/\/alarmzone.pl\/index.php\/wp-json\/wp\/v2\/media\/1829"}],"wp:attachment":[{"href":"https:\/\/alarmzone.pl\/index.php\/wp-json\/wp\/v2\/media?parent=1858"}],"wp:term":[{"taxonomy":"product_brand","embeddable":true,"href":"https:\/\/alarmzone.pl\/index.php\/wp-json\/wp\/v2\/product_brand?post=1858"},{"taxonomy":"product_cat","embeddable":true,"href":"https:\/\/alarmzone.pl\/index.php\/wp-json\/wp\/v2\/product_cat?post=1858"},{"taxonomy":"product_tag","embeddable":true,"href":"https:\/\/alarmzone.pl\/index.php\/wp-json\/wp\/v2\/product_tag?post=1858"}],"curies":[{"name":"wp","href":"https:\/\/api.w.org\/{rel}","templated":true}]}}