{"id":1834,"date":"2024-03-22T10:11:13","date_gmt":"2024-03-22T10:11:13","guid":{"rendered":"http:\/\/sektoralarm.pl\/?post_type=product&#038;p=1834"},"modified":"2025-10-18T18:44:37","modified_gmt":"2025-10-18T18:44:37","slug":"tuya-smart-zestaw-alarmowy-wi-fi-tuya-sr2-z-funkcja-lampki-i-dzwonka","status":"publish","type":"product","link":"https:\/\/alarmzone.pl\/index.php\/produkt\/tuya-smart-zestaw-alarmowy-wi-fi-tuya-sr2-z-funkcja-lampki-i-dzwonka\/","title":{"rendered":"TUYA SMART Zestaw Alarmowy WI-FI &#8211; TUYA-SR2 z funkcj\u0105 dzwonka."},"content":{"rendered":"<p>&nbsp;<\/p>\n<h3 style=\"text-align: center;\"><span style=\"color: #0000ff;\"><strong>NOWOCZESNY ZESTAW ALARMOWY<\/strong><\/span><\/h3>\n<h3 style=\"text-align: center;\"><span style=\"color: #0000ff;\"><strong>TUYA SMART WI-FI.\u00a0<\/strong><\/span><\/h3>\n<p><a href=\"https:\/\/alarmzone.pl\/wp-content\/uploads\/2024\/03\/TUYA-SR2.webp\"><img fetchpriority=\"high\" decoding=\"async\" class=\"aligncenter wp-image-1835 size-full\" src=\"https:\/\/alarmzone.pl\/wp-content\/uploads\/2024\/03\/TUYA-SR2.webp\" alt=\"\" width=\"695\" height=\"545\" srcset=\"https:\/\/alarmzone.pl\/wp-content\/uploads\/2024\/03\/TUYA-SR2.webp 695w, https:\/\/alarmzone.pl\/wp-content\/uploads\/2024\/03\/TUYA-SR2-300x235.webp 300w, https:\/\/alarmzone.pl\/wp-content\/uploads\/2024\/03\/TUYA-SR2-600x471.webp 600w\" sizes=\"(max-width: 695px) 100vw, 695px\" \/><\/a><\/p>\n<p style=\"text-align: center;\"><span style=\"color: #ff0000;\"><strong>Najnowocze\u015bniejsza technologia w zabezpieczeniu maj\u0105tku-<\/strong><\/span><\/p>\n<p style=\"text-align: center;\"><span style=\"color: #ff0000;\"><strong>TUYA SMART\u00a0WI-FI SYSTEM SR-2<\/strong><\/span><\/p>\n<p><em><strong>CO WYR\u00d3\u017bNIA ZESTAW ALARMOWY TUYA SMART:<\/strong><\/em><\/p>\n<p>*\u00a0<span style=\"color: #0000ff;\">Niezawodno\u015b\u0107\u00a0<\/span>&#8211; dzia\u0142a nawet w przypadku kiedy odci\u0119te zostanie zasilanie ( wbudowany akumulator podtrzymuj\u0105cy 550 mAh &#8211; do kilku godzin bez sta\u0142ego zasilania),<\/p>\n<p>*\u00a0<span style=\"color: #0000ff;\">Zdalne sterowanie<\/span>\u00a0&#8211; zawsze mo\u017cesz w\u0142\u0105czy\u0107 i wy\u0142\u0105czy\u0107 alarm przy pomocy dedykowanej aplikacji na smatphona ( Android, IOS),<\/p>\n<p>*\u00a0<span style=\"color: #0000ff;\">Szybka informacja o zdarzeniu<\/span>\u00a0&#8211; w trybie natychmiastowym otrzymasz powiadomienie na aplikacji o alarmie wraz z nazw\u0105 czujnika, kt\u00f3ry zosta\u0142 wywo\u0142any,<\/p>\n<p>*\u00a0<span style=\"color: #0000ff;\">Mo\u017cliwo\u015b\u0107 rozbudowy alarmu o dodatkowy asortyment<\/span>\u00a0&#8211; do 24 czujnik\u00f3w(ruchu, dymu, czadu, gazu, wody, otwarcia drzwi\/okien i 8 pilot\u00f3w zdalnego sterowania pracuj\u0105cych pod cz\u0119stotliwo\u015bci\u0105 433 MHz,<\/p>\n<p>*\u00a0<span style=\"color: #0000ff;\">Mo\u017cliwo\u015b\u0107 zmiany sposobu alarmowania<\/span>\u00a0&#8211; Alarm z d\u017awi\u0119kow\u0105 syren\u0105 i czerwonym \u015bwiat\u0142em, alarm bez d\u017awi\u0119ku i \u015bwiat\u0142em sygnalizacyjnym, cichy alarm &#8211; nikt w pomieszczeniu nie wie o za\u0142\u0105czonym alarmie &#8211; a w\u0142a\u015bciciel otrzymuje informacj\u0119 na smartphona o wywo\u0142anym alarmie,<\/p>\n<p>*\u00a0<span style=\"color: #0000ff;\">Harmonogram automatycznego\u00a0uzbrajania i rozbrajania alarmu<\/span>\u00a0&#8211;\u00a0w prosty spos\u00f3b mo\u017cesz ustawi\u0107 czas automatycznego uzbrajania i rozbrajania alarmu,<\/p>\n<p>*\u00a0<span style=\"color: #0000ff;\">Informacja o odci\u0119tym zasilaniu<\/span>\u00a0&#8211; w przypadku odci\u0119cia zasilania, otrzymasz informacj\u0119 na aplikacj\u0119,<\/p>\n<p>*\u00a0<span style=\"color: #0000ff;\">Informacja o w\u0142\u0105czaniu i wy\u0142\u0105czaniu alarmu<\/span> &#8211;\u00a0w przypadku uzbrojenia i rozbrojenia zawsze b\u0119dziesz mia\u0142 informacj\u0119, \u017ce alarm zosta\u0142 uzbrojony, czy te\u017c rozbrojony.<\/p>\n<p>*\u00a0<span style=\"color: #0000ff;\">Mo\u017cliwo\u015b\u0107 zmiany\u00a0Trybu pracy\u00a0<\/span>&#8211;\u00a0Tryb uzbrojenia ca\u0142kowitego, Tryb uzbrojenia domu podczas snu, Tryb rozbrojenia.<\/p>\n<p>*\u00a0<span style=\"color: #0000ff;\">Funkcja lampki<\/span> &#8211;\u00a0w przypadku\u00a0gdy zak\u0142ad energetyczny wy\u0142\u0105czy pr\u0105d w domu, dzi\u0119ki\u00a0wbudowanemu akumulatorowi oraz funkcji &#8222;night light&#8221;\u00a0nie b\u0119dziesz musia\u0142 szuka\u0107 \u015bwieczki, czy latarki &#8211; jednym przyciskiem na telefonie w\u0142\u0105czysz o\u015bwietlenie (\u015bwiat\u0142o bia\u0142e) w syrenie.<\/p>\n<p>*\u00a0<span style=\"color: #0000ff;\">Funkcja\u00a0dzwonka do drzwi.<\/span><\/p>\n<div class=\"mpof_ki myre_zn myre_8v_l _0d3bd_YrWCD\">\n<div class=\"mp4t_16_s mryx_16_s mr3m_1 mli2_1 mh85_56 mh85_0_l\">\n<div class=\"mgn2_16 _0d3bd_5pK0q\"><\/div>\n<\/div>\n<\/div>\n<p><a href=\"https:\/\/alarmzone.pl\/wp-content\/uploads\/2024\/03\/TUYA-SR3.webp\"><img decoding=\"async\" class=\"aligncenter wp-image-1836 size-full\" src=\"https:\/\/alarmzone.pl\/wp-content\/uploads\/2024\/03\/TUYA-SR3.webp\" alt=\"\" width=\"746\" height=\"644\" srcset=\"https:\/\/alarmzone.pl\/wp-content\/uploads\/2024\/03\/TUYA-SR3.webp 746w, https:\/\/alarmzone.pl\/wp-content\/uploads\/2024\/03\/TUYA-SR3-300x259.webp 300w, https:\/\/alarmzone.pl\/wp-content\/uploads\/2024\/03\/TUYA-SR3-600x518.webp 600w\" sizes=\"(max-width: 746px) 100vw, 746px\" \/><\/a><\/p>\n<p>&nbsp;<\/p>\n<p><em><strong>Zastosowanie:<\/strong><\/em><\/p>\n<p>* Mieszkanie, dom,<\/p>\n<p>* Sklep, biuro<\/p>\n<p>* Magazyn,<\/p>\n<p>* Gara\u017c,<\/p>\n<p>* Domek letniskowy,<\/p>\n<p>* Inne obiekty z dost\u0119pem do sieci Wi-Fi oraz zasilania 230V\/5V<\/p>\n<p>&nbsp;<\/p>\n<p><em><strong>Wymagania:<\/strong><\/em><\/p>\n<p>&#8211; Zasilanie 230V \/ wyj\u015bciowe z zasilacza 5V,<\/p>\n<p>&#8211; Dost\u0119p do sieci Wi-Fi 2,4 GHz<\/p>\n<p>&nbsp;<\/p>\n<p><em><strong>Zestaw zawiera:<\/strong><\/em><\/p>\n<p>&#8211; 1\u00a0x Smart Syrena,<\/p>\n<p>&#8211; 1 x czujnik ruchu,<\/p>\n<p>&#8211; 1 x czujnik otwarcia drzwi\/okna &#8211; kontaktron,<\/p>\n<p>&#8211; 1 x Dzwonek do drzwi,<\/p>\n<p>&#8211; 2 x Pilot zdalnego sterowania,<\/p>\n<p>&#8211; 1 x zasilacz wraz z kablem USB,<\/p>\n<p>&#8211; 1 x Instrukcja obs\u0142ugi,<\/p>\n<p>&#8211; 1 x Opakowanie.<\/p>\n<p>&nbsp;<\/p>\n<p><strong>SPECYFIKACJA:\u00a0<\/strong><\/p>\n<table class=\"all magic-18\">\n<tbody>\n<tr>\n<td colspan=\"1\" rowspan=\"1\">\n<div class=\"magic-19\" data-spm-anchor-id=\"a2700.wholesale.pronpeci14.i9.29f226a9vuwH4D\">Model<\/div>\n<\/td>\n<td colspan=\"1\" rowspan=\"1\">SR 2<\/td>\n<\/tr>\n<tr>\n<td colspan=\"1\" rowspan=\"1\">\n<div class=\"magic-19\">Zasilanie<\/div>\n<\/td>\n<td colspan=\"1\" rowspan=\"1\">\n<div class=\"magic-20\" data-spm-anchor-id=\"a2700.wholesale.pronpeci14.i1.29f226a9vuwH4D\">Zasilacz 5V + akumulator podtrzymuj\u0105cy 3,7V, 550mAh<\/div>\n<\/td>\n<\/tr>\n<tr>\n<td colspan=\"1\" rowspan=\"1\">\n<div class=\"magic-21\">Kolor<\/div>\n<\/td>\n<td colspan=\"1\" rowspan=\"1\">\n<div class=\"magic-22\">bia\u0142y<\/div>\n<\/td>\n<\/tr>\n<tr>\n<td colspan=\"1\" rowspan=\"1\">\n<div class=\"magic-19\">Obs\u0142uga bezprzewodowa urz\u0105dze\u0144<\/div>\n<\/td>\n<td colspan=\"1\" rowspan=\"1\">\n<div class=\"magic-20\">433 mHz<\/div>\n<\/td>\n<\/tr>\n<tr>\n<td colspan=\"1\" rowspan=\"1\">Akumulator<\/td>\n<td colspan=\"1\" rowspan=\"1\">3.7V, 550mAh<\/td>\n<\/tr>\n<tr>\n<td>Pob\u00f3r pr\u0105du<\/td>\n<td>2W<\/td>\n<\/tr>\n<tr>\n<td colspan=\"1\" rowspan=\"1\">\n<div class=\"magic-19\">Temperatura robocza<\/div>\n<\/td>\n<td colspan=\"1\" rowspan=\"1\">\n<div class=\"magic-20\">-20\u00b0 to 55\u00b0 C (14\u00b0 to 131\u00b0 F)<\/div>\n<\/td>\n<\/tr>\n<tr>\n<td colspan=\"1\" rowspan=\"1\">\n<div class=\"magic-19\">Rozmiar zestawu<\/div>\n<\/td>\n<td colspan=\"1\" rowspan=\"1\">\n<div class=\"magic-20\">\u00a0230*170*50(mm)<\/div>\n<\/td>\n<\/tr>\n<tr>\n<td colspan=\"1\" rowspan=\"1\">\n<div class=\"magic-19\">Waga zestawu<\/div>\n<\/td>\n<td colspan=\"1\" rowspan=\"1\">\n<div class=\"magic-20\" data-spm-anchor-id=\"a2700.wholesale.pronpeci14.i8.29f226a9vuwH4D\">\u00a0430g<\/div>\n<\/td>\n<\/tr>\n<\/tbody>\n<\/table>\n<p>&nbsp;<\/p>\n<p>&nbsp;<\/p>\n<p><a href=\"https:\/\/alarmzone.pl\/wp-content\/uploads\/2024\/03\/TUYA-SR4.webp\"><img decoding=\"async\" class=\"aligncenter wp-image-1837 size-full\" src=\"https:\/\/alarmzone.pl\/wp-content\/uploads\/2024\/03\/TUYA-SR4.webp\" alt=\"\" width=\"698\" height=\"496\" srcset=\"https:\/\/alarmzone.pl\/wp-content\/uploads\/2024\/03\/TUYA-SR4.webp 698w, https:\/\/alarmzone.pl\/wp-content\/uploads\/2024\/03\/TUYA-SR4-300x213.webp 300w, https:\/\/alarmzone.pl\/wp-content\/uploads\/2024\/03\/TUYA-SR4-600x426.webp 600w\" sizes=\"(max-width: 698px) 100vw, 698px\" \/><\/a><\/p>\n<p>&nbsp;<\/p>\n<p><em><strong>\u00a0<\/strong><\/em><\/p>\n<p><strong><em>Film przedstawiaj\u0105cy dzia\u0142anie i instalacj\u0119 alarmu:<\/em><\/strong><\/p>\n<p>&nbsp;<\/p>\n<p><iframe title=\"SR-2 TUYA Smart Alarm - nowo\u015b\u0107 na rynku polskim.\" width=\"1240\" height=\"698\" src=\"https:\/\/www.youtube.com\/embed\/wjz6eFgoTSk?feature=oembed&#038;enablejsapi=1&#038;origin=https:\/\/alarmzone.pl\" frameborder=\"0\" allow=\"accelerometer; autoplay; clipboard-write; encrypted-media; gyroscope; picture-in-picture; web-share\" referrerpolicy=\"strict-origin-when-cross-origin\" allowfullscreen><\/iframe><\/p>\n<p>&nbsp;<\/p>\n<p>&nbsp;<\/p>\n<p>&nbsp;<\/p>\n<h5 class=\"\">Przepisy GPSR\/CE:<\/h5>\n<ul>\n<li><a href=\"https:\/\/alarmzone.pl\/wp-content\/uploads\/2025\/07\/GPSR-ALARMZONE.DOCX.pdf\">GPSR ALARMZONE.DOCX<\/a><\/li>\n<\/ul>\n","protected":false},"excerpt":{"rendered":"<ul>\n<li>\n<h6><span class=\"first\">Wysy\u0142ka w <\/span><span class=\"second\">24 godziny\u00a0<\/span><\/h6>\n<\/li>\n<\/ul>\n","protected":false},"featured_media":1839,"comment_status":"open","ping_status":"closed","template":"","meta":[],"product_brand":[136],"product_cat":[40],"product_tag":[51,83,84],"class_list":{"0":"post-1834","1":"product","2":"type-product","3":"status-publish","4":"has-post-thumbnail","6":"product_brand-alarmzone","7":"product_cat-zestawy-alarmowe-wi-fi-gsm-smart-dom","8":"product_tag-alarm","9":"product_tag-tuya-smart","10":"product_tag-zestaw-alarmowy","12":"first","13":"outofstock","14":"taxable","15":"shipping-taxable","16":"purchasable","17":"product-type-simple"},"_links":{"self":[{"href":"https:\/\/alarmzone.pl\/index.php\/wp-json\/wp\/v2\/product\/1834","targetHints":{"allow":["GET"]}}],"collection":[{"href":"https:\/\/alarmzone.pl\/index.php\/wp-json\/wp\/v2\/product"}],"about":[{"href":"https:\/\/alarmzone.pl\/index.php\/wp-json\/wp\/v2\/types\/product"}],"replies":[{"embeddable":true,"href":"https:\/\/alarmzone.pl\/index.php\/wp-json\/wp\/v2\/comments?post=1834"}],"wp:featuredmedia":[{"embeddable":true,"href":"https:\/\/alarmzone.pl\/index.php\/wp-json\/wp\/v2\/media\/1839"}],"wp:attachment":[{"href":"https:\/\/alarmzone.pl\/index.php\/wp-json\/wp\/v2\/media?parent=1834"}],"wp:term":[{"taxonomy":"product_brand","embeddable":true,"href":"https:\/\/alarmzone.pl\/index.php\/wp-json\/wp\/v2\/product_brand?post=1834"},{"taxonomy":"product_cat","embeddable":true,"href":"https:\/\/alarmzone.pl\/index.php\/wp-json\/wp\/v2\/product_cat?post=1834"},{"taxonomy":"product_tag","embeddable":true,"href":"https:\/\/alarmzone.pl\/index.php\/wp-json\/wp\/v2\/product_tag?post=1834"}],"curies":[{"name":"wp","href":"https:\/\/api.w.org\/{rel}","templated":true}]}}