{"id":1819,"date":"2024-03-22T08:58:30","date_gmt":"2024-03-22T08:58:30","guid":{"rendered":"http:\/\/sektoralarm.pl\/?post_type=product&#038;p=1819"},"modified":"2026-03-29T17:10:40","modified_gmt":"2026-03-29T17:10:40","slug":"tuya-smart-syrena-tuya-smart-host-systemu-alarmowego-tuya-smart","status":"publish","type":"product","link":"https:\/\/alarmzone.pl\/index.php\/produkt\/tuya-smart-syrena-tuya-smart-host-systemu-alarmowego-tuya-smart\/","title":{"rendered":"TUYA SMART Syrena Tuya Smart SN11 &#8211; Host systemu alarmowego Tuya Smart"},"content":{"rendered":"<p>&nbsp;<\/p>\n<h3 style=\"text-align: center;\"><span style=\"color: #0000ff;\"><strong>NOWOCZESNA\u00a0SYRENA ALARMOWA DO STWORZENIA PROFESJONALNEGO ALARMU<\/strong><\/span><\/h3>\n<h3 style=\"text-align: center;\"><span style=\"color: #0000ff;\"><strong>TUYA SMART WI-FI SN11.\u00a0<\/strong><\/span><\/h3>\n<p><a href=\"https:\/\/alarmzone.pl\/wp-content\/uploads\/2024\/03\/Tuya_Smart_Host.webp\"><img fetchpriority=\"high\" decoding=\"async\" class=\"aligncenter wp-image-1820 size-full\" src=\"https:\/\/alarmzone.pl\/wp-content\/uploads\/2024\/03\/Tuya_Smart_Host.webp\" alt=\"\" width=\"770\" height=\"756\" srcset=\"https:\/\/alarmzone.pl\/wp-content\/uploads\/2024\/03\/Tuya_Smart_Host.webp 770w, https:\/\/alarmzone.pl\/wp-content\/uploads\/2024\/03\/Tuya_Smart_Host-300x295.webp 300w, https:\/\/alarmzone.pl\/wp-content\/uploads\/2024\/03\/Tuya_Smart_Host-768x754.webp 768w, https:\/\/alarmzone.pl\/wp-content\/uploads\/2024\/03\/Tuya_Smart_Host-600x589.webp 600w\" sizes=\"(max-width: 770px) 100vw, 770px\" \/><\/a><\/p>\n<p><em><strong>CO WYR\u00d3\u017bNIA ZESTAW ALARMOWY TUYA SMART:<\/strong><\/em><\/p>\n<p>&nbsp;<\/p>\n<p>*\u00a0Zdalne sterowanie\u00a0&#8211; zawsze mo\u017cesz w\u0142\u0105czy\u0107 i wy\u0142\u0105czy\u0107 alarm przy pomocy dedykowanej aplikacji na smatphona Tuya Smart ( Android, IOS),<\/p>\n<p>*\u00a0Szybka informacja o zdarzeniu\u00a0&#8211; w trybie natychmiastowym otrzymasz powiadomienie na aplikacji o alarmie wraz z nazw\u0105 czujnika, kt\u00f3ry zosta\u0142 wywo\u0142any,<\/p>\n<p>*\u00a0Mo\u017cliwo\u015b\u0107 rozbudowy alarmu o dodatkowy asortyment\u00a0&#8211; do\u00a050 czujnik\u00f3w(ruchu, dymu, czadu, gazu, wody, otwarcia drzwi\/okien i\u00a04 pilot\u00f3w zdalnego sterowania pracuj\u0105cych pod cz\u0119stotliwo\u015bci\u0105 433 MHz,<\/p>\n<p>*\u00a0Mo\u017cliwo\u015b\u0107 zmiany Trybu pracy\u00a0&#8211;\u00a0Tryb uzbrojenia ca\u0142kowitego, Tryb uzbrojenia domu podczas snu( domowy), Tryb SOS.<\/p>\n<p>*\u00a0Harmonogram automatycznego\u00a0uzbrajania i rozbrajania alarmu\u00a0&#8211;\u00a0w prosty spos\u00f3b mo\u017cesz ustawi\u0107 czas automatycznego uzbrajania i rozbrajania alarmu,<\/p>\n<p>*\u00a0Informacja o w\u0142\u0105czaniu i wy\u0142\u0105czaniu alarmu &#8211;\u00a0w przypadku uzbrojenia i rozbrojenia zawsze b\u0119dziesz mia\u0142 informacj\u0119, \u017ce alarm zosta\u0142 uzbrojony, czy te\u017c rozbrojony,<\/p>\n<p>*\u00a0Funkcja SOS\u00a0\u2013 antynapadowa &#8211; zawsze mo\u017cesz powiadomi\u0107 rodzin\u0119, znajomych i zagro\u017ceniu w jakim si\u0119 znalaz\u0142e\u015b,<\/p>\n<p>*\u00a0Mo\u017cliwo\u015b\u0107 ustawienia op\u00f3\u017anienia wej\u015bcia oraz wyj\u015bcia,<\/p>\n<p>&nbsp;<\/p>\n<div class=\"mpof_ki myre_zn myre_8v_l _0d3bd_YrWCD\">\n<div class=\"mp4t_16_s mryx_16_s mr3m_1 mli2_1 mh85_56 mh85_0_l\">\n<div class=\"mgn2_16 _0d3bd_5pK0q\"><\/div>\n<\/div>\n<\/div>\n<div class=\"mpof_ki myre_zn myre_8v_l _0d3bd_YrWCD\">\n<div class=\"mp4t_16_s mryx_16_s mr3m_1 mli2_1 mh85_56 mh85_0_l\">\n<div class=\"mgn2_16 _0d3bd_5pK0q\"><\/div>\n<\/div>\n<\/div>\n<p><a href=\"https:\/\/alarmzone.pl\/wp-content\/uploads\/2024\/03\/Tuya_Smart_Host_1.webp\"><img decoding=\"async\" class=\"aligncenter wp-image-1821 size-full\" src=\"https:\/\/alarmzone.pl\/wp-content\/uploads\/2024\/03\/Tuya_Smart_Host_1.webp\" alt=\"\" width=\"743\" height=\"742\" srcset=\"https:\/\/alarmzone.pl\/wp-content\/uploads\/2024\/03\/Tuya_Smart_Host_1.webp 743w, https:\/\/alarmzone.pl\/wp-content\/uploads\/2024\/03\/Tuya_Smart_Host_1-300x300.webp 300w, https:\/\/alarmzone.pl\/wp-content\/uploads\/2024\/03\/Tuya_Smart_Host_1-150x150.webp 150w, https:\/\/alarmzone.pl\/wp-content\/uploads\/2024\/03\/Tuya_Smart_Host_1-600x599.webp 600w, https:\/\/alarmzone.pl\/wp-content\/uploads\/2024\/03\/Tuya_Smart_Host_1-100x100.webp 100w\" sizes=\"(max-width: 743px) 100vw, 743px\" \/><\/a> <a href=\"https:\/\/alarmzone.pl\/wp-content\/uploads\/2024\/03\/Tuya_Smart_Host_2.webp\"><img decoding=\"async\" class=\"aligncenter wp-image-1822 size-full\" src=\"https:\/\/alarmzone.pl\/wp-content\/uploads\/2024\/03\/Tuya_Smart_Host_2.webp\" alt=\"\" width=\"746\" height=\"1181\" srcset=\"https:\/\/alarmzone.pl\/wp-content\/uploads\/2024\/03\/Tuya_Smart_Host_2.webp 746w, https:\/\/alarmzone.pl\/wp-content\/uploads\/2024\/03\/Tuya_Smart_Host_2-190x300.webp 190w, https:\/\/alarmzone.pl\/wp-content\/uploads\/2024\/03\/Tuya_Smart_Host_2-647x1024.webp 647w, https:\/\/alarmzone.pl\/wp-content\/uploads\/2024\/03\/Tuya_Smart_Host_2-600x950.webp 600w\" sizes=\"(max-width: 746px) 100vw, 746px\" \/><\/a> <a href=\"https:\/\/alarmzone.pl\/wp-content\/uploads\/2024\/03\/Tuya_Smart_Host_3.webp\"><img loading=\"lazy\" decoding=\"async\" class=\"aligncenter wp-image-1823 size-full\" src=\"https:\/\/alarmzone.pl\/wp-content\/uploads\/2024\/03\/Tuya_Smart_Host_3.webp\" alt=\"\" width=\"731\" height=\"734\" srcset=\"https:\/\/alarmzone.pl\/wp-content\/uploads\/2024\/03\/Tuya_Smart_Host_3.webp 731w, https:\/\/alarmzone.pl\/wp-content\/uploads\/2024\/03\/Tuya_Smart_Host_3-300x300.webp 300w, https:\/\/alarmzone.pl\/wp-content\/uploads\/2024\/03\/Tuya_Smart_Host_3-150x150.webp 150w, https:\/\/alarmzone.pl\/wp-content\/uploads\/2024\/03\/Tuya_Smart_Host_3-600x602.webp 600w, https:\/\/alarmzone.pl\/wp-content\/uploads\/2024\/03\/Tuya_Smart_Host_3-100x100.webp 100w\" sizes=\"(max-width: 731px) 100vw, 731px\" \/><\/a> <a href=\"https:\/\/alarmzone.pl\/wp-content\/uploads\/2024\/03\/Tuya_Smart_Host_4.webp\"><img loading=\"lazy\" decoding=\"async\" class=\"aligncenter wp-image-1824 size-full\" src=\"https:\/\/alarmzone.pl\/wp-content\/uploads\/2024\/03\/Tuya_Smart_Host_4.webp\" alt=\"\" width=\"737\" height=\"735\" srcset=\"https:\/\/alarmzone.pl\/wp-content\/uploads\/2024\/03\/Tuya_Smart_Host_4.webp 737w, https:\/\/alarmzone.pl\/wp-content\/uploads\/2024\/03\/Tuya_Smart_Host_4-300x300.webp 300w, https:\/\/alarmzone.pl\/wp-content\/uploads\/2024\/03\/Tuya_Smart_Host_4-150x150.webp 150w, https:\/\/alarmzone.pl\/wp-content\/uploads\/2024\/03\/Tuya_Smart_Host_4-600x598.webp 600w, https:\/\/alarmzone.pl\/wp-content\/uploads\/2024\/03\/Tuya_Smart_Host_4-100x100.webp 100w\" sizes=\"(max-width: 737px) 100vw, 737px\" \/><\/a> <a href=\"https:\/\/alarmzone.pl\/wp-content\/uploads\/2024\/03\/Tuya_Smart_Host_5.webp\"><img loading=\"lazy\" decoding=\"async\" class=\"aligncenter wp-image-1825 size-full\" src=\"https:\/\/alarmzone.pl\/wp-content\/uploads\/2024\/03\/Tuya_Smart_Host_5.webp\" alt=\"\" width=\"740\" height=\"740\" srcset=\"https:\/\/alarmzone.pl\/wp-content\/uploads\/2024\/03\/Tuya_Smart_Host_5.webp 740w, https:\/\/alarmzone.pl\/wp-content\/uploads\/2024\/03\/Tuya_Smart_Host_5-300x300.webp 300w, https:\/\/alarmzone.pl\/wp-content\/uploads\/2024\/03\/Tuya_Smart_Host_5-150x150.webp 150w, https:\/\/alarmzone.pl\/wp-content\/uploads\/2024\/03\/Tuya_Smart_Host_5-600x600.webp 600w, https:\/\/alarmzone.pl\/wp-content\/uploads\/2024\/03\/Tuya_Smart_Host_5-100x100.webp 100w\" sizes=\"(max-width: 740px) 100vw, 740px\" \/><\/a><\/p>\n<p>&nbsp;<\/p>\n<p><em><strong>\u00a0Zastosowanie:<\/strong><\/em><\/p>\n<p>* Mieszkanie, dom,<\/p>\n<p>* Sklep, biuro<\/p>\n<p>* Magazyn,<\/p>\n<p>* Gara\u017c,<\/p>\n<p>* Domek letniskowy,<\/p>\n<p>* Inne obiekty z dost\u0119pem do sieci Wi-Fi oraz zasilania 230V<\/p>\n<p>&nbsp;<\/p>\n<p><em><strong>Wymagania:<\/strong><\/em><\/p>\n<p>&#8211; Zasilanie 230V<\/p>\n<p>&#8211; Dost\u0119p do sieci Wi-Fi 2,4 GHz<\/p>\n<p>&nbsp;<\/p>\n<p><em><strong>Zestaw zawiera:<\/strong><\/em><\/p>\n<p>&#8211; 1\u00a0x Smart Syrena SN11,<\/p>\n<p>&#8211; 1 x Instrukcja obs\u0142ugi,<\/p>\n<p>&#8211; 1 x Opakowanie.<\/p>\n<p>&nbsp;<\/p>\n<p><strong>SPECYFIKACJA:\u00a0<\/strong><\/p>\n<table class=\"all magic-18\">\n<tbody>\n<tr>\n<td colspan=\"1\" rowspan=\"1\">\n<div class=\"magic-19\" data-spm-anchor-id=\"a2700.wholesale.pronpeci14.i9.29f226a9vuwH4D\">Model<\/div>\n<\/td>\n<td colspan=\"1\" rowspan=\"1\">SN11<\/td>\n<\/tr>\n<tr>\n<td colspan=\"1\" rowspan=\"1\">\n<div class=\"magic-19\">Zasilanie<\/div>\n<\/td>\n<td colspan=\"1\" rowspan=\"1\">230V\/12V &#8211; zasilacz w zestawie<\/td>\n<\/tr>\n<tr>\n<td colspan=\"1\" rowspan=\"1\">\n<div class=\"magic-21\">Kolor<\/div>\n<\/td>\n<td colspan=\"1\" rowspan=\"1\">\n<div class=\"magic-22\">bia\u0142o- czerwony<\/div>\n<\/td>\n<\/tr>\n<tr>\n<td colspan=\"1\" rowspan=\"1\">\n<div class=\"magic-19\">Obs\u0142uga bezprzewodowa urz\u0105dze\u0144<\/div>\n<\/td>\n<td colspan=\"1\" rowspan=\"1\">\n<div class=\"magic-20\">433 mHz<\/div>\n<\/td>\n<\/tr>\n<tr>\n<td colspan=\"1\" rowspan=\"1\">Ilo\u015b\u0107 stref bezprzewodowych<\/td>\n<td colspan=\"1\" rowspan=\"1\">50<\/td>\n<\/tr>\n<tr>\n<td>Pob\u00f3r pr\u0105du w czasie czuwania<\/td>\n<td>100 mA<\/td>\n<\/tr>\n<tr>\n<td>Pob\u00f3r pr\u0105du w czasie\u00a0alarmu<\/td>\n<td>500 mA<\/td>\n<\/tr>\n<tr>\n<td colspan=\"1\" rowspan=\"1\">\n<div class=\"magic-19\">Temperatura robocza<\/div>\n<\/td>\n<td colspan=\"1\" rowspan=\"1\">\n<div class=\"magic-20\">-10\u00b0 to 55\u00b0 C<\/div>\n<\/td>\n<\/tr>\n<tr>\n<td colspan=\"1\" rowspan=\"1\">\n<div class=\"magic-19\">Rozmiar\u00a0syreny<\/div>\n<\/td>\n<td colspan=\"1\" rowspan=\"1\">\n<div class=\"magic-20\">90mmx190mmx45mm<\/div>\n<\/td>\n<\/tr>\n<tr>\n<td colspan=\"1\" rowspan=\"1\">\n<div class=\"magic-19\">Waga zestawu<\/div>\n<\/td>\n<td colspan=\"1\" rowspan=\"1\">\n<div class=\"magic-20\" data-spm-anchor-id=\"a2700.wholesale.pronpeci14.i8.29f226a9vuwH4D\">\u00a0360g<\/div>\n<\/td>\n<\/tr>\n<\/tbody>\n<\/table>\n<p>&nbsp;<\/p>\n<p><a href=\"https:\/\/alarmzone.pl\/wp-content\/uploads\/2024\/03\/Tuya_Smart_Host_6.webp\"><img loading=\"lazy\" decoding=\"async\" class=\"aligncenter wp-image-1826 size-full\" src=\"https:\/\/alarmzone.pl\/wp-content\/uploads\/2024\/03\/Tuya_Smart_Host_6.webp\" alt=\"\" width=\"650\" height=\"508\" srcset=\"https:\/\/alarmzone.pl\/wp-content\/uploads\/2024\/03\/Tuya_Smart_Host_6.webp 650w, https:\/\/alarmzone.pl\/wp-content\/uploads\/2024\/03\/Tuya_Smart_Host_6-300x234.webp 300w, https:\/\/alarmzone.pl\/wp-content\/uploads\/2024\/03\/Tuya_Smart_Host_6-600x469.webp 600w\" sizes=\"(max-width: 650px) 100vw, 650px\" \/><\/a><\/p>\n<p><strong><em>Film przedstawiaj\u0105cy dzia\u0142anie i mo\u017cliwo\u015bci syreny SN11:<\/em><\/strong><\/p>\n<p>&nbsp;<\/p>\n<p><iframe title=\"Syrena alarmowa Tuya Smart jako centrala profesjonalnego alarmu. Najskuteczniejsze alarmy\" width=\"1240\" height=\"698\" src=\"https:\/\/www.youtube.com\/embed\/BAuJeeB1tHU?feature=oembed&#038;enablejsapi=1&#038;origin=https:\/\/alarmzone.pl\" frameborder=\"0\" allow=\"accelerometer; autoplay; clipboard-write; encrypted-media; gyroscope; picture-in-picture; web-share\" referrerpolicy=\"strict-origin-when-cross-origin\" allowfullscreen><\/iframe><\/p>\n<p>&nbsp;<\/p>\n<p><iframe title=\"Syrena alarmowa TUYA SMART\" width=\"1240\" height=\"698\" src=\"https:\/\/www.youtube.com\/embed\/Il8oXpZLWRE?feature=oembed&#038;enablejsapi=1&#038;origin=https:\/\/alarmzone.pl\" frameborder=\"0\" allow=\"accelerometer; autoplay; clipboard-write; encrypted-media; gyroscope; picture-in-picture; web-share\" referrerpolicy=\"strict-origin-when-cross-origin\" allowfullscreen><\/iframe><\/p>\n<p>&nbsp;<\/p>\n<p>&nbsp;<\/p>\n<h5 class=\"\">Przepisy GPSR\/CE:<\/h5>\n<ul>\n<li><a href=\"https:\/\/alarmzone.pl\/wp-content\/uploads\/2025\/07\/GPSR-ALARMZONE.DOCX.pdf\">GPSR ALARMZONE.DOCX<\/a><\/li>\n<\/ul>\n","protected":false},"excerpt":{"rendered":"<ul>\n<li>\n<h6><span class=\"first\">Wysy\u0142ka w <\/span><span class=\"second\">24 godziny\u00a0<\/span><\/h6>\n<\/li>\n<\/ul>\n","protected":false},"featured_media":1820,"comment_status":"open","ping_status":"closed","template":"","meta":[],"product_brand":[136],"product_cat":[231,40],"product_tag":[51,83,84],"class_list":{"0":"post-1819","1":"product","2":"type-product","3":"status-publish","4":"has-post-thumbnail","6":"product_brand-alarmzone","7":"product_cat-sygnalizatory-syreny","8":"product_cat-zestawy-alarmowe-wi-fi-gsm-smart-dom","9":"product_tag-alarm","10":"product_tag-tuya-smart","11":"product_tag-zestaw-alarmowy","13":"first","14":"instock","15":"sale","16":"featured","17":"taxable","18":"shipping-taxable","19":"purchasable","20":"product-type-simple"},"_links":{"self":[{"href":"https:\/\/alarmzone.pl\/index.php\/wp-json\/wp\/v2\/product\/1819","targetHints":{"allow":["GET"]}}],"collection":[{"href":"https:\/\/alarmzone.pl\/index.php\/wp-json\/wp\/v2\/product"}],"about":[{"href":"https:\/\/alarmzone.pl\/index.php\/wp-json\/wp\/v2\/types\/product"}],"replies":[{"embeddable":true,"href":"https:\/\/alarmzone.pl\/index.php\/wp-json\/wp\/v2\/comments?post=1819"}],"wp:featuredmedia":[{"embeddable":true,"href":"https:\/\/alarmzone.pl\/index.php\/wp-json\/wp\/v2\/media\/1820"}],"wp:attachment":[{"href":"https:\/\/alarmzone.pl\/index.php\/wp-json\/wp\/v2\/media?parent=1819"}],"wp:term":[{"taxonomy":"product_brand","embeddable":true,"href":"https:\/\/alarmzone.pl\/index.php\/wp-json\/wp\/v2\/product_brand?post=1819"},{"taxonomy":"product_cat","embeddable":true,"href":"https:\/\/alarmzone.pl\/index.php\/wp-json\/wp\/v2\/product_cat?post=1819"},{"taxonomy":"product_tag","embeddable":true,"href":"https:\/\/alarmzone.pl\/index.php\/wp-json\/wp\/v2\/product_tag?post=1819"}],"curies":[{"name":"wp","href":"https:\/\/api.w.org\/{rel}","templated":true}]}}