{"id":1806,"date":"2024-03-22T08:48:39","date_gmt":"2024-03-22T08:48:39","guid":{"rendered":"http:\/\/sektoralarm.pl\/?post_type=product&#038;p=1806"},"modified":"2024-08-22T06:39:14","modified_gmt":"2024-08-22T06:39:14","slug":"zasilacz-dc-12v-2a-ac-100-240v","status":"publish","type":"product","link":"https:\/\/alarmzone.pl\/index.php\/produkt\/zasilacz-dc-12v-2a-ac-100-240v\/","title":{"rendered":"ZASILACZ DC 12V 2A AC 100-240V"},"content":{"rendered":"<div class=\"mpof_ki myre_zn myre_8v_l _0d3bd_YrWCD\">\n<div class=\"mp4t_16_s mryx_16_s mr3m_1 mli2_1 mh85_56 mh85_0_l\">\n<div class=\"mgn2_16 _0d3bd_5pK0q\">\n<h4>Zasilacz sieciowy 12V 2A Wtyk P4 2,1 x 5,5 mm<\/h4>\n<\/div>\n<\/div>\n<\/div>\n<div class=\"mpof_ki myre_zn myre_8v_l _0d3bd_YrWCD\">\n<div class=\"mp4t_16_s mryx_16_s mr3m_1 mli2_1 mh85_56 mh85_0_l\">\n<div class=\"mgn2_16 _0d3bd_5pK0q\">\n<h4>ZASILACZ DC 12V 2A \/ AC 100-240V DO KAMER, SYREN ALARMOWYCH, ITP.<\/h4>\n<ul>\n<li>Wtyk:\u00a0<strong>2,5\/5,5mm<\/strong>\u00a0(<strong>wsp\u00f3\u0142pracuje<\/strong>\u00a0z gniazdami\u00a0<strong>2,1\/5,5mm<\/strong>)<\/li>\n<li>Polaryzacja napi\u0119cia wtyku:\u00a0<strong>(+) wewn\u0105trz<\/strong>,\u00a0<strong>(-) zewn\u0105trz<\/strong><\/li>\n<\/ul>\n<p><strong>G\u0142\u00f3wne cechy<\/strong><\/p>\n<ul>\n<li>Wtyk P4 2,1mm x 5,5mm<\/li>\n<li>D\u0142ugo\u015b\u0107\u00a0Kabel zasilaj\u0105cy:\u00a083 cm<\/li>\n<li>Napi\u0119cie12V<\/li>\n<li>Wej\u015bcie: Bivolt<\/li>\n<li>Wyj\u015bcie: 12V DC<\/li>\n<li>Moc\u00a024W<\/li>\n<li>Cz\u0119stotliwo\u015b\u010750\/60 Hz<\/li>\n<\/ul>\n<p><a href=\"https:\/\/alarmzone.pl\/wp-content\/uploads\/2024\/03\/zasilacz.webp\"><img fetchpriority=\"high\" decoding=\"async\" class=\"aligncenter wp-image-1807 size-full\" src=\"https:\/\/alarmzone.pl\/wp-content\/uploads\/2024\/03\/zasilacz.webp\" alt=\"\" width=\"720\" height=\"722\" srcset=\"https:\/\/alarmzone.pl\/wp-content\/uploads\/2024\/03\/zasilacz.webp 720w, https:\/\/alarmzone.pl\/wp-content\/uploads\/2024\/03\/zasilacz-300x300.webp 300w, https:\/\/alarmzone.pl\/wp-content\/uploads\/2024\/03\/zasilacz-150x150.webp 150w, https:\/\/alarmzone.pl\/wp-content\/uploads\/2024\/03\/zasilacz-600x602.webp 600w, https:\/\/alarmzone.pl\/wp-content\/uploads\/2024\/03\/zasilacz-100x100.webp 100w\" sizes=\"(max-width: 720px) 100vw, 720px\" \/><\/a><\/p>\n<p>Zastosowanie:<\/p>\n<ul>\n<li>Kamery,<\/li>\n<li>Alarmy,<\/li>\n<li>o\u015bwietlenia LED,<\/li>\n<li>modu\u0142\u00f3w GSM,<\/li>\n<li>aparaty cyfrowe,<\/li>\n<li>monitory TV LED<\/li>\n<li>zabawki<\/li>\n<li>telefony bezprzewodowe<\/li>\n<li>\u0142adowarki akumulator\u00f3w elektronarz\u0119dzi<\/li>\n<li>dysk przeno\u015bny Seagate WD iOmega Hitachi<\/li>\n<li>router, switch, modem<\/li>\n<li>maszynki do strzy\u017cenia, golenia<\/li>\n<li>nawigacja GPS<\/li>\n<li>tablet, laptop<\/li>\n<li>drukarka, skaner<\/li>\n<\/ul>\n<\/div>\n<\/div>\n<\/div>\n","protected":false},"excerpt":{"rendered":"<ul>\n<li>\n<h6><span class=\"first\">Wysy\u0142ka w <\/span><span class=\"second\">24 godziny<\/span><\/h6>\n<\/li>\n<\/ul>\n","protected":false},"featured_media":1807,"comment_status":"open","ping_status":"closed","template":"","meta":[],"product_brand":[],"product_cat":[43,39],"product_tag":[91],"class_list":{"0":"post-1806","1":"product","2":"type-product","3":"status-publish","4":"has-post-thumbnail","6":"product_cat-inne-niesklasyfikowane","7":"product_cat-kamery-wi-fi-smart-dom","8":"product_tag-zasilacz","10":"first","11":"outofstock","12":"taxable","13":"shipping-taxable","14":"purchasable","15":"product-type-simple"},"_links":{"self":[{"href":"https:\/\/alarmzone.pl\/index.php\/wp-json\/wp\/v2\/product\/1806","targetHints":{"allow":["GET"]}}],"collection":[{"href":"https:\/\/alarmzone.pl\/index.php\/wp-json\/wp\/v2\/product"}],"about":[{"href":"https:\/\/alarmzone.pl\/index.php\/wp-json\/wp\/v2\/types\/product"}],"replies":[{"embeddable":true,"href":"https:\/\/alarmzone.pl\/index.php\/wp-json\/wp\/v2\/comments?post=1806"}],"wp:featuredmedia":[{"embeddable":true,"href":"https:\/\/alarmzone.pl\/index.php\/wp-json\/wp\/v2\/media\/1807"}],"wp:attachment":[{"href":"https:\/\/alarmzone.pl\/index.php\/wp-json\/wp\/v2\/media?parent=1806"}],"wp:term":[{"taxonomy":"product_brand","embeddable":true,"href":"https:\/\/alarmzone.pl\/index.php\/wp-json\/wp\/v2\/product_brand?post=1806"},{"taxonomy":"product_cat","embeddable":true,"href":"https:\/\/alarmzone.pl\/index.php\/wp-json\/wp\/v2\/product_cat?post=1806"},{"taxonomy":"product_tag","embeddable":true,"href":"https:\/\/alarmzone.pl\/index.php\/wp-json\/wp\/v2\/product_tag?post=1806"}],"curies":[{"name":"wp","href":"https:\/\/api.w.org\/{rel}","templated":true}]}}