{"id":1797,"date":"2024-03-22T08:37:48","date_gmt":"2024-03-22T08:37:48","guid":{"rendered":"http:\/\/sektoralarm.pl\/?post_type=product&#038;p=1797"},"modified":"2025-10-26T14:56:36","modified_gmt":"2025-10-26T14:56:36","slug":"kamera-wewnetrzna-tuya-smart-alarmzone-pt6-z-funkcja-detekcji-i-automatycznego-sledzenia-objektu","status":"publish","type":"product","link":"https:\/\/alarmzone.pl\/index.php\/produkt\/kamera-wewnetrzna-tuya-smart-alarmzone-pt6-z-funkcja-detekcji-i-automatycznego-sledzenia-objektu\/","title":{"rendered":"Kamera wewn\u0119trzna Tuya Smart AlarmZone PT6 z funkcj\u0105 detekcji i alarmu"},"content":{"rendered":"<h1 style=\"text-align: center;\"><span style=\"color: #ff0000;\">HIT ROKU<\/span><\/h1>\n<p><a href=\"https:\/\/alarmzone.pl\/wp-content\/uploads\/2024\/03\/PT6_7.webp\"><img fetchpriority=\"high\" decoding=\"async\" class=\"aligncenter wp-image-1798 size-full\" src=\"https:\/\/alarmzone.pl\/wp-content\/uploads\/2024\/03\/PT6_7.webp\" alt=\"\" width=\"800\" height=\"251\" srcset=\"https:\/\/alarmzone.pl\/wp-content\/uploads\/2024\/03\/PT6_7.webp 800w, https:\/\/alarmzone.pl\/wp-content\/uploads\/2024\/03\/PT6_7-300x94.webp 300w, https:\/\/alarmzone.pl\/wp-content\/uploads\/2024\/03\/PT6_7-768x241.webp 768w, https:\/\/alarmzone.pl\/wp-content\/uploads\/2024\/03\/PT6_7-600x188.webp 600w\" sizes=\"(max-width: 800px) 100vw, 800px\" \/><\/a><\/p>\n<p>&nbsp;<\/p>\n<div class=\"_1bo4a _xu6h2 _1ylmp _2d49e_YrWCD\">\n<div class=\"_1voj4 _z9prt _1xzdi _ai5yc _5d6n2 _15lj1\">\n<p><a href=\"https:\/\/alarmzone.pl\/wp-content\/uploads\/2024\/03\/PT6.webp\"><img decoding=\"async\" class=\"size-medium wp-image-1799 alignleft\" src=\"https:\/\/alarmzone.pl\/wp-content\/uploads\/2024\/03\/PT6-300x300.webp\" alt=\"\" width=\"300\" height=\"300\" srcset=\"https:\/\/alarmzone.pl\/wp-content\/uploads\/2024\/03\/PT6-300x300.webp 300w, https:\/\/alarmzone.pl\/wp-content\/uploads\/2024\/03\/PT6-150x150.webp 150w, https:\/\/alarmzone.pl\/wp-content\/uploads\/2024\/03\/PT6-768x771.webp 768w, https:\/\/alarmzone.pl\/wp-content\/uploads\/2024\/03\/PT6-600x602.webp 600w, https:\/\/alarmzone.pl\/wp-content\/uploads\/2024\/03\/PT6-100x100.webp 100w, https:\/\/alarmzone.pl\/wp-content\/uploads\/2024\/03\/PT6.webp 800w\" sizes=\"(max-width: 300px) 100vw, 300px\" \/><\/a><\/p>\n<\/div>\n<\/div>\n<p><strong>JEDYNA NA RYNKU MULTIFUNKCYJNA KAMERA WI-FI<\/strong><\/p>\n<p><strong>Z FUNKCJ\u0104 ALARMU, WYKRYWANIA RUCHU LUB D\u0179WI\u0118KU,<\/strong><\/p>\n<p><strong>SLEDZENIA OBJEKTU\u00a0<\/strong><strong>ORAZ\u00a0WBUDOWAN\u0104 SYREN\u0104 ALARMOW\u0104<\/strong><\/p>\n<p>DZI\u0118KI KAMERZE\u00a0PT6 WIDZISZ I S\u0141YSZYSZ Z KA\u017bDEGO MIEJSCA NA \u015aWIECIE WSZYSTKO CO DZIEJ\u0118 SI\u0118 W TWOIM DOMU.<\/p>\n<p>Aplikacja na smatrphony i tablety w j\u0119zyku polskim.<\/p>\n<p>&nbsp;<\/p>\n<p><a href=\"https:\/\/alarmzone.pl\/wp-content\/uploads\/2024\/03\/PT6_1.webp\"><span style=\"color: #000000;\">IP Camera PT6- dzi\u0119ki wbudowanemu czujnikowi PIR, zrobi zdj\u0119cie w momencie wykrytego<strong>\u00a0d\u017awi\u0119ku lub ruchu<\/strong>\u00a0i zapisze w aplikacji Tuya Smart<strong>.<\/strong>\u00a0Kamera mo\u017ce obserwowa\u0107 i nagrywa\u0107 24h\/dob\u0119, w wyznaczonym przedziale czasowym lub tylko w momencie wykrycia zdarzenia. Posiada slot pami\u0119ci, kt\u00f3ry obs\u0142uguje karty microSD do 128 GB. Do pracy urz\u0105dzenia niezb\u0119dne jest \u0142\u0105cze internetowe Wi-Fi 2,4GHz, oraz smartfon, tablet za pomoc\u0105 kt\u00f3rego b\u0119dzie mo\u017cna obs\u0142ugiwa\u0107 kamer\u0119. Dzi\u0119ki funkcji intercomu mo\u017cesz na odleg\u0142o\u015b\u0107 wsp\u00f3lnie z rodzin\u0105 cieszy\u0107 si\u0119 darmow\u0105 rozmow\u0105. Kamera\u00a0PT6 zapewni Tobie podgl\u0105d i nadz\u00f3r nad ca\u0142ym Twoim mieniem, jak i w razie potrzeby wizualny kontakt z najbli\u017cszymi.\u00a0<\/span><\/a><a href=\"https:\/\/alarmzone.pl\/wp-content\/uploads\/2024\/03\/PT6_1.webp\"><img decoding=\"async\" class=\"wp-image-1800 size-full aligncenter\" src=\"https:\/\/alarmzone.pl\/wp-content\/uploads\/2024\/03\/PT6_1.webp\" alt=\"\" width=\"800\" height=\"701\" srcset=\"https:\/\/alarmzone.pl\/wp-content\/uploads\/2024\/03\/PT6_1.webp 800w, https:\/\/alarmzone.pl\/wp-content\/uploads\/2024\/03\/PT6_1-300x263.webp 300w, https:\/\/alarmzone.pl\/wp-content\/uploads\/2024\/03\/PT6_1-768x673.webp 768w, https:\/\/alarmzone.pl\/wp-content\/uploads\/2024\/03\/PT6_1-600x526.webp 600w\" sizes=\"(max-width: 800px) 100vw, 800px\" \/><\/a><\/p>\n<p>&nbsp;<\/p>\n<div><\/div>\n<div><a href=\"https:\/\/alarmzone.pl\/wp-content\/uploads\/2024\/03\/PT6_2.webp\"><img loading=\"lazy\" decoding=\"async\" class=\"alignleft wp-image-1801\" src=\"https:\/\/alarmzone.pl\/wp-content\/uploads\/2024\/03\/PT6_2-300x300.webp\" alt=\"\" width=\"450\" height=\"449\" srcset=\"https:\/\/alarmzone.pl\/wp-content\/uploads\/2024\/03\/PT6_2-300x300.webp 300w, https:\/\/alarmzone.pl\/wp-content\/uploads\/2024\/03\/PT6_2-150x150.webp 150w, https:\/\/alarmzone.pl\/wp-content\/uploads\/2024\/03\/PT6_2-768x767.webp 768w, https:\/\/alarmzone.pl\/wp-content\/uploads\/2024\/03\/PT6_2-600x599.webp 600w, https:\/\/alarmzone.pl\/wp-content\/uploads\/2024\/03\/PT6_2-100x100.webp 100w, https:\/\/alarmzone.pl\/wp-content\/uploads\/2024\/03\/PT6_2.webp 800w\" sizes=\"(max-width: 450px) 100vw, 450px\" \/><\/a><\/div>\n<div>\n<p><strong>W sk\u0142ad zestawu wchodzi:<\/strong><\/p>\n<p>-Kamera Wi-Fi,<\/p>\n<p>-Zasilacz 5V z 1m kablem USB typu C,<\/p>\n<p>-Instrukcja obs\u0142ugi w j\u0119z.polskim i angielskim,<\/p>\n<p>-Opakowanie.<\/p>\n<p><a href=\"https:\/\/alarmzone.pl\/wp-content\/uploads\/2024\/03\/PT6_3.webp\"><img loading=\"lazy\" decoding=\"async\" class=\"aligncenter wp-image-1802 size-full\" src=\"https:\/\/alarmzone.pl\/wp-content\/uploads\/2024\/03\/PT6_3.webp\" alt=\"\" width=\"800\" height=\"552\" srcset=\"https:\/\/alarmzone.pl\/wp-content\/uploads\/2024\/03\/PT6_3.webp 800w, https:\/\/alarmzone.pl\/wp-content\/uploads\/2024\/03\/PT6_3-300x207.webp 300w, https:\/\/alarmzone.pl\/wp-content\/uploads\/2024\/03\/PT6_3-768x530.webp 768w, https:\/\/alarmzone.pl\/wp-content\/uploads\/2024\/03\/PT6_3-600x414.webp 600w\" sizes=\"(max-width: 800px) 100vw, 800px\" \/><\/a> <a href=\"https:\/\/alarmzone.pl\/wp-content\/uploads\/2024\/03\/PT6_4.webp\"><img loading=\"lazy\" decoding=\"async\" class=\"aligncenter wp-image-1803 size-full\" src=\"https:\/\/alarmzone.pl\/wp-content\/uploads\/2024\/03\/PT6_4.webp\" alt=\"\" width=\"800\" height=\"800\" srcset=\"https:\/\/alarmzone.pl\/wp-content\/uploads\/2024\/03\/PT6_4.webp 800w, https:\/\/alarmzone.pl\/wp-content\/uploads\/2024\/03\/PT6_4-300x300.webp 300w, https:\/\/alarmzone.pl\/wp-content\/uploads\/2024\/03\/PT6_4-150x150.webp 150w, https:\/\/alarmzone.pl\/wp-content\/uploads\/2024\/03\/PT6_4-768x768.webp 768w, https:\/\/alarmzone.pl\/wp-content\/uploads\/2024\/03\/PT6_4-600x600.webp 600w, https:\/\/alarmzone.pl\/wp-content\/uploads\/2024\/03\/PT6_4-100x100.webp 100w\" sizes=\"(max-width: 800px) 100vw, 800px\" \/><\/a><\/p>\n<\/div>\n<div class=\"def\">\n<div class=\"def\">\n<div class=\"def\">\n<div class=\"def\">\n<div class=\"def\">\n<p><iframe title=\"Kamera Tuya Smart PT6 i Elektroniczna Niania w 1. Funkcja wykrywania ruchu i d\u017awi\u0119ku\" width=\"1240\" height=\"698\" src=\"https:\/\/www.youtube.com\/embed\/qhwVcrNWHRw?feature=oembed&#038;enablejsapi=1&#038;origin=https:\/\/alarmzone.pl\" frameborder=\"0\" allow=\"accelerometer; autoplay; clipboard-write; encrypted-media; gyroscope; picture-in-picture; web-share\" referrerpolicy=\"strict-origin-when-cross-origin\" allowfullscreen><\/iframe><\/p>\n<\/div>\n<\/div>\n<\/div>\n<\/div>\n<\/div>\n<div class=\"def\">\n<h5 class=\"\">Przepisy GPSR\/CE:<\/h5>\n<ul>\n<li><a href=\"https:\/\/alarmzone.pl\/wp-content\/uploads\/2025\/07\/GPSR-ALARMZONE.DOCX.pdf\">GPSR ALARMZONE.DOCX<\/a><\/li>\n<\/ul>\n<\/div>\n","protected":false},"excerpt":{"rendered":"<ul>\n<li>\n<h6><span class=\"first\">Wysy\u0142ka w <\/span><span class=\"second\">24 godziny<\/span><\/h6>\n<\/li>\n<\/ul>\n","protected":false},"featured_media":1804,"comment_status":"open","ping_status":"closed","template":"","meta":[],"product_brand":[136],"product_cat":[39,46],"product_tag":[89,87,88,50,83],"class_list":{"0":"post-1797","1":"product","2":"type-product","3":"status-publish","4":"has-post-thumbnail","6":"product_brand-alarmzone","7":"product_cat-kamery-wi-fi-smart-dom","8":"product_cat-promocje","9":"product_tag-kamera-tuya","10":"product_tag-kamera-wi-fi","11":"product_tag-monitoring","12":"product_tag-smart-dom","13":"product_tag-tuya-smart","15":"first","16":"instock","17":"sale","18":"featured","19":"taxable","20":"shipping-taxable","21":"purchasable","22":"product-type-simple"},"_links":{"self":[{"href":"https:\/\/alarmzone.pl\/index.php\/wp-json\/wp\/v2\/product\/1797","targetHints":{"allow":["GET"]}}],"collection":[{"href":"https:\/\/alarmzone.pl\/index.php\/wp-json\/wp\/v2\/product"}],"about":[{"href":"https:\/\/alarmzone.pl\/index.php\/wp-json\/wp\/v2\/types\/product"}],"replies":[{"embeddable":true,"href":"https:\/\/alarmzone.pl\/index.php\/wp-json\/wp\/v2\/comments?post=1797"}],"wp:featuredmedia":[{"embeddable":true,"href":"https:\/\/alarmzone.pl\/index.php\/wp-json\/wp\/v2\/media\/1804"}],"wp:attachment":[{"href":"https:\/\/alarmzone.pl\/index.php\/wp-json\/wp\/v2\/media?parent=1797"}],"wp:term":[{"taxonomy":"product_brand","embeddable":true,"href":"https:\/\/alarmzone.pl\/index.php\/wp-json\/wp\/v2\/product_brand?post=1797"},{"taxonomy":"product_cat","embeddable":true,"href":"https:\/\/alarmzone.pl\/index.php\/wp-json\/wp\/v2\/product_cat?post=1797"},{"taxonomy":"product_tag","embeddable":true,"href":"https:\/\/alarmzone.pl\/index.php\/wp-json\/wp\/v2\/product_tag?post=1797"}],"curies":[{"name":"wp","href":"https:\/\/api.w.org\/{rel}","templated":true}]}}