{"id":1752,"date":"2024-03-20T12:31:51","date_gmt":"2024-03-20T12:31:51","guid":{"rendered":"http:\/\/sektoralarm.pl\/?post_type=product&#038;p=1752"},"modified":"2026-03-29T16:47:35","modified_gmt":"2026-03-29T16:47:35","slug":"kabel-przewod-5-m-przedluzajacy-zasilanie-do-kamery-syreny-itp","status":"publish","type":"product","link":"https:\/\/alarmzone.pl\/index.php\/produkt\/kabel-przewod-5-m-przedluzajacy-zasilanie-do-kamery-syreny-itp\/","title":{"rendered":"Kabel, przew\u00f3d 5 m przed\u0142u\u017caj\u0105cy zasilanie do kamery, syreny, itp"},"content":{"rendered":"<p>PRZED\u0141U\u017bACZ PRZEW\u00d3D ZASILANIA DC CCTV 3 m WTYK 2.1 x 5.5 GNIAZDO 2.1 x 5.5 WG-5.5-3M<\/p>\n<p><a href=\"https:\/\/alarmzone.pl\/wp-content\/uploads\/2024\/03\/KABEL5M.webp\"><img fetchpriority=\"high\" decoding=\"async\" class=\"aligncenter wp-image-1753 size-full\" src=\"https:\/\/alarmzone.pl\/wp-content\/uploads\/2024\/03\/KABEL5M.webp\" alt=\"\" width=\"770\" height=\"358\" srcset=\"https:\/\/alarmzone.pl\/wp-content\/uploads\/2024\/03\/KABEL5M.webp 770w, https:\/\/alarmzone.pl\/wp-content\/uploads\/2024\/03\/KABEL5M-300x139.webp 300w, https:\/\/alarmzone.pl\/wp-content\/uploads\/2024\/03\/KABEL5M-768x357.webp 768w, https:\/\/alarmzone.pl\/wp-content\/uploads\/2024\/03\/KABEL5M-600x279.webp 600w\" sizes=\"(max-width: 770px) 100vw, 770px\" \/><\/a><\/p>\n<p>Rodzaj z\u0142\u0105cza: \u00d8 2.1\/5.5 mm Gniazdo proste \/\u00a0 \u00d8 2.1\/5.5 mm Wtyk prosty<\/p>\n<p>&nbsp;<\/p>\n<p><a href=\"https:\/\/alarmzone.pl\/wp-content\/uploads\/2024\/03\/KABEL5M_1.webp\"><img decoding=\"async\" class=\"aligncenter wp-image-1754 size-full\" src=\"https:\/\/alarmzone.pl\/wp-content\/uploads\/2024\/03\/KABEL5M_1.webp\" alt=\"\" width=\"790\" height=\"433\" srcset=\"https:\/\/alarmzone.pl\/wp-content\/uploads\/2024\/03\/KABEL5M_1.webp 790w, https:\/\/alarmzone.pl\/wp-content\/uploads\/2024\/03\/KABEL5M_1-300x164.webp 300w, https:\/\/alarmzone.pl\/wp-content\/uploads\/2024\/03\/KABEL5M_1-768x421.webp 768w, https:\/\/alarmzone.pl\/wp-content\/uploads\/2024\/03\/KABEL5M_1-600x329.webp 600w\" sizes=\"(max-width: 790px) 100vw, 790px\" \/><\/a><\/p>\n<p>D\u0142ugo\u015b\u0107 przewodu:\u00a05 m<\/p>\n<p><a href=\"https:\/\/alarmzone.pl\/wp-content\/uploads\/2024\/03\/KABEL5M_2.webp\"><img decoding=\"async\" class=\"aligncenter wp-image-1755 size-full\" src=\"https:\/\/alarmzone.pl\/wp-content\/uploads\/2024\/03\/KABEL5M_2.webp\" alt=\"\" width=\"585\" height=\"109\" srcset=\"https:\/\/alarmzone.pl\/wp-content\/uploads\/2024\/03\/KABEL5M_2.webp 585w, https:\/\/alarmzone.pl\/wp-content\/uploads\/2024\/03\/KABEL5M_2-300x56.webp 300w\" sizes=\"(max-width: 585px) 100vw, 585px\" \/><\/a><\/p>\n","protected":false},"excerpt":{"rendered":"<ul>\n<li>\n<h6><span class=\"first\">Wysy\u0142ka w <\/span><span class=\"second\">24 godziny<\/span><\/h6>\n<\/li>\n<\/ul>\n","protected":false},"featured_media":1756,"comment_status":"open","ping_status":"closed","template":"","meta":[],"product_brand":[],"product_cat":[43,39],"product_tag":[94],"class_list":{"0":"post-1752","1":"product","2":"type-product","3":"status-publish","4":"has-post-thumbnail","6":"product_cat-inne-niesklasyfikowane","7":"product_cat-kamery-wi-fi-smart-dom","8":"product_tag-kabel","10":"first","11":"instock","12":"taxable","13":"shipping-taxable","14":"purchasable","15":"product-type-simple"},"_links":{"self":[{"href":"https:\/\/alarmzone.pl\/index.php\/wp-json\/wp\/v2\/product\/1752","targetHints":{"allow":["GET"]}}],"collection":[{"href":"https:\/\/alarmzone.pl\/index.php\/wp-json\/wp\/v2\/product"}],"about":[{"href":"https:\/\/alarmzone.pl\/index.php\/wp-json\/wp\/v2\/types\/product"}],"replies":[{"embeddable":true,"href":"https:\/\/alarmzone.pl\/index.php\/wp-json\/wp\/v2\/comments?post=1752"}],"wp:featuredmedia":[{"embeddable":true,"href":"https:\/\/alarmzone.pl\/index.php\/wp-json\/wp\/v2\/media\/1756"}],"wp:attachment":[{"href":"https:\/\/alarmzone.pl\/index.php\/wp-json\/wp\/v2\/media?parent=1752"}],"wp:term":[{"taxonomy":"product_brand","embeddable":true,"href":"https:\/\/alarmzone.pl\/index.php\/wp-json\/wp\/v2\/product_brand?post=1752"},{"taxonomy":"product_cat","embeddable":true,"href":"https:\/\/alarmzone.pl\/index.php\/wp-json\/wp\/v2\/product_cat?post=1752"},{"taxonomy":"product_tag","embeddable":true,"href":"https:\/\/alarmzone.pl\/index.php\/wp-json\/wp\/v2\/product_tag?post=1752"}],"curies":[{"name":"wp","href":"https:\/\/api.w.org\/{rel}","templated":true}]}}