{"id":1636,"date":"2024-03-19T13:48:37","date_gmt":"2024-03-19T13:48:37","guid":{"rendered":"http:\/\/sektoralarm.pl\/?post_type=product&#038;p=1636"},"modified":"2025-12-09T11:15:45","modified_gmt":"2025-12-09T11:15:45","slug":"usb-c-zasilacz-ladowarka-samochodowa-konwerter12-24v-do-5v","status":"publish","type":"product","link":"https:\/\/alarmzone.pl\/index.php\/produkt\/usb-c-zasilacz-ladowarka-samochodowa-konwerter12-24v-do-5v\/","title":{"rendered":"USB C &#8211; Zasilacz-\u0142adowarka samochodowa, konwerter12-24v do 5v"},"content":{"rendered":"<p>Wysokiej jako\u015bci certyfikowany zasilacz &#8211; konwerter pr\u0105du akumulatorowego samochod\u00f3w osobowych 12V oraz ci\u0119\u017carowych 24V do napi\u0119cia 5 V stosowany w zasilaniu lokalizator\u00f3w GPS, telefon\u00f3w oraz innych urz\u0105dze\u0144 elektrycznych zasilanych pr\u0105dem 5V poprzez z\u0142\u0105cze USB typu C.<\/p>\n<p>Zasilacz charakteryzuje si\u0119 zako\u0144czeniem przewodowym 2-u \u017cy\u0142owy z jednej strony, co pozwala na pod\u0142\u0105czenie do instalacji elektrycznej pojazdu, np. o\u015bwietlenia samochodowego lub bezpo\u015brednio do akumulatora. Druga strona przewodu zasilacza to zako\u0144czenie w postaci USB typu C, do kt\u00f3rego mo\u017cna pod\u0142\u0105czy\u0107 lokalizator GPS, telefon, b\u0105d\u017a inne urz\u0105dzenie pracuj\u0105ce pod napi\u0119ciem 5V.<\/p>\n<p>&nbsp;<\/p>\n<p><a href=\"https:\/\/alarmzone.pl\/wp-content\/uploads\/2024\/03\/usbc.webp\"><img fetchpriority=\"high\" decoding=\"async\" class=\"aligncenter wp-image-1637 size-full\" src=\"https:\/\/alarmzone.pl\/wp-content\/uploads\/2024\/03\/usbc.webp\" alt=\"\" width=\"456\" height=\"296\" srcset=\"https:\/\/alarmzone.pl\/wp-content\/uploads\/2024\/03\/usbc.webp 456w, https:\/\/alarmzone.pl\/wp-content\/uploads\/2024\/03\/usbc-300x195.webp 300w\" sizes=\"(max-width: 456px) 100vw, 456px\" \/><\/a> <a href=\"https:\/\/alarmzone.pl\/wp-content\/uploads\/2024\/03\/usbc_1.webp\"><img decoding=\"async\" class=\"aligncenter wp-image-1638 size-full\" src=\"https:\/\/alarmzone.pl\/wp-content\/uploads\/2024\/03\/usbc_1.webp\" alt=\"\" width=\"476\" height=\"498\" srcset=\"https:\/\/alarmzone.pl\/wp-content\/uploads\/2024\/03\/usbc_1.webp 476w, https:\/\/alarmzone.pl\/wp-content\/uploads\/2024\/03\/usbc_1-287x300.webp 287w\" sizes=\"(max-width: 476px) 100vw, 476px\" \/><\/a> <a href=\"https:\/\/alarmzone.pl\/wp-content\/uploads\/2024\/03\/usbc_2.webp\"><img decoding=\"async\" class=\"aligncenter wp-image-1639 size-full\" src=\"https:\/\/alarmzone.pl\/wp-content\/uploads\/2024\/03\/usbc_2.webp\" alt=\"\" width=\"800\" height=\"663\" srcset=\"https:\/\/alarmzone.pl\/wp-content\/uploads\/2024\/03\/usbc_2.webp 800w, https:\/\/alarmzone.pl\/wp-content\/uploads\/2024\/03\/usbc_2-300x249.webp 300w, https:\/\/alarmzone.pl\/wp-content\/uploads\/2024\/03\/usbc_2-768x636.webp 768w, https:\/\/alarmzone.pl\/wp-content\/uploads\/2024\/03\/usbc_2-600x497.webp 600w\" sizes=\"(max-width: 800px) 100vw, 800px\" \/><\/a><\/p>\n<p><span id=\"result_box\" lang=\"pl\"><strong>Dane techniczne:<\/strong><\/span><\/p>\n<p><span id=\"result_box\" lang=\"pl\"><br \/>\nWej\u015bcie napi\u0119ciowe: DC 12V-36V<br \/>\nNapi\u0119cie wyj\u015bciowe: DC 5V<br \/>\nWyj\u015bcie pr\u0105dowe: 1,5A (maks.)<br \/>\nOchrona przed niskim napi\u0119ciem: 11.6V<br \/>\nD\u0142ugo\u015b\u0107 kabla: ok. 3 m \/ 118,11 &#8221;<br \/>\nCzarny kolor<br \/>\nRozmiar: 47 * 25 * 21 mm<\/span><\/p>\n<p>&nbsp;<\/p>\n<h5 class=\"\">Przepisy GPSR\/CE:<\/h5>\n<ul>\n<li><a href=\"https:\/\/alarmzone.pl\/wp-content\/uploads\/2025\/07\/GPSR-ALARMZONE.DOCX.pdf\">GPSR ALARMZONE.DOCX<\/a><\/li>\n<\/ul>\n","protected":false},"excerpt":{"rendered":"<ul>\n<li>\n<h6><span class=\"first\">Wysy\u0142ka w <\/span><span class=\"second\">24 godziny<\/span><\/h6>\n<\/li>\n<\/ul>\n","protected":false},"featured_media":1640,"comment_status":"open","ping_status":"closed","template":"","meta":[],"product_brand":[136],"product_cat":[43,35],"product_tag":[92,90,91],"class_list":{"0":"post-1636","1":"product","2":"type-product","3":"status-publish","4":"has-post-thumbnail","6":"product_brand-alarmzone","7":"product_cat-inne-niesklasyfikowane","8":"product_cat-lokalizatory-gps-bez-abonamentu","9":"product_tag-ladowarka","10":"product_tag-usb","11":"product_tag-zasilacz","13":"first","14":"instock","15":"sale","16":"taxable","17":"shipping-taxable","18":"purchasable","19":"product-type-simple"},"_links":{"self":[{"href":"https:\/\/alarmzone.pl\/index.php\/wp-json\/wp\/v2\/product\/1636","targetHints":{"allow":["GET"]}}],"collection":[{"href":"https:\/\/alarmzone.pl\/index.php\/wp-json\/wp\/v2\/product"}],"about":[{"href":"https:\/\/alarmzone.pl\/index.php\/wp-json\/wp\/v2\/types\/product"}],"replies":[{"embeddable":true,"href":"https:\/\/alarmzone.pl\/index.php\/wp-json\/wp\/v2\/comments?post=1636"}],"wp:featuredmedia":[{"embeddable":true,"href":"https:\/\/alarmzone.pl\/index.php\/wp-json\/wp\/v2\/media\/1640"}],"wp:attachment":[{"href":"https:\/\/alarmzone.pl\/index.php\/wp-json\/wp\/v2\/media?parent=1636"}],"wp:term":[{"taxonomy":"product_brand","embeddable":true,"href":"https:\/\/alarmzone.pl\/index.php\/wp-json\/wp\/v2\/product_brand?post=1636"},{"taxonomy":"product_cat","embeddable":true,"href":"https:\/\/alarmzone.pl\/index.php\/wp-json\/wp\/v2\/product_cat?post=1636"},{"taxonomy":"product_tag","embeddable":true,"href":"https:\/\/alarmzone.pl\/index.php\/wp-json\/wp\/v2\/product_tag?post=1636"}],"curies":[{"name":"wp","href":"https:\/\/api.w.org\/{rel}","templated":true}]}}