{"id":1569,"date":"2024-03-18T12:37:03","date_gmt":"2024-03-18T12:37:03","guid":{"rendered":"http:\/\/sektoralarm.pl\/?post_type=product&#038;p=1569"},"modified":"2026-03-23T10:01:06","modified_gmt":"2026-03-23T10:01:06","slug":"lokalizator-gps-az110-sim-alarm","status":"publish","type":"product","link":"https:\/\/alarmzone.pl\/index.php\/produkt\/lokalizator-gps-az110-sim-alarm\/","title":{"rendered":"Lokalizator GPS AZ110 SIM z funkcj\u0105 alarmu"},"content":{"rendered":"<h3 style=\"text-align: center;\"><span style=\"color: #0000ff;\"><strong>NOWO\u015a\u0106 ROKU !!!<\/strong><\/span><\/h3>\n<h4 style=\"text-align: center;\">NOWA WERSJA Z MO\u017bLIWO\u015aCI\u0104 PODPI\u0118CIA PRZEKA\u0179NIKA ODCI\u0118CIA PALIWA<\/h4>\n<p style=\"text-align: center;\"><em>JAKO JEDYNI NA RYNKU WPROWADZAMY DLA PA\u0143STWA NAJTA\u0143SZY LOKALIZATOR GPS Z\u00a0PRZESY\u0141EM\u00a0SYGNA\u0141U JU\u017b OD\u00a010 SEKUND\u00a0\u00a0<\/em><\/p>\n<p>&nbsp;<\/p>\n<p style=\"text-align: center;\"><span style=\"color: #0000ff;\"><strong>NOWOCZESNA TECHNOLOGIA<\/strong><\/span><\/p>\n<p style=\"text-align: center;\"><span style=\"color: #0000ff;\"><strong>ZAMKNI\u0118TA W SMUK\u0141EJ I FUNKCJONALNEJ OBUDOWIE<\/strong><\/span><\/p>\n<p style=\"text-align: center;\"><strong><span style=\"color: #ff0000;\"><em>POZYCJONOWANIE PRZY U\u017bYCIU SYGNA\u0141U\u00a0AGPS\u00a0oraz\u00a0LBS<\/em><\/span><\/strong><\/p>\n<p style=\"text-align: center;\"><span style=\"color: #000080;\"><strong>TYLKO U NAS DO\u017bYWOTNIA DARMOWA<\/strong><\/span><\/p>\n<p style=\"text-align: center;\"><span style=\"color: #000080;\"><strong>PLATFORMA I SERWER W CENIE LOKALIZATORA!(j\u0119z.polski)<\/strong><\/span><\/p>\n<p style=\"text-align: center;\"><span style=\"color: #0000ff;\">NIE P\u0141ACISZ \u017bADNEGO ABONAMENTU ANI ZA SERWER, ANI ZA APLIKACJ\u0118 !!!<\/span><\/p>\n<p style=\"text-align: center;\"><span style=\"color: #0000ff;\">DO\u0141\u0104CZ DO SETEK ZADOWOLONYCH KLIENT\u00d3W<\/span><\/p>\n<p><img fetchpriority=\"high\" decoding=\"async\" class=\"aligncenter wp-image-1570 size-full\" src=\"https:\/\/alarmzone.pl\/wp-content\/uploads\/2024\/03\/AZ110sim.webp\" alt=\"\" width=\"707\" height=\"712\" srcset=\"https:\/\/alarmzone.pl\/wp-content\/uploads\/2024\/03\/AZ110sim.webp 707w, https:\/\/alarmzone.pl\/wp-content\/uploads\/2024\/03\/AZ110sim-298x300.webp 298w, https:\/\/alarmzone.pl\/wp-content\/uploads\/2024\/03\/AZ110sim-150x150.webp 150w, https:\/\/alarmzone.pl\/wp-content\/uploads\/2024\/03\/AZ110sim-600x604.webp 600w, https:\/\/alarmzone.pl\/wp-content\/uploads\/2024\/03\/AZ110sim-100x100.webp 100w\" sizes=\"(max-width: 707px) 100vw, 707px\" \/><\/p>\n<p>&nbsp;<\/p>\n<p style=\"text-align: center;\"><strong><span style=\"color: #ff0000;\">CO WYR\u00d3\u017bNIA NASZ LOKALIZATOR???<\/span><\/strong><\/p>\n<p style=\"text-align: center;\"><strong><span style=\"color: #0000ff;\">\u00a0<em>POZYCJONOWANIE PRZY U\u017bYCIU SYGNA\u0141U AGPS oraz LBS<\/em><\/span><\/strong><\/p>\n<p>Najwy\u017cszej jako\u015bci profesjonalny lokalizator GPS AZ110 z funkcj\u0105 pomiaru napi\u0119cia akumulatora w zakresie 9-120V.<\/p>\n<p>Lokalizator\u00a0mo\u017ce by\u0107 u\u017cywany w samochodach, motorach, w przyczepach campingowych, maszynach budowlanych i wielu innych miejscach, w kt\u00f3rych potrzebujesz monitowania po\u0142o\u017cenia swojego pojazd. <span style=\"color: #0000ff;\">Alarmzone jest bezpo\u015brednim dystrybutorem i przedstawicielem w\/w\u00a0lokalizatora na Polsk\u0119 i Norwegi\u0119, co gwarantuj\u0119 Pa\u0144stwu, najlepsz\u0105 cen\u0119, jako\u015b\u0107 produktu i do\u017cywotni\u0105 platform\u0119 na systemy Windows, Android i IOS.<\/span><\/p>\n<p>&nbsp;<\/p>\n<p><img decoding=\"async\" class=\"aligncenter wp-image-1561 size-full\" src=\"https:\/\/alarmzone.pl\/wp-content\/uploads\/2024\/03\/AZ110_1.webp\" alt=\"\" width=\"800\" height=\"534\" srcset=\"https:\/\/alarmzone.pl\/wp-content\/uploads\/2024\/03\/AZ110_1.webp 800w, https:\/\/alarmzone.pl\/wp-content\/uploads\/2024\/03\/AZ110_1-300x200.webp 300w, https:\/\/alarmzone.pl\/wp-content\/uploads\/2024\/03\/AZ110_1-768x513.webp 768w, https:\/\/alarmzone.pl\/wp-content\/uploads\/2024\/03\/AZ110_1-600x401.webp 600w\" sizes=\"(max-width: 800px) 100vw, 800px\" \/><\/p>\n<h3>NAJNOWOCZE\u015aNIEJSZA TECHNOLOGIA<\/h3>\n<p>ZAMKNI\u0118TA W SMUK\u0141EJ I FUNKCJONALNEJ OBUDOWIE<\/p>\n<p>POZYCJONOWANIE PRZY U\u017bYCIU SYGNA\u0141U AGPS oraz LBS<\/p>\n<p>POD\u0141\u0104CZENIE + &#8211; , dodatkowo wbudowany akumulator podtrzymuj\u0105cy 110mAh!!<\/p>\n<p>POMIAR NAPI\u0118CIA NA AKUMULATORZE<\/p>\n<p>TYLKO U NAS DO\u017bYWOTNIA DARMOWA\u00a0PLATFORMA I SERWER NA 100 LAT W CENIE LOKALIZATORA!(j\u0119z.polski)<\/p>\n<p>DO\u0141\u0104CZ DO SETEK ZADOWOLONYCH KLIENT\u00d3W<\/p>\n<h3>IDEALNY DO AUTA, MOTORU, QUADA, CAMPERA, \u0141ODZI, SKUTERA, CI\u0104GNIKA, ROWERU ELEKTRYCZNEGO, ITP.<\/h3>\n<p><img decoding=\"async\" class=\"aligncenter wp-image-1456 size-full\" src=\"https:\/\/alarmzone.pl\/wp-content\/uploads\/2024\/03\/az20000-4g_1.webp\" alt=\"\" width=\"800\" height=\"640\" srcset=\"https:\/\/alarmzone.pl\/wp-content\/uploads\/2024\/03\/az20000-4g_1.webp 800w, https:\/\/alarmzone.pl\/wp-content\/uploads\/2024\/03\/az20000-4g_1-300x240.webp 300w, https:\/\/alarmzone.pl\/wp-content\/uploads\/2024\/03\/az20000-4g_1-768x614.webp 768w, https:\/\/alarmzone.pl\/wp-content\/uploads\/2024\/03\/az20000-4g_1-600x480.webp 600w\" sizes=\"(max-width: 800px) 100vw, 800px\" \/><\/p>\n<h1 style=\"text-align: center;\">CO WYR\u00d3\u017bNIA NASZ LOKALIZATOR???<\/h1>\n<p style=\"text-align: center;\"><strong>* NAJPRECYZYJNIEJSZE POZYCJONOWANIE GPS, WI-FI, LBS,<\/strong><\/p>\n<p style=\"text-align: center;\"><strong>* POMIAR NAPI\u0118CIA AKUMULATORA 24h\/dob\u0119,<\/strong><\/p>\n<p style=\"text-align: center;\"><strong>* BEZPIECZNIK PRZEPI\u0118CIOWY,<\/strong><\/p>\n<p style=\"text-align: center;\"><strong>* MA\u0141Y ROZMIAR,<\/strong><\/p>\n<p style=\"text-align: center;\"><strong>* ZAWSZE NAJNOWSZA WERSJA SOFTWARU,<\/strong><\/p>\n<p style=\"text-align: center;\"><strong>* SERWIS W POLSCE,<\/strong><\/p>\n<p style=\"text-align: center;\">Dodatkowo:<\/p>\n<p style=\"text-align: center;\"><strong>0 z\u0142<\/strong>\u00a0&#8211; za serwer ( brak op\u0142at , brak abonamentu )<\/p>\n<p style=\"text-align: center;\"><strong>0 z\u0142<\/strong>\u00a0&#8211; aplikacja mobilna w j\u0119zyku polskim<\/p>\n<p style=\"text-align: center;\"><strong>0 z\u0142<\/strong>\u00a0&#8211; platforma WWW ( j\u0119zyk polski)<\/p>\n<p>&nbsp;<\/p>\n<p><span style=\"color: #ff0000;\"><strong>JAKI JEST NAJLEPSZY I NAJSKUTECZNIEJSZY LOKALIZATOR GPS &#8211; AZ110?<\/strong><\/span><\/p>\n<ul>\n<li><strong><span style=\"color: #ff0000;\">Minimalnych rozmiar\u00f3w<\/span><\/strong>\u00a0&#8211; dzi\u0119ki temu mamy mo\u017cliwo\u015b\u0107 zainstalowania w ka\u017cdym miejscu pojazdu- pozwala to na zmniejszenie ryzyka odnalezienia lokalizatora przez potencjalnego z\u0142odzieja, lub jak to ma cz\u0119sto miejsce w przypadku pracownik\u00f3w transportu\/przedstawicieli handlowych, braku mo\u017cliwo\u015bci wy\u0142\u0105czania lokalizatora.<\/li>\n<\/ul>\n<ul>\n<li><strong><span style=\"color: #ff0000;\">Kontrola parametr\u00f3w napi\u0119cia w poje\u017adzie<\/span><\/strong>&#8211; dzi\u0119ki zastosowaniu nowoczesnej technologii, mamy na bie\u017c\u0105co podgl\u0105d na aktualne napi\u0119cie akumulatora,<\/li>\n<\/ul>\n<ul>\n<li><strong><span style=\"color: #ff0000;\">Informacja o odci\u0119ciu napi\u0119cia<\/span><\/strong> &#8211; \u00a0w przypadku od\u0142\u0105czenie zasilania, w trybie natychmiastowym administrator urz\u0105dzenia otrzymuje informacj\u0119 o tym fakcie, a lokalizator funkcjonuje nadal przez okres\u00a0oko\u0142o 1 h od odci\u0119cia napi\u0119cia.<\/li>\n<\/ul>\n<ul>\n<li><strong><span style=\"color: #ff0000;\">Alarm wstrz\u0105sowy<\/span><\/strong> &#8211;\u00a0w przypadku pr\u00f3by w\u0142amania do auta otrzymasz powiadomienie na telefon,<\/li>\n<\/ul>\n<ul>\n<li><strong><span style=\"color: #ff0000;\">Alarm wyjazdu\/wjazdu do strefy<\/span>\u00a0&#8211;<\/strong>\u00a0zawsze dostaniesz informacj\u0119 poprzez SMS o tym, \u017ce kto\u015b wyjecha\u0142 \/wjecha\u0142 z wyznaczonej przez Ciebie strefy,<\/li>\n<\/ul>\n<ul>\n<li><strong><span style=\"color: #ff0000;\">Alarm przekroczenia pr\u0119dko\u015bci<\/span><\/strong> &#8211;<strong>\u00a0<\/strong>ustal dozwolon\u0105 pr\u0119dko\u015b\u0107, a w momencie jej przekroczenia otrzymasz SMS-a , a trasa b\u0119dzie rysowana na czerwono,<\/li>\n<\/ul>\n<ul>\n<li><strong><span style=\"color: #ff0000;\">Wbudowana wewn\u0119trzna antena GPS i GSM<\/span><\/strong>\u00a0&#8211; brak informacji o jakimkolwiek lokalizatorze w poje\u017adzie przy zachowaniu najlepszych parametr\u00f3w namierzania nawet gdy lokalizator znajduje si\u0119 wewn\u0105trz pojazdu.<\/li>\n<\/ul>\n<ul>\n<li><strong><span style=\"color: #ff0000;\">Najdok\u0142adniejsze z mo\u017cliwych na rynku pozycjonowa\u0144<\/span><\/strong> &#8211; pozycjonowanie odbywa si\u0119 przy u\u017cyciu system\u00f3w <strong>GPS oraz LBS<\/strong>.<\/li>\n<li><span style=\"color: #ff0000;\"><strong>Pozycjonowanie GPS<\/strong><\/span>\u00a0&#8211; dzi\u0119ki zastosowaniu tej technologii otrzymujesz jeszcze szybsze i dok\u0142adniejsze pozycjonowanie<\/li>\n<li><strong><span style=\"color: #ff0000;\">Przesy\u0142\u00a0lokalizacji ju\u017c od\u00a010 sekund !<\/span><\/strong> &#8211; pozwala to na bardzo precyzyjne\/dok\u0142adne lokalizowanie pojazdu,<\/li>\n<\/ul>\n<ul>\n<li><strong><span style=\"color: #ff0000;\">Przyjazne i funkcjonalne oprogramowanie w j\u0119zyku polskim\u00a0<\/span><\/strong>&#8211; funkcje alarm\u00f3w, przekroczenia pr\u0119dko\u015bci, geo-bramka, historia trasy do\u00a06 miesi\u0119cy wstecz z mo\u017cliwo\u015bci archiwizowania plik\u00f3w, i inne.<\/li>\n<\/ul>\n<ul>\n<li>Bezp\u0142atna przejrzysta i \u0142atwa w obs\u0142udze platforma (w j\u0119zyku polskim) wraz z serwerem- tylko u nas darmowe bezterminowe i <strong>bezp\u0142atne korzystanie z platformy zar\u00f3wno na Windowsa, jak i na Androida oraz IOS.<\/strong><\/li>\n<\/ul>\n<p>&nbsp;<\/p>\n<p><strong>Czego potrzebujesz do prawid\u0142owego dzia\u0142ania lokalizatora?<\/strong><\/p>\n<ol>\n<li><b>Karta SIM\u00a0<\/b>&#8211; mo\u017ce by\u0107 telemetryczna (dost\u0119pna w naszej ofercie) lub zwyk\u0142a karta SIM telefoniczna(nie internetowa),<\/li>\n<li><b>Telefon<\/b>\u00a0&#8211; w celu instalacji oprogramowania oraz konfiguracji lokalizatora,<\/li>\n<li><b>Kilka minut czasu:)\u00a0<\/b>&#8211; w celu przeprowadzenia konfiguracji i aktywacji urz\u0105dzenia.<\/li>\n<\/ol>\n<p>Je\u017celi s\u0105dzisz, \u017ce nie masz czasu lub ch\u0119ci na konfigurowanie lub rejestracj\u0119 karty- mo\u017cesz dokona\u0107 u nas zakupu karty telemetrycznej lub pre-paid (wymagana rejestracja) wraz z konfiguracj\u0105 urz\u0105dzenia. W\u00f3wczas otrzymasz gotowe do pracy urz\u0105dzenie.<\/p>\n<p><img loading=\"lazy\" decoding=\"async\" class=\"aligncenter wp-image-1571 size-full\" src=\"https:\/\/alarmzone.pl\/wp-content\/uploads\/2024\/03\/AZ110sim_1.webp\" alt=\"\" width=\"707\" height=\"712\" srcset=\"https:\/\/alarmzone.pl\/wp-content\/uploads\/2024\/03\/AZ110sim_1.webp 707w, https:\/\/alarmzone.pl\/wp-content\/uploads\/2024\/03\/AZ110sim_1-298x300.webp 298w, https:\/\/alarmzone.pl\/wp-content\/uploads\/2024\/03\/AZ110sim_1-150x150.webp 150w, https:\/\/alarmzone.pl\/wp-content\/uploads\/2024\/03\/AZ110sim_1-600x604.webp 600w, https:\/\/alarmzone.pl\/wp-content\/uploads\/2024\/03\/AZ110sim_1-100x100.webp 100w\" sizes=\"(max-width: 707px) 100vw, 707px\" \/><\/p>\n<p><strong>Parametry techniczne:<\/strong><\/p>\n<p>Wymiary: 74mm x 25mm x 13mm<\/p>\n<p>Waga: 30g<\/p>\n<p>Sie\u0107: GSM \/ GPRS 850\/900\/1800 \/ 1900MHz<\/p>\n<p>Chip: MEDIATEK<\/p>\n<p>Czu\u0142o\u015b\u0107 GPS: -159dBm<\/p>\n<p>Dok\u0142adno\u015b\u0107 GPS: od 5m<\/p>\n<p>Akumulator podtrzymuj\u0105cy: 3.7V\u00a0110 mAh<\/p>\n<p>Temperatura pracy: od -20 &#8212; + 55 \u00b0.<\/p>\n<p>Wilgotno\u015b\u0107: 5% -95% bez kondensacji<\/p>\n<p>Lokalizacja GPS + LBS + WI-FI<\/p>\n<p><strong>ZESTAW ZAWIERA:<\/strong><\/p>\n<p>&#8211; 1x Lokalizator GPS ,<\/p>\n<p>&#8211; 1x Przew\u00f3d zasilaj\u0105cy z bezpiecznikiem,<\/p>\n<p>&#8211; 1x Ta\u015bma mocuj\u0105ca 3M,<\/p>\n<p>&#8211; 1x Opakowanie,<\/p>\n<p>&#8211;\u00a0 Serwer , aplikacje na Androida i IOS bez op\u0142at.<\/p>\n<p>&#8211;\u00a0 Instrukcja obs\u0142ugi.<\/p>\n<p>&nbsp;<\/p>\n<p><img loading=\"lazy\" decoding=\"async\" class=\"aligncenter wp-image-1472 size-large\" src=\"https:\/\/alarmzone.pl\/wp-content\/uploads\/2024\/03\/az20000-4g_16-1024x882.webp\" alt=\"\" width=\"1024\" height=\"882\" srcset=\"https:\/\/alarmzone.pl\/wp-content\/uploads\/2024\/03\/az20000-4g_16-1024x882.webp 1024w, https:\/\/alarmzone.pl\/wp-content\/uploads\/2024\/03\/az20000-4g_16-300x258.webp 300w, https:\/\/alarmzone.pl\/wp-content\/uploads\/2024\/03\/az20000-4g_16-768x662.webp 768w, https:\/\/alarmzone.pl\/wp-content\/uploads\/2024\/03\/az20000-4g_16-600x517.webp 600w, https:\/\/alarmzone.pl\/wp-content\/uploads\/2024\/03\/az20000-4g_16.webp 1400w\" sizes=\"(max-width: 1024px) 100vw, 1024px\" \/><\/p>\n<p>&nbsp;<\/p>\n<p>&nbsp;<\/p>\n<p>&nbsp;<\/p>\n<div class=\"resetcss\">\n<h4>Najcz\u0119\u015bciej zadawane pytania:<\/h4>\n<p>&nbsp;<\/p>\n<p><b>Jakie s\u0105 op\u0142aty za korzystanie z serwera i aplikacji obs\u0142uguj\u0105cej lokalizator?<\/b><\/p>\n<p>0z\u0142 op\u0142at &#8211; serwer op\u0142acony jest na 100 lat. Nie ponosisz \u017cadnych dodatkowych op\u0142at zwi\u0105zanych z serwerem i aplikacj\u0105.<\/p>\n<p><b>Czy mog\u0119 lokalizowa\u0107 wi\u0119cej urz\u0105dze\u0144 na jednym koncie w platformie ?<\/b><\/p>\n<p>Tak, mo\u017cemy pod\u0142\u0105czy\u0107 dowoln\u0105 liczb\u0119 zakupionych u nas urz\u0105dze\u0144 tej samej serii do jednego konta \u2013 konto dla Floty \u2013 jednorazowa op\u0142ata 80 z\u0142.<\/p>\n<p><b>Jak d\u0142ugo jest zapisywana historia trasy na serwerze?<\/b><\/p>\n<p>Do 6 miesi\u0119cy wstecz z automatycznym nadpisywaniem i mo\u017cliwo\u015bci\u0105 archiwizacji trasy na komputerze.<\/p>\n<p><b>Jaki jest koszt u\u017cywania kart SIM?<\/b><\/p>\n<p>Karty sieci Virgin- Roczny koszt je\u017celi chodzi o pozycjonowanie na terenie Polski, przy u\u017cyciu karty SIM pre-pai na dzie\u0144 01.02.20264: 40 z\u0142<\/p>\n<p>Karta telemetryczna 500MB- jest op\u0142acona i nie wymaga rejestracji. Wa\u017cno\u015b\u0107 karty 10 lat \u2013 pakiet wystarczy od 2 do 5 lat \u2013 w zale\u017cno\u015bci od ilo\u015bci godzin w trasie.<\/p>\n<p><b>Czy lokalizator b\u0119dzie dzia\u0142a\u0142 zagranic\u0105?<\/b><\/p>\n<p>Lokalizator b\u0119dzie dzia\u0142a\u0142 w kraju obs\u0142uguj\u0105cym pasmo GSM\/GPRS 850\/900\/1800\/1900MHz. Zawsze sprawd\u017a, czy kraj do kt\u00f3rego si\u0119 wybierasz obs\u0142uguje pasma sieci GSM \/ GPRS 850\/900\/1800 \/ 1900MHz<\/p>\n<\/div>\n<div class=\"productfiles\">\n<div class=\"resetcss\">\n<p>&nbsp;<\/p>\n<\/div>\n<div class=\"productfiles\">\n<p style=\"text-align: center;\">Masz pytania zwi\u0105zane z produktem? Napisz do nas :<strong> <a href=\"mailto:kontakt@alarmzone.pl\">kontakt@alarmzone.pl<\/a><\/strong>\u00a0,lub zadzwo\u0144 <strong>+48537778893<\/strong><\/p>\n<h5 class=\"\">GPSR\/CE:<\/h5>\n<ul>\n<li><a href=\"https:\/\/alarmzone.pl\/wp-content\/uploads\/2024\/03\/GPSR-GPS.DOCX.pdf\">GPSR GPS.DOCX<\/a><\/li>\n<\/ul>\n<\/div>\n<\/div>\n","protected":false},"excerpt":{"rendered":"<p>NOWO\u015a\u0106 ROKU !!! NOWA WERSJA Z MO\u017bLIWO\u015aCI\u0104 PODPI\u0118CIA PRZEKA\u0179NIKA ODCI\u0118CIA PALIWA JAKO JEDYNI NA RYNKU WPROWADZAMY DLA PA\u0143STWA NAJTA\u0143SZY LOKALIZATOR GPS Z\u00a0PRZESY\u0141EM\u00a0SYGNA\u0141U JU\u017b OD\u00a010 SEKUND\u00a0\u00a0 &nbsp; NOWOCZESNA TECHNOLOGIA ZAMKNI\u0118TA W SMUK\u0141EJ I FUNKCJONALNEJ OBUDOWIE POZYCJONOWANIE PRZY U\u017bYCIU SYGNA\u0141U\u00a0AGPS\u00a0oraz\u00a0LBS TYLKO U NAS DO\u017bYWOTNIA DARMOWA PLATFORMA I SERWER W CENIE LOKALIZATORA!(j\u0119z.polski) NIE P\u0141ACISZ \u017bADNEGO ABONAMENTU ANI ZA&hellip;<\/p>\n","protected":false},"featured_media":1570,"comment_status":"open","ping_status":"closed","template":"","meta":[],"product_brand":[136],"product_cat":[35,36],"product_tag":[53,52,85,159,160,162,161],"class_list":{"0":"post-1569","1":"product","2":"type-product","3":"status-publish","4":"has-post-thumbnail","6":"product_brand-alarmzone","7":"product_cat-lokalizatory-gps-bez-abonamentu","8":"product_cat-lokalizatory-seria-az","9":"product_tag-gps","10":"product_tag-lokalizator","11":"product_tag-lokalizator-gps-bez-abonamentu","12":"product_tag-lokalizator-z-odcieciem","13":"product_tag-lokalizator-z-przekaznikiem","14":"product_tag-monitoring-do-auta","15":"product_tag-odciecie-paliwa","17":"first","18":"instock","19":"featured","20":"taxable","21":"shipping-taxable","22":"purchasable","23":"product-type-variable","24":"has-default-attributes"},"_links":{"self":[{"href":"https:\/\/alarmzone.pl\/index.php\/wp-json\/wp\/v2\/product\/1569","targetHints":{"allow":["GET"]}}],"collection":[{"href":"https:\/\/alarmzone.pl\/index.php\/wp-json\/wp\/v2\/product"}],"about":[{"href":"https:\/\/alarmzone.pl\/index.php\/wp-json\/wp\/v2\/types\/product"}],"replies":[{"embeddable":true,"href":"https:\/\/alarmzone.pl\/index.php\/wp-json\/wp\/v2\/comments?post=1569"}],"wp:featuredmedia":[{"embeddable":true,"href":"https:\/\/alarmzone.pl\/index.php\/wp-json\/wp\/v2\/media\/1570"}],"wp:attachment":[{"href":"https:\/\/alarmzone.pl\/index.php\/wp-json\/wp\/v2\/media?parent=1569"}],"wp:term":[{"taxonomy":"product_brand","embeddable":true,"href":"https:\/\/alarmzone.pl\/index.php\/wp-json\/wp\/v2\/product_brand?post=1569"},{"taxonomy":"product_cat","embeddable":true,"href":"https:\/\/alarmzone.pl\/index.php\/wp-json\/wp\/v2\/product_cat?post=1569"},{"taxonomy":"product_tag","embeddable":true,"href":"https:\/\/alarmzone.pl\/index.php\/wp-json\/wp\/v2\/product_tag?post=1569"}],"curies":[{"name":"wp","href":"https:\/\/api.w.org\/{rel}","templated":true}]}}