{"id":1490,"date":"2024-03-15T14:35:32","date_gmt":"2024-03-15T14:35:32","guid":{"rendered":"http:\/\/sektoralarm.pl\/?post_type=product&#038;p=1490"},"modified":"2026-03-02T14:02:39","modified_gmt":"2026-03-02T14:02:39","slug":"lokalizator-gps-az12000w-sim-pokrywa-slide","status":"publish","type":"product","link":"https:\/\/alarmzone.pl\/index.php\/produkt\/lokalizator-gps-az12000w-sim-pokrywa-slide\/","title":{"rendered":"Lokalizator GPS AZ12000W 180 dni czuwania, niezale\u017cne zasilanie"},"content":{"rendered":"<p style=\"text-align: center;\"><img fetchpriority=\"high\" decoding=\"async\" class=\"alignnone wp-image-1491 size-full\" src=\"https:\/\/alarmzone.pl\/wp-content\/uploads\/2024\/03\/AZ12000W.webp\" alt=\"\" width=\"800\" height=\"251\" srcset=\"https:\/\/alarmzone.pl\/wp-content\/uploads\/2024\/03\/AZ12000W.webp 800w, https:\/\/alarmzone.pl\/wp-content\/uploads\/2024\/03\/AZ12000W-300x94.webp 300w, https:\/\/alarmzone.pl\/wp-content\/uploads\/2024\/03\/AZ12000W-768x241.webp 768w, https:\/\/alarmzone.pl\/wp-content\/uploads\/2024\/03\/AZ12000W-600x188.webp 600w\" sizes=\"(max-width: 800px) 100vw, 800px\" \/><\/p>\n<h3 style=\"text-align: center;\"><span style=\"color: #0000ff;\"><strong>ZWYCI\u0118ZCA ROKU\u00a0<\/strong><\/span><\/h3>\n<p>&nbsp;<\/p>\n<h4 style=\"text-align: center;\"><span style=\"color: #ff0000;\">W\u015aR\u00d3D LOKALIZATOR\u00d3W Z NIEZALE\u017bNYM ZASILANIEM<\/span><\/h4>\n<p style=\"text-align: center;\"><span style=\"color: #0000ff;\">NOWA KONSTRUKCJA I SOFTWARE<\/span><\/p>\n<p style=\"text-align: center;\"><span style=\"color: #ff0000;\"><em>POZYCJONOWANIE PRZY U\u017bYCIU SYGNA\u0141U\u00a0GPS,\u00a0\u00a0WI-FI\u00a0oraz\u00a0LBS<\/em><\/span><\/p>\n<h4 style=\"text-align: center;\"><span style=\"color: #0000ff;\">TYLKO U NAS DO\u017bYWOTNIA DARMOWA<\/span><\/h4>\n<h4 style=\"text-align: center;\"><span style=\"color: #0000ff;\">PLATFORMA I SERWER W CENIE LOKALIZATORA!(j\u0119z.polski)<\/span><\/h4>\n<p style=\"text-align: center;\"><span style=\"color: #3366ff;\">NIE P\u0141ACISZ \u017bADNEGO ABONAMENTU !!!<\/span><\/p>\n<p style=\"text-align: center;\"><span style=\"color: #3366ff;\">DO\u0141\u0104CZ DO SETEK ZADOWOLONYCH KLIENT\u00d3W<\/span><\/p>\n<p style=\"text-align: center;\"><span style=\"color: #ff0000;\"><strong>CO WYR\u00d3\u017bNIA NASZ LOKALIZATOR???<\/strong><\/span><\/p>\n<p style=\"text-align: center;\"><span style=\"color: #0000ff;\">\u00a0<em>POZYCJONOWANIE PRZY U\u017bYCIU SYGNA\u0141U GPS,\u00a0 WI-FI oraz LBS<\/em><\/span><\/p>\n<p>Najwy\u017cszej jako\u015bci profesjonalny, wodoodporny GPS tracker AZ12000W\/LK930 z mocnymi magnesami i bardzo pojemn\u0105 bateri\u0105 12000mAh. GPS tracker mo\u017ce by\u0107 u\u017cywany w samochodach, motorach, na \u0142odziach, w przyczepach campingowych, kontenerach i wielu innych miejscach, w kt\u00f3rych potrzebujesz monitowania po\u0142o\u017cenia swojego pojazdu<span style=\"color: #0000ff;\">.\u00a0Alarmzone jest bezpo\u015brednim dystrybutorem i przedstawicielem w\/w trackera na Polsk\u0119 i Norwegi\u0119, co gwarantuj\u0119 Pa\u0144stwu, najlepsz\u0105 cen\u0119, jako\u015b\u0107 produktu i do\u017cywotni\u0105 platform\u0119 na systemy Windows, Android i IOS.<\/span><\/p>\n<p>&nbsp;<\/p>\n<p style=\"text-align: center;\"><span style=\"color: #ff0000;\"><strong><em>\u00a0<\/em><em>JAKI JEST NAJLEPSZY I NAJSKUTECZNIEJSZY LOKALIZATOR GPS?<\/em><\/strong><\/span><\/p>\n<p>&nbsp;<\/p>\n<ul>\n<li><strong><span style=\"color: #ff0000;\">Przeno\u015bny z magnesami neodymowymi<\/span>\u00a0<\/strong>&#8211; dzi\u0119ki temu mamy mo\u017cliwo\u015b\u0107 zainstalowania w ka\u017cdym miejscu pojazdu- pozwala to na zmniejszenie ryzyka odnalezienia lokalizatora przez potencjalnego z\u0142odzieja, lub jak to ma cz\u0119sto miejsce w przypadku pracownik\u00f3w transportu\/przedstawicieli handlowych, braku mo\u017cliwo\u015bci wy\u0142\u0105czania lokalizatora. Bardzo mocne magnesy umo\u017cliwiaj\u0105 bezproblemow\u0105 instalacj\u0119 w dowolnym miejscu auta,<\/li>\n<li><span style=\"color: #ff0000;\"><strong>Mo\u017cliwo\u015b\u0107 \u0142adowania akumulatora<\/strong><\/span>\u00a0poprzez\u00a0micro USB<strong>\u00a0&#8211;\u00a0<\/strong>przy u\u017cyciu zasilacza,\u00a0power banku, \u0142adowarki samochodowej,itp &#8211; w ka\u017cdej chwili mamy mo\u017cliwo\u015b\u0107 na\u0142adowania akumulatora.<\/li>\n<li><span style=\"color: #ff0000;\"><strong>Funkcja nas\u0142uchu<\/strong><\/span>\u00a0&#8211;\u00a0W momencie kiedy zadzwonisz na lokalizator, uzyskasz anonimowe po\u0142\u0105czenie i b\u0119dziesz s\u0142ysza\u0142 wszystko co dziej\u0119 si\u0119 wok\u00f3\u0142 lokalizatora, bez jakiegokolwiek informowania o tym fakcie os\u00f3b postronnych(ciche po\u0142\u0105czenie)<\/li>\n<li><span style=\"color: #ff0000;\"><strong>Alarm o przekroczeniu pr\u0119dko\u015bci<\/strong><\/span>\u00a0&#8211; zawsze otrzymasz wiadomo\u015b\u0107 na telefon o przekroczeniu pr\u0119dko\u015bci dopuszczalnej jak\u0105 samodzielnie ustawisz na lokalizatorze,<\/li>\n<li><strong><span style=\"color: #ff0000;\">Alarm wyjazdu\/wjazdu do strefy<\/span> &#8211;<\/strong>\u00a0zawsze dostaniesz informacj\u0119, \u017ce kto\u015b wyjecha\u0142 \/wjecha\u0142 z wyznaczonej przez Ciebie strefy<\/li>\n<li><span style=\"color: #ff0000;\"><strong>Alarm wstrz\u0105sowy<\/strong><\/span>\u00a0&#8211;\u00a0w przypadku pr\u00f3by w\u0142amania, wykrycia wstrz\u0105su\u00a0&#8211; otrzymasz powiadomienie na telefon,<\/li>\n<li><span style=\"color: #ff0000;\"><strong>Bardzo pojemy wbudowany akumulator 12000mAh<\/strong><\/span>\u00a0&#8211; pozwala na niezale\u017cn\u0105 prac\u0119 w trybie czuwania\u00a0<strong>do 180 dni<\/strong>, bez konieczno\u015bci zasilania z akumulatora. Brak kabli \u0142\u0105cz\u0105cych lokalizator z akumulatorem, czy te\u017c gniazdem CAN uniemo\u017cliwi z\u0142odziejowi uzyskanie informacji, i\u017c auto posiada jakikolwiek lokalizator.<\/li>\n<li><span style=\"color: #ff0000;\"><strong>Wbudowana wewn\u0119trzna antena GPS i GSM<\/strong><\/span>\u00a0&#8211; brak informacji o jakimkolwiek lokalizatorze w poje\u017adzie przy zachowaniu najlepszych parametr\u00f3w namierzania nawet gdy lokalizator znajduje si\u0119 wewn\u0105trz pojazdu.<\/li>\n<li><span style=\"color: #ff0000;\"><strong>Najdok\u0142adniejsze z mo\u017cliwych pozycjonowanie<\/strong><\/span>\u00a0\u00a0&#8211; pozycjonowanie odbywa si\u0119 przy u\u017cyciu system\u00f3w\u00a0<strong>GPS, WI-FI oraz LBS<\/strong>.<\/li>\n<li><strong><span style=\"color: #ff0000;\">Wodoodporn<\/span><\/strong><span id=\"result_box\" lang=\"pl\"><strong><span style=\"color: #ff0000;\">a konstrukcja,<\/span><\/strong>\u00a0stopie\u0144 wodoodporno\u015bci IP65, &#8211; mo\u017cliwo\u015b\u0107 instalacji na zewn\u0105trz pojazd\u00f3w, w \u0142odziach, jachtach, skuterach, itp.<\/span><\/li>\n<li><span lang=\"pl\"><span lang=\"pl\"><span id=\"result_box\" lang=\"pl\"><strong><span style=\"color: #ff0000;\">Unikalna konstrukcja z funkcj\u0105\u00a0<\/span><span style=\"color: #ff0000;\">antysabota\u017cu<\/span> &#8211; fotosensor<\/strong>.\u00a0<span title=\"If the device drops, it would alarm to the admin number by SMS or calling timely.\">Je\u015bli urz\u0105dzenie spadnie, lub zostanie oderwane od metalowej powierzchni- w\u0142a\u015bciciel niezw\u0142ocznie otrzymuje powiadomienie poprzez aplikacj\u0119,<\/span><\/span><\/span><\/span><\/li>\n<li><span lang=\"pl\"><span lang=\"pl\"><span id=\"result_box\" lang=\"pl\"><span title=\"If the device drops, it would alarm to the admin number by SMS or calling timely.\"><span style=\"color: #ff0000;\"><strong>Niewykrywany przez detektory !<\/strong><\/span>&#8211;\u00a0 Po oko\u0142o 30 min lokalizator przechodzi automatycznie w tryb czuwania-offline, od tego momentu jest tez niewykrywalny przez detektory, kt\u00f3re z\u0142odzieje u\u017cywaj\u0105 w celu sprawdzenia pojazdu na parkingu. W momencie kiedy pojazd ruszy z miejsca lokalizator aktywuje si\u0119, kontynuuj\u0105c monitorowanie z pozycjonowaniem i w momencie kiedy mamy ustawion\u0105 geo-bramk\u0119, otrzymujesz powiadomienie\u00a0poprzez aplikacj\u0119\u00a0o wyje\u017adzie\/wje\u017adzie pojazdu z\/do wyznaczonego obszaru.<\/span><\/span><\/span><\/span><\/li>\n<li><span lang=\"pl\"><span lang=\"pl\"><span id=\"result_box\" lang=\"pl\"><span title=\"If the device drops, it would alarm to the admin number by SMS or calling timely.\"><span style=\"color: #ff0000;\"><strong>Zapis lokalizacji ju\u017c od 5 sekund<\/strong><\/span> \u00a0&#8211; pozwala to na jeszcze precyzyjniejsze\/dok\u0142adniejsze lokalizowanie pojazdu .<\/span><\/span><\/span><\/span><\/li>\n<li><span lang=\"pl\"><span id=\"result_box\" lang=\"pl\"><span title=\"If the device drops, it would alarm to the admin number by SMS or calling timely.\"><strong><span style=\"color: #ff0000;\">Przyjazne i funkcjonalne oprogramowanie w j\u0119zyku polskim<\/span><\/strong>\u00a0&#8211; funkcje alarm\u00f3w, przekroczenia pr\u0119dko\u015bci, geo-bramka, historia trasy do\u00a06 miesi\u0119cy wstecz z mo\u017cliwo\u015bci archiwizowania plik\u00f3w, i inne.\u00a0<\/span><\/span><\/span><\/li>\n<li><strong><span style=\"color: #ff0000;\">Bezp\u0142atna<\/span><\/strong> przejrzysta i \u0142atwa w obs\u0142udze platforma (w j\u0119zyku polskim) wraz z serwerem- <span style=\"color: #ff0000;\">tylko u nas do\u017cywotnie i darmowe korzystanie z platformy zar\u00f3wno na Windowsa, jak i na Androida oraz IOS.<\/span><\/li>\n<\/ul>\n<p><strong>Czego potrzebujesz do prawid\u0142owego dzia\u0142ania lokalizatora?<\/strong><\/p>\n<ol>\n<li><b>Karta SIM\u00a0<\/b>&#8211; mo\u017ce by\u0107 telemetryczna (dost\u0119pna w naszej ofercie) lub zwyk\u0142a karta SIM telefoniczna(nie internetowa),<\/li>\n<li><b>Telefon<\/b>\u00a0&#8211; w celu instalacji oprogramowania oraz konfiguracji lokalizatora,<\/li>\n<li><b>Kilka minut czasu:)\u00a0<\/b>&#8211; w celu przeprowadzenia konfiguracji i aktywacji urz\u0105dzenia.<\/li>\n<\/ol>\n<p>Je\u017celi s\u0105dzisz, \u017ce nie masz czasu lub ch\u0119ci na konfigurowanie lub rejestracj\u0119 karty- mo\u017cesz dokona\u0107 u nas zakupu karty telemetrycznej lub pre-paid (wymagana rejestracja) wraz z konfiguracj\u0105 urz\u0105dzenia. W\u00f3wczas otrzymasz gotowe do pracy urz\u0105dzenie<\/p>\n<p><img decoding=\"async\" class=\"aligncenter wp-image-1492 size-full\" src=\"https:\/\/alarmzone.pl\/wp-content\/uploads\/2024\/03\/AZ12000W_1.webp\" alt=\"\" width=\"800\" height=\"302\" srcset=\"https:\/\/alarmzone.pl\/wp-content\/uploads\/2024\/03\/AZ12000W_1.webp 800w, https:\/\/alarmzone.pl\/wp-content\/uploads\/2024\/03\/AZ12000W_1-300x113.webp 300w, https:\/\/alarmzone.pl\/wp-content\/uploads\/2024\/03\/AZ12000W_1-768x290.webp 768w, https:\/\/alarmzone.pl\/wp-content\/uploads\/2024\/03\/AZ12000W_1-600x227.webp 600w\" sizes=\"(max-width: 800px) 100vw, 800px\" \/><\/p>\n<p>&nbsp;<\/p>\n<p style=\"text-align: center;\"><strong>Parametry techniczne:<\/strong><\/p>\n<p style=\"text-align: center;\"><span id=\"result_box\" lang=\"pl\">Wymiary: 106mm x 64mm x 30mm<br \/>\nWaga: 365g<br \/>\nSie\u0107: GSM \/ GPRS 850\/900\/1800 \/ 1900MHz<br \/>\nChip: MEDIATEK<br \/>\nCzu\u0142o\u015b\u0107 GPS: -159dBm<br \/>\nDok\u0142adno\u015b\u0107 GPS: od 5m<br \/>\nAkumulator: 3.7V 12000mAh Li-Ion<br \/>\nCzas czuwania: 180 dni<br \/>\nTemperatura pracy: od -20 &#8212; + 55 \u00b0.<br \/>\nWilgotno\u015b\u0107: 5% -95% bez kondensacji<\/span><\/p>\n<p style=\"text-align: center;\"><span lang=\"pl\">Lokalizacja GPS + LBS + WI-FI<br \/>\n<\/span><\/p>\n<p style=\"text-align: center;\"><strong><span lang=\"pl\">ZESTAW ZAWIERA:<\/span><\/strong><\/p>\n<p style=\"text-align: center;\"><span lang=\"pl\">&#8211; 1x Lokalizator GPS 12000mAh, 180 dni czuwania,<br \/>\n<\/span><\/p>\n<p style=\"text-align: center;\"><span lang=\"pl\">&#8211; 1x Przew\u00f3d micro USB,<\/span><\/p>\n<p style=\"text-align: center;\"><span lang=\"pl\">&#8211; 1x Opakowanie,<\/span><\/p>\n<p>&nbsp;<\/p>\n<p>&nbsp;<\/p>\n<p>&nbsp;<\/p>\n<p>&nbsp;<\/p>\n<p><img decoding=\"async\" class=\"alignnone size-medium wp-image-1494\" src=\"https:\/\/alarmzone.pl\/wp-content\/uploads\/2024\/03\/AZ12000W_2-300x300.webp\" alt=\"\" width=\"300\" height=\"300\" srcset=\"https:\/\/alarmzone.pl\/wp-content\/uploads\/2024\/03\/AZ12000W_2-300x300.webp 300w, https:\/\/alarmzone.pl\/wp-content\/uploads\/2024\/03\/AZ12000W_2-150x150.webp 150w, https:\/\/alarmzone.pl\/wp-content\/uploads\/2024\/03\/AZ12000W_2-768x768.webp 768w, https:\/\/alarmzone.pl\/wp-content\/uploads\/2024\/03\/AZ12000W_2-600x600.webp 600w, https:\/\/alarmzone.pl\/wp-content\/uploads\/2024\/03\/AZ12000W_2-100x100.webp 100w, https:\/\/alarmzone.pl\/wp-content\/uploads\/2024\/03\/AZ12000W_2.webp 800w\" sizes=\"(max-width: 300px) 100vw, 300px\" \/> <img loading=\"lazy\" decoding=\"async\" class=\"alignnone size-medium wp-image-1495\" src=\"https:\/\/alarmzone.pl\/wp-content\/uploads\/2024\/03\/AZ12000W_3-300x300.webp\" alt=\"\" width=\"300\" height=\"300\" srcset=\"https:\/\/alarmzone.pl\/wp-content\/uploads\/2024\/03\/AZ12000W_3-300x300.webp 300w, https:\/\/alarmzone.pl\/wp-content\/uploads\/2024\/03\/AZ12000W_3-150x150.webp 150w, https:\/\/alarmzone.pl\/wp-content\/uploads\/2024\/03\/AZ12000W_3-768x768.webp 768w, https:\/\/alarmzone.pl\/wp-content\/uploads\/2024\/03\/AZ12000W_3-600x600.webp 600w, https:\/\/alarmzone.pl\/wp-content\/uploads\/2024\/03\/AZ12000W_3-100x100.webp 100w, https:\/\/alarmzone.pl\/wp-content\/uploads\/2024\/03\/AZ12000W_3.webp 800w\" sizes=\"(max-width: 300px) 100vw, 300px\" \/> <img loading=\"lazy\" decoding=\"async\" class=\"alignnone size-medium wp-image-1496\" src=\"https:\/\/alarmzone.pl\/wp-content\/uploads\/2024\/03\/AZ12000W_4-300x300.webp\" alt=\"\" width=\"300\" height=\"300\" srcset=\"https:\/\/alarmzone.pl\/wp-content\/uploads\/2024\/03\/AZ12000W_4-300x300.webp 300w, https:\/\/alarmzone.pl\/wp-content\/uploads\/2024\/03\/AZ12000W_4-150x150.webp 150w, https:\/\/alarmzone.pl\/wp-content\/uploads\/2024\/03\/AZ12000W_4-768x768.webp 768w, https:\/\/alarmzone.pl\/wp-content\/uploads\/2024\/03\/AZ12000W_4-600x600.webp 600w, https:\/\/alarmzone.pl\/wp-content\/uploads\/2024\/03\/AZ12000W_4-100x100.webp 100w, https:\/\/alarmzone.pl\/wp-content\/uploads\/2024\/03\/AZ12000W_4.webp 800w\" sizes=\"(max-width: 300px) 100vw, 300px\" \/> <img loading=\"lazy\" decoding=\"async\" class=\"aligncenter wp-image-1497 size-full\" src=\"https:\/\/alarmzone.pl\/wp-content\/uploads\/2024\/03\/AZ12000W_5.webp\" alt=\"\" width=\"800\" height=\"800\" srcset=\"https:\/\/alarmzone.pl\/wp-content\/uploads\/2024\/03\/AZ12000W_5.webp 800w, https:\/\/alarmzone.pl\/wp-content\/uploads\/2024\/03\/AZ12000W_5-300x300.webp 300w, https:\/\/alarmzone.pl\/wp-content\/uploads\/2024\/03\/AZ12000W_5-150x150.webp 150w, https:\/\/alarmzone.pl\/wp-content\/uploads\/2024\/03\/AZ12000W_5-768x768.webp 768w, https:\/\/alarmzone.pl\/wp-content\/uploads\/2024\/03\/AZ12000W_5-600x600.webp 600w, https:\/\/alarmzone.pl\/wp-content\/uploads\/2024\/03\/AZ12000W_5-100x100.webp 100w\" sizes=\"(max-width: 800px) 100vw, 800px\" \/> <img loading=\"lazy\" decoding=\"async\" class=\"aligncenter wp-image-1498 size-full\" src=\"https:\/\/alarmzone.pl\/wp-content\/uploads\/2024\/03\/AZ12000W_6.webp\" alt=\"\" width=\"814\" height=\"542\" srcset=\"https:\/\/alarmzone.pl\/wp-content\/uploads\/2024\/03\/AZ12000W_6.webp 814w, https:\/\/alarmzone.pl\/wp-content\/uploads\/2024\/03\/AZ12000W_6-300x200.webp 300w, https:\/\/alarmzone.pl\/wp-content\/uploads\/2024\/03\/AZ12000W_6-768x511.webp 768w, https:\/\/alarmzone.pl\/wp-content\/uploads\/2024\/03\/AZ12000W_6-600x400.webp 600w\" sizes=\"(max-width: 814px) 100vw, 814px\" \/><\/p>\n<p><span style=\"color: #ff0000;\"><strong><em>Pogl\u0105dowy film przedstawiaj\u0105cy prac\u0119 i rejestracj\u0119 lokalizatora GPS w Polsce i za granic\u0105:<\/em><\/strong><\/span><\/p>\n<p>&nbsp;<\/p>\n<p>&nbsp;<\/p>\n<p><iframe title=\"Alarmzone.pl - GPS Tracker AZ20000, AZ10000, AZ6000 podgl\u0105d trasy\" width=\"1240\" height=\"698\" src=\"https:\/\/www.youtube.com\/embed\/pdYKv-tofes?feature=oembed&#038;enablejsapi=1&#038;origin=https:\/\/alarmzone.pl\" frameborder=\"0\" allow=\"accelerometer; autoplay; clipboard-write; encrypted-media; gyroscope; picture-in-picture; web-share\" referrerpolicy=\"strict-origin-when-cross-origin\" allowfullscreen><\/iframe><\/p>\n<p>&nbsp;<\/p>\n<p><iframe title=\"Alarmzone.pl - GPS Tracker AZ20000, Czas Czuwania 240 Dni + Do\u017cywotnia Platforma - Best In Test -\" width=\"1240\" height=\"698\" src=\"https:\/\/www.youtube.com\/embed\/wi9r2hZpIXI?feature=oembed&#038;enablejsapi=1&#038;origin=https:\/\/alarmzone.pl\" frameborder=\"0\" allow=\"accelerometer; autoplay; clipboard-write; encrypted-media; gyroscope; picture-in-picture; web-share\" referrerpolicy=\"strict-origin-when-cross-origin\" allowfullscreen><\/iframe><\/p>\n<p>&nbsp;<\/p>\n<p style=\"text-align: center;\"><strong><span style=\"color: #ff0000;\"><em>Platforma na 100 lat !!!<\/em><\/span><\/strong><\/p>\n<p>&nbsp;<\/p>\n<p><img loading=\"lazy\" decoding=\"async\" class=\"aligncenter wp-image-1459 size-full\" src=\"https:\/\/alarmzone.pl\/wp-content\/uploads\/2024\/03\/az20000-4g_4.webp\" alt=\"\" width=\"800\" height=\"689\" srcset=\"https:\/\/alarmzone.pl\/wp-content\/uploads\/2024\/03\/az20000-4g_4.webp 800w, https:\/\/alarmzone.pl\/wp-content\/uploads\/2024\/03\/az20000-4g_4-300x258.webp 300w, https:\/\/alarmzone.pl\/wp-content\/uploads\/2024\/03\/az20000-4g_4-768x661.webp 768w, https:\/\/alarmzone.pl\/wp-content\/uploads\/2024\/03\/az20000-4g_4-600x517.webp 600w\" sizes=\"(max-width: 800px) 100vw, 800px\" \/> <img loading=\"lazy\" decoding=\"async\" class=\"aligncenter wp-image-1460 size-full\" src=\"https:\/\/alarmzone.pl\/wp-content\/uploads\/2024\/03\/az20000-4g_5.webp\" alt=\"\" width=\"800\" height=\"350\" srcset=\"https:\/\/alarmzone.pl\/wp-content\/uploads\/2024\/03\/az20000-4g_5.webp 800w, https:\/\/alarmzone.pl\/wp-content\/uploads\/2024\/03\/az20000-4g_5-300x131.webp 300w, https:\/\/alarmzone.pl\/wp-content\/uploads\/2024\/03\/az20000-4g_5-768x336.webp 768w, https:\/\/alarmzone.pl\/wp-content\/uploads\/2024\/03\/az20000-4g_5-600x263.webp 600w\" sizes=\"(max-width: 800px) 100vw, 800px\" \/><\/p>\n<p>&nbsp;<\/p>\n<p style=\"text-align: center;\"><strong><span style=\"color: #ff0000;\"><em>Ustawianie geo-bramki<\/em><\/span><\/strong><\/p>\n<p>&nbsp;<\/p>\n<p><img loading=\"lazy\" decoding=\"async\" class=\"aligncenter wp-image-1461 size-full\" src=\"https:\/\/alarmzone.pl\/wp-content\/uploads\/2024\/03\/az20000-4g_6.webp\" alt=\"\" width=\"800\" height=\"445\" srcset=\"https:\/\/alarmzone.pl\/wp-content\/uploads\/2024\/03\/az20000-4g_6.webp 800w, https:\/\/alarmzone.pl\/wp-content\/uploads\/2024\/03\/az20000-4g_6-300x167.webp 300w, https:\/\/alarmzone.pl\/wp-content\/uploads\/2024\/03\/az20000-4g_6-768x427.webp 768w, https:\/\/alarmzone.pl\/wp-content\/uploads\/2024\/03\/az20000-4g_6-600x334.webp 600w\" sizes=\"(max-width: 800px) 100vw, 800px\" \/><\/p>\n<p>&nbsp;<\/p>\n<p style=\"text-align: center;\"><strong><span style=\"color: #ff0000;\"><em>\u015aledzenie trasy na \u017cywo :<\/em><\/span><\/strong><\/p>\n<p>&nbsp;<\/p>\n<p><img loading=\"lazy\" decoding=\"async\" class=\"aligncenter wp-image-1462 size-full\" src=\"https:\/\/alarmzone.pl\/wp-content\/uploads\/2024\/03\/az20000-4g_7.webp\" alt=\"\" width=\"800\" height=\"354\" srcset=\"https:\/\/alarmzone.pl\/wp-content\/uploads\/2024\/03\/az20000-4g_7.webp 800w, https:\/\/alarmzone.pl\/wp-content\/uploads\/2024\/03\/az20000-4g_7-300x133.webp 300w, https:\/\/alarmzone.pl\/wp-content\/uploads\/2024\/03\/az20000-4g_7-768x340.webp 768w, https:\/\/alarmzone.pl\/wp-content\/uploads\/2024\/03\/az20000-4g_7-600x266.webp 600w\" sizes=\"(max-width: 800px) 100vw, 800px\" \/><\/p>\n<p>&nbsp;<\/p>\n<p>&nbsp;<\/p>\n<p style=\"text-align: center;\"><strong><span style=\"color: #ff0000;\"><em>Mo\u017cliwo\u015b\u0107 \u015bledzenia historii trasy:<\/em><\/span><\/strong><\/p>\n<p>&nbsp;<\/p>\n<p><img loading=\"lazy\" decoding=\"async\" class=\"aligncenter wp-image-1465 size-full\" src=\"https:\/\/alarmzone.pl\/wp-content\/uploads\/2024\/03\/az20000-4g_10.webp\" alt=\"\" width=\"800\" height=\"358\" srcset=\"https:\/\/alarmzone.pl\/wp-content\/uploads\/2024\/03\/az20000-4g_10.webp 800w, https:\/\/alarmzone.pl\/wp-content\/uploads\/2024\/03\/az20000-4g_10-300x134.webp 300w, https:\/\/alarmzone.pl\/wp-content\/uploads\/2024\/03\/az20000-4g_10-768x344.webp 768w, https:\/\/alarmzone.pl\/wp-content\/uploads\/2024\/03\/az20000-4g_10-600x269.webp 600w\" sizes=\"(max-width: 800px) 100vw, 800px\" \/><\/p>\n<p>&nbsp;<\/p>\n<p>Masz pytania zwi\u0105zane z produktem? Napisz do nas :<strong> <a href=\"mailto:kontakt@alarmzone.pl\">kontakt@alarmzone.pl<\/a><\/strong>\u00a0,lub zadzwo\u0144 +48537778893<\/p>\n<p>&nbsp;<\/p>\n<div class=\"resetcss\">\n<div class=\"resetcss\">\n<h4>Najcz\u0119\u015bciej zadawane pytania:<\/h4>\n<p>&nbsp;<\/p>\n<p><strong>Jakie s\u0105 op\u0142aty za korzystanie z serwera i aplikacji obs\u0142uguj\u0105cej lokalizator?<\/strong><\/p>\n<p>0z\u0142 op\u0142at &#8211; serwer op\u0142acony jest na 100 lat. Nie ponosisz \u017cadnych dodatkowych op\u0142at zwi\u0105zanych z serwerem i aplikacj\u0105.<\/p>\n<p><strong>Czy mog\u0119 lokalizowa\u0107 wi\u0119cej urz\u0105dze\u0144 na jednym koncie w platformie ?<\/strong><\/p>\n<p>Tak, mo\u017cemy pod\u0142\u0105czy\u0107 dowoln\u0105 liczb\u0119 zakupionych u nas urz\u0105dze\u0144 do jednego konta &#8211; konto dla Floty &#8211; jednorazowa op\u0142ata 80 z\u0142.<\/p>\n<p><strong>Jak d\u0142ugo jest zapisywana historia trasy na serwerze?<\/strong><\/p>\n<p>Do 6 miesi\u0119cy wstecz z automatycznym nadpisywaniem i mo\u017cliwo\u015bci\u0105 archiwizacji trasy na komputerze.<\/p>\n<p><strong>Jaki jest koszt u\u017cywania kart SIM?<\/strong><\/p>\n<p>Karty sieci Virgin lub Play : Roczny koszt je\u017celi chodzi o pozycjonowanie na terenie Polski, przy u\u017cyciu karty SIM pre-pai na dzie\u0144 01.09.2025: Virgin: 40 z\u0142 , karty Play : 80 z\u0142<\/p>\n<p>Karta telemetryczna 500MB- jest op\u0142acona i nie wymaga rejestracji. Wa\u017cno\u015b\u0107 karty 10 lat \u2013 pakiet wystarczy od 2 do 10 lat \u2013 w zale\u017cno\u015bci od ilo\u015bci godzin w trasie. Karty telemetryczne(oferowane przez nasz sklep) nie maj\u0105 mo\u017cliwo\u015bci wysy\u0142ania SMS-\u00f3w, ani dzwonienia, ale dzia\u0142aj\u0105 na terenie ponad 170 pa\u0144stw bez dodatkowych op\u0142at.<\/p>\n<p><strong>Jakie jest miesi\u0119czne zu\u017cycie internetu?<\/strong><\/p>\n<p>Z naszych test\u00f3w wynika, \u017ce wystarcza 300mb. Zalecamy aktywacj\u0119 pakiet\u00f3w internetowych zgodnie z za\u0142\u0105czon\u0105 instrukcj\u0105.<\/p>\n<p><strong>Czy lokalizator b\u0119dzie dzia\u0142a\u0142 zagranic\u0105?<\/strong><\/p>\n<\/div>\n<div class=\"productfiles\">\n<div class=\"resetcss\">\n<p>Lokalizator b\u0119dzie dzia\u0142a\u0142 w ka\u017cdym kraju, w kt\u00f3rym obs\u0142ugiwana jest sie\u0107 2G. Zawsze sprawd\u017a, czy kraj do kt\u00f3rego si\u0119 wybierasz obs\u0142uguje pasma sieci GSM \/ GPRS 850\/900\/1800 \/ 1900MHz<\/p>\n<\/div>\n<p>&nbsp;<\/p>\n<\/div>\n<\/div>\n<div class=\"productfiles\">\n<div class=\"productfiles\">\n<h5 class=\"\">Pliki do pobrania:<\/h5>\n<ul class=\"productfiles\">\n<li><a class=\"spanhover\" title=\"LKGPS2- aplikcja do lokalizatora\" href=\"https:\/\/alarmzone.pl\/wp-content\/uploads\/2024\/03\/app.apk\">LKGPS2- aplikacja do lokalizatora<\/a><\/li>\n<\/ul>\n<\/div>\n<p>&nbsp;<\/p>\n<\/div>\n<h5 class=\"\">Przepisy GPSR\/CE:<\/h5>\n<ul>\n<li><a href=\"https:\/\/alarmzone.pl\/wp-content\/uploads\/2024\/03\/GPSR-GPS.DOCX.pdf\">GPSR GPS.DOCX<\/a><\/li>\n<\/ul>\n","protected":false},"excerpt":{"rendered":"<p>ZWYCI\u0118ZCA ROKU\u00a0 &nbsp; W\u015aR\u00d3D LOKALIZATOR\u00d3W Z NIEZALE\u017bNYM ZASILANIEM NOWA KONSTRUKCJA I SOFTWARE POZYCJONOWANIE PRZY U\u017bYCIU SYGNA\u0141U\u00a0GPS,\u00a0\u00a0WI-FI\u00a0oraz\u00a0LBS TYLKO U NAS DO\u017bYWOTNIA DARMOWA PLATFORMA I SERWER W CENIE LOKALIZATORA!(j\u0119z.polski) NIE P\u0141ACISZ \u017bADNEGO ABONAMENTU !!! DO\u0141\u0104CZ DO SETEK ZADOWOLONYCH KLIENT\u00d3W CO WYR\u00d3\u017bNIA NASZ LOKALIZATOR??? \u00a0POZYCJONOWANIE PRZY U\u017bYCIU SYGNA\u0141U GPS,\u00a0 WI-FI oraz LBS Najwy\u017cszej jako\u015bci profesjonalny, wodoodporny GPS tracker&hellip;<\/p>\n","protected":false},"featured_media":1502,"comment_status":"open","ping_status":"closed","template":"","meta":[],"product_brand":[136],"product_cat":[35,36,46],"product_tag":[53,52,85],"class_list":{"0":"post-1490","1":"product","2":"type-product","3":"status-publish","4":"has-post-thumbnail","6":"product_brand-alarmzone","7":"product_cat-lokalizatory-gps-bez-abonamentu","8":"product_cat-lokalizatory-seria-az","9":"product_cat-promocje","10":"product_tag-gps","11":"product_tag-lokalizator","12":"product_tag-lokalizator-gps-bez-abonamentu","13":"product_shipping_class-darmowa-wysylka","15":"first","16":"instock","17":"taxable","18":"shipping-taxable","19":"purchasable","20":"product-type-variable"},"_links":{"self":[{"href":"https:\/\/alarmzone.pl\/index.php\/wp-json\/wp\/v2\/product\/1490","targetHints":{"allow":["GET"]}}],"collection":[{"href":"https:\/\/alarmzone.pl\/index.php\/wp-json\/wp\/v2\/product"}],"about":[{"href":"https:\/\/alarmzone.pl\/index.php\/wp-json\/wp\/v2\/types\/product"}],"replies":[{"embeddable":true,"href":"https:\/\/alarmzone.pl\/index.php\/wp-json\/wp\/v2\/comments?post=1490"}],"wp:featuredmedia":[{"embeddable":true,"href":"https:\/\/alarmzone.pl\/index.php\/wp-json\/wp\/v2\/media\/1502"}],"wp:attachment":[{"href":"https:\/\/alarmzone.pl\/index.php\/wp-json\/wp\/v2\/media?parent=1490"}],"wp:term":[{"taxonomy":"product_brand","embeddable":true,"href":"https:\/\/alarmzone.pl\/index.php\/wp-json\/wp\/v2\/product_brand?post=1490"},{"taxonomy":"product_cat","embeddable":true,"href":"https:\/\/alarmzone.pl\/index.php\/wp-json\/wp\/v2\/product_cat?post=1490"},{"taxonomy":"product_tag","embeddable":true,"href":"https:\/\/alarmzone.pl\/index.php\/wp-json\/wp\/v2\/product_tag?post=1490"}],"curies":[{"name":"wp","href":"https:\/\/api.w.org\/{rel}","templated":true}]}}