{"id":1391,"date":"2024-03-13T10:07:58","date_gmt":"2024-03-13T10:07:58","guid":{"rendered":"http:\/\/sektoralarm.pl\/?post_type=product&#038;p=1391"},"modified":"2026-03-31T07:03:43","modified_gmt":"2026-03-31T07:03:43","slug":"lokalizator-gps-4g-lte-ak6-20000-wbudowany-akumulator-alarmy","status":"publish","type":"product","link":"https:\/\/alarmzone.pl\/index.php\/produkt\/lokalizator-gps-4g-lte-ak6-20000-wbudowany-akumulator-alarmy\/","title":{"rendered":"Lokalizator GPS 4G, AK6-20000 , wbudowany akumulator + alarmy"},"content":{"rendered":"<p style=\"text-align: center;\"><span style=\"color: #0000ff;\"><strong>\u00a0NOWO\u015a\u0106 !!!\u00a0<\/strong><\/span><\/p>\n<p style=\"text-align: center;\"><span style=\"color: #0000ff;\"><strong>PROMOCYJNA CENA OGRANICZONA CZASOWO LUB DO WYCZERPANIA ZAPASU\u00a0<\/strong><\/span><\/p>\n<p><img fetchpriority=\"high\" decoding=\"async\" class=\"aligncenter wp-image-1392 size-full\" src=\"https:\/\/alarmzone.pl\/wp-content\/uploads\/2024\/03\/baner2.webp\" alt=\"\" width=\"800\" height=\"193\" srcset=\"https:\/\/alarmzone.pl\/wp-content\/uploads\/2024\/03\/baner2.webp 800w, https:\/\/alarmzone.pl\/wp-content\/uploads\/2024\/03\/baner2-300x72.webp 300w, https:\/\/alarmzone.pl\/wp-content\/uploads\/2024\/03\/baner2-768x185.webp 768w, https:\/\/alarmzone.pl\/wp-content\/uploads\/2024\/03\/baner2-600x145.webp 600w\" sizes=\"(max-width: 800px) 100vw, 800px\" \/><\/p>\n<p>&nbsp;<\/p>\n<h3 style=\"text-align: center;\"><span style=\"color: #ff0000;\"><strong>BEST IN TEST !<\/strong><\/span><\/h3>\n<p style=\"text-align: center;\"><span style=\"color: #0000ff;\">NIE P\u0141ACISZ \u017bADNEGO ABONAMENTU ANI ZA SERWER, ANI ZA APLIKACJ\u0118!!!<\/span><\/p>\n<p style=\"text-align: center;\"><span style=\"color: #0000ff;\">DO\u0141\u0104CZ DO SETEK ZADOWOLONYCH KLIENT\u00d3W<\/span><\/p>\n<p style=\"text-align: center;\"><span style=\"color: #0000ff;\"><em>Platforma w j\u0119zyku polskim!\u00a0<\/em><\/span><\/p>\n<p style=\"text-align: center;\">CO WYR\u00d3\u017bNIA NASZ LOKALIZATOR???<\/p>\n<p style=\"text-align: center;\">NAJNOWSZA TECHNOLOGIA ZAMKNI\u0118TA W PRAKTYCZNEJ I SPRAWDZONEJ OBUDOWIE<\/p>\n<h4 style=\"text-align: center;\">\u00a0<span style=\"color: #ff0000;\"><em>NAJDOK\u0141ADNIEJSZE POZYCJONOWANIE PRZY U\u017bYCIU SYGNA\u0141U\u00a0<span style=\"color: #000000;\">GPS , BDS<\/span><\/em><\/span><\/h4>\n<p>&nbsp;<\/p>\n<p><img decoding=\"async\" class=\"aligncenter wp-image-1393 size-full\" src=\"https:\/\/alarmzone.pl\/wp-content\/uploads\/2024\/03\/baner3.webp\" alt=\"\" width=\"666\" height=\"500\" srcset=\"https:\/\/alarmzone.pl\/wp-content\/uploads\/2024\/03\/baner3.webp 666w, https:\/\/alarmzone.pl\/wp-content\/uploads\/2024\/03\/baner3-300x225.webp 300w, https:\/\/alarmzone.pl\/wp-content\/uploads\/2024\/03\/baner3-160x120.webp 160w, https:\/\/alarmzone.pl\/wp-content\/uploads\/2024\/03\/baner3-600x450.webp 600w\" sizes=\"(max-width: 666px) 100vw, 666px\" \/><\/p>\n<p>&nbsp;<\/p>\n<h4 style=\"text-align: center;\"><span style=\"color: #0000ff;\"><em>TECHNOLOGIA 4G:<\/em><\/span><\/h4>\n<h4 style=\"text-align: center;\"><span style=\"color: #0000ff;\">FDD-B1\/B3\/B5\/B7\/B8\/B20<\/span><\/h4>\n<p>Najwy\u017cszej jako\u015bci profesjonalny, lokalizator GPS AK6-20000 z mocnymi magnesami i bardzo pojemnym akumulatorem 20000 mAh o czasie czuwania do 240 dni . Lokalizator GPS mo\u017ce by\u0107 u\u017cywany w samochodach, na \u0142odziach, w przyczepach campingowych, kontenerach, maszynach budowlanych i wielu innych miejscach, w kt\u00f3rych potrzebujesz monitowania po\u0142o\u017cenia swojego pojazdu.<span style=\"color: #0000ff;\">\u00a0Alarmzone jest bezpo\u015brednim dystrybutorem i przedstawicielem w\/w trackera na Polsk\u0119 i Norwegi\u0119, co gwarantuj\u0119 Pa\u0144stwu, najlepsz\u0105 cen\u0119, jako\u015b\u0107 produktu i do\u017cywotni\u0105 platform\u0119 na systemy Windows, Android i IOS.<\/span><\/p>\n<p>&nbsp;<\/p>\n<p style=\"text-align: center;\"><em>\u00a0<\/em><em><strong>JAKI JEST NAJLEPSZY I NAJSKUTECZNIEJSZY LOKALIZATOR GPS?<\/strong><\/em><\/p>\n<p>&nbsp;<\/p>\n<ul>\n<li><strong><span style=\"color: #ff0000;\">Przeno\u015bny z magnesami neodymowymi<\/span>\u00a0<\/strong>&#8211; dzi\u0119ki temu mamy mo\u017cliwo\u015b\u0107 zainstalowania w ka\u017cdym miejscu pojazdu- pozwala to na zmniejszenie ryzyka odnalezienia lokalizatora przez potencjalnego z\u0142odzieja, lub jak to ma cz\u0119sto miejsce w przypadku pracownik\u00f3w transportu\/przedstawicieli handlowych, braku mo\u017cliwo\u015bci wy\u0142\u0105czania lokalizatora. Bardzo mocne magnesy umo\u017cliwiaj\u0105 bezproblemow\u0105 instalacj\u0119 w dowolnym miejscu auta,<\/li>\n<\/ul>\n<p>&nbsp;<\/p>\n<ul>\n<li><span style=\"color: #ff0000;\"><strong>Mo\u017cliwo\u015b\u0107 \u0142adowania akumulatora<\/strong><\/span> poprzez USB<strong> C-\u00a0<\/strong>przy u\u017cyciu zasilacza,\u00a0power banku, \u0142adowarki samochodowej,itp &#8211; w ka\u017cdej chwili mamy mo\u017cliwo\u015b\u0107 na\u0142adowania akumulatora.<\/li>\n<\/ul>\n<p>&nbsp;<\/p>\n<ul>\n<li><span style=\"color: #ff0000;\"><strong>Pojemny wbudowany polimerowy akumulator 20000mAh<\/strong><\/span> &#8211; pozwala na niezale\u017cn\u0105 prac\u0119 w trybie czuwania do 240 dni, bez konieczno\u015bci zasilania z akumulatora. Brak kabli \u0142\u0105cz\u0105cych lokalizator z akumulatorem, czy te\u017c gniazdem CAN uniemo\u017cliwi z\u0142odziejowi uzyskanie informacji, i\u017c auto posiada jakikolwiek lokalizator.<\/li>\n<\/ul>\n<p>&nbsp;<\/p>\n<ul>\n<li><span style=\"color: #ff0000;\"><strong>Wbudowana wewn\u0119trzna antena GPS i GSM<\/strong><\/span>\u00a0&#8211; brak informacji o jakimkolwiek lokalizatorze w poje\u017adzie przy zachowaniu najlepszych parametr\u00f3w namierzania nawet gdy lokalizator znajduje si\u0119 wewn\u0105trz pojazdu.<\/li>\n<\/ul>\n<p>&nbsp;<\/p>\n<ul>\n<li><span style=\"color: #ff0000;\"><strong>Najdok\u0142adniejsze pozycjonowanie<\/strong><\/span> \u00a0&#8211; pozycjonowanie odbywa si\u0119 przy u\u017cyciu system\u00f3w GPS, BDS, a interwa\u0142 zapisu danych mo\u017ce by\u0107 ju\u017c\u00a0<strong>od 5 sekund<\/strong><\/li>\n<\/ul>\n<p>&nbsp;<\/p>\n<ul>\n<li><span style=\"color: #ff0000;\"><strong>Zastosowanie technologii 4G CAT1 i 2G<\/strong><\/span>\u00a0&#8211; ten lokalizator\u00a0dzia\u0142a na terenie ca\u0142ej Europy, Azji, Afryki i Skandynawii<span id=\"result_box\" lang=\"pl\">. Dzi\u0119ki zastosowaniu technologii LTE nie musisz martwi\u0107 si\u0119, \u017ce wkr\u00f3tce sygna\u0142 2G zostanie wy\u0142\u0105czony w ca\u0142ej Europie i lokalizatory 2G przestan\u0105 dzia\u0142a\u0107. Ten lokalizator dzia\u0142a i dzia\u0142a\u0107 b\u0119dzie.<br \/>\n<\/span><\/li>\n<\/ul>\n<p>&nbsp;<\/p>\n<ul>\n<li><span lang=\"pl\"><span id=\"result_box\" lang=\"pl\"><span style=\"color: #ff0000;\"><strong>Obs\u0142uguje karty SIM (2G \/ 4G),<\/strong><\/span>\u00a0&#8211; dzia\u0142a na terenie ca\u0142ej Europy, Azji, Afryki i Skandynawii,<\/span><\/span><\/li>\n<\/ul>\n<p>&nbsp;<\/p>\n<ul>\n<li><span lang=\"pl\"><span id=\"result_box\" lang=\"pl\"><span style=\"color: #ff0000;\"><strong>Unikalna konstrukcja z funkcj\u0105\u00a0antysabota\u017cu-\u00a0fotosensor<\/strong>.<\/span>\u00a0<span title=\"If the device drops, it would alarm to the admin number by SMS or calling timely.\">Je\u015bli urz\u0105dzenie spadnie, lub zostanie oderwane od metalowej powierzchni- w\u0142a\u015bciciel niezw\u0142ocznie otrzymuje powiadomienie\u00a0na aplikacj\u0119, wiadomo\u015b\u0107 SMS i\/lub po\u0142\u0105czenie telefoniczne,<\/span><\/span><\/span><\/li>\n<\/ul>\n<p>&nbsp;<\/p>\n<ul>\n<li><strong><span style=\"color: #ff0000;\">Alarm wibracyjny\/wstrz\u0105sowy<\/span> &#8211; <\/strong>podczas wykrycia ruchu\/wstrz\u0105su otrzymasz natychmiast powiadomienie na telefon poprzez SMS-a i\/lub po\u0142\u0105czenie telefonie oraz w zak\u0142adce &#8222;komunikaty&#8221; w aplikacji. NOWO\u015a\u0106 &#8211; Automatyzacja alarmu &#8211; Mo\u017cliwo\u015b\u0107 ustawienia czasu automatycznego aktywowania, np. auto staje na 5 min. alarm sam si\u0119 uzbroi&#8230;<\/li>\n<\/ul>\n<p>&nbsp;<\/p>\n<ul>\n<li><strong><span style=\"color: #ff0000;\">Alarm przekroczenia pr\u0119dko\u015bci<\/span> &#8211;\u00a0<\/strong>mo\u017cesz ustawi\u0107 zadan\u0105 pr\u0119dko\u015b\u0107 &#8211; w momencie jej przekroczenia otrzymasz powiadomienie na aplikacji, poprzez SMS-a i\/lub po\u0142\u0105czenie telefoniczne,<\/li>\n<\/ul>\n<p>&nbsp;<\/p>\n<ul>\n<li><strong><span style=\"color: #ff0000;\">Geobramka<\/span> &#8211;\u00a0<\/strong>podczas opuszczenia wyznaczonej strefy otrzymasz powiadomienie o tym fakcie na aplikacji.<\/li>\n<\/ul>\n<p>&nbsp;<\/p>\n<ul>\n<li><span lang=\"pl\"><span title=\"If the device drops, it would alarm to the admin number by SMS or calling timely.\"><span id=\"result_box\" lang=\"pl\"><span style=\"color: #ff0000;\"><strong>Funkcja nas\u0142uchu<\/strong><\/span> &#8211; W momencie kiedy aktywujesz us\u0142ug\u0119 i wy\u015blesz odpowiedni\u0105 komend\u0119 SMS, lokalizator oddzwoni na numer administratora i uzyskasz anonimowe po\u0142\u0105czenie-b\u0119dziesz s\u0142ysza\u0142 wszystko co dziej\u0119 si\u0119 wok\u00f3\u0142 lokalizatora, bez jakiegokolwiek informowania o tym fakcie os\u00f3b postronnych(ciche po\u0142\u0105czenie). Mikrofon mono, bez redukcji szumu.<\/span><\/span><\/span><\/li>\n<\/ul>\n<p><span lang=\"pl\"><span title=\"If the device drops, it would alarm to the admin number by SMS or calling timely.\"><span id=\"result_box\" lang=\"pl\">\u00a0<\/span><\/span><\/span><\/p>\n<ul>\n<li><span lang=\"pl\"><span id=\"result_box\" lang=\"pl\"><span title=\"If the device drops, it would alarm to the admin number by SMS or calling timely.\"><span style=\"color: #ff0000;\">Najnowszy software pozwalaj\u0105cy na automatyczne przechodzenie urz\u0105dzenia w tryb u\u015bpienia, lub je\u017celi u\u017cytkownik ma tak\u0105 wol\u0119 mo\u017ce pracowa\u0107 w aktywnym trybie czuwania\u00a0<\/span>&#8211; pozwala to na ogromne zwi\u0119kszenie czasu dzia\u0142ania lokalizatora na jednym \u0142adowaniu baterii, przy jednoczesnym zachowaniu wszystkich funkcji kontroli. Po oko\u0142o 30 min lokalizator przechodzi automatycznie w tryb u\u015bpienia. W momencie kiedy pojazd ruszy z miejsca lokalizator aktywuje si\u0119, kontynuuj\u0105c monitorowanie z pozycjonowaniem i w momencie kiedy masz ustawione powiadomienie o wstrz\u0105sie, otrzymasz powiadomienie na telefon o tym fakcie.<br \/>\n<\/span><\/span><\/span><\/li>\n<\/ul>\n<p>&nbsp;<\/p>\n<ul>\n<li><span lang=\"pl\"><span id=\"result_box\" lang=\"pl\"><span title=\"If the device drops, it would alarm to the admin number by SMS or calling timely.\">3 tryby pracy lokalizatora &#8211;\u00a01. Normalny , 2. inteligentny, 3. Oszcz\u0119dny<\/span><\/span><\/span><\/li>\n<\/ul>\n<p>&nbsp;<\/p>\n<ul>\n<li><span lang=\"pl\"><span id=\"result_box\" lang=\"pl\"><span title=\"If the device drops, it would alarm to the admin number by SMS or calling timely.\"><span style=\"color: #ff0000;\">Przyjazne i funkcjonalne oprogramowanie w j\u0119zyku polskim<\/span>\u00a0&#8211; funkcje alarm\u00f3w, geo-bramka, historia trasy do\u00a03 miesi\u0119cy wstecz z mo\u017cliwo\u015bci archiwizowania plik\u00f3w, statystyki i inne.<\/span><\/span><\/span><\/li>\n<\/ul>\n<p>&nbsp;<\/p>\n<ul>\n<li><span lang=\"pl\"><span title=\"If the device drops, it would alarm to the admin number by SMS or calling timely.\"><span style=\"color: #ff0000;\">Bezp\u0142atna<\/span>\u00a0przejrzysta i \u0142atwa w obs\u0142udze platforma i aplikacja AKSH(w j\u0119zyku polskim) wraz z serwerem-\u00a0<span style=\"color: #ff0000;\">tylko u nas do\u017cywotnie i darmowe korzystanie z platformy zar\u00f3wno na Windowsa, jak i na Androida oraz IOS.<\/span><\/span><\/span><\/li>\n<\/ul>\n<p><strong>Czego potrzebujesz do prawid\u0142owego dzia\u0142ania lokalizatora?<\/strong><\/p>\n<ol>\n<li><b>Karta SIM\u00a0<\/b>&#8211; mo\u017ce by\u0107 telemetryczna (dost\u0119pna w naszej ofercie) lub zwyk\u0142a karta SIM telefoniczna(nie internetowa),<\/li>\n<li><b>Telefon<\/b>\u00a0&#8211; w celu instalacji oprogramowania oraz konfiguracji lokalizatora,<\/li>\n<li><b>Kilka minut czasu:)\u00a0<\/b>&#8211; w celu przeprowadzenia konfiguracji i aktywacji urz\u0105dzenia.<\/li>\n<\/ol>\n<p>Je\u017celi s\u0105dzisz, \u017ce nie masz czasu lub ch\u0119ci na konfigurowanie lub rejestracj\u0119 karty- mo\u017cesz dokona\u0107 u nas zakupu karty telemetrycznej lub pre-paid (wymagana rejestracja) wraz z konfiguracj\u0105 urz\u0105dzenia. W\u00f3wczas otrzymasz gotowe do pracy urz\u0105dzenie.<\/p>\n<p>&nbsp;<\/p>\n<p><img decoding=\"async\" class=\"aligncenter wp-image-1386 size-full\" src=\"https:\/\/alarmzone.pl\/wp-content\/uploads\/2024\/03\/ak6-20000.webp\" alt=\"\" width=\"569\" height=\"574\" srcset=\"https:\/\/alarmzone.pl\/wp-content\/uploads\/2024\/03\/ak6-20000.webp 569w, https:\/\/alarmzone.pl\/wp-content\/uploads\/2024\/03\/ak6-20000-297x300.webp 297w, https:\/\/alarmzone.pl\/wp-content\/uploads\/2024\/03\/ak6-20000-150x150.webp 150w, https:\/\/alarmzone.pl\/wp-content\/uploads\/2024\/03\/ak6-20000-100x100.webp 100w\" sizes=\"(max-width: 569px) 100vw, 569px\" \/> <img loading=\"lazy\" decoding=\"async\" class=\"aligncenter wp-image-1387 size-full\" src=\"https:\/\/alarmzone.pl\/wp-content\/uploads\/2024\/03\/ak6-20000_1.webp\" alt=\"\" width=\"800\" height=\"1661\" srcset=\"https:\/\/alarmzone.pl\/wp-content\/uploads\/2024\/03\/ak6-20000_1.webp 800w, https:\/\/alarmzone.pl\/wp-content\/uploads\/2024\/03\/ak6-20000_1-144x300.webp 144w, https:\/\/alarmzone.pl\/wp-content\/uploads\/2024\/03\/ak6-20000_1-493x1024.webp 493w, https:\/\/alarmzone.pl\/wp-content\/uploads\/2024\/03\/ak6-20000_1-768x1595.webp 768w, https:\/\/alarmzone.pl\/wp-content\/uploads\/2024\/03\/ak6-20000_1-740x1536.webp 740w, https:\/\/alarmzone.pl\/wp-content\/uploads\/2024\/03\/ak6-20000_1-600x1246.webp 600w\" sizes=\"(max-width: 800px) 100vw, 800px\" \/><\/p>\n<p>&nbsp;<\/p>\n<p><strong>Parametry techniczne:<\/strong><\/p>\n<p><span id=\"result_box\" lang=\"pl\">Wymiary: 120mm x 65mm x 50mm<br \/>\nWaga: 365g<br \/>\nSie\u0107: GSM\u00a0:B3,B8\u00a0<\/span><span id=\"result_box\" lang=\"pl\">\u00a0LTE-FDD:B1\/B3\/B5\/B7\/B8\/B20<br \/>\nChip GPS: MT2503<\/span><span id=\"result_box\" lang=\"pl\"><br \/>\nCzu\u0142o\u015b\u0107 GPS: -159dBm<br \/>\nDok\u0142adno\u015b\u0107 GPS: do 5m<\/span><span id=\"result_box\" lang=\"pl\"><br \/>\nAkumulator: 3.7V 20000mAh Li-ion &#8211; <\/span><span id=\"result_box\" lang=\"pl\">\u0142adowanie pr\u0105dem 5V, 1A\/port USB C<br \/>\nCzas czuwania: do 240 dni, czas pracy do 30 dni przy interwale 60 sek.<br \/>\nTemperatura pracy: od -20 &#8212; + 55 \u00b0.<br \/>\nWilgotno\u015b\u0107: 5% -95% bez kondensacji<\/span><\/p>\n<p>&nbsp;<\/p>\n<p><span lang=\"pl\">Lokalizacja GPS + BDS<br \/>\n<\/span><\/p>\n<p>&nbsp;<\/p>\n<p><strong><span lang=\"pl\">ZESTAW ZAWIERA:<\/span><\/strong><\/p>\n<p><span lang=\"pl\">&#8211; 1x Lokalizator GPS 20000mAh,<br \/>\n<\/span><\/p>\n<p><span lang=\"pl\">&#8211; 1x Przew\u00f3d USB C,<\/span><\/p>\n<p><span lang=\"pl\">&#8211; 1x Opakowanie,<\/span><\/p>\n<p><span lang=\"pl\">&#8211; Do\u017cywotnia platforma i aplikacja AKSH.<\/span><\/p>\n<p>&nbsp;<\/p>\n<p>&nbsp;<\/p>\n<p><strong>Aplikacja bazuje na mapach Google:\u00a0<\/strong><\/p>\n<p>&nbsp;<\/p>\n<p><img loading=\"lazy\" decoding=\"async\" class=\"aligncenter wp-image-1373 size-full\" src=\"https:\/\/alarmzone.pl\/wp-content\/uploads\/2024\/03\/ak10-60.webp\" alt=\"\" width=\"800\" height=\"414\" srcset=\"https:\/\/alarmzone.pl\/wp-content\/uploads\/2024\/03\/ak10-60.webp 800w, https:\/\/alarmzone.pl\/wp-content\/uploads\/2024\/03\/ak10-60-300x155.webp 300w, https:\/\/alarmzone.pl\/wp-content\/uploads\/2024\/03\/ak10-60-768x397.webp 768w, https:\/\/alarmzone.pl\/wp-content\/uploads\/2024\/03\/ak10-60-600x311.webp 600w\" sizes=\"(max-width: 800px) 100vw, 800px\" \/><\/p>\n<p><img loading=\"lazy\" decoding=\"async\" class=\"aligncenter wp-image-1388 size-full\" src=\"https:\/\/alarmzone.pl\/wp-content\/uploads\/2024\/03\/ak6-20000_2.webp\" alt=\"\" width=\"800\" height=\"305\" srcset=\"https:\/\/alarmzone.pl\/wp-content\/uploads\/2024\/03\/ak6-20000_2.webp 800w, https:\/\/alarmzone.pl\/wp-content\/uploads\/2024\/03\/ak6-20000_2-300x114.webp 300w, https:\/\/alarmzone.pl\/wp-content\/uploads\/2024\/03\/ak6-20000_2-768x293.webp 768w, https:\/\/alarmzone.pl\/wp-content\/uploads\/2024\/03\/ak6-20000_2-600x229.webp 600w\" sizes=\"(max-width: 800px) 100vw, 800px\" \/> <a href=\"https:\/\/alarmzone.pl\/wp-content\/uploads\/2024\/03\/ak6-2000-1.jpg\"><img loading=\"lazy\" decoding=\"async\" class=\"alignnone wp-image-5893 size-large\" src=\"https:\/\/alarmzone.pl\/wp-content\/uploads\/2024\/03\/ak6-2000-1-732x1024.jpg\" alt=\"\" width=\"732\" height=\"1024\" srcset=\"https:\/\/alarmzone.pl\/wp-content\/uploads\/2024\/03\/ak6-2000-1-732x1024.jpg 732w, https:\/\/alarmzone.pl\/wp-content\/uploads\/2024\/03\/ak6-2000-1-215x300.jpg 215w, https:\/\/alarmzone.pl\/wp-content\/uploads\/2024\/03\/ak6-2000-1-768x1074.jpg 768w, https:\/\/alarmzone.pl\/wp-content\/uploads\/2024\/03\/ak6-2000-1-600x839.jpg 600w, https:\/\/alarmzone.pl\/wp-content\/uploads\/2024\/03\/ak6-2000-1.jpg 784w\" sizes=\"(max-width: 732px) 100vw, 732px\" \/><\/a><\/p>\n<div class=\"resetcss\">\n<h4>Najcz\u0119\u015bciej zadawane pytania:<\/h4>\n<p>&nbsp;<\/p>\n<p><strong>Jakie s\u0105 op\u0142aty za korzystanie z serwera i aplikacji obs\u0142uguj\u0105cej lokalizator?<\/strong><\/p>\n<p>0z\u0142 op\u0142at &#8211; serwer op\u0142acony jest na 100 lat. Nie ponosisz \u017cadnych dodatkowych op\u0142at zwi\u0105zanych z serwerem i aplikacj\u0105.<\/p>\n<p><strong>Czy mog\u0119 lokalizowa\u0107 wi\u0119cej urz\u0105dze\u0144 na jednym koncie w platformie ?<\/strong><\/p>\n<p>Tak, mo\u017cemy pod\u0142\u0105czy\u0107 dowoln\u0105 liczb\u0119 zakupionych u nas urz\u0105dze\u0144 do jednego konta &#8211; konto dla Floty &#8211; jednorazowa op\u0142ata 80 z\u0142.<\/p>\n<p><strong>Jak d\u0142ugo jest zapisywana historia trasy na serwerze?<\/strong><\/p>\n<p>Do 6 miesi\u0119cy wstecz z automatycznym nadpisywaniem i mo\u017cliwo\u015bci\u0105 archiwizacji trasy na komputerze.<\/p>\n<p><b>Jaki jest koszt u\u017cywania kart SIM?<\/b><\/p>\n<p>Karty sieci Virgin- Roczny koszt je\u017celi chodzi o pozycjonowanie na terenie Polski, przy u\u017cyciu karty SIM pre-pai na dzie\u0144 01.02.2026 wyniosi 40 z\u0142<\/p>\n<p>Karta telemetryczna 500MB- tak jest op\u0142acona i nie wymaga rejestracji. Wa\u017cno\u015b\u0107 karty 10 lat &#8211; pakiet wystarczy od 2 do 10 lat &#8211; w zale\u017cno\u015bci od ilo\u015bci godzin w trasie. Karty telemetryczne nie maj\u0105 mo\u017cliwo\u015bci wysy\u0142ania SMS-\u00f3w, ani dzwonienia.<\/p>\n<p><strong>Jakie jest miesi\u0119czne zu\u017cycie internetu?<\/strong><\/p>\n<p>Z naszych test\u00f3w wynika, \u017ce wystarcza 300mb. Zalecamy aktywacj\u0119 pakiet\u00f3w internetowych zgodnie z za\u0142\u0105czon\u0105 instrukcj\u0105.<\/p>\n<p><strong>Czy lokalizator b\u0119dzie dzia\u0142a\u0142 zagranic\u0105?<\/strong><\/p>\n<\/div>\n<div class=\"productfiles\">\n<div class=\"resetcss\">\n<p>Tak , lokalizator b\u0119dzie dzia\u0142a\u0142 w ka\u017cdym kraju obs\u0142uguj\u0105cym pasma GPRS 2 i 4G<\/p>\n<\/div>\n<\/div>\n<p>Masz pytania zwi\u0105zane z produktem? Napisz do nas : <a href=\"mailto:kontakt@alarmzone.pl\">kontakt@alarmzone.pl<\/a>\u00a0,lub zadzwo\u0144 +48537778893<\/p>\n<p>&nbsp;<\/p>\n<h5 class=\"\">Aplikacja do pobrania:<\/h5>\n<ul class=\"productfiles\">\n<li><a class=\"spanhover\" title=\"YI TRACKER 2 - ANDROID\" href=\"https:\/\/alarmzone.pl\/wp-content\/uploads\/2025\/08\/AiKaShengHuo_2025-08-04_v3.0.23.apk\">AKSH &#8211; ANDROID<\/a><\/li>\n<\/ul>\n<p>&nbsp;<\/p>\n<h5 class=\"\">Przepisy GPSR\/CE:<\/h5>\n<ul>\n<li><a href=\"https:\/\/alarmzone.pl\/wp-content\/uploads\/2024\/03\/GPSR-GPS.DOCX.pdf\">GPSR GPS.DOCX<\/a><\/li>\n<\/ul>\n","protected":false},"excerpt":{"rendered":"<p>\u00a0NOWO\u015a\u0106 !!!\u00a0 PROMOCYJNA CENA OGRANICZONA CZASOWO LUB DO WYCZERPANIA ZAPASU\u00a0 &nbsp; BEST IN TEST ! NIE P\u0141ACISZ \u017bADNEGO ABONAMENTU ANI ZA SERWER, ANI ZA APLIKACJ\u0118!!! DO\u0141\u0104CZ DO SETEK ZADOWOLONYCH KLIENT\u00d3W Platforma w j\u0119zyku polskim!\u00a0 CO WYR\u00d3\u017bNIA NASZ LOKALIZATOR??? NAJNOWSZA TECHNOLOGIA ZAMKNI\u0118TA W PRAKTYCZNEJ I SPRAWDZONEJ OBUDOWIE \u00a0NAJDOK\u0141ADNIEJSZE POZYCJONOWANIE PRZY U\u017bYCIU SYGNA\u0141U\u00a0GPS , BDS &nbsp; &nbsp;&hellip;<\/p>\n","protected":false},"featured_media":3704,"comment_status":"open","ping_status":"closed","template":"","meta":[],"product_brand":[136],"product_cat":[35,37],"product_tag":[53,52,85],"class_list":{"0":"post-1391","1":"product","2":"type-product","3":"status-publish","4":"has-post-thumbnail","6":"product_brand-alarmzone","7":"product_cat-lokalizatory-gps-bez-abonamentu","8":"product_cat-lokalizatory-4g-lte-seria-ak","9":"product_tag-gps","10":"product_tag-lokalizator","11":"product_tag-lokalizator-gps-bez-abonamentu","13":"first","14":"instock","15":"featured","16":"taxable","17":"shipping-taxable","18":"purchasable","19":"product-type-variable","20":"has-default-attributes"},"_links":{"self":[{"href":"https:\/\/alarmzone.pl\/index.php\/wp-json\/wp\/v2\/product\/1391","targetHints":{"allow":["GET"]}}],"collection":[{"href":"https:\/\/alarmzone.pl\/index.php\/wp-json\/wp\/v2\/product"}],"about":[{"href":"https:\/\/alarmzone.pl\/index.php\/wp-json\/wp\/v2\/types\/product"}],"replies":[{"embeddable":true,"href":"https:\/\/alarmzone.pl\/index.php\/wp-json\/wp\/v2\/comments?post=1391"}],"wp:featuredmedia":[{"embeddable":true,"href":"https:\/\/alarmzone.pl\/index.php\/wp-json\/wp\/v2\/media\/3704"}],"wp:attachment":[{"href":"https:\/\/alarmzone.pl\/index.php\/wp-json\/wp\/v2\/media?parent=1391"}],"wp:term":[{"taxonomy":"product_brand","embeddable":true,"href":"https:\/\/alarmzone.pl\/index.php\/wp-json\/wp\/v2\/product_brand?post=1391"},{"taxonomy":"product_cat","embeddable":true,"href":"https:\/\/alarmzone.pl\/index.php\/wp-json\/wp\/v2\/product_cat?post=1391"},{"taxonomy":"product_tag","embeddable":true,"href":"https:\/\/alarmzone.pl\/index.php\/wp-json\/wp\/v2\/product_tag?post=1391"}],"curies":[{"name":"wp","href":"https:\/\/api.w.org\/{rel}","templated":true}]}}