{"id":889,"date":"2024-03-04T12:25:26","date_gmt":"2024-03-04T12:25:26","guid":{"rendered":"http:\/\/sektoralarm.pl\/?page_id=889"},"modified":"2025-05-29T13:29:27","modified_gmt":"2025-05-29T13:29:27","slug":"koszt-dostawy","status":"publish","type":"page","link":"https:\/\/alarmzone.pl\/index.php\/koszt-dostawy\/","title":{"rendered":"Koszt dostawy"},"content":{"rendered":"\n<h3 class=\"wp-block-heading\">Koszt dostawy<\/h3>\n\n\n\n<p>Ca\u0142kowity koszt dostawy zam\u00f3wienia poznasz po dodaniu produkt\u00f3w do koszyka i wybraniu interesuj\u0105cej Ciebie formy dostawy i metody p\u0142atno\u015bci &#8211; w podsumowaniu zobaczysz dok\u0142adn\u0105 warto\u015b\u0107 do zap\u0142aty.&nbsp;Poni\u017cej znajdziesz list\u0119 standardowych koszt\u00f3w dostawy, wraz z szacunkowym czasem dostarczenia zam\u00f3wienia:<\/p>\n\n\n\n<p>W zale\u017cno\u015bci od ilo\u015bci i wagi zamawianych przez Ciebie produkt\u00f3w, wybranej formy p\u0142atno\u015bci i w\u0142asnych preferencji, mo\u017cesz wybra\u0107 jedn\u0105 z form dostawy:<\/p>\n\n\n\n<ul class=\"wp-block-list\">\n<li><strong>Najszybciej i najbezpieczniej:<br><\/strong>Firma kurierska&nbsp;&#8211; dostawa jest realizowana przez profesjonaln\u0105 firm\u0119 kuriersk\u0105 UPS. Wybranie kuriera oznacza wygod\u0119 i pewno\u015b\u0107, \u017ce Twoje zam\u00f3wienie dotrze na czas za niewyg\u00f3rowan\u0105 cen\u0119. Dodatkowo, na Tw\u00f3j adres email otrzymasz link do strony, na kt\u00f3rej na bie\u017c\u0105co b\u0119dziesz m\u00f3g\u0142 sprawdza\u0107, gdzie znajduje si\u0119 Twoja przesy\u0142ka.<\/li>\n\n\n\n<li><strong>Najtaniej:<br><\/strong>Poczta Polska&nbsp;to najta\u0144sza opcja przesy\u0142ki. Twoje zam\u00f3wienie dostarczane jest za po\u015brednictwem Poczty Polskiej jako przesy\u0142ka priorytetowa lub ekonomiczna.<\/li>\n\n\n\n<li><strong>Naj\u0142atwiej:<br><\/strong>Odbi\u00f3r osobisty \u00adto naj\u0142atwiejszy spos\u00f3b odbioru zam\u00f3wionych towar\u00f3w &#8211; zapraszamy do siedziby firmy pod adres:&nbsp;<strong>AlarmZone , ul. B\u0142awatkowa 13, 83-050 Lublewo Gda\u0144skie<\/strong>.&nbsp;Godziny pracy punktu znajdziesz w zak\u0142adce Kontakt.&nbsp;Przy odbiorze osobistym nie ponosisz dodatkowych koszt\u00f3w.<\/li>\n<\/ul>\n\n\n\n<h3 class=\"wp-block-heading\">Koszt dostawy<\/h3>\n\n\n\n<p>Ca\u0142kowity koszt dostawy zam\u00f3wienia poznasz po dodaniu produkt\u00f3w do koszyka i wybraniu interesuj\u0105cej Ciebie formy dostawy i metody p\u0142atno\u015bci &#8211; w podsumowaniu zobaczysz dok\u0142adn\u0105 warto\u015b\u0107 do zap\u0142aty.&nbsp;Poni\u017cej znajdziesz list\u0119 standardowych koszt\u00f3w dostawy, wraz z szacunkowym czasem dostarczenia zam\u00f3wienia:<\/p>\n\n\n\n<figure class=\"wp-block-table has-small-font-size\"><table><tbody><tr><td class=\"has-text-align-center\" data-align=\"center\"><strong>Spos\u00f3b dostawy<\/strong><\/td><td class=\"has-text-align-center\" data-align=\"center\"><strong>Przedp\u0142ata<\/strong><br><strong>(przelew lub&nbsp;p\u0142atno\u015b\u0107 online)<\/strong><\/td><td class=\"has-text-align-center\" data-align=\"center\"><strong>Pobranie<\/strong><\/td><td class=\"has-text-align-center\" data-align=\"center\">Czas dostarczenia<\/td><\/tr><tr><td class=\"has-text-align-center\" data-align=\"center\"><strong>Firma kurierska<\/strong><\/td><td class=\"has-text-align-center\" data-align=\"center\">od 15 z\u0142<\/td><td class=\"has-text-align-center\" data-align=\"center\">od 29 z\u0142<\/td><td class=\"has-text-align-center\" data-align=\"center\">2-3 dni robocze<\/td><\/tr><tr><td class=\"has-text-align-center\" data-align=\"center\"><strong>Paczkomaty InPost<\/strong><\/td><td class=\"has-text-align-center\" data-align=\"center\">od 16,5\u00a0z\u0142<\/td><td class=\"has-text-align-center\" data-align=\"center\">26,5 z\u0142<\/td><td class=\"has-text-align-center\" data-align=\"center\">1-2 dni robocze<\/td><\/tr><tr><td class=\"has-text-align-center\" data-align=\"center\"><strong>Poczta Polska<\/strong><br>(Pocztex)<\/td><td class=\"has-text-align-center\" data-align=\"center\">19 z\u0142<\/td><td class=\"has-text-align-center\" data-align=\"center\">23 z\u0142<\/td><td class=\"has-text-align-center\" data-align=\"center\">2-3 dni robocze<\/td><\/tr><tr><td class=\"has-text-align-center\" data-align=\"center\"><strong>Orlen Paczka<\/strong><\/td><td class=\"has-text-align-center\" data-align=\"center\">12,5 z\u0142<\/td><td class=\"has-text-align-center\" data-align=\"center\">&#8211;<\/td><td class=\"has-text-align-center\" data-align=\"center\">1-2 dni robocze<\/td><\/tr><tr><td class=\"has-text-align-center\" data-align=\"center\"><strong>Odbi\u00f3r osobisty<\/strong><\/td><td class=\"has-text-align-center\" data-align=\"center\">0 z\u0142<\/td><td class=\"has-text-align-center\" data-align=\"center\">0 z\u0142<\/td><td class=\"has-text-align-center\" data-align=\"center\">po wcze\u015bniejszym uzgodnieniu<\/td><\/tr><\/tbody><\/table><\/figure>\n\n\n\n<p class=\"has-small-font-size\"><strong>Uwaga:&nbsp;<\/strong>koszt dostawy mo\u017ce ulec zwi\u0119kszeniu w przypadku produkt\u00f3w o niestandardowych gabarytach i\/lub wi\u0119kszej wadze.<\/p>\n","protected":false},"excerpt":{"rendered":"<p>Koszt dostawy Ca\u0142kowity koszt dostawy zam\u00f3wienia poznasz po dodaniu produkt\u00f3w do koszyka i wybraniu interesuj\u0105cej Ciebie formy dostawy i metody p\u0142atno\u015bci &#8211; w podsumowaniu zobaczysz dok\u0142adn\u0105 warto\u015b\u0107 do zap\u0142aty.&nbsp;Poni\u017cej znajdziesz list\u0119 standardowych koszt\u00f3w dostawy, wraz z szacunkowym czasem dostarczenia zam\u00f3wienia: W zale\u017cno\u015bci od ilo\u015bci i wagi zamawianych przez Ciebie produkt\u00f3w, wybranej formy p\u0142atno\u015bci i w\u0142asnych&hellip;<\/p>\n","protected":false},"author":1,"featured_media":0,"parent":0,"menu_order":0,"comment_status":"closed","ping_status":"closed","template":"","meta":{"footnotes":""},"class_list":["post-889","page","type-page","status-publish","hentry"],"_links":{"self":[{"href":"https:\/\/alarmzone.pl\/index.php\/wp-json\/wp\/v2\/pages\/889","targetHints":{"allow":["GET"]}}],"collection":[{"href":"https:\/\/alarmzone.pl\/index.php\/wp-json\/wp\/v2\/pages"}],"about":[{"href":"https:\/\/alarmzone.pl\/index.php\/wp-json\/wp\/v2\/types\/page"}],"author":[{"embeddable":true,"href":"https:\/\/alarmzone.pl\/index.php\/wp-json\/wp\/v2\/users\/1"}],"replies":[{"embeddable":true,"href":"https:\/\/alarmzone.pl\/index.php\/wp-json\/wp\/v2\/comments?post=889"}],"version-history":[{"count":1,"href":"https:\/\/alarmzone.pl\/index.php\/wp-json\/wp\/v2\/pages\/889\/revisions"}],"predecessor-version":[{"id":2991,"href":"https:\/\/alarmzone.pl\/index.php\/wp-json\/wp\/v2\/pages\/889\/revisions\/2991"}],"wp:attachment":[{"href":"https:\/\/alarmzone.pl\/index.php\/wp-json\/wp\/v2\/media?parent=889"}],"curies":[{"name":"wp","href":"https:\/\/api.w.org\/{rel}","templated":true}]}}