{"id":887,"date":"2024-03-04T12:25:11","date_gmt":"2024-03-04T12:25:11","guid":{"rendered":"http:\/\/sektoralarm.pl\/?page_id=887"},"modified":"2024-03-12T09:47:53","modified_gmt":"2024-03-12T09:47:53","slug":"formy-platnosci","status":"publish","type":"page","link":"https:\/\/alarmzone.pl\/index.php\/formy-platnosci\/","title":{"rendered":"Formy p\u0142atno\u015bci"},"content":{"rendered":"\n<p>W zale\u017cno\u015bci od warto\u015bci zam\u00f3wienia, wybranej formy dostawy i w\u0142asnych preferencji, mo\u017cesz wybra\u0107 jeden z nast\u0119puj\u0105cych sposob\u00f3w p\u0142atno\u015bci:<\/p>\n\n\n\n<ul class=\"wp-block-list\">\n<li><strong>Przelew<\/strong>&nbsp;&#8211; wp\u0142aty nale\u017cy dokona\u0107 na wskazany numer rachunku bankowego, kt\u00f3ry przeka\u017cemy Ci w wiadomo\u015bci email potwierdzaj\u0105cej przyj\u0119cie zam\u00f3wienia. Przelew mo\u017cesz zrealizowa\u0107 przez Internet, na poczcie lub w banku. Po zaksi\u0119gowaniu wp\u0142aty na naszym koncie, rozpoczniemy realizacj\u0119 zam\u00f3wienia.&nbsp;<em>Numer konta bankowego:&nbsp;<strong>37 1020 1909 0000 3602 0205 2637<\/strong><\/em><\/li>\n\n\n\n<li><strong>Pobranie<\/strong>&nbsp;&#8211; p\u0142acisz got\u00f3wk\u0105 przy odbiorze towaru (kurierowi, listonoszowi lub w oddziale Poczty Polskiej &#8211; w zale\u017cno\u015bci od metody dostawy). Ta metoda p\u0142atno\u015bci wi\u0105\u017ce si\u0119 z wy\u017csz\u0105 op\u0142at\u0119 za realizacj\u0119 zam\u00f3wienia, kt\u00f3ra nie wyst\u0119puje w przypadki innych op\u0142at.<\/li>\n\n\n\n<li><strong>P\u0142atno\u015b\u0107 elektroniczna<\/strong>&nbsp;&#8211; najbardziej wygodny i bezpieczny spos\u00f3b dokonania wp\u0142aty za po\u015brednictwem Internetu. W naszym sklepie wykorzystujemy system p\u0142atno\u015bci PayU, do kt\u00f3rego zostaniesz przekierowany w celu dokonania p\u0142atno\u015bci. Ca\u0142y proces odbywa si\u0119 szybko i bezpiecznie \u2013 wybierasz sw\u00f3j bank i dokonujesz op\u0142aty.<\/li>\n<\/ul>\n\n\n\n<p>System p\u0142atno\u015bci PayU obs\u0142uguje bezpieczne p\u0142atno\u015bci:<\/p>\n\n\n\n<ul class=\"wp-block-list\">\n<li><strong>karta p\u0142atnicza<\/strong>&nbsp;&#8211; Visa, Visa Electron, MasterCard, MasterCard Electronic, Maestro,<\/li>\n<\/ul>\n\n\n\n<ul class=\"wp-block-list\">\n<li><strong>ePrzelewy<\/strong>&nbsp;&#8211; lista obs\u0142ugiwanych obecnie bank\u00f3w dost\u0119pna po wyborze tej formy p\u0142atno\u015bci na etapie zam\u00f3wienia,<\/li>\n\n\n\n<li><strong>Blik,<\/strong><\/li>\n\n\n\n<li><strong>System ratalny.<\/strong><\/li>\n<\/ul>\n\n\n\n<p>System eCard obs\u0142uguje bezpieczne transakcje:<\/p>\n\n\n\n<ul class=\"wp-block-list\">\n<li><strong>karta p\u0142atnicza<\/strong>&nbsp;&#8211; Visa, Visa Electron, MasterCard, MasterCard Electronic, Maestro,<\/li>\n\n\n\n<li><strong>ePrzelewy<\/strong>&nbsp;&#8211; lista obs\u0142ugiwanych obecnie bank\u00f3w dost\u0119pna po wyborze tej formy p\u0142atno\u015bci na etapie zam\u00f3wienia,<\/li>\n\n\n\n<li><strong>inne<\/strong>&nbsp;&#8211; P\u0142ac\u0119 got\u00f3wk\u0105 z Unikas\u0105, Wydrukuj i Zap\u0142a\u0107.<\/li>\n<\/ul>\n","protected":false},"excerpt":{"rendered":"<p>W zale\u017cno\u015bci od warto\u015bci zam\u00f3wienia, wybranej formy dostawy i w\u0142asnych preferencji, mo\u017cesz wybra\u0107 jeden z nast\u0119puj\u0105cych sposob\u00f3w p\u0142atno\u015bci: System p\u0142atno\u015bci PayU obs\u0142uguje bezpieczne p\u0142atno\u015bci: System eCard obs\u0142uguje bezpieczne transakcje:<\/p>\n","protected":false},"author":1,"featured_media":0,"parent":0,"menu_order":0,"comment_status":"closed","ping_status":"closed","template":"","meta":{"footnotes":""},"class_list":["post-887","page","type-page","status-publish","hentry"],"_links":{"self":[{"href":"https:\/\/alarmzone.pl\/index.php\/wp-json\/wp\/v2\/pages\/887","targetHints":{"allow":["GET"]}}],"collection":[{"href":"https:\/\/alarmzone.pl\/index.php\/wp-json\/wp\/v2\/pages"}],"about":[{"href":"https:\/\/alarmzone.pl\/index.php\/wp-json\/wp\/v2\/types\/page"}],"author":[{"embeddable":true,"href":"https:\/\/alarmzone.pl\/index.php\/wp-json\/wp\/v2\/users\/1"}],"replies":[{"embeddable":true,"href":"https:\/\/alarmzone.pl\/index.php\/wp-json\/wp\/v2\/comments?post=887"}],"version-history":[{"count":0,"href":"https:\/\/alarmzone.pl\/index.php\/wp-json\/wp\/v2\/pages\/887\/revisions"}],"wp:attachment":[{"href":"https:\/\/alarmzone.pl\/index.php\/wp-json\/wp\/v2\/media?parent=887"}],"curies":[{"name":"wp","href":"https:\/\/api.w.org\/{rel}","templated":true}]}}